{"id":10000027,"date":"2020-11-27T13:15:42","date_gmt":"2020-11-27T12:15:42","guid":{"rendered":"https:\/\/www.fh-joanneum.at\/akademische-peer-beraterin-akademischer-peer-berater\/academic_certificate_programme\/?page_id=27"},"modified":"2024-02-05T09:55:30","modified_gmt":"2024-02-05T08:55:30","slug":"voraussetzungen","status":"publish","type":"page","link":"https:\/\/www.fh-joanneum.at\/akademische-peer-beraterin-akademischer-peer-berater\/academic_certificate_programme\/vor-dem-lehrgang\/voraussetzungen\/","title":{"rendered":"Voraussetzungen"},"content":{"rendered":"<div id=\"\" class=\"wp-block-text-content margin-bottom-none\">\n    <div class=\"container-lg\">\n        <div class=\"row\">\n            <div class=\"col\">\n                <div class=\"module-migration-headline\">\n<h3>Zugangsvoraussetzungen<\/h3>\n<\/div>\n\n            <\/div>\n        <\/div>\n            <\/div>\n<\/div>\n\n<div id=\"\" class=\"wp-block-text-content margin-bottom-normal\">\n    <div class=\"container-lg\">\n        <div class=\"row\">\n            <div class=\"col\">\n                <p>Voraussetzung f&uuml;r die Teilnahme am Aufnahmeverfahren f&uuml;r den Lehrgang &bdquo;Akademische Peer-Beraterin \/ Akademischer Peer-Berater&ldquo; ist ein vorhergehendes Vorinformationsgespr&auml;ch bei jener Selbstvertretung, die der eigenen Betroffenheit entspricht. <\/p>\n<p><strong>Verein Selbstbestimmt Leben Steiermark<\/strong><\/p>\n<p>Eggenberger Allee 49, 8020 Graz    <br>\nTelefon: <a href=\"tel:+43316902089\">0316 902089<\/a>  <br>\nFax: 0316 902089 19   <br>\nMail: <a href=\"mailto:office@sl-stmk.at\">office@sl-stmk.at<\/a>  <br>\nWeb: <a href=\"https:\/\/www.sl-stmk.at\/\" target=\"_blank\" rel=\"noopener noreferrer\">www.sl-stmk.at<\/a>  <br>\nB&uuml;rozeiten:   <br>\nDienstag: 09:00 &ndash; 14:00 Uhr  <br>\nMittwoch, Freitag: 09:00 &ndash; 13.00 Uhr<\/p>\n<p>Anmeldung unter: <a href=\"mailto:office@sl-stmk.at\">office@sl-stmk.at<\/a> <\/p>\n<p>Die Inhalte dieser Vorinformationsgespr&auml;che umfassen die Anforderungen und Rahmenbedingungen des Lehrgangs &bdquo;Akademische Peer-Beraterin \/ Akademischer Peer-Berater&ldquo;. <\/p>\n<p>F&uuml;r eine Teilnahme am Lehrgang sind keine formalen Zugangsvoraussetzungen wie beispielweise Matura oder Abitur erforderlich.<\/p>\n\n            <\/div>\n        <\/div>\n            <\/div>\n<\/div>\n\n\n\n","protected":false},"excerpt":{"rendered":"<p>Welche Voraussetzungen m\u00fcssen Sie f\u00fcr den Lehrgang erf\u00fcllen? Die Antworten auf diese Frage geben wir Ihnen hier.<\/p>\n","protected":false},"author":11,"featured_media":0,"parent":10000023,"menu_order":9,"comment_status":"closed","ping_status":"closed","template":"","meta":{"_acf_changed":false,"footnotes":""},"acf":[],"aioseo_notices":[],"_links":{"self":[{"href":"https:\/\/www.fh-joanneum.at\/akademische-peer-beraterin-akademischer-peer-berater\/academic_certificate_programme\/wp-json\/wp\/v2\/pages\/10000027"}],"collection":[{"href":"https:\/\/www.fh-joanneum.at\/akademische-peer-beraterin-akademischer-peer-berater\/academic_certificate_programme\/wp-json\/wp\/v2\/pages"}],"about":[{"href":"https:\/\/www.fh-joanneum.at\/akademische-peer-beraterin-akademischer-peer-berater\/academic_certificate_programme\/wp-json\/wp\/v2\/types\/page"}],"author":[{"embeddable":true,"href":"https:\/\/www.fh-joanneum.at\/akademische-peer-beraterin-akademischer-peer-berater\/academic_certificate_programme\/wp-json\/wp\/v2\/users\/11"}],"replies":[{"embeddable":true,"href":"https:\/\/www.fh-joanneum.at\/akademische-peer-beraterin-akademischer-peer-berater\/academic_certificate_programme\/wp-json\/wp\/v2\/comments?post=10000027"}],"version-history":[{"count":0,"href":"https:\/\/www.fh-joanneum.at\/akademische-peer-beraterin-akademischer-peer-berater\/academic_certificate_programme\/wp-json\/wp\/v2\/pages\/10000027\/revisions"}],"up":[{"embeddable":true,"href":"https:\/\/www.fh-joanneum.at\/akademische-peer-beraterin-akademischer-peer-berater\/academic_certificate_programme\/wp-json\/wp\/v2\/pages\/10000023"}],"wp:attachment":[{"href":"https:\/\/www.fh-joanneum.at\/akademische-peer-beraterin-akademischer-peer-berater\/academic_certificate_programme\/wp-json\/wp\/v2\/media?parent=10000027"}],"curies":[{"name":"wp","href":"https:\/\/api.w.org\/{rel}","templated":true}]}}