{"id":10000077,"date":"2016-06-10T13:37:52","date_gmt":"2016-06-10T11:37:52","guid":{"rendered":"https:\/\/www.fh-joanneum.at\/angewandte-ernaehrungsmedizin\/postgraduate\/?page_id=77"},"modified":"2026-01-08T15:20:40","modified_gmt":"2026-01-08T14:20:40","slug":"bewerbung","status":"publish","type":"page","link":"https:\/\/www.fh-joanneum.at\/angewandte-ernaehrungsmedizin\/postgraduate\/vor-dem-studium\/bewerbung\/","title":{"rendered":"Bewerbung"},"content":{"rendered":"<div id=\"\" class=\"wp-block-text-content margin-bottom-none\">\n    <div class=\"container-lg\">\n        <div class=\"row\">\n            <div class=\"col\">\n                <div class=\"module-migration-headline\">\n<h3>Bewerbung<\/h3>\n<\/div>\n\n            <\/div>\n        <\/div>\n            <\/div>\n<\/div>\n\n\n<div id=\"\" class=\"wp-block-text-content margin-bottom-normal\">\n    <div class=\"container-lg\">\n        <div class=\"row\">\n            <div class=\"col\">\n                <p>Wenn Sie die Voraussetzungen erf&uuml;llen, k&ouml;nnen Sie sich f&uuml;r den Lehrgang &bdquo;Angewandte Ern&auml;hrungsmedizin&ldquo; bewerben. Die Aufnahme in den Lehrgang erfolgt nach schriftlicher Bewerbung und einem Aufnahmegespr&auml;ch. &Uuml;ber die Zulassung zum Studium entscheidet das Vizerektorat f&uuml;r Studium und Lehre der Medizinischen Universit&auml;t Graz auf Vorschlag der Lehrgangsleitung.<\/p>\n\n            <\/div>\n        <\/div>\n            <\/div>\n<\/div>\n\n\n<div id=\"\" class=\"wp-block-text-content margin-bottom-normal\">\n    <div class=\"container-lg\">\n        <div class=\"row\">\n            <div class=\"col\">\n                <h4>Step 1: Sammeln Sie die n&ouml;tigen Unterlagen.<\/h4>\n<ul>\n<li>\n<p>Bewerbungsschreiben \/ Motivationsschreiben, signiert<\/p>\n<\/li>\n<li>\n<p>Lebenslauf, signiert<\/p>\n<\/li>\n<li>\n<p>Kopie des Nachweises &uuml;ber den Abschluss eines facheinschl&auml;gigen Studiums oder einer gleichwertigen Ausbildung  <\/p>\n<\/li>\n<li>\n<p>Nachweis der Allgemeinen Universit&auml;tsreife oder Studienberechtigung in Kopie   <\/p>\n<\/li>\n<li>\n<p>Kopie des Staatsb&uuml;rgerschaftsnachweises und des Reisepasses   <\/p>\n<\/li>\n<li>\n<p>Anmeldeformular, signiert <\/p>\n<\/li>\n<\/ul>\n\n            <\/div>\n        <\/div>\n            <\/div>\n<\/div>\n\n\n<div\n    id=\"\"\n    class=\"wp-block-downloads margin-bottom-normal\"\n>\n    <div class=\"container-lg\">\n        <div class=\"row\">\n                                                                        <div class=\"col-12 col-md-6 mb-4\">\n                            <a\n                                download\n                                href=\"https:\/\/cdn3.fh-joanneum.at\/media\/sites\/28\/2026\/01\/NUT-Anmeldeformular-fuer-Start-Maerz-2027.docx\"\n                                target=\"_blank\"\n                                class=\"d-block text-decoration-none major-text-color-hover border p-2\"\n                            >\n                                <div class=\"d-flex align-items-center\">\n                                    <?xml version=\"1.0\" encoding=\"UTF-8\"?>\n<svg class=\"me-2 flex-shrink-0\" xmlns=\"http:\/\/www.w3.org\/2000\/svg\"  width=\"44\" height=\"48\" viewBox=\"0 0 512 512\">\n      <path d=\"m21 53l0 406c0 29 24 53 54 53l170 0c6 0 11-5 11-11 0-6-5-10-11-10l-170 0c-18 0-32-15-32-32l0-363c9 7 20 11 32 11l352 0 0 128c0 6 4 10 10 10 6 0 11-4 11-10l0-150-373 0c-18 0-32-14-32-32 0-17 14-32 32-32l362 0c6 0 11-4 11-10 0-6-5-11-11-11l-362 0c-30 0-54 24-54 53z m342 459c-71 0-128-57-128-128 0-71 57-128 128-128 70 0 128 57 128 128 0 71-58 128-128 128z m-8-67c0 0 0 0 0 0l-43-43c-4-4-4-11 0-15 5-4 11-4 16 0l24 25 0-81c0-6 5-11 11-11 6 0 10 5 10 11l0 81 25-25c4-4 11-4 15 0 4 4 4 11 0 15l-43 43c0 0 0 0 0 0l-7 7z m8-168c-59 0-107 48-107 107 0 59 48 107 107 107 58 0 106-48 106-107 0-59-48-107-106-107z m-288-234l0 21 352 0 0-21z\"\/>\n<\/svg>                                    <div class=\"download-info\">\n                                        <span class=\"download-title fw-bold\">\n                                            Anmeldeformular (Sommersemester 2027)\n                                        <\/span>\n\n                                        <div class=\"download-meta\">\n                                            <span class=\"download-size\">92 kB<\/span>\n                                            <span class=\"download-cta\">DOCX<\/span>\n                                        <\/div>\n                                    <\/div>\n                                <\/div>\n                            <\/a>\n                        <\/div>\n                                                        <\/div>\n    <\/div>\n<\/div>\n\n\n<div\n    id=\"\"\n    class=\"wp-block-tipp-box margin-bottom-normal\"\n>\n    <div class=\"container-lg\">\n        <div class=\"row\">\n            <div class=\"col\">\n                <div class=\"tipp-box border border-info\">\n                    <div class=\"tipp-box-inner p-2 p-md-3\">\n                        <h4 class=\"\">Hinweis<\/h4>\n                        <p><strong>Welche Regeln gelten f\u00fcr internationalen Dokumente?<\/strong><\/p>\n<p>F\u00fcr nicht-\u00f6sterreichische Dokumente gibt es Sonderregeln. Diese m\u00fcssen Sie einhalten, damit Ihre Bewerbung akzeptiert werden kann. Welche Richtlinien einzuhalten sind, h\u00e4ngt davon ab, in welchem Land die Dokumente ausgestellt wurden: <a href=\"https:\/\/www.fh-joanneum.at\/beglaubigungs-und-uebersetzungsrichtlinien\/\">Beglaubigungs- und \u00dcbersetzungsrichtlinien nach L\u00e4ndern<\/a>. <\/p>\n\n                    <\/div>\n                <\/div>\n            <\/div>\n        <\/div>\n    <\/div>\n<\/div>\n\n\n<div\n    id=\"\"\n    class=\"wp-block-tipp-box margin-bottom-normal\"\n>\n    <div class=\"container-lg\">\n        <div class=\"row\">\n            <div class=\"col\">\n                <div class=\"tipp-box border border-warning\">\n                    <div class=\"tipp-box-inner p-2 p-md-3\">\n                        <h4 class=\"\">Tipp<\/h4>\n                        <p>Falls Sie die Dokumente (Bachelor- oder Diplomurkunde) zum Zeitpunkt der Bewerbung noch nicht haben, k\u00f6nnen Sie diese bis zum Studienbeginn nachreichen.<\/p>\n\n                    <\/div>\n                <\/div>\n            <\/div>\n        <\/div>\n    <\/div>\n<\/div>\n\n\n<div id=\"\" class=\"wp-block-text-content margin-bottom-normal\">\n    <div class=\"container-lg\">\n        <div class=\"row\">\n            <div class=\"col\">\n                <h4>Step 2: Onlinebewerbung<\/h4>\n<p><strong><a href=\"https:\/\/www.fh-joanneum.at\/studium\/online-bewerbung\/\">Hier geht es zur Onlinebewerbung.<\/a><\/strong><\/p>\n\n            <\/div>\n        <\/div>\n            <\/div>\n<\/div>\n\n\n<div\n    id=\"\"\n    class=\"wp-block-tipp-box margin-bottom-normal\"\n>\n    <div class=\"container-lg\">\n        <div class=\"row\">\n            <div class=\"col\">\n                <div class=\"tipp-box border border-warning\">\n                    <div class=\"tipp-box-inner p-2 p-md-3\">\n                        <h4 class=\"\">Tipp<\/h4>\n                        <p>Halten Sie die Bewerbungsfrist ein und achten Sie darauf, dass Ihre Unterlagen vollst\u00e4ndig, richtig und unterschrieben sind, bevor Sie diese absenden. Nur so kann Ihre Bewerbung akzeptiert werden.<\/p>\n\n                    <\/div>\n                <\/div>\n            <\/div>\n        <\/div>\n    <\/div>\n<\/div>\n\n\n<div id=\"\" class=\"wp-block-text-content margin-bottom-normal\">\n    <div class=\"container-lg\">\n        <div class=\"row\">\n            <div class=\"col\">\n                <h4>Step 3: Warten Sie auf die Einladung zum pers&ouml;nlichen Gespr&auml;ch.<\/h4>\n<p>Ihre Bewerbung wird von der Lehrgangsleitung &uuml;berpr&uuml;ft. Alle Bewerberinnen und Bewerber, die die formalen Voraussetzungen erf&uuml;llen, werden zu einem pers&ouml;nlichen Gespr&auml;ch eingeladen. <\/p>\n\n            <\/div>\n        <\/div>\n            <\/div>\n<\/div>\n","protected":false},"excerpt":{"rendered":"<p>Hier erfahren Sie, wie Sie sich f\u00fcr den Lehrgang bewerben.<\/p>\n","protected":false},"author":14,"featured_media":0,"parent":10000050,"menu_order":18,"comment_status":"closed","ping_status":"closed","template":"","meta":{"_acf_changed":false,"footnotes":""},"acf":[],"aioseo_notices":[],"_links":{"self":[{"href":"https:\/\/www.fh-joanneum.at\/angewandte-ernaehrungsmedizin\/postgraduate\/wp-json\/wp\/v2\/pages\/10000077"}],"collection":[{"href":"https:\/\/www.fh-joanneum.at\/angewandte-ernaehrungsmedizin\/postgraduate\/wp-json\/wp\/v2\/pages"}],"about":[{"href":"https:\/\/www.fh-joanneum.at\/angewandte-ernaehrungsmedizin\/postgraduate\/wp-json\/wp\/v2\/types\/page"}],"author":[{"embeddable":true,"href":"https:\/\/www.fh-joanneum.at\/angewandte-ernaehrungsmedizin\/postgraduate\/wp-json\/wp\/v2\/users\/14"}],"replies":[{"embeddable":true,"href":"https:\/\/www.fh-joanneum.at\/angewandte-ernaehrungsmedizin\/postgraduate\/wp-json\/wp\/v2\/comments?post=10000077"}],"version-history":[{"count":6,"href":"https:\/\/www.fh-joanneum.at\/angewandte-ernaehrungsmedizin\/postgraduate\/wp-json\/wp\/v2\/pages\/10000077\/revisions"}],"predecessor-version":[{"id":10000349,"href":"https:\/\/www.fh-joanneum.at\/angewandte-ernaehrungsmedizin\/postgraduate\/wp-json\/wp\/v2\/pages\/10000077\/revisions\/10000349"}],"up":[{"embeddable":true,"href":"https:\/\/www.fh-joanneum.at\/angewandte-ernaehrungsmedizin\/postgraduate\/wp-json\/wp\/v2\/pages\/10000050"}],"wp:attachment":[{"href":"https:\/\/www.fh-joanneum.at\/angewandte-ernaehrungsmedizin\/postgraduate\/wp-json\/wp\/v2\/media?parent=10000077"}],"curies":[{"name":"wp","href":"https:\/\/api.w.org\/{rel}","templated":true}]}}