{"id":10000237,"date":"2023-04-26T12:22:26","date_gmt":"2023-04-26T10:22:26","guid":{"rendered":"https:\/\/www.fh-joanneum.at\/angewandte-ernaehrungsmedizin\/postgraduate\/?page_id=237"},"modified":"2023-04-26T12:34:50","modified_gmt":"2023-04-26T10:34:50","slug":"absolventinnen","status":"publish","type":"page","link":"https:\/\/www.fh-joanneum.at\/angewandte-ernaehrungsmedizin\/postgraduate\/nach-dem-studium\/absolventinnen\/","title":{"rendered":"Absolvent:innen"},"content":{"rendered":"<div id=\"\" class=\"wp-block-text-content margin-bottom-none\">\n    <div class=\"container-lg\">\n        <div class=\"row\">\n            <div class=\"col\">\n                <div class=\"module-migration-headline\">\n<h3>Statements von unseren Absolvent:innen <\/h3>\n<\/div>\n\n            <\/div>\n        <\/div>\n            <\/div>\n<\/div>\n\n<div id=\"\" class=\"wp-block-list-of-graduates margin-bottom-normal\">\n  <div class=\"container-lg\">\n    <div class=\"row\">\n                        <div class=\"col-6 col-sm-4 col-md-6 col-lg-4 col-xl-4 mb-4\">\n            <a\n    href=\"https:\/\/www.fh-joanneum.at\/angewandte-ernaehrungsmedizin\/postgraduate\/nach-dem-studium\/absolventinnen\/eva-maria-marchard-bsc-msc\/\"\n    class=\"graduate-card bg-light\"\n>\n    <div class=\"border border-light h-100\">\n        <div class=\"image-wrapper\">\n            <picture>\n                        <source\n                media=\"(max-width: 576px)\"\n                srcset=\"https:\/\/cdn3.fh-joanneum.at\/media\/sites\/28\/2025\/02\/Eva_Maria_Marchard_2_cschedl_Diaetologenverband-576x384.jpg, https:\/\/cdn3.fh-joanneum.at\/media\/sites\/28\/2025\/02\/Eva_Maria_Marchard_2_cschedl_Diaetologenverband-768x512.jpg 2x\"\n            \/>\n                    <source\n                media=\"(max-width: 768px)\"\n                srcset=\"https:\/\/cdn3.fh-joanneum.at\/media\/sites\/28\/2025\/02\/Eva_Maria_Marchard_2_cschedl_Diaetologenverband-768x512.jpg, https:\/\/cdn3.fh-joanneum.at\/media\/sites\/28\/2025\/02\/Eva_Maria_Marchard_2_cschedl_Diaetologenverband-1024x683.jpg 2x\"\n            \/>\n                    <source\n                media=\"(max-width: 1024px)\"\n                srcset=\"https:\/\/cdn3.fh-joanneum.at\/media\/sites\/28\/2025\/02\/Eva_Maria_Marchard_2_cschedl_Diaetologenverband-1024x683.jpg, https:\/\/cdn3.fh-joanneum.at\/media\/sites\/28\/2025\/02\/Eva_Maria_Marchard_2_cschedl_Diaetologenverband-1536x1025.jpg 2x\"\n            \/>\n                    <source\n                media=\"(max-width: 1536px)\"\n                srcset=\"https:\/\/cdn3.fh-joanneum.at\/media\/sites\/28\/2025\/02\/Eva_Maria_Marchard_2_cschedl_Diaetologenverband-1536x1025.jpg, https:\/\/cdn3.fh-joanneum.at\/media\/sites\/28\/2025\/02\/Eva_Maria_Marchard_2_cschedl_Diaetologenverband-2048x1366.jpg 2x\"\n            \/>\n                    <source\n                media=\"(max-width: 2048px)\"\n                srcset=\"https:\/\/cdn3.fh-joanneum.at\/media\/sites\/28\/2025\/02\/Eva_Maria_Marchard_2_cschedl_Diaetologenverband-2048x1366.jpg, https:\/\/cdn3.fh-joanneum.at\/media\/sites\/28\/2025\/02\/Eva_Maria_Marchard_2_cschedl_Diaetologenverband-scaled.jpg 2x\"\n            \/>\n                <img decoding=\"async\"\n        class=\"img-fluid\"\n        src=\"https:\/\/cdn3.fh-joanneum.at\/media\/sites\/28\/2025\/02\/Eva_Maria_Marchard_2_cschedl_Diaetologenverband-scaled.jpg\"\n        alt=\"\"\n        title=\"\"\n         loading=\"lazy\"             >\n<\/picture>\n\n        <\/div>\n        <div class=\"p-2 p-xl-3\">\n            <h6>Eva Maria Marchard, BSc MSc<\/h6>\n            <p class=\"mb-0 hyphens\">\n                Eva Maria Marchard sch\u00e4tzt am Lehrgang vor allem die Kompetenzerweiterung im wissenschaftlichen Arbeiten.\n            <\/p>\n        <\/div>\n    <\/div>\n<\/a>\n          <\/div>\n                  <div class=\"col-6 col-sm-4 col-md-6 col-lg-4 col-xl-4 mb-4\">\n            <a\n    href=\"https:\/\/www.fh-joanneum.at\/angewandte-ernaehrungsmedizin\/postgraduate\/nach-dem-studium\/absolventinnen\/dr-jacob-heisinger-msc\/\"\n    class=\"graduate-card bg-light\"\n>\n    <div class=\"border border-light h-100\">\n        <div class=\"image-wrapper\">\n            <picture>\n                        <source\n                media=\"(max-width: 432px)\"\n                srcset=\"https:\/\/cdn3.fh-joanneum.at\/media\/sites\/28\/2025\/02\/Foto-432x576.jpg, https:\/\/cdn3.fh-joanneum.at\/media\/sites\/28\/2025\/02\/Foto.jpg 2x\"\n            \/>\n                    <source\n                media=\"(max-width: 768px)\"\n                srcset=\"https:\/\/cdn3.fh-joanneum.at\/media\/sites\/28\/2025\/02\/Foto.jpg, https:\/\/cdn3.fh-joanneum.at\/media\/sites\/28\/2025\/02\/Foto.jpg 2x\"\n            \/>\n                    <source\n                media=\"(max-width: 768px)\"\n                srcset=\"https:\/\/cdn3.fh-joanneum.at\/media\/sites\/28\/2025\/02\/Foto.jpg, https:\/\/cdn3.fh-joanneum.at\/media\/sites\/28\/2025\/02\/Foto.jpg 2x\"\n            \/>\n                    <source\n                media=\"(max-width: 768px)\"\n                srcset=\"https:\/\/cdn3.fh-joanneum.at\/media\/sites\/28\/2025\/02\/Foto.jpg, https:\/\/cdn3.fh-joanneum.at\/media\/sites\/28\/2025\/02\/Foto.jpg 2x\"\n            \/>\n                    <source\n                media=\"(max-width: 768px)\"\n                srcset=\"https:\/\/cdn3.fh-joanneum.at\/media\/sites\/28\/2025\/02\/Foto.jpg, https:\/\/cdn3.fh-joanneum.at\/media\/sites\/28\/2025\/02\/Foto.jpg 2x\"\n            \/>\n                <img decoding=\"async\"\n        class=\"img-fluid\"\n        src=\"https:\/\/cdn3.fh-joanneum.at\/media\/sites\/28\/2025\/02\/Foto.jpg\"\n        alt=\"\"\n        title=\"\"\n         loading=\"lazy\"             >\n<\/picture>\n\n        <\/div>\n        <div class=\"p-2 p-xl-3\">\n            <h6>Dr. Jacob Heisinger, MSc<\/h6>\n            <p class=\"mb-0 hyphens\">\n                F\u00fcr Jacob Heisinger bereitet der Masterlehrgang Studierende optimal auf eine interdisziplin\u00e4re Arbeit im Gesundheitsbereich vor.\n            <\/p>\n        <\/div>\n    <\/div>\n<\/a>\n          <\/div>\n                  <div class=\"col-6 col-sm-4 col-md-6 col-lg-4 col-xl-4 mb-4\">\n            <a\n    href=\"https:\/\/www.fh-joanneum.at\/angewandte-ernaehrungsmedizin\/postgraduate\/nach-dem-studium\/absolventinnen\/dr-nina-wolf-brenner-msc\/\"\n    class=\"graduate-card bg-light\"\n>\n    <div class=\"border border-light h-100\">\n        <div class=\"image-wrapper\">\n            <picture>\n                        <source\n                media=\"(max-width: 384px)\"\n                srcset=\"https:\/\/cdn3.fh-joanneum.at\/media\/sites\/28\/2025\/02\/IMG_9759-384x576.jpg, https:\/\/cdn3.fh-joanneum.at\/media\/sites\/28\/2025\/02\/IMG_9759-768x1152.jpg 2x\"\n            \/>\n                    <source\n                media=\"(max-width: 768px)\"\n                srcset=\"https:\/\/cdn3.fh-joanneum.at\/media\/sites\/28\/2025\/02\/IMG_9759-768x1152.jpg, https:\/\/cdn3.fh-joanneum.at\/media\/sites\/28\/2025\/02\/IMG_9759-683x1024.jpg 2x\"\n            \/>\n                    <source\n                media=\"(max-width: 683px)\"\n                srcset=\"https:\/\/cdn3.fh-joanneum.at\/media\/sites\/28\/2025\/02\/IMG_9759-683x1024.jpg, https:\/\/cdn3.fh-joanneum.at\/media\/sites\/28\/2025\/02\/IMG_9759-1024x1536.jpg 2x\"\n            \/>\n                    <source\n                media=\"(max-width: 1024px)\"\n                srcset=\"https:\/\/cdn3.fh-joanneum.at\/media\/sites\/28\/2025\/02\/IMG_9759-1024x1536.jpg, https:\/\/cdn3.fh-joanneum.at\/media\/sites\/28\/2025\/02\/IMG_9759-1365x2048.jpg 2x\"\n            \/>\n                    <source\n                media=\"(max-width: 1365px)\"\n                srcset=\"https:\/\/cdn3.fh-joanneum.at\/media\/sites\/28\/2025\/02\/IMG_9759-1365x2048.jpg, https:\/\/cdn3.fh-joanneum.at\/media\/sites\/28\/2025\/02\/IMG_9759-scaled.jpg 2x\"\n            \/>\n                <img decoding=\"async\"\n        class=\"img-fluid\"\n        src=\"https:\/\/cdn3.fh-joanneum.at\/media\/sites\/28\/2025\/02\/IMG_9759-scaled.jpg\"\n        alt=\"\"\n        title=\"\"\n         loading=\"lazy\"             >\n<\/picture>\n\n        <\/div>\n        <div class=\"p-2 p-xl-3\">\n            <h6>Dr. Nina Wolf-Brenner, MSc<\/h6>\n            <p class=\"mb-0 hyphens\">\n                Am Masterlehrgang sch\u00e4tzt Nina Wolf-Brenner die M\u00f6glichkeit, nach seiner Absolvierung Patient:innen eine allumfassende Betreuung bieten zu k\u00f6nnen.\n            <\/p>\n        <\/div>\n    <\/div>\n<\/a>\n          <\/div>\n                  <div class=\"col-6 col-sm-4 col-md-6 col-lg-4 col-xl-4 mb-4\">\n            <a\n    href=\"https:\/\/www.fh-joanneum.at\/angewandte-ernaehrungsmedizin\/postgraduate\/nach-dem-studium\/absolventinnen\/anna-prisching\/\"\n    class=\"graduate-card bg-light\"\n>\n    <div class=\"border border-light h-100\">\n        <div class=\"image-wrapper\">\n            <picture>\n                        <source\n                media=\"(max-width: 532px)\"\n                srcset=\"https:\/\/cdn3.fh-joanneum.at\/media\/sites\/28\/2022\/05\/studienplan-5.jpg, https:\/\/cdn3.fh-joanneum.at\/media\/sites\/28\/2022\/05\/studienplan-5.jpg 2x\"\n            \/>\n                    <source\n                media=\"(max-width: 600px)\"\n                srcset=\"https:\/\/cdn3.fh-joanneum.at\/media\/sites\/28\/2022\/05\/studienplan-5.jpg, https:\/\/cdn3.fh-joanneum.at\/media\/sites\/28\/2022\/05\/studienplan-5.jpg 2x\"\n            \/>\n                    <source\n                media=\"(max-width: 600px)\"\n                srcset=\"https:\/\/cdn3.fh-joanneum.at\/media\/sites\/28\/2022\/05\/studienplan-5.jpg, https:\/\/cdn3.fh-joanneum.at\/media\/sites\/28\/2022\/05\/studienplan-5.jpg 2x\"\n            \/>\n                    <source\n                media=\"(max-width: 600px)\"\n                srcset=\"https:\/\/cdn3.fh-joanneum.at\/media\/sites\/28\/2022\/05\/studienplan-5.jpg, https:\/\/cdn3.fh-joanneum.at\/media\/sites\/28\/2022\/05\/studienplan-5.jpg 2x\"\n            \/>\n                    <source\n                media=\"(max-width: 600px)\"\n                srcset=\"https:\/\/cdn3.fh-joanneum.at\/media\/sites\/28\/2022\/05\/studienplan-5.jpg, https:\/\/cdn3.fh-joanneum.at\/media\/sites\/28\/2022\/05\/studienplan-5.jpg 2x\"\n            \/>\n                <img decoding=\"async\"\n        class=\"img-fluid\"\n        src=\"https:\/\/cdn3.fh-joanneum.at\/media\/sites\/28\/2022\/05\/studienplan-5.jpg\"\n        alt=\"Studienplan 3\"\n        title=\"\"\n         loading=\"lazy\"             >\n<\/picture>\n\n        <\/div>\n        <div class=\"p-2 p-xl-3\">\n            <h6>Anna Prisching<\/h6>\n            <p class=\"mb-0 hyphens\">\n                Studierende aus verschiedenen Nationen und Berufsgruppen sowie erfahrene und kompetente Vortragende sind f\u00fcr Anna Prisching die Basis f\u00fcr spannende Diskussionen.\n            <\/p>\n        <\/div>\n    <\/div>\n<\/a>\n          <\/div>\n                  <div class=\"col-6 col-sm-4 col-md-6 col-lg-4 col-xl-4 mb-4\">\n            <a\n    href=\"https:\/\/www.fh-joanneum.at\/angewandte-ernaehrungsmedizin\/postgraduate\/nach-dem-studium\/absolventinnen\/irene-flury\/\"\n    class=\"graduate-card bg-light\"\n>\n    <div class=\"border border-light h-100\">\n        <div class=\"image-wrapper\">\n            <picture>\n                        <source\n                media=\"(max-width: 217px)\"\n                srcset=\"https:\/\/cdn3.fh-joanneum.at\/media\/sites\/28\/2022\/05\/karrieremoeglichkeiten-2.jpg, https:\/\/cdn3.fh-joanneum.at\/media\/sites\/28\/2022\/05\/karrieremoeglichkeiten-2.jpg 2x\"\n            \/>\n                    <source\n                media=\"(max-width: 217px)\"\n                srcset=\"https:\/\/cdn3.fh-joanneum.at\/media\/sites\/28\/2022\/05\/karrieremoeglichkeiten-2.jpg, https:\/\/cdn3.fh-joanneum.at\/media\/sites\/28\/2022\/05\/karrieremoeglichkeiten-2.jpg 2x\"\n            \/>\n                    <source\n                media=\"(max-width: 217px)\"\n                srcset=\"https:\/\/cdn3.fh-joanneum.at\/media\/sites\/28\/2022\/05\/karrieremoeglichkeiten-2.jpg, https:\/\/cdn3.fh-joanneum.at\/media\/sites\/28\/2022\/05\/karrieremoeglichkeiten-2.jpg 2x\"\n            \/>\n                    <source\n                media=\"(max-width: 217px)\"\n                srcset=\"https:\/\/cdn3.fh-joanneum.at\/media\/sites\/28\/2022\/05\/karrieremoeglichkeiten-2.jpg, https:\/\/cdn3.fh-joanneum.at\/media\/sites\/28\/2022\/05\/karrieremoeglichkeiten-2.jpg 2x\"\n            \/>\n                    <source\n                media=\"(max-width: 217px)\"\n                srcset=\"https:\/\/cdn3.fh-joanneum.at\/media\/sites\/28\/2022\/05\/karrieremoeglichkeiten-2.jpg, https:\/\/cdn3.fh-joanneum.at\/media\/sites\/28\/2022\/05\/karrieremoeglichkeiten-2.jpg 2x\"\n            \/>\n                <img decoding=\"async\"\n        class=\"img-fluid\"\n        src=\"https:\/\/cdn3.fh-joanneum.at\/media\/sites\/28\/2022\/05\/karrieremoeglichkeiten-2.jpg\"\n        alt=\"Karrierem\u00f6glichkeiten\"\n        title=\"\"\n         loading=\"lazy\"             >\n<\/picture>\n\n        <\/div>\n        <div class=\"p-2 p-xl-3\">\n            <h6>Irene Flury<\/h6>\n            <p class=\"mb-0 hyphens\">\n                F\u00fcr Irene Flury vermittelt der Masterlehrgang Verst\u00e4ndnis und aktuelles Wissen im Bereich Ern\u00e4hrungsforschung.\n            <\/p>\n        <\/div>\n    <\/div>\n<\/a>\n          <\/div>\n                  <div class=\"col-6 col-sm-4 col-md-6 col-lg-4 col-xl-4 mb-4\">\n            <a\n    href=\"https:\/\/www.fh-joanneum.at\/angewandte-ernaehrungsmedizin\/postgraduate\/nach-dem-studium\/absolventinnen\/rebecca-eiter\/\"\n    class=\"graduate-card bg-light\"\n>\n    <div class=\"border border-light h-100\">\n        <div class=\"image-wrapper\">\n            <picture>\n                        <source\n                media=\"(max-width: 384px)\"\n                srcset=\"https:\/\/cdn3.fh-joanneum.at\/media\/sites\/28\/2023\/04\/rebecca-eiter.jpg, https:\/\/cdn3.fh-joanneum.at\/media\/sites\/28\/2023\/04\/rebecca-eiter-768x1151.jpg 2x\"\n            \/>\n                    <source\n                media=\"(max-width: 768px)\"\n                srcset=\"https:\/\/cdn3.fh-joanneum.at\/media\/sites\/28\/2023\/04\/rebecca-eiter-768x1151.jpg, https:\/\/cdn3.fh-joanneum.at\/media\/sites\/28\/2023\/04\/rebecca-eiter-684x1024.jpg 2x\"\n            \/>\n                    <source\n                media=\"(max-width: 684px)\"\n                srcset=\"https:\/\/cdn3.fh-joanneum.at\/media\/sites\/28\/2023\/04\/rebecca-eiter-684x1024.jpg, https:\/\/cdn3.fh-joanneum.at\/media\/sites\/28\/2023\/04\/rebecca-eiter-1025x1536.jpg 2x\"\n            \/>\n                    <source\n                media=\"(max-width: 1025px)\"\n                srcset=\"https:\/\/cdn3.fh-joanneum.at\/media\/sites\/28\/2023\/04\/rebecca-eiter-1025x1536.jpg, https:\/\/cdn3.fh-joanneum.at\/media\/sites\/28\/2023\/04\/rebecca-eiter.jpg 2x\"\n            \/>\n                    <source\n                media=\"(max-width: 1335px)\"\n                srcset=\"https:\/\/cdn3.fh-joanneum.at\/media\/sites\/28\/2023\/04\/rebecca-eiter.jpg, https:\/\/cdn3.fh-joanneum.at\/media\/sites\/28\/2023\/04\/rebecca-eiter.jpg 2x\"\n            \/>\n                <img decoding=\"async\"\n        class=\"img-fluid\"\n        src=\"https:\/\/cdn3.fh-joanneum.at\/media\/sites\/28\/2023\/04\/rebecca-eiter.jpg\"\n        alt=\"Rebecca Eiter\"\n        title=\"\"\n         loading=\"lazy\"             >\n<\/picture>\n\n        <\/div>\n        <div class=\"p-2 p-xl-3\">\n            <h6>Rebecca Eiter<\/h6>\n            <p class=\"mb-0 hyphens\">\n                Am Masterlehrgang sch\u00e4tzt Rebecca Eiter vor allem den interdisziplin\u00e4ren Wissens- und Erfahrungsaustausch.\n            <\/p>\n        <\/div>\n    <\/div>\n<\/a>\n          <\/div>\n                  <\/div>\n  <\/div>\n<\/div>\n\n","protected":false},"excerpt":{"rendered":"","protected":false},"author":11,"featured_media":0,"parent":10000052,"menu_order":37,"comment_status":"closed","ping_status":"closed","template":"","meta":{"_acf_changed":false,"footnotes":""},"acf":[],"aioseo_notices":[],"_links":{"self":[{"href":"https:\/\/www.fh-joanneum.at\/angewandte-ernaehrungsmedizin\/postgraduate\/wp-json\/wp\/v2\/pages\/10000237"}],"collection":[{"href":"https:\/\/www.fh-joanneum.at\/angewandte-ernaehrungsmedizin\/postgraduate\/wp-json\/wp\/v2\/pages"}],"about":[{"href":"https:\/\/www.fh-joanneum.at\/angewandte-ernaehrungsmedizin\/postgraduate\/wp-json\/wp\/v2\/types\/page"}],"author":[{"embeddable":true,"href":"https:\/\/www.fh-joanneum.at\/angewandte-ernaehrungsmedizin\/postgraduate\/wp-json\/wp\/v2\/users\/11"}],"replies":[{"embeddable":true,"href":"https:\/\/www.fh-joanneum.at\/angewandte-ernaehrungsmedizin\/postgraduate\/wp-json\/wp\/v2\/comments?post=10000237"}],"version-history":[{"count":0,"href":"https:\/\/www.fh-joanneum.at\/angewandte-ernaehrungsmedizin\/postgraduate\/wp-json\/wp\/v2\/pages\/10000237\/revisions"}],"up":[{"embeddable":true,"href":"https:\/\/www.fh-joanneum.at\/angewandte-ernaehrungsmedizin\/postgraduate\/wp-json\/wp\/v2\/pages\/10000052"}],"wp:attachment":[{"href":"https:\/\/www.fh-joanneum.at\/angewandte-ernaehrungsmedizin\/postgraduate\/wp-json\/wp\/v2\/media?parent=10000237"}],"curies":[{"name":"wp","href":"https:\/\/api.w.org\/{rel}","templated":true}]}}