{"id":10000238,"date":"2023-04-26T12:51:57","date_gmt":"2023-04-26T10:51:57","guid":{"rendered":"https:\/\/www.fh-joanneum.at\/angewandte-ernaehrungsmedizin\/postgraduate\/?page_id=238"},"modified":"2023-04-26T13:37:59","modified_gmt":"2023-04-26T11:37:59","slug":"irene-flury","status":"publish","type":"page","link":"https:\/\/www.fh-joanneum.at\/angewandte-ernaehrungsmedizin\/postgraduate\/nach-dem-studium\/absolventinnen\/irene-flury\/","title":{"rendered":"Irene Flury"},"content":{"rendered":"<div\n    id=\"\"\n    class=\"wp-block-blockquote margin-bottom-normal\"\n>\n    <div class=\"container-lg\">\n        <div class=\"row\">\n            <div class=\"col\">\n                <div class=\"d-block mb-2 fs-5 major-text-color\">Eine Vertiefung und breite Auffrischung in diversen ern\u00e4hrungsmedizinischen Themen ist im Masterlehrgang \u201eAngewandte Ern\u00e4hrungsmedizin\u201c garantiert. Unterst\u00fctzend dabei sind sehr kompetente Referent:innen und ein offener sowie stetiger Erfahrungsaustausch unter den Studierenden unterschiedlicher Herkunft und Disziplinen. Der Lehrgang vermittelt Verst\u00e4ndnis und aktuelles Wissen in Bezug auf die Ern\u00e4hrungsforschung. Dadurch f\u00e4llt wissenschaftliches Argumentieren im klinischen Alltag leichter. Freude und Kreativit\u00e4t weitere wissenschaftliche Projekte zu realisieren werden gef\u00f6rdert.<\/div>\n                <span class=\"d-flex justify-content-end\">Irene Flury, MSc<\/span>\n            <\/div>\n        <\/div>\n    <\/div>\n<\/div>\n\n","protected":false},"excerpt":{"rendered":"<p>F\u00fcr Irene Flury vermittelt der Masterlehrgang Verst\u00e4ndnis und aktuelles Wissen im Bereich Ern\u00e4hrungsforschung.<\/p>\n","protected":false},"author":11,"featured_media":10000227,"parent":10000237,"menu_order":6,"comment_status":"closed","ping_status":"closed","template":"template-absolvent.blade.php","meta":{"_acf_changed":false,"footnotes":""},"acf":[],"aioseo_notices":[],"_links":{"self":[{"href":"https:\/\/www.fh-joanneum.at\/angewandte-ernaehrungsmedizin\/postgraduate\/wp-json\/wp\/v2\/pages\/10000238"}],"collection":[{"href":"https:\/\/www.fh-joanneum.at\/angewandte-ernaehrungsmedizin\/postgraduate\/wp-json\/wp\/v2\/pages"}],"about":[{"href":"https:\/\/www.fh-joanneum.at\/angewandte-ernaehrungsmedizin\/postgraduate\/wp-json\/wp\/v2\/types\/page"}],"author":[{"embeddable":true,"href":"https:\/\/www.fh-joanneum.at\/angewandte-ernaehrungsmedizin\/postgraduate\/wp-json\/wp\/v2\/users\/11"}],"replies":[{"embeddable":true,"href":"https:\/\/www.fh-joanneum.at\/angewandte-ernaehrungsmedizin\/postgraduate\/wp-json\/wp\/v2\/comments?post=10000238"}],"version-history":[{"count":0,"href":"https:\/\/www.fh-joanneum.at\/angewandte-ernaehrungsmedizin\/postgraduate\/wp-json\/wp\/v2\/pages\/10000238\/revisions"}],"up":[{"embeddable":true,"href":"https:\/\/www.fh-joanneum.at\/angewandte-ernaehrungsmedizin\/postgraduate\/wp-json\/wp\/v2\/pages\/10000237"}],"wp:featuredmedia":[{"embeddable":true,"href":"https:\/\/www.fh-joanneum.at\/angewandte-ernaehrungsmedizin\/postgraduate\/wp-json\/wp\/v2\/media\/10000227"}],"wp:attachment":[{"href":"https:\/\/www.fh-joanneum.at\/angewandte-ernaehrungsmedizin\/postgraduate\/wp-json\/wp\/v2\/media?parent=10000238"}],"curies":[{"name":"wp","href":"https:\/\/api.w.org\/{rel}","templated":true}]}}