{"id":10000254,"date":"2024-04-23T13:16:13","date_gmt":"2024-04-23T11:16:13","guid":{"rendered":"https:\/\/www.fh-joanneum.at\/angewandte-ernaehrungsmedizin\/postgraduate\/?page_id=254"},"modified":"2024-04-23T13:16:13","modified_gmt":"2024-04-23T11:16:13","slug":"podcast","status":"publish","type":"page","link":"https:\/\/www.fh-joanneum.at\/angewandte-ernaehrungsmedizin\/postgraduate\/im-studium\/podcast\/","title":{"rendered":"Master Up | Der Ern\u00e4hrungspodcast"},"content":{"rendered":"<div id=\"\" class=\"wp-block-text-content margin-bottom-none\">\n    <div class=\"container-lg\">\n        <div class=\"row\">\n            <div class=\"col\">\n                <div class=\"module-migration-headline\">\n<h3>Master Up | Der Ern&auml;hrungspodcast<\/h3>\n<\/div>\n\n            <\/div>\n        <\/div>\n            <\/div>\n<\/div>\n\n<div id=\"\" class=\"wp-block-text-content margin-bottom-normal\">\n    <div class=\"container-lg\">\n        <div class=\"row\">\n            <div class=\"col\">\n                <p>In diesem Podcast von der FH JOANNEUM und der Med Uni Graz wird der Universit&auml;tslehrgang &bdquo;Angewandte Ern&auml;hrungsmedizin&ldquo; im Detail vorgestellt.<\/p>\n<p>Seit Juni 2023 vermitteln Interview-G&auml;st:innen in w&ouml;chentlichen Folgen, was es bedeutet, sich ins Abenteuer einer Weiterbildung zu wagen. Die erste Staffel steht unter dem Motto: &bdquo;Was Absolvent:innen nach dem Abschluss des Lehrgangs berichten&ldquo;. Wenn Sie wissen wollen, was Sie alles mit und aus dem Abschluss machen k&ouml;nnen &ndash; dann schalten Sie ein!<\/p>\n<p>In der zweiten Staffel werden Lehrende und Studierende vor den Vorhang geholt. Es werden exklusive Inhalte aus dem Curriculum vorgestellt und Studierende gew&auml;hren pers&ouml;nliche Einblicke in ihr Studierendenleben. <\/p>\n<h4>Teaser<\/h4>\n<p> <div class=\"brlbs-cmpnt-container brlbs-cmpnt-content-blocker\" data-borlabs-cookie-content-blocker-id=\"spotify\" data-borlabs-cookie-content=\"PGlmcmFtZSBzdHlsZT0iYm9yZGVyLXJhZGl1czoxMnB4IiBzcmM9Imh0dHBzOi8vb3Blbi5zcG90aWZ5LmNvbS9lbWJlZC9lcGlzb2RlLzNMdWh3QlhSMFFuYnloR05kM0N3STE\/dXRtX3NvdXJjZT1nZW5lcmF0b3IiIHdpZHRoPSIxMDAlIiBoZWlnaHQ9IjM1MiIgZnJhbWVib3JkZXI9IjAiIGFsbG93ZnVsbHNjcmVlbj0iIiBhbGxvdz0iYXV0b3BsYXk7IGNsaXBib2FyZC13cml0ZTsgZW5jcnlwdGVkLW1lZGlhOyBmdWxsc2NyZWVuOyBwaWN0dXJlLWluLXBpY3R1cmUiIGxvYWRpbmc9ImxhenkiPjwvaWZyYW1lPg==\" ><div class=\"brlbs-cmpnt-cb-preset-b\"> <div class=\"brlbs-cmpnt-cb-thumbnail\" style=\"background-image: url('https:\/\/cdn.fh-joanneum.at\/media\/2021\/02\/conversory-fh-joanneum-video-overlay-bg.jpg')\"><\/div> <div class=\"brlbs-cmpnt-cb-main\"> <div class=\"brlbs-cmpnt-cb-content\"> <h4 class=\"brlbs-cmpnt-cb-description\">Sie sehen gerade einen Platzhalter f\u00fcr einen <strong>Spotify-Beitrag<\/strong>. Um auf den eigentlichen Inhalt zuzugreifen, klicken Sie auf die Schaltfl\u00e4che unten. Bitte beachten Sie, dass dabei Daten an Drittanbieter weitergegeben werden.<\/h4> <\/div> <div class=\"brlbs-cmpnt-cb-buttons\"> <a class=\"brlbs-cmpnt-cb-btn\" href=\"#\" data-borlabs-cookie-accept-service role=\"button\" style=\"display: inherit\">Erforderlichen Service akzeptieren und Spotify entsperren<\/a> <\/div> <\/div> <\/div><\/div><\/p>\n\n            <\/div>\n        <\/div>\n            <\/div>\n<\/div>\n\n<div id=\"\" class=\"wp-block-links-block margin-bottom-normal\">\n    <div class=\"container-lg\">\n        <div class=\"row\">\n            <div class=\"col-12\">\n                <div>\n                    <h4>Episoden&uuml;bersicht<\/h4>\n                    \n                <\/div>\n            <\/div>\n                            <div class=\"col-12\">\n                    <div class=\" border-bottom  border-top py-3\">\n                                                    <a href=\"https:\/\/www.fh-joanneum.at\/news\/masterup\/\" target=\"\" class=\"link arrow-link large-arrow major-text-color-hover text-decoration-none\" data-analytics=\"\">\n                                <div class=\"link-content w-100\">\n                                    <div class=\"d-flex align-items-center\">\n                                        <h5 class=\"w-100 \">\n                                            Zur Episoden&uuml;bersicht<\/h5>\n                                        <svg width=\"9\" height=\"15\" viewbox=\"0 0 9 15\" fill=\"none\" xmlns=\"http:\/\/www.w3.org\/2000\/svg\">\n    <path id=\"chevron_right\" d=\"M1.5 1.5L7.5 7.5L1.5 13.5\" stroke=\"\" stroke-width=\"1.5\" stroke-linecap=\"round\"><\/path>\n<\/svg>                                    <\/div>\n                                    <p>Eine &Uuml;bersicht &uuml;ber s&auml;mtliche Folgen finden Sie hier. <\/p>\n\n                                <\/div>\n                            <\/a>\n                                            <\/div>\n                <\/div>\n                    <\/div>\n    <\/div>\n<\/div>\n\n","protected":false},"excerpt":{"rendered":"<p>\u201eAngewandte Ern\u00e4hrungsmedizin\u201c \u2013 echt, authentisch, menschlich und ber\u00fchrend ehrlich vermitteln Interview-G\u00e4st:innen ab Juni 2023 in w\u00f6chentlichen Folgen, was es bedeutet, sich ins Abenteuer einer Weiterbildung zu wagen \u2013 und was sie daraus f\u00fcr sich selbst gewinnen.<\/p>\n","protected":false},"author":143,"featured_media":10000255,"parent":10000051,"menu_order":30,"comment_status":"closed","ping_status":"closed","template":"","meta":{"_acf_changed":false,"footnotes":""},"acf":[],"aioseo_notices":[],"_links":{"self":[{"href":"https:\/\/www.fh-joanneum.at\/angewandte-ernaehrungsmedizin\/postgraduate\/wp-json\/wp\/v2\/pages\/10000254"}],"collection":[{"href":"https:\/\/www.fh-joanneum.at\/angewandte-ernaehrungsmedizin\/postgraduate\/wp-json\/wp\/v2\/pages"}],"about":[{"href":"https:\/\/www.fh-joanneum.at\/angewandte-ernaehrungsmedizin\/postgraduate\/wp-json\/wp\/v2\/types\/page"}],"author":[{"embeddable":true,"href":"https:\/\/www.fh-joanneum.at\/angewandte-ernaehrungsmedizin\/postgraduate\/wp-json\/wp\/v2\/users\/143"}],"replies":[{"embeddable":true,"href":"https:\/\/www.fh-joanneum.at\/angewandte-ernaehrungsmedizin\/postgraduate\/wp-json\/wp\/v2\/comments?post=10000254"}],"version-history":[{"count":0,"href":"https:\/\/www.fh-joanneum.at\/angewandte-ernaehrungsmedizin\/postgraduate\/wp-json\/wp\/v2\/pages\/10000254\/revisions"}],"up":[{"embeddable":true,"href":"https:\/\/www.fh-joanneum.at\/angewandte-ernaehrungsmedizin\/postgraduate\/wp-json\/wp\/v2\/pages\/10000051"}],"wp:featuredmedia":[{"embeddable":true,"href":"https:\/\/www.fh-joanneum.at\/angewandte-ernaehrungsmedizin\/postgraduate\/wp-json\/wp\/v2\/media\/10000255"}],"wp:attachment":[{"href":"https:\/\/www.fh-joanneum.at\/angewandte-ernaehrungsmedizin\/postgraduate\/wp-json\/wp\/v2\/media?parent=10000254"}],"curies":[{"name":"wp","href":"https:\/\/api.w.org\/{rel}","templated":true}]}}