{"id":10000311,"date":"2025-02-12T15:04:40","date_gmt":"2025-02-12T14:04:40","guid":{"rendered":"https:\/\/www.fh-joanneum.at\/angewandte-ernaehrungsmedizin\/postgraduate\/?page_id=10000311"},"modified":"2025-02-12T15:34:29","modified_gmt":"2025-02-12T14:34:29","slug":"dr-nina-wolf-brenner-msc","status":"publish","type":"page","link":"https:\/\/www.fh-joanneum.at\/angewandte-ernaehrungsmedizin\/postgraduate\/nach-dem-studium\/absolventinnen\/dr-nina-wolf-brenner-msc\/","title":{"rendered":"Dr. Nina Wolf-Brenner, MSc"},"content":{"rendered":"<div\n    id=\"\"\n    class=\"wp-block-blockquote margin-bottom-normal\"\n>\n    <div class=\"container-lg\">\n        <div class=\"row\">\n            <div class=\"col\">\n                <div class=\"d-block mb-2 fs-5 major-text-color\">Das Studium \u201eAngewandte Ern\u00e4hrungsmedizin\u201c hat mir erm\u00f6glicht, verschiedene Krankheitsbilder und deren Folgen ganzheitlich zu betrachten und auf diese Weise meinen Patient:innen eine allumfassende Betreuung zu bieten. Dabei wurden nicht nur fachliche, sondern auch wertvolle zwischenmenschliche Br\u00fccken zur Di\u00e4tologie geschaffen, die bis heute meine internistische T\u00e4tigkeit pr\u00e4gen und individuell bereichern.<\/div>\n                <span class=\"d-flex justify-content-end\">Dr. Nina Wolf-Brenner, MSc<\/span>\n            <\/div>\n        <\/div>\n    <\/div>\n<\/div>\n","protected":false},"excerpt":{"rendered":"<p>Am Masterlehrgang sch\u00e4tzt Nina Wolf-Brenner die M\u00f6glichkeit, nach seiner Absolvierung Patient:innen eine allumfassende Betreuung bieten zu k\u00f6nnen.<\/p>\n","protected":false},"author":143,"featured_media":10000312,"parent":10000237,"menu_order":3,"comment_status":"closed","ping_status":"closed","template":"template-absolvent.blade.php","meta":{"_acf_changed":false,"footnotes":""},"acf":[],"aioseo_notices":[],"_links":{"self":[{"href":"https:\/\/www.fh-joanneum.at\/angewandte-ernaehrungsmedizin\/postgraduate\/wp-json\/wp\/v2\/pages\/10000311"}],"collection":[{"href":"https:\/\/www.fh-joanneum.at\/angewandte-ernaehrungsmedizin\/postgraduate\/wp-json\/wp\/v2\/pages"}],"about":[{"href":"https:\/\/www.fh-joanneum.at\/angewandte-ernaehrungsmedizin\/postgraduate\/wp-json\/wp\/v2\/types\/page"}],"author":[{"embeddable":true,"href":"https:\/\/www.fh-joanneum.at\/angewandte-ernaehrungsmedizin\/postgraduate\/wp-json\/wp\/v2\/users\/143"}],"replies":[{"embeddable":true,"href":"https:\/\/www.fh-joanneum.at\/angewandte-ernaehrungsmedizin\/postgraduate\/wp-json\/wp\/v2\/comments?post=10000311"}],"version-history":[{"count":2,"href":"https:\/\/www.fh-joanneum.at\/angewandte-ernaehrungsmedizin\/postgraduate\/wp-json\/wp\/v2\/pages\/10000311\/revisions"}],"predecessor-version":[{"id":10000321,"href":"https:\/\/www.fh-joanneum.at\/angewandte-ernaehrungsmedizin\/postgraduate\/wp-json\/wp\/v2\/pages\/10000311\/revisions\/10000321"}],"up":[{"embeddable":true,"href":"https:\/\/www.fh-joanneum.at\/angewandte-ernaehrungsmedizin\/postgraduate\/wp-json\/wp\/v2\/pages\/10000237"}],"wp:featuredmedia":[{"embeddable":true,"href":"https:\/\/www.fh-joanneum.at\/angewandte-ernaehrungsmedizin\/postgraduate\/wp-json\/wp\/v2\/media\/10000312"}],"wp:attachment":[{"href":"https:\/\/www.fh-joanneum.at\/angewandte-ernaehrungsmedizin\/postgraduate\/wp-json\/wp\/v2\/media?parent=10000311"}],"curies":[{"name":"wp","href":"https:\/\/api.w.org\/{rel}","templated":true}]}}