{"id":10000315,"date":"2025-02-12T15:30:49","date_gmt":"2025-02-12T14:30:49","guid":{"rendered":"https:\/\/www.fh-joanneum.at\/angewandte-ernaehrungsmedizin\/postgraduate\/?page_id=10000315"},"modified":"2025-02-12T15:31:22","modified_gmt":"2025-02-12T14:31:22","slug":"dr-jacob-heisinger-msc","status":"publish","type":"page","link":"https:\/\/www.fh-joanneum.at\/angewandte-ernaehrungsmedizin\/postgraduate\/nach-dem-studium\/absolventinnen\/dr-jacob-heisinger-msc\/","title":{"rendered":"Dr. Jacob Heisinger, MSc"},"content":{"rendered":"<div\n    id=\"\"\n    class=\"wp-block-blockquote margin-bottom-normal\"\n>\n    <div class=\"container-lg\">\n        <div class=\"row\">\n            <div class=\"col\">\n                <div class=\"d-block mb-2 fs-5 major-text-color\">Der Universit\u00e4tslehrgang \u201eAngewandte Ern\u00e4hrungsmedizin\u201c kombiniert ern\u00e4hrungswissenschaftliche, medizinische und praxisnahe Inhalte, um Studierende optimal auf eine interdisziplin\u00e4re Arbeit im Gesundheitsbereich vorzubereiten. Zudem er\u00f6ffnet das Studium ausgezeichnete Karrierechancen, da eine fundierte ern\u00e4hrungsmedizinische Ausbildung in Pr\u00e4vention und Therapie immer gefragter wird.<\/div>\n                <span class=\"d-flex justify-content-end\">Dr. Jacob Heisinger, MSc<\/span>\n            <\/div>\n        <\/div>\n    <\/div>\n<\/div>\n","protected":false},"excerpt":{"rendered":"<p>F\u00fcr Jacob Heisinger bereitet der Masterlehrgang Studierende optimal auf eine interdisziplin\u00e4re Arbeit im Gesundheitsbereich vor.<\/p>\n","protected":false},"author":143,"featured_media":10000316,"parent":10000237,"menu_order":2,"comment_status":"closed","ping_status":"closed","template":"template-absolvent.blade.php","meta":{"_acf_changed":false,"footnotes":""},"acf":[],"aioseo_notices":[],"_links":{"self":[{"href":"https:\/\/www.fh-joanneum.at\/angewandte-ernaehrungsmedizin\/postgraduate\/wp-json\/wp\/v2\/pages\/10000315"}],"collection":[{"href":"https:\/\/www.fh-joanneum.at\/angewandte-ernaehrungsmedizin\/postgraduate\/wp-json\/wp\/v2\/pages"}],"about":[{"href":"https:\/\/www.fh-joanneum.at\/angewandte-ernaehrungsmedizin\/postgraduate\/wp-json\/wp\/v2\/types\/page"}],"author":[{"embeddable":true,"href":"https:\/\/www.fh-joanneum.at\/angewandte-ernaehrungsmedizin\/postgraduate\/wp-json\/wp\/v2\/users\/143"}],"replies":[{"embeddable":true,"href":"https:\/\/www.fh-joanneum.at\/angewandte-ernaehrungsmedizin\/postgraduate\/wp-json\/wp\/v2\/comments?post=10000315"}],"version-history":[{"count":2,"href":"https:\/\/www.fh-joanneum.at\/angewandte-ernaehrungsmedizin\/postgraduate\/wp-json\/wp\/v2\/pages\/10000315\/revisions"}],"predecessor-version":[{"id":10000319,"href":"https:\/\/www.fh-joanneum.at\/angewandte-ernaehrungsmedizin\/postgraduate\/wp-json\/wp\/v2\/pages\/10000315\/revisions\/10000319"}],"up":[{"embeddable":true,"href":"https:\/\/www.fh-joanneum.at\/angewandte-ernaehrungsmedizin\/postgraduate\/wp-json\/wp\/v2\/pages\/10000237"}],"wp:featuredmedia":[{"embeddable":true,"href":"https:\/\/www.fh-joanneum.at\/angewandte-ernaehrungsmedizin\/postgraduate\/wp-json\/wp\/v2\/media\/10000316"}],"wp:attachment":[{"href":"https:\/\/www.fh-joanneum.at\/angewandte-ernaehrungsmedizin\/postgraduate\/wp-json\/wp\/v2\/media?parent=10000315"}],"curies":[{"name":"wp","href":"https:\/\/api.w.org\/{rel}","templated":true}]}}