{"id":10000327,"date":"2025-02-18T14:47:45","date_gmt":"2025-02-18T13:47:45","guid":{"rendered":"https:\/\/www.fh-joanneum.at\/angewandte-ernaehrungsmedizin\/postgraduate\/?page_id=10000327"},"modified":"2025-02-18T14:47:47","modified_gmt":"2025-02-18T13:47:47","slug":"eva-maria-marchard-bsc-msc","status":"publish","type":"page","link":"https:\/\/www.fh-joanneum.at\/angewandte-ernaehrungsmedizin\/postgraduate\/nach-dem-studium\/absolventinnen\/eva-maria-marchard-bsc-msc\/","title":{"rendered":"Eva Maria Marchard, BSc MSc"},"content":{"rendered":"<div\n    id=\"\"\n    class=\"wp-block-blockquote margin-bottom-normal\"\n>\n    <div class=\"container-lg\">\n        <div class=\"row\">\n            <div class=\"col\">\n                <div class=\"d-block mb-2 fs-5 major-text-color\">Der Universit\u00e4tslehrgang \u201eAngewandte Ern\u00e4hrungsmedizin&#8221; bietet die perfekte M\u00f6glichkeit, ern\u00e4hrungsmedizinische Themen weiter zu vertiefen und durch die Zusammenarbeit und den Austausch mit Mediziner:innen interprofessionell zu bearbeiten. Ich pers\u00f6nlich habe sehr von der Kompetenzerweiterung im wissenschaftlichen Arbeiten profitiert und kann die erlernten F\u00e4higkeiten in neuen Projekten und Forschungsarbeiten im klinischen Alltag laufend einsetzen und anwenden. Dadurch hat sich mein Aufgabengebiet noch einmal ver\u00e4ndert und ist noch spannender geworden. Der Mix aus \u00c4rzt:innen und Berufskolleg:innen aus verschiedenen L\u00e4ndern und Bereichen gibt zus\u00e4tzlich viel Raum f\u00fcr Erfahrungsaustausch und angeregte Diskussionen &#8211; aus meiner Sicht kann man von einer Teilnahme am Universit\u00e4tslehrgang AEM nur profitieren.<\/div>\n                <span class=\"d-flex justify-content-end\">Eva Maria Marchard, BSc MSc<\/span>\n            <\/div>\n        <\/div>\n    <\/div>\n<\/div>\n","protected":false},"excerpt":{"rendered":"<p>Eva Maria Marchard sch\u00e4tzt am Lehrgang vor allem die Kompetenzerweiterung im wissenschaftlichen Arbeiten.<\/p>\n","protected":false},"author":143,"featured_media":10000328,"parent":10000237,"menu_order":0,"comment_status":"closed","ping_status":"closed","template":"template-absolvent.blade.php","meta":{"_acf_changed":false,"footnotes":""},"acf":[],"aioseo_notices":[],"_links":{"self":[{"href":"https:\/\/www.fh-joanneum.at\/angewandte-ernaehrungsmedizin\/postgraduate\/wp-json\/wp\/v2\/pages\/10000327"}],"collection":[{"href":"https:\/\/www.fh-joanneum.at\/angewandte-ernaehrungsmedizin\/postgraduate\/wp-json\/wp\/v2\/pages"}],"about":[{"href":"https:\/\/www.fh-joanneum.at\/angewandte-ernaehrungsmedizin\/postgraduate\/wp-json\/wp\/v2\/types\/page"}],"author":[{"embeddable":true,"href":"https:\/\/www.fh-joanneum.at\/angewandte-ernaehrungsmedizin\/postgraduate\/wp-json\/wp\/v2\/users\/143"}],"replies":[{"embeddable":true,"href":"https:\/\/www.fh-joanneum.at\/angewandte-ernaehrungsmedizin\/postgraduate\/wp-json\/wp\/v2\/comments?post=10000327"}],"version-history":[{"count":1,"href":"https:\/\/www.fh-joanneum.at\/angewandte-ernaehrungsmedizin\/postgraduate\/wp-json\/wp\/v2\/pages\/10000327\/revisions"}],"predecessor-version":[{"id":10000330,"href":"https:\/\/www.fh-joanneum.at\/angewandte-ernaehrungsmedizin\/postgraduate\/wp-json\/wp\/v2\/pages\/10000327\/revisions\/10000330"}],"up":[{"embeddable":true,"href":"https:\/\/www.fh-joanneum.at\/angewandte-ernaehrungsmedizin\/postgraduate\/wp-json\/wp\/v2\/pages\/10000237"}],"wp:featuredmedia":[{"embeddable":true,"href":"https:\/\/www.fh-joanneum.at\/angewandte-ernaehrungsmedizin\/postgraduate\/wp-json\/wp\/v2\/media\/10000328"}],"wp:attachment":[{"href":"https:\/\/www.fh-joanneum.at\/angewandte-ernaehrungsmedizin\/postgraduate\/wp-json\/wp\/v2\/media?parent=10000327"}],"curies":[{"name":"wp","href":"https:\/\/api.w.org\/{rel}","templated":true}]}}