{"id":10000022,"date":"2024-03-28T09:48:04","date_gmt":"2024-03-28T08:48:04","guid":{"rendered":"https:\/\/www.fh-joanneum.at\/architektur\/bachelor\/?page_id=22"},"modified":"2024-03-28T09:48:04","modified_gmt":"2024-03-28T08:48:04","slug":"bewerberinnen-mit-behinderung","status":"publish","type":"page","link":"https:\/\/www.fh-joanneum.at\/architektur\/bachelor\/vor-dem-studium\/bewerberinnen-mit-behinderung\/","title":{"rendered":"Bewerber:innen mit Behinderung"},"content":{"rendered":"<div id=\"\" class=\"wp-block-text-content margin-bottom-normal\">\n    <div class=\"container-lg\">\n        <div class=\"row\">\n            <div class=\"col\">\n                <h3>Bewerber:innen mit Behinderung<\/h3>\n<p>Die Gleichstellung von Bewerber:innen mit Behinderung(en) ist der FH JOANNEUM ein Anliegen. Dabei ist es wichtig, faire Rahmenbedingungen zu schaffen, um Ihnen die gleichberechtigte Teilnahme am Aufnahmeverfahren und Studium zu erm&ouml;glichen.<\/p>\n\n            <\/div>\n        <\/div>\n            <\/div>\n<\/div>\n\n<div\n    id=\"\"\n    class=\"wp-block-tipp-box margin-bottom-normal\"\n>\n    <div class=\"container-lg\">\n        <div class=\"row\">\n            <div class=\"col\">\n                <div class=\"tipp-box border border-warning\">\n                    <div class=\"tipp-box-inner p-2 p-md-3\">\n                        <h4 class=\"\">Tipp<\/h4>\n                        <p>Nehmen Sie m\u00f6glichst fr\u00fch Kontakt mit der Stelle f\u00fcr <a href=\"https:\/\/www.fh-joanneum.at\/hochschule\/services\/gleichbehandlung-vielfalt\/\">Gleichbehandlung und Vielfalt<\/a> an der FH JOANNEUM auf. Damit geben Sie uns die M\u00f6glichkeit, eventuelle Ma\u00dfnahmen und Vorkehrungen bestm\u00f6glich umsetzen zu k\u00f6nnen.<\/p>\n\n                    <\/div>\n                <\/div>\n            <\/div>\n        <\/div>\n    <\/div>\n<\/div>\n\n<div id=\"\" class=\"wp-block-text-content margin-bottom-normal\">\n    <div class=\"container-lg\">\n        <div class=\"row\">\n            <div class=\"col\">\n                <h4>Ben&ouml;tigen Sie bestimmte Voraussetzungen, um am Aufnahmeverfahren oder Studium teilnehmen zu k&ouml;nnen?<\/h4>\n<p>Die Stelle f&uuml;r Gleichbehandlung und Vielfalt beantwortet gerne Ihre Fragen zu Barrierefreiheit und Diversit&auml;t und unterst&uuml;tzt Sie bei Ihren Anliegen.<\/p>\n<p><strong>Gleichbehandlung und Vielfalt<\/strong><br>\nE: <a href=\"mailto:diversity@fh-joanneum.at\" title=\"die Stelle f&uuml;r Gleichbehandlung und Vielfalt per E-Mail Kontaktieren\">diversity@fh-joanneum.at<\/a>   <\/p>\n\n            <\/div>\n        <\/div>\n            <\/div>\n<\/div>\n\n","protected":false},"excerpt":{"rendered":"<p>Ben\u00f6tigen Sie bestimmte Voraussetzungen f\u00fcr das Aufnahmeverfahren oder Studium? Faire Rahmenbedingungen f\u00fcr die gleichberechtigte Teilnahme von Menschen mit und ohne Behinderung(en) sind uns ein Anliegen.<\/p>\n","protected":false},"author":143,"featured_media":0,"parent":10000009,"menu_order":17,"comment_status":"closed","ping_status":"closed","template":"","meta":{"_acf_changed":false,"footnotes":""},"acf":[],"aioseo_notices":[],"_links":{"self":[{"href":"https:\/\/www.fh-joanneum.at\/architektur\/bachelor\/wp-json\/wp\/v2\/pages\/10000022"}],"collection":[{"href":"https:\/\/www.fh-joanneum.at\/architektur\/bachelor\/wp-json\/wp\/v2\/pages"}],"about":[{"href":"https:\/\/www.fh-joanneum.at\/architektur\/bachelor\/wp-json\/wp\/v2\/types\/page"}],"author":[{"embeddable":true,"href":"https:\/\/www.fh-joanneum.at\/architektur\/bachelor\/wp-json\/wp\/v2\/users\/143"}],"replies":[{"embeddable":true,"href":"https:\/\/www.fh-joanneum.at\/architektur\/bachelor\/wp-json\/wp\/v2\/comments?post=10000022"}],"version-history":[{"count":0,"href":"https:\/\/www.fh-joanneum.at\/architektur\/bachelor\/wp-json\/wp\/v2\/pages\/10000022\/revisions"}],"up":[{"embeddable":true,"href":"https:\/\/www.fh-joanneum.at\/architektur\/bachelor\/wp-json\/wp\/v2\/pages\/10000009"}],"wp:attachment":[{"href":"https:\/\/www.fh-joanneum.at\/architektur\/bachelor\/wp-json\/wp\/v2\/media?parent=10000022"}],"curies":[{"name":"wp","href":"https:\/\/api.w.org\/{rel}","templated":true}]}}