{"id":10000818,"date":"2019-01-23T11:50:08","date_gmt":"2019-01-23T09:50:08","guid":{"rendered":"https:\/\/www.fh-joanneum.at\/architektur\/master\/?page_id=818"},"modified":"2024-08-07T10:46:15","modified_gmt":"2024-08-07T08:46:15","slug":"di-stefan-greisinger-bsc","status":"publish","type":"page","link":"https:\/\/www.fh-joanneum.at\/architektur\/master\/nach-dem-studium\/absolventinnen-absolventen\/di-stefan-greisinger-bsc\/","title":{"rendered":"Architekt DI Stefan Greisinger, BSc"},"content":{"rendered":"<div id=\"\" class=\"wp-block-text-content margin-bottom-normal\">\n    <div class=\"container-lg\">\n        <div class=\"row\">\n            <div class=\"col\">\n                <h4>Eckdaten<\/h4>\n<p><strong>Unternehmen:<\/strong> <a href=\"https:\/\/www.architektur-greisinger.at\/\" target=\"_blank\" rel=\"noopener noreferrer\">Architektur Greisinger ZT GmbH<\/a><br>\n<strong>Ich arbeite in:<\/strong> Salzburg<br>\n<strong>Ich arbeite hier seit:<\/strong> 2021<br>\n<a href=\"mailto:office@architektur-greisinger.at\">Mein Kontakt<\/a><\/p>\n\n            <\/div>\n        <\/div>\n            <\/div>\n<\/div>\n\n\n<div id=\"\" class=\"wp-block-text-content margin-bottom-normal\">\n    <div class=\"container-lg\">\n        <div class=\"row\">\n            <div class=\"col\">\n                <h4>Was ich mache:<\/h4>\n<ul>\n<li>Entwurf, Einreichung, Ausf&uuml;hrungsplanung<\/li>\n<li>Projektentwicklung<\/li>\n<li>Koordination mit Beh&ouml;rden, Fachplaner:innen, Bauherrschaft<\/li>\n<\/ul>\n<h4>Warum ich meinen Job liebe:<\/h4>\n<ul>\n<li>Individualit&auml;t der Projekte, abgestimmt auf die Aufgabe bzw. die Vorgaben und die &ouml;rtlichen Gegebenheiten<\/li>\n<li>Technische und kreative Arbeit<\/li>\n<li>Selbst&auml;ndigkeit<\/li>\n<\/ul>\n<h4>Wichtige F&auml;higkeiten in meinem Job:<\/h4>\n<ul>\n<li>Genauigkeit<\/li>\n<li>Kreativit&auml;t<\/li>\n<li>Selbst&auml;ndigkeit<\/li>\n<li>Guter Umgang mit Menschen<\/li>\n<\/ul>\n\n            <\/div>\n        <\/div>\n            <\/div>\n<\/div>\n\n\n<div id=\"\" class=\"wp-block-text-content margin-bottom-normal\">\n    <div class=\"container-lg\">\n        <div class=\"row\">\n            <div class=\"col\">\n                <h4>Mein bisher gr&ouml;&szlig;ter Erfolg in meiner Karriere:<\/h4>\n<ul>\n<li>Schritt in die Selbst&auml;ndigkeit<\/li>\n<li>Wenn die Projekte abgeschlossen sind und die Bauherrschaft zufrieden ist.<\/li>\n<\/ul>\n<h4>So bin ich zu meinem Job gekommen:<\/h4>\n<p>Nach der Arbeit bei einem renommierten Architekturb&uuml;ro und Bautr&auml;ger wollte ich mich selbst&auml;ndig machen.<\/p>\n<h4>Das habe ich im Studium f&uuml;rs Berufsleben gelernt:<\/h4>\n<p>Das Studium ist breit gef&auml;chert und deckt viele Bereiche im Bauwesen ab. Durch das erlernte Grundwissen ist man f&uuml;r die Praxis gut vorbereitet. F&uuml;r meinen Hauptaufgabenbereich in der Planung, haben mir die Projektarbeiten und das Entwerfen sehr geholfen. Die Grundlagen der Geb&auml;udelehre, Ausschreibung und Projektmanagement sowie die rechtlichen Grundlagen gaben mir ein besseres Verst&auml;ndnis in der Praxis.<\/p>\n\n            <\/div>\n        <\/div>\n            <\/div>\n<\/div>\n\n\n<div id=\"\" class=\"wp-block-text-content margin-bottom-normal\">\n    <div class=\"container-lg\">\n        <div class=\"row\">\n            <div class=\"col\">\n                <h4>Die Jobchancen in meinem Bereich:<\/h4>\n<p>Junge, motivierte, ambitionierte und gut ausgebildete Personen sind f&uuml;r B&uuml;ros immer interessant und eine Verst&auml;rkung.<\/p>\n<h4>Ich bin:<\/h4>\n<ul>\n<li>ehrgeizig<\/li>\n<li>zielstrebig<\/li>\n<li>selbst&auml;ndig<\/li>\n<\/ul>\n\n            <\/div>\n        <\/div>\n            <\/div>\n<\/div>\n\n\n<div\n    id=\"\"\n    class=\"wp-block-blockquote margin-bottom-normal\"\n>\n    <div class=\"container-lg\">\n        <div class=\"row\">\n            <div class=\"col\">\n                <div class=\"d-block mb-2 fs-5 major-text-color\">Mein Ziel ist es immer ein funktionales, \u00e4sthetisches Geb\u00e4ude, welches mit den \u00f6rtlichen Gegebenheiten harmoniert, zu planen. Ich versuche die erlernten Kenntnisse der Projekte in die nachfolgenden Projekte einflie\u00dfen zu lassen und m\u00f6chte mich stetig weiterentwickeln und dazulernen.<\/div>\n                <span class=\"d-flex justify-content-end\">Stefan Greisinger<\/span>\n            <\/div>\n        <\/div>\n    <\/div>\n<\/div>\n","protected":false},"excerpt":{"rendered":"<p>Stefan Greisinger ist seit 2021 als selbst\u00e4ndiger Architekt in Salzburg t\u00e4tig.<\/p>\n","protected":false},"author":73,"featured_media":10000829,"parent":10000296,"menu_order":34,"comment_status":"closed","ping_status":"closed","template":"template-absolvent.blade.php","meta":{"_acf_changed":false,"footnotes":""},"acf":[],"aioseo_notices":[],"_links":{"self":[{"href":"https:\/\/www.fh-joanneum.at\/architektur\/master\/wp-json\/wp\/v2\/pages\/10000818"}],"collection":[{"href":"https:\/\/www.fh-joanneum.at\/architektur\/master\/wp-json\/wp\/v2\/pages"}],"about":[{"href":"https:\/\/www.fh-joanneum.at\/architektur\/master\/wp-json\/wp\/v2\/types\/page"}],"author":[{"embeddable":true,"href":"https:\/\/www.fh-joanneum.at\/architektur\/master\/wp-json\/wp\/v2\/users\/73"}],"replies":[{"embeddable":true,"href":"https:\/\/www.fh-joanneum.at\/architektur\/master\/wp-json\/wp\/v2\/comments?post=10000818"}],"version-history":[{"count":2,"href":"https:\/\/www.fh-joanneum.at\/architektur\/master\/wp-json\/wp\/v2\/pages\/10000818\/revisions"}],"predecessor-version":[{"id":10001415,"href":"https:\/\/www.fh-joanneum.at\/architektur\/master\/wp-json\/wp\/v2\/pages\/10000818\/revisions\/10001415"}],"up":[{"embeddable":true,"href":"https:\/\/www.fh-joanneum.at\/architektur\/master\/wp-json\/wp\/v2\/pages\/10000296"}],"wp:featuredmedia":[{"embeddable":true,"href":"https:\/\/www.fh-joanneum.at\/architektur\/master\/wp-json\/wp\/v2\/media\/10000829"}],"wp:attachment":[{"href":"https:\/\/www.fh-joanneum.at\/architektur\/master\/wp-json\/wp\/v2\/media?parent=10000818"}],"curies":[{"name":"wp","href":"https:\/\/api.w.org\/{rel}","templated":true}]}}