{"id":10000988,"date":"2020-12-22T11:43:14","date_gmt":"2020-12-22T09:43:14","guid":{"rendered":"https:\/\/www.fh-joanneum.at\/architektur\/master\/?page_id=988"},"modified":"2020-12-22T11:43:14","modified_gmt":"2020-12-22T09:43:14","slug":"di-johannes-kloibhofer-bsc","status":"publish","type":"page","link":"https:\/\/www.fh-joanneum.at\/architektur\/master\/nach-dem-studium\/absolventinnen-absolventen\/di-johannes-kloibhofer-bsc\/","title":{"rendered":"DI Johannes Kloibhofer, BSc"},"content":{"rendered":"<div id=\"\" class=\"wp-block-text-content margin-bottom-normal\">\n    <div class=\"container-lg\">\n        <div class=\"row\">\n            <div class=\"col\">\n                <h4>Eckdaten<\/h4>\n<p><strong>Unternehmen:<\/strong> <a href=\"https:\/\/www.matulik.at\/\" target=\"_blank\" rel=\"noopener noreferrer\">Matulik Architekten<\/a><br>\n<strong>Ich arbeite in:<\/strong> Ried im Innkreis, Ober&ouml;sterreich<br>\n<strong>Ich arbeite hier seit:<\/strong> 2016<br>\n<a href=\"mailto:kloibhofer@matulik.at\">Mein Kontakt<\/a>  <\/p>\n\n            <\/div>\n        <\/div>\n            <\/div>\n<\/div>\n\n<div id=\"\" class=\"wp-block-text-content margin-bottom-normal\">\n    <div class=\"container-lg\">\n        <div class=\"row\">\n            <div class=\"col\">\n                <h4>Was ich mache:<\/h4>\n<p>Grunds&auml;tzlich bin ich in allen Projektphasen t&auml;tig &ndash; von Wettbewerben &uuml;ber Entwurfs- und Ausf&uuml;hrungsplanung bis hin zur M&ouml;belplanung. Ein au&szlig;ergew&ouml;hnliches Highlight war die Entwicklung des Design f&uuml;r einen Kaffeeautomaten.  <\/p>\n<h4>Warum ich meinen Job liebe:<\/h4>\n<p>Die enorme Vielfalt an unterschiedlichen Aufgaben ist einer der Gr&uuml;nde, warum ich meinen Job liebe. Jedes Projekt ist anders und somit auf eine ganz spezielle Art und Weise interessant.  <\/p>\n<h4>Was ich an meinem Job nicht so mag:<\/h4>\n<p>Ganz Architekten-Like: FORMULARE. Nat&uuml;rlich geh&ouml;ren diese zum Architektendasein dazu, jedoch ist das Ausf&uuml;llen der Formulare nicht meine absolute Lieblingsbesch&auml;ftigung.  <\/p>\n<h4>Wichtige F&auml;higkeiten in meinem Job:<\/h4>\n<ul>\n<li>\n<p>Strukturiertheit,  <\/p>\n<\/li>\n<li>\n<p>Teamf&auml;higkeit,  <\/p>\n<\/li>\n<li>\n<p>L&ouml;sungsorientiertes Arbeiten &ndash; wobei es dabei extrem wichtig ist keine Angst davor zu haben, die erfahrenen KollegInnen um Hilfe zu bitten.<\/p>\n<\/li>\n<\/ul>\n\n            <\/div>\n        <\/div>\n            <\/div>\n<\/div>\n\n<div\n    id=\"\"\n    class=\"wp-block-content-image margin-bottom-normal\"\n>\n    <div class=\"container-lg\">\n        <div class=\"row\">\n            <div class=\"col-12\">\n                <div  x-data=\"{ modal: false }\" >\n\n                    <div class=\"image-wrapper\">\n                        <picture>\n                        <source\n                media=\"(max-width: 576px)\"\n                srcset=\"https:\/\/cdn3.fh-joanneum.at\/media\/sites\/32\/2020\/12\/di-johannes-kloibhofer-bsc-2.jpg, https:\/\/cdn3.fh-joanneum.at\/media\/sites\/32\/2020\/12\/di-johannes-kloibhofer-bsc-2-768x384.jpg 2x\"\n            \/>\n                    <source\n                media=\"(max-width: 768px)\"\n                srcset=\"https:\/\/cdn3.fh-joanneum.at\/media\/sites\/32\/2020\/12\/di-johannes-kloibhofer-bsc-2-768x384.jpg, https:\/\/cdn3.fh-joanneum.at\/media\/sites\/32\/2020\/12\/di-johannes-kloibhofer-bsc-2-1024x512.jpg 2x\"\n            \/>\n                    <source\n                media=\"(max-width: 1024px)\"\n                srcset=\"https:\/\/cdn3.fh-joanneum.at\/media\/sites\/32\/2020\/12\/di-johannes-kloibhofer-bsc-2-1024x512.jpg, https:\/\/cdn3.fh-joanneum.at\/media\/sites\/32\/2020\/12\/di-johannes-kloibhofer-bsc-2.jpg 2x\"\n            \/>\n                    <source\n                media=\"(max-width: 1500px)\"\n                srcset=\"https:\/\/cdn3.fh-joanneum.at\/media\/sites\/32\/2020\/12\/di-johannes-kloibhofer-bsc-2.jpg, https:\/\/cdn3.fh-joanneum.at\/media\/sites\/32\/2020\/12\/di-johannes-kloibhofer-bsc-2.jpg 2x\"\n            \/>\n                    <source\n                media=\"(max-width: 1500px)\"\n                srcset=\"https:\/\/cdn3.fh-joanneum.at\/media\/sites\/32\/2020\/12\/di-johannes-kloibhofer-bsc-2.jpg, https:\/\/cdn3.fh-joanneum.at\/media\/sites\/32\/2020\/12\/di-johannes-kloibhofer-bsc-2.jpg 2x\"\n            \/>\n                <img decoding=\"async\"\n        class=\"img-fluid @if ($image_credit || $media_subtitle) mb-2 @endif @if ($lightbox) modal-trigger @endif\" @click=\"modal = !modal\" aria-expanded=\"false\"\n        src=\"https:\/\/cdn3.fh-joanneum.at\/media\/sites\/32\/2020\/12\/di-johannes-kloibhofer-bsc-2.jpg\"\n        alt=\"DI Johannes Kloibhofer, BSc 1\"\n        title=\"\"\n         loading=\"lazy\"             >\n<\/picture>\n\n                                                    <p class=\"text-muted fst-italic\">Photo: www.raumpixel.at<\/p>\n                                                                            <p class=\"text-muted\">Halle Future Zone<\/p>\n                                            <\/div>\n\n                                            <div\n                            class=\"modal-wrapper\"\n                            :class=\"{ 'active': modal }\"\n                        >\n                            <div\n                                class=\"backdrop\"\n                                x-show.transition.opacity.duration.600ms=\"modal\"\n                                @click=\"modal = false\"\n                                style=\"display: none;\"\n                            ><\/div>\n                            <button\n                                class=\"close-btn\"\n                                @click=\"modal = false\"\n                            >\n                                <svg class=\"fill\" id=\"icon-close\" viewBox=\"0 0 512 512\" xmlns=\"http:\/\/www.w3.org\/2000\/svg\">\n  <path d=\"m308 256l193-194c15-14 15-37 0-51-14-15-37-15-51 0l-194 193-194-193c-14-15-37-15-51 0-15 14-15 37 0 51l193 194-193 194c-15 14-15 37 0 51 7 7 16 11 26 11 9 0 18-4 25-11l194-193 194 193c7 7 16 11 25 11 10 0 19-4 26-11 15-14 15-37 0-51z\"\/>\n<\/svg>                            <\/button>\n                            <div class=\"modal-panel\">\n                                <picture>\n                        <source\n                media=\"(max-width: 576px)\"\n                srcset=\"https:\/\/cdn3.fh-joanneum.at\/media\/sites\/32\/2020\/12\/di-johannes-kloibhofer-bsc-2.jpg, https:\/\/cdn3.fh-joanneum.at\/media\/sites\/32\/2020\/12\/di-johannes-kloibhofer-bsc-2-768x384.jpg 2x\"\n            \/>\n                    <source\n                media=\"(max-width: 768px)\"\n                srcset=\"https:\/\/cdn3.fh-joanneum.at\/media\/sites\/32\/2020\/12\/di-johannes-kloibhofer-bsc-2-768x384.jpg, https:\/\/cdn3.fh-joanneum.at\/media\/sites\/32\/2020\/12\/di-johannes-kloibhofer-bsc-2-1024x512.jpg 2x\"\n            \/>\n                    <source\n                media=\"(max-width: 1024px)\"\n                srcset=\"https:\/\/cdn3.fh-joanneum.at\/media\/sites\/32\/2020\/12\/di-johannes-kloibhofer-bsc-2-1024x512.jpg, https:\/\/cdn3.fh-joanneum.at\/media\/sites\/32\/2020\/12\/di-johannes-kloibhofer-bsc-2.jpg 2x\"\n            \/>\n                    <source\n                media=\"(max-width: 1500px)\"\n                srcset=\"https:\/\/cdn3.fh-joanneum.at\/media\/sites\/32\/2020\/12\/di-johannes-kloibhofer-bsc-2.jpg, https:\/\/cdn3.fh-joanneum.at\/media\/sites\/32\/2020\/12\/di-johannes-kloibhofer-bsc-2.jpg 2x\"\n            \/>\n                    <source\n                media=\"(max-width: 1500px)\"\n                srcset=\"https:\/\/cdn3.fh-joanneum.at\/media\/sites\/32\/2020\/12\/di-johannes-kloibhofer-bsc-2.jpg, https:\/\/cdn3.fh-joanneum.at\/media\/sites\/32\/2020\/12\/di-johannes-kloibhofer-bsc-2.jpg 2x\"\n            \/>\n                <img decoding=\"async\"\n        class=\"img-fluid\"\n        src=\"https:\/\/cdn3.fh-joanneum.at\/media\/sites\/32\/2020\/12\/di-johannes-kloibhofer-bsc-2.jpg\"\n        alt=\"DI Johannes Kloibhofer, BSc 1\"\n        title=\"\"\n         loading=\"lazy\"             >\n<\/picture>\n\n                            <\/div>\n                        <\/div>\n                                    <\/div>\n\n            <\/div>\n        <\/div>\n    <\/div>\n<\/div>\n\n<div id=\"\" class=\"wp-block-text-content margin-bottom-normal\">\n    <div class=\"container-lg\">\n        <div class=\"row\">\n            <div class=\"col\">\n                <h4>Mein bisher gr&ouml;&szlig;ter Erfolg:<\/h4>\n<p>Den gr&ouml;&szlig;ten Erfolg w&uuml;rde ich es zwar nicht nennen, doch gerade, weil ich mich erst am Anfang meiner Karriere befinde, ist es dann doch immer ein Highlight, wenn ein von mir entworfenes Objekt die Transformation vom Plan bzw. Modell in die Wirklichkeit schafft.  <\/p>\n<h4>Wie ich diesen Job bekommen habe:<\/h4>\n<p>Bereits im Bachelorstudium habe ich mich dazu entschieden, neben dem Studium auch in der Berufswelt Fu&szlig; zu fassen. Somit k&ouml;nnte man quasi behaupten, ich habe mir die Fixanstellung erarbeitet. Denn nach einigen Praktika in diesem B&uuml;ro war dann schlussendlich klar, dass ich auch nach dem Studium meinen Platz im Team haben werde.  <\/p>\n<h4>Was ich im Studium f&uuml;r den Job gelernt habe:<\/h4>\n<p>Die Kombination der Ausbildung war mit Sicherheit ein guter Grundstein f&uuml;r den Berufsalltag. Neben der Entwurfsidee und dem gestalterischen Ansatz wurde parallel dazu auch immer ein besonderes Augenmerk auf die technische Umsetzbarkeit gelegt. Was einem besonders im Praxisleben von Beginn an weiter bringt. Jedoch muss man auch klar sagen, dass man nach dem Studium eine fundierte Basics besitzt und erst im Laufe der Jahre die notwendige Erfahrung kommt.<\/p>\n\n            <\/div>\n        <\/div>\n            <\/div>\n<\/div>\n\n<div\n    id=\"\"\n    class=\"wp-block-image-slider margin-bottom-normal\"\n>\n    <div class=\"container-lg\">\n        <div class=\"row\">\n            <div class=\"col-12\">\n                <div class=\"swiper-outer-wrapper\">\n                    <div class=\"image-header\">\n                        <div class=\"swiper-navigation\">\n                            <div class=\"swiper-button-prev-custom\">\n                                <svg xmlns=\"http:\/\/www.w3.org\/2000\/svg\" width=\"9\" height=\"14\" viewBox=\"0 0 9 14\" fill=\"none\">\n  <path d=\"M8 13L2 7L8 1\" stroke=\"\" stroke-width=\"1.5\" stroke-linecap=\"round\"\/>\n<\/svg>                            <\/div>\n                            <div class=\"swiper-button-next-custom\">\n                                <svg xmlns=\"http:\/\/www.w3.org\/2000\/svg\" width=\"9\" height=\"14\" viewBox=\"0 0 9 14\" fill=\"none\">\n  <path d=\"M1 1L7 7L1 13\" stroke=\"\" stroke-width=\"1.5\" stroke-linecap=\"round\"\/>\n<\/svg>                            <\/div>\n                        <\/div>\n                    <\/div>\n                    <div class=\"swiper image-slider-swiper\">\n                        <div class=\"swiper-wrapper\">\n                                                                                                <div class=\"swiper-slide item\">\n                                        <picture>\n                        <source\n                media=\"(max-width: 576px)\"\n                srcset=\"https:\/\/cdn3.fh-joanneum.at\/media\/sites\/32\/2020\/12\/di-johannes-kloibhofer-bsc-5.jpg, https:\/\/cdn3.fh-joanneum.at\/media\/sites\/32\/2020\/12\/di-johannes-kloibhofer-bsc-5-768x384.jpg 2x\"\n            \/>\n                    <source\n                media=\"(max-width: 768px)\"\n                srcset=\"https:\/\/cdn3.fh-joanneum.at\/media\/sites\/32\/2020\/12\/di-johannes-kloibhofer-bsc-5-768x384.jpg, https:\/\/cdn3.fh-joanneum.at\/media\/sites\/32\/2020\/12\/di-johannes-kloibhofer-bsc-5-1024x512.jpg 2x\"\n            \/>\n                    <source\n                media=\"(max-width: 1024px)\"\n                srcset=\"https:\/\/cdn3.fh-joanneum.at\/media\/sites\/32\/2020\/12\/di-johannes-kloibhofer-bsc-5-1024x512.jpg, https:\/\/cdn3.fh-joanneum.at\/media\/sites\/32\/2020\/12\/di-johannes-kloibhofer-bsc-5.jpg 2x\"\n            \/>\n                    <source\n                media=\"(max-width: 1500px)\"\n                srcset=\"https:\/\/cdn3.fh-joanneum.at\/media\/sites\/32\/2020\/12\/di-johannes-kloibhofer-bsc-5.jpg, https:\/\/cdn3.fh-joanneum.at\/media\/sites\/32\/2020\/12\/di-johannes-kloibhofer-bsc-5.jpg 2x\"\n            \/>\n                    <source\n                media=\"(max-width: 1500px)\"\n                srcset=\"https:\/\/cdn3.fh-joanneum.at\/media\/sites\/32\/2020\/12\/di-johannes-kloibhofer-bsc-5.jpg, https:\/\/cdn3.fh-joanneum.at\/media\/sites\/32\/2020\/12\/di-johannes-kloibhofer-bsc-5.jpg 2x\"\n            \/>\n                <img decoding=\"async\"\n        class=\"img-fluid\"\n        src=\"https:\/\/cdn3.fh-joanneum.at\/media\/sites\/32\/2020\/12\/di-johannes-kloibhofer-bsc-5.jpg\"\n        alt=\"DI Johannes Kloibhofer, BSc 4\"\n        title=\"\"\n         loading=\"lazy\"             >\n<\/picture>\n\n                                                                                    <p class=\"text-muted mt-2\">Halle Future Zone (Foto: www.raumpixel.at)<\/p>\n                                                                            <\/div>\n                                                                    <div class=\"swiper-slide item\">\n                                        <picture>\n                        <source\n                media=\"(max-width: 576px)\"\n                srcset=\"https:\/\/cdn3.fh-joanneum.at\/media\/sites\/32\/2020\/12\/di-johannes-kloibhofer-bsc-4.jpg, https:\/\/cdn3.fh-joanneum.at\/media\/sites\/32\/2020\/12\/di-johannes-kloibhofer-bsc-4-768x384.jpg 2x\"\n            \/>\n                    <source\n                media=\"(max-width: 768px)\"\n                srcset=\"https:\/\/cdn3.fh-joanneum.at\/media\/sites\/32\/2020\/12\/di-johannes-kloibhofer-bsc-4-768x384.jpg, https:\/\/cdn3.fh-joanneum.at\/media\/sites\/32\/2020\/12\/di-johannes-kloibhofer-bsc-4-1024x512.jpg 2x\"\n            \/>\n                    <source\n                media=\"(max-width: 1024px)\"\n                srcset=\"https:\/\/cdn3.fh-joanneum.at\/media\/sites\/32\/2020\/12\/di-johannes-kloibhofer-bsc-4-1024x512.jpg, https:\/\/cdn3.fh-joanneum.at\/media\/sites\/32\/2020\/12\/di-johannes-kloibhofer-bsc-4.jpg 2x\"\n            \/>\n                    <source\n                media=\"(max-width: 1500px)\"\n                srcset=\"https:\/\/cdn3.fh-joanneum.at\/media\/sites\/32\/2020\/12\/di-johannes-kloibhofer-bsc-4.jpg, https:\/\/cdn3.fh-joanneum.at\/media\/sites\/32\/2020\/12\/di-johannes-kloibhofer-bsc-4.jpg 2x\"\n            \/>\n                    <source\n                media=\"(max-width: 1500px)\"\n                srcset=\"https:\/\/cdn3.fh-joanneum.at\/media\/sites\/32\/2020\/12\/di-johannes-kloibhofer-bsc-4.jpg, https:\/\/cdn3.fh-joanneum.at\/media\/sites\/32\/2020\/12\/di-johannes-kloibhofer-bsc-4.jpg 2x\"\n            \/>\n                <img decoding=\"async\"\n        class=\"img-fluid\"\n        src=\"https:\/\/cdn3.fh-joanneum.at\/media\/sites\/32\/2020\/12\/di-johannes-kloibhofer-bsc-4.jpg\"\n        alt=\"DI Johannes Kloibhofer, BSc 3\"\n        title=\"\"\n         loading=\"lazy\"             >\n<\/picture>\n\n                                                                                    <p class=\"text-muted mt-2\">Halle Future Zone (Foto: www.raumpixel.at)<\/p>\n                                                                            <\/div>\n                                                                    <div class=\"swiper-slide item\">\n                                        <picture>\n                        <source\n                media=\"(max-width: 576px)\"\n                srcset=\"https:\/\/cdn3.fh-joanneum.at\/media\/sites\/32\/2020\/12\/di-johannes-kloibhofer-bsc-6.jpg, https:\/\/cdn3.fh-joanneum.at\/media\/sites\/32\/2020\/12\/di-johannes-kloibhofer-bsc-6-768x384.jpg 2x\"\n            \/>\n                    <source\n                media=\"(max-width: 768px)\"\n                srcset=\"https:\/\/cdn3.fh-joanneum.at\/media\/sites\/32\/2020\/12\/di-johannes-kloibhofer-bsc-6-768x384.jpg, https:\/\/cdn3.fh-joanneum.at\/media\/sites\/32\/2020\/12\/di-johannes-kloibhofer-bsc-6-1024x512.jpg 2x\"\n            \/>\n                    <source\n                media=\"(max-width: 1024px)\"\n                srcset=\"https:\/\/cdn3.fh-joanneum.at\/media\/sites\/32\/2020\/12\/di-johannes-kloibhofer-bsc-6-1024x512.jpg, https:\/\/cdn3.fh-joanneum.at\/media\/sites\/32\/2020\/12\/di-johannes-kloibhofer-bsc-6.jpg 2x\"\n            \/>\n                    <source\n                media=\"(max-width: 1500px)\"\n                srcset=\"https:\/\/cdn3.fh-joanneum.at\/media\/sites\/32\/2020\/12\/di-johannes-kloibhofer-bsc-6.jpg, https:\/\/cdn3.fh-joanneum.at\/media\/sites\/32\/2020\/12\/di-johannes-kloibhofer-bsc-6.jpg 2x\"\n            \/>\n                    <source\n                media=\"(max-width: 1500px)\"\n                srcset=\"https:\/\/cdn3.fh-joanneum.at\/media\/sites\/32\/2020\/12\/di-johannes-kloibhofer-bsc-6.jpg, https:\/\/cdn3.fh-joanneum.at\/media\/sites\/32\/2020\/12\/di-johannes-kloibhofer-bsc-6.jpg 2x\"\n            \/>\n                <img decoding=\"async\"\n        class=\"img-fluid\"\n        src=\"https:\/\/cdn3.fh-joanneum.at\/media\/sites\/32\/2020\/12\/di-johannes-kloibhofer-bsc-6.jpg\"\n        alt=\"DI Johannes Kloibhofer, BSc 5\"\n        title=\"\"\n         loading=\"lazy\"             >\n<\/picture>\n\n                                                                                    <p class=\"text-muted mt-2\">Halle Future Zone (Foto: www.raumpixel.at)<\/p>\n                                                                            <\/div>\n                                                                    <div class=\"swiper-slide item\">\n                                        <picture>\n                        <source\n                media=\"(max-width: 576px)\"\n                srcset=\"https:\/\/cdn3.fh-joanneum.at\/media\/sites\/32\/2020\/12\/di-johannes-kloibhofer-bsc-3.jpg, https:\/\/cdn3.fh-joanneum.at\/media\/sites\/32\/2020\/12\/di-johannes-kloibhofer-bsc-3-768x384.jpg 2x\"\n            \/>\n                    <source\n                media=\"(max-width: 768px)\"\n                srcset=\"https:\/\/cdn3.fh-joanneum.at\/media\/sites\/32\/2020\/12\/di-johannes-kloibhofer-bsc-3-768x384.jpg, https:\/\/cdn3.fh-joanneum.at\/media\/sites\/32\/2020\/12\/di-johannes-kloibhofer-bsc-3-1024x512.jpg 2x\"\n            \/>\n                    <source\n                media=\"(max-width: 1024px)\"\n                srcset=\"https:\/\/cdn3.fh-joanneum.at\/media\/sites\/32\/2020\/12\/di-johannes-kloibhofer-bsc-3-1024x512.jpg, https:\/\/cdn3.fh-joanneum.at\/media\/sites\/32\/2020\/12\/di-johannes-kloibhofer-bsc-3.jpg 2x\"\n            \/>\n                    <source\n                media=\"(max-width: 1500px)\"\n                srcset=\"https:\/\/cdn3.fh-joanneum.at\/media\/sites\/32\/2020\/12\/di-johannes-kloibhofer-bsc-3.jpg, https:\/\/cdn3.fh-joanneum.at\/media\/sites\/32\/2020\/12\/di-johannes-kloibhofer-bsc-3.jpg 2x\"\n            \/>\n                    <source\n                media=\"(max-width: 1500px)\"\n                srcset=\"https:\/\/cdn3.fh-joanneum.at\/media\/sites\/32\/2020\/12\/di-johannes-kloibhofer-bsc-3.jpg, https:\/\/cdn3.fh-joanneum.at\/media\/sites\/32\/2020\/12\/di-johannes-kloibhofer-bsc-3.jpg 2x\"\n            \/>\n                <img decoding=\"async\"\n        class=\"img-fluid\"\n        src=\"https:\/\/cdn3.fh-joanneum.at\/media\/sites\/32\/2020\/12\/di-johannes-kloibhofer-bsc-3.jpg\"\n        alt=\"DI Johannes Kloibhofer, BSc 2\"\n        title=\"\"\n         loading=\"lazy\"             >\n<\/picture>\n\n                                                                                    <p class=\"text-muted mt-2\">Halle Future Zone (Foto: www.raumpixel.at)<\/p>\n                                                                            <\/div>\n                                                                                    <\/div>\n                    <\/div>\n\n                    <div class=\"swiper-navigation-pagination\">\n                        <div class=\"swiper-button-prev-custom\">\n                            <svg xmlns=\"http:\/\/www.w3.org\/2000\/svg\" width=\"9\" height=\"14\" viewBox=\"0 0 9 14\" fill=\"none\">\n  <path d=\"M8 13L2 7L8 1\" stroke=\"\" stroke-width=\"1.5\" stroke-linecap=\"round\"\/>\n<\/svg>                        <\/div>\n                        <div class=\"swiper-pagination\"><\/div>\n                        <div class=\"swiper-button-next-custom\">\n                            <svg xmlns=\"http:\/\/www.w3.org\/2000\/svg\" width=\"9\" height=\"14\" viewBox=\"0 0 9 14\" fill=\"none\">\n  <path d=\"M1 1L7 7L1 13\" stroke=\"\" stroke-width=\"1.5\" stroke-linecap=\"round\"\/>\n<\/svg>                        <\/div>\n                    <\/div>\n                <\/div>\n            <\/div>\n        <\/div>\n    <\/div>\n<\/div>\n\n<div id=\"\" class=\"wp-block-text-content margin-bottom-normal\">\n    <div class=\"container-lg\">\n        <div class=\"row\">\n            <div class=\"col\">\n                <h4>Die Jobchancen in meinem Bereich:<\/h4>\n<p>Ich bin mir sicher, dass die Ausbildung an der FH JOANNEUM in Kombination mit Eifer, Zielstrebigkeit und Engagement eine gute Voraussetzung ist, einen Job zu finden.  <\/p>\n<h4>Ich bin:<\/h4>\n<ul>\n<li>\n<p>engagiert  <\/p>\n<\/li>\n<li>\n<p>zielstrebig  <\/p>\n<\/li>\n<li>\n<p>immer auf der Suche nach neuen Herausforderungen  <\/p>\n<\/li>\n<\/ul>\n\n            <\/div>\n        <\/div>\n            <\/div>\n<\/div>\n\n<div\n    id=\"\"\n    class=\"wp-block-blockquote margin-bottom-normal\"\n>\n    <div class=\"container-lg\">\n        <div class=\"row\">\n            <div class=\"col\">\n                <div class=\"d-block mb-2 fs-5 major-text-color\">Vielleicht w\u00fcrde ich es kein Karriereziel nennen, jedoch sehe ich auch bei \u00e4lteren KollegInnen, dass das \u201alebenslange Lernen\u2019  besonders in unserem Berufsfeld nie endet. Es gibt immer neue Ans\u00e4tze und neue Methoden L\u00f6sungen f\u00fcr die unterschiedlichsten Problemstellungen zu finden. Ich glaube das spannendste an diesem Beruf ist, dass man nie alles wei\u00df, und daher die Neugierde nie gestillt sein wird. <br \/>\r\n<\/div>\n                <span class=\"d-flex justify-content-end\">Johannes Kloibhofer<\/span>\n            <\/div>\n        <\/div>\n    <\/div>\n<\/div>\n\n","protected":false},"excerpt":{"rendered":"<p>Johannes Kloibhofer arbeitet seit 2016 bei Matulik Architekten in Ried und ist dort in allen Projektphasen \u2013 vom Entwurf bis zur Ausf\u00fchrungsplanung &#8211; t\u00e4tig.<\/p>\n","protected":false},"author":73,"featured_media":10000989,"parent":10000296,"menu_order":23,"comment_status":"closed","ping_status":"closed","template":"template-absolvent.blade.php","meta":{"_acf_changed":false,"footnotes":""},"acf":[],"aioseo_notices":[],"_links":{"self":[{"href":"https:\/\/www.fh-joanneum.at\/architektur\/master\/wp-json\/wp\/v2\/pages\/10000988"}],"collection":[{"href":"https:\/\/www.fh-joanneum.at\/architektur\/master\/wp-json\/wp\/v2\/pages"}],"about":[{"href":"https:\/\/www.fh-joanneum.at\/architektur\/master\/wp-json\/wp\/v2\/types\/page"}],"author":[{"embeddable":true,"href":"https:\/\/www.fh-joanneum.at\/architektur\/master\/wp-json\/wp\/v2\/users\/73"}],"replies":[{"embeddable":true,"href":"https:\/\/www.fh-joanneum.at\/architektur\/master\/wp-json\/wp\/v2\/comments?post=10000988"}],"version-history":[{"count":0,"href":"https:\/\/www.fh-joanneum.at\/architektur\/master\/wp-json\/wp\/v2\/pages\/10000988\/revisions"}],"up":[{"embeddable":true,"href":"https:\/\/www.fh-joanneum.at\/architektur\/master\/wp-json\/wp\/v2\/pages\/10000296"}],"wp:featuredmedia":[{"embeddable":true,"href":"https:\/\/www.fh-joanneum.at\/architektur\/master\/wp-json\/wp\/v2\/media\/10000989"}],"wp:attachment":[{"href":"https:\/\/www.fh-joanneum.at\/architektur\/master\/wp-json\/wp\/v2\/media?parent=10000988"}],"curies":[{"name":"wp","href":"https:\/\/api.w.org\/{rel}","templated":true}]}}