{"id":10001023,"date":"2021-03-25T08:50:46","date_gmt":"2021-03-25T06:50:46","guid":{"rendered":"https:\/\/www.fh-joanneum.at\/architektur\/master\/?page_id=1023"},"modified":"2022-01-28T12:11:32","modified_gmt":"2022-01-28T10:11:32","slug":"di-ivan-vidakovic-bsc","status":"publish","type":"page","link":"https:\/\/www.fh-joanneum.at\/architektur\/master\/nach-dem-studium\/absolventinnen-absolventen\/di-ivan-vidakovic-bsc\/","title":{"rendered":"DI Ivan Vidakovic, BSc"},"content":{"rendered":"<div id=\"\" class=\"wp-block-text-content margin-bottom-normal\">\n    <div class=\"container-lg\">\n        <div class=\"row\">\n            <div class=\"col\">\n                <h4>Eckdaten<\/h4>\n<p><strong>Unternehmen:<\/strong> <a href=\"https:\/\/www.gobli.at\/\" target=\"_blank\" rel=\"noopener noreferrer\">Gobli GmbH<\/a><br>\n<strong>Jobbezeichnung:<\/strong> Projektleitung Architektur<br>\n<strong>Ich arbeite in:<\/strong> Graz<br>\n<strong>Ich arbeite hier seit:<\/strong> 2016<br>\n<a href=\"mailto:i.vidakovic@gobli.at\">Mein Kontakt<\/a><br>\n<strong>Meine Social URLs:<\/strong> <a href=\"https:\/\/instagram.com\/iv_vidak?igshid=19ivy1m5zhdnp\" target=\"_blank\" rel=\"noopener noreferrer\">Instagram<\/a>, <a href=\"https:\/\/instagram.com\/gobli_gmbh?igshid=ma5n55v73llc\" target=\"_blank\" rel=\"noopener noreferrer\">Instagram B&uuml;ro<\/a><\/p>\n\n            <\/div>\n        <\/div>\n            <\/div>\n<\/div>\n\n<div id=\"\" class=\"wp-block-text-content margin-bottom-normal\">\n    <div class=\"container-lg\">\n        <div class=\"row\">\n            <div class=\"col\">\n                <h4>Was ich mache:<\/h4>\n<ul>\n<li>\n<p>Konzeptentwicklung von Hochbau-Projekten  <\/p>\n<\/li>\n<li>\n<p>Erstellung und Pr&auml;sentation von Entwurfsmappen und Visualisierungen als Entscheidungsgrundlage f&uuml;r den Bauherren  <\/p>\n<\/li>\n<li>\n<p>Durchf&uuml;hrung und Realisierung der weiteren Planungsphasen eines Projektes durch Leitung eines Planungsteams  <\/p>\n<\/li>\n<\/ul>\n<h4>Warum ich meinen Job liebe:<\/h4>\n<ul>\n<li>\n<p>Begleitung und Durchsetzung der eigenen visuellen Ideen im Endprodukt  <\/p>\n<\/li>\n<li>\n<p>Ein niemals endender Lernprozess  <\/p>\n<\/li>\n<li>\n<p>Das st&auml;ndige Wachsen an neuen Herausforderungen <\/p>\n<\/li>\n<\/ul>\n\n            <\/div>\n        <\/div>\n            <\/div>\n<\/div>\n\n<div\n    id=\"\"\n    class=\"wp-block-image-slider margin-bottom-normal\"\n>\n    <div class=\"container-lg\">\n        <div class=\"row\">\n            <div class=\"col-12\">\n                <div class=\"swiper-outer-wrapper\">\n                    <div class=\"image-header\">\n                        <div class=\"swiper-navigation\">\n                            <div class=\"swiper-button-prev-custom\">\n                                <svg xmlns=\"http:\/\/www.w3.org\/2000\/svg\" width=\"9\" height=\"14\" viewBox=\"0 0 9 14\" fill=\"none\">\n  <path d=\"M8 13L2 7L8 1\" stroke=\"\" stroke-width=\"1.5\" stroke-linecap=\"round\"\/>\n<\/svg>                            <\/div>\n                            <div class=\"swiper-button-next-custom\">\n                                <svg xmlns=\"http:\/\/www.w3.org\/2000\/svg\" width=\"9\" height=\"14\" viewBox=\"0 0 9 14\" fill=\"none\">\n  <path d=\"M1 1L7 7L1 13\" stroke=\"\" stroke-width=\"1.5\" stroke-linecap=\"round\"\/>\n<\/svg>                            <\/div>\n                        <\/div>\n                    <\/div>\n                    <div class=\"swiper image-slider-swiper\">\n                        <div class=\"swiper-wrapper\">\n                                                                                                <div class=\"swiper-slide item\">\n                                        <picture>\n                        <source\n                media=\"(max-width: 576px)\"\n                srcset=\"https:\/\/cdn3.fh-joanneum.at\/media\/sites\/32\/2021\/03\/di-ivan-vidakovic-bsc-2.jpg, https:\/\/cdn3.fh-joanneum.at\/media\/sites\/32\/2021\/03\/di-ivan-vidakovic-bsc-2-768x384.jpg 2x\"\n            \/>\n                    <source\n                media=\"(max-width: 768px)\"\n                srcset=\"https:\/\/cdn3.fh-joanneum.at\/media\/sites\/32\/2021\/03\/di-ivan-vidakovic-bsc-2-768x384.jpg, https:\/\/cdn3.fh-joanneum.at\/media\/sites\/32\/2021\/03\/di-ivan-vidakovic-bsc-2-1024x512.jpg 2x\"\n            \/>\n                    <source\n                media=\"(max-width: 1024px)\"\n                srcset=\"https:\/\/cdn3.fh-joanneum.at\/media\/sites\/32\/2021\/03\/di-ivan-vidakovic-bsc-2-1024x512.jpg, https:\/\/cdn3.fh-joanneum.at\/media\/sites\/32\/2021\/03\/di-ivan-vidakovic-bsc-2.jpg 2x\"\n            \/>\n                    <source\n                media=\"(max-width: 1500px)\"\n                srcset=\"https:\/\/cdn3.fh-joanneum.at\/media\/sites\/32\/2021\/03\/di-ivan-vidakovic-bsc-2.jpg, https:\/\/cdn3.fh-joanneum.at\/media\/sites\/32\/2021\/03\/di-ivan-vidakovic-bsc-2.jpg 2x\"\n            \/>\n                    <source\n                media=\"(max-width: 1500px)\"\n                srcset=\"https:\/\/cdn3.fh-joanneum.at\/media\/sites\/32\/2021\/03\/di-ivan-vidakovic-bsc-2.jpg, https:\/\/cdn3.fh-joanneum.at\/media\/sites\/32\/2021\/03\/di-ivan-vidakovic-bsc-2.jpg 2x\"\n            \/>\n                <img decoding=\"async\"\n        class=\"img-fluid\"\n        src=\"https:\/\/cdn3.fh-joanneum.at\/media\/sites\/32\/2021\/03\/di-ivan-vidakovic-bsc-2.jpg\"\n        alt=\"DI Ivan Vidakovic, BSc 1\"\n        title=\"\"\n         loading=\"lazy\"             >\n<\/picture>\n\n                                                                                    <p class=\"text-muted mt-2\">GTC Matrix Zagreb (Rendering: Gobli GmbH)<\/p>\n                                                                            <\/div>\n                                                                    <div class=\"swiper-slide item\">\n                                        <picture>\n                        <source\n                media=\"(max-width: 576px)\"\n                srcset=\"https:\/\/cdn3.fh-joanneum.at\/media\/sites\/32\/2021\/03\/di-ivan-vidakovic-bsc-3.jpg, https:\/\/cdn3.fh-joanneum.at\/media\/sites\/32\/2021\/03\/di-ivan-vidakovic-bsc-3-768x384.jpg 2x\"\n            \/>\n                    <source\n                media=\"(max-width: 768px)\"\n                srcset=\"https:\/\/cdn3.fh-joanneum.at\/media\/sites\/32\/2021\/03\/di-ivan-vidakovic-bsc-3-768x384.jpg, https:\/\/cdn3.fh-joanneum.at\/media\/sites\/32\/2021\/03\/di-ivan-vidakovic-bsc-3-1024x512.jpg 2x\"\n            \/>\n                    <source\n                media=\"(max-width: 1024px)\"\n                srcset=\"https:\/\/cdn3.fh-joanneum.at\/media\/sites\/32\/2021\/03\/di-ivan-vidakovic-bsc-3-1024x512.jpg, https:\/\/cdn3.fh-joanneum.at\/media\/sites\/32\/2021\/03\/di-ivan-vidakovic-bsc-3.jpg 2x\"\n            \/>\n                    <source\n                media=\"(max-width: 1500px)\"\n                srcset=\"https:\/\/cdn3.fh-joanneum.at\/media\/sites\/32\/2021\/03\/di-ivan-vidakovic-bsc-3.jpg, https:\/\/cdn3.fh-joanneum.at\/media\/sites\/32\/2021\/03\/di-ivan-vidakovic-bsc-3.jpg 2x\"\n            \/>\n                    <source\n                media=\"(max-width: 1500px)\"\n                srcset=\"https:\/\/cdn3.fh-joanneum.at\/media\/sites\/32\/2021\/03\/di-ivan-vidakovic-bsc-3.jpg, https:\/\/cdn3.fh-joanneum.at\/media\/sites\/32\/2021\/03\/di-ivan-vidakovic-bsc-3.jpg 2x\"\n            \/>\n                <img decoding=\"async\"\n        class=\"img-fluid\"\n        src=\"https:\/\/cdn3.fh-joanneum.at\/media\/sites\/32\/2021\/03\/di-ivan-vidakovic-bsc-3.jpg\"\n        alt=\"DI Ivan Vidakovic, BSc 2\"\n        title=\"\"\n         loading=\"lazy\"             >\n<\/picture>\n\n                                                                                    <p class=\"text-muted mt-2\">GTC Matrix Zagreb (Rendering: Gobli GmbH)<\/p>\n                                                                            <\/div>\n                                                                                    <\/div>\n                    <\/div>\n\n                    <div class=\"swiper-navigation-pagination\">\n                        <div class=\"swiper-button-prev-custom\">\n                            <svg xmlns=\"http:\/\/www.w3.org\/2000\/svg\" width=\"9\" height=\"14\" viewBox=\"0 0 9 14\" fill=\"none\">\n  <path d=\"M8 13L2 7L8 1\" stroke=\"\" stroke-width=\"1.5\" stroke-linecap=\"round\"\/>\n<\/svg>                        <\/div>\n                        <div class=\"swiper-pagination\"><\/div>\n                        <div class=\"swiper-button-next-custom\">\n                            <svg xmlns=\"http:\/\/www.w3.org\/2000\/svg\" width=\"9\" height=\"14\" viewBox=\"0 0 9 14\" fill=\"none\">\n  <path d=\"M1 1L7 7L1 13\" stroke=\"\" stroke-width=\"1.5\" stroke-linecap=\"round\"\/>\n<\/svg>                        <\/div>\n                    <\/div>\n                <\/div>\n            <\/div>\n        <\/div>\n    <\/div>\n<\/div>\n\n<div id=\"\" class=\"wp-block-text-content margin-bottom-normal\">\n    <div class=\"container-lg\">\n        <div class=\"row\">\n            <div class=\"col\">\n                <h4>Was ich an meinem Job nicht so mag:<\/h4>\n<ul>\n<li>\n<p>St&auml;ndige &Auml;nderungen im Projekt  <\/p>\n<\/li>\n<li>\n<p>K&uuml;rzungen des Projekt-Budgets durch Einsparungen in der Qualit&auml;t  <\/p>\n<\/li>\n<\/ul>\n<h4>Wichtige F&auml;higkeiten in meinem Job:<\/h4>\n<ul>\n<li>\n<p>Kompetenz bei Probleml&ouml;sungen: Der sichere Umgang mit st&auml;ndig aufkommenden Schwierigkeiten w&auml;hrend der Planung und vor allem der Ausf&uuml;hrung  <\/p>\n<\/li>\n<li>\n<p>Ein breit gef&auml;chertes, technisches Wissen in der Baubranche in unterschiedlichen Bereichen  <\/p>\n<\/li>\n<li>\n<p>Bewahrung des Gesamt&uuml;berblickes &uuml;ber das Projekt und eine vorausdenkende Arbeitsweise mithilfe eines ausgepr&auml;gten technischen Verst&auml;ndnisses  <\/p>\n<\/li>\n<\/ul>\n<h4>Mein bisher gr&ouml;&szlig;ter Erfolg:<\/h4>\n<p>Grunds&auml;tzlich bin ich &uuml;ber jeden erfolgreich abgeschlossenen Arbeitstag stolz, bei dem ich meine eigene Entwicklung wahrnehme. Dadurch vergisst man nicht, sich auch &uuml;ber die kleinen Dinge und Erfolge in der Architektur zu freuen.  <\/p>\n<p>Ein besonderer Projekterfolg in meiner bisherigen Laufbahn war der Entwurf und letztendlich die Realisierung von zwei internationalen Projekten in Sofia und Zagreb, welches sogar als Kulisse f&uuml;r den letztj&auml;hrigen weihnachtlichen A1-Werbespot in Kroatien dienen durfte. Das Projekt in Sofia wurde bei den European Property Awards Architecture in der Kategorie &bdquo;Best Mixed-Use Architecture&ldquo; ausgezeichnet.<\/p>\n\n            <\/div>\n        <\/div>\n            <\/div>\n<\/div>\n\n<div\n    id=\"\"\n    class=\"wp-block-content-image margin-bottom-normal\"\n>\n    <div class=\"container-lg\">\n        <div class=\"row\">\n            <div class=\"col-12\">\n                <div  x-data=\"{ modal: false }\" >\n\n                    <div class=\"image-wrapper\">\n                        <picture>\n                        <source\n                media=\"(max-width: 576px)\"\n                srcset=\"https:\/\/cdn3.fh-joanneum.at\/media\/sites\/32\/2021\/03\/di-ivan-vidakovic-bsc-4.jpg, https:\/\/cdn3.fh-joanneum.at\/media\/sites\/32\/2021\/03\/di-ivan-vidakovic-bsc-4-768x384.jpg 2x\"\n            \/>\n                    <source\n                media=\"(max-width: 768px)\"\n                srcset=\"https:\/\/cdn3.fh-joanneum.at\/media\/sites\/32\/2021\/03\/di-ivan-vidakovic-bsc-4-768x384.jpg, https:\/\/cdn3.fh-joanneum.at\/media\/sites\/32\/2021\/03\/di-ivan-vidakovic-bsc-4-1024x512.jpg 2x\"\n            \/>\n                    <source\n                media=\"(max-width: 1024px)\"\n                srcset=\"https:\/\/cdn3.fh-joanneum.at\/media\/sites\/32\/2021\/03\/di-ivan-vidakovic-bsc-4-1024x512.jpg, https:\/\/cdn3.fh-joanneum.at\/media\/sites\/32\/2021\/03\/di-ivan-vidakovic-bsc-4.jpg 2x\"\n            \/>\n                    <source\n                media=\"(max-width: 1500px)\"\n                srcset=\"https:\/\/cdn3.fh-joanneum.at\/media\/sites\/32\/2021\/03\/di-ivan-vidakovic-bsc-4.jpg, https:\/\/cdn3.fh-joanneum.at\/media\/sites\/32\/2021\/03\/di-ivan-vidakovic-bsc-4.jpg 2x\"\n            \/>\n                    <source\n                media=\"(max-width: 1500px)\"\n                srcset=\"https:\/\/cdn3.fh-joanneum.at\/media\/sites\/32\/2021\/03\/di-ivan-vidakovic-bsc-4.jpg, https:\/\/cdn3.fh-joanneum.at\/media\/sites\/32\/2021\/03\/di-ivan-vidakovic-bsc-4.jpg 2x\"\n            \/>\n                <img decoding=\"async\"\n        class=\"img-fluid @if ($image_credit || $media_subtitle) mb-2 @endif @if ($lightbox) modal-trigger @endif\" @click=\"modal = !modal\" aria-expanded=\"false\"\n        src=\"https:\/\/cdn3.fh-joanneum.at\/media\/sites\/32\/2021\/03\/di-ivan-vidakovic-bsc-4.jpg\"\n        alt=\"DI Ivan Vidakovic, BSc 3\"\n        title=\"\"\n         loading=\"lazy\"             >\n<\/picture>\n\n                                                                            <p class=\"text-muted\">GTC Advanced Business Center Sofia (copyright Gobli GmbH)<\/p>\n                                            <\/div>\n\n                                            <div\n                            class=\"modal-wrapper\"\n                            :class=\"{ 'active': modal }\"\n                        >\n                            <div\n                                class=\"backdrop\"\n                                x-show.transition.opacity.duration.600ms=\"modal\"\n                                @click=\"modal = false\"\n                                style=\"display: none;\"\n                            ><\/div>\n                            <button\n                                class=\"close-btn\"\n                                @click=\"modal = false\"\n                            >\n                                <svg class=\"fill\" id=\"icon-close\" viewBox=\"0 0 512 512\" xmlns=\"http:\/\/www.w3.org\/2000\/svg\">\n  <path d=\"m308 256l193-194c15-14 15-37 0-51-14-15-37-15-51 0l-194 193-194-193c-14-15-37-15-51 0-15 14-15 37 0 51l193 194-193 194c-15 14-15 37 0 51 7 7 16 11 26 11 9 0 18-4 25-11l194-193 194 193c7 7 16 11 25 11 10 0 19-4 26-11 15-14 15-37 0-51z\"\/>\n<\/svg>                            <\/button>\n                            <div class=\"modal-panel\">\n                                <picture>\n                        <source\n                media=\"(max-width: 576px)\"\n                srcset=\"https:\/\/cdn3.fh-joanneum.at\/media\/sites\/32\/2021\/03\/di-ivan-vidakovic-bsc-4.jpg, https:\/\/cdn3.fh-joanneum.at\/media\/sites\/32\/2021\/03\/di-ivan-vidakovic-bsc-4-768x384.jpg 2x\"\n            \/>\n                    <source\n                media=\"(max-width: 768px)\"\n                srcset=\"https:\/\/cdn3.fh-joanneum.at\/media\/sites\/32\/2021\/03\/di-ivan-vidakovic-bsc-4-768x384.jpg, https:\/\/cdn3.fh-joanneum.at\/media\/sites\/32\/2021\/03\/di-ivan-vidakovic-bsc-4-1024x512.jpg 2x\"\n            \/>\n                    <source\n                media=\"(max-width: 1024px)\"\n                srcset=\"https:\/\/cdn3.fh-joanneum.at\/media\/sites\/32\/2021\/03\/di-ivan-vidakovic-bsc-4-1024x512.jpg, https:\/\/cdn3.fh-joanneum.at\/media\/sites\/32\/2021\/03\/di-ivan-vidakovic-bsc-4.jpg 2x\"\n            \/>\n                    <source\n                media=\"(max-width: 1500px)\"\n                srcset=\"https:\/\/cdn3.fh-joanneum.at\/media\/sites\/32\/2021\/03\/di-ivan-vidakovic-bsc-4.jpg, https:\/\/cdn3.fh-joanneum.at\/media\/sites\/32\/2021\/03\/di-ivan-vidakovic-bsc-4.jpg 2x\"\n            \/>\n                    <source\n                media=\"(max-width: 1500px)\"\n                srcset=\"https:\/\/cdn3.fh-joanneum.at\/media\/sites\/32\/2021\/03\/di-ivan-vidakovic-bsc-4.jpg, https:\/\/cdn3.fh-joanneum.at\/media\/sites\/32\/2021\/03\/di-ivan-vidakovic-bsc-4.jpg 2x\"\n            \/>\n                <img decoding=\"async\"\n        class=\"img-fluid\"\n        src=\"https:\/\/cdn3.fh-joanneum.at\/media\/sites\/32\/2021\/03\/di-ivan-vidakovic-bsc-4.jpg\"\n        alt=\"DI Ivan Vidakovic, BSc 3\"\n        title=\"\"\n         loading=\"lazy\"             >\n<\/picture>\n\n                            <\/div>\n                        <\/div>\n                                    <\/div>\n\n            <\/div>\n        <\/div>\n    <\/div>\n<\/div>\n\n<div id=\"\" class=\"wp-block-text-content margin-bottom-normal\">\n    <div class=\"container-lg\">\n        <div class=\"row\">\n            <div class=\"col\">\n                <h4>Wie ich diesen Job bekommen habe:<\/h4>\n<p>Ein entscheidender Faktor war das aufw&auml;ndig erstellte und gebundene Portfolio, welches die Kreativit&auml;t und meine wesentlichen St&auml;rken sehr gut zur Geltung bringen konnte. Zus&auml;tzlich habe ich meine Bewerbung pers&ouml;nlich vorbeigebracht, um die Wichtigkeit und den Wunsch der Besetzung der ausgeschriebenen Jobstelle zu unterstreichen.  <\/p>\n<h4>Was ich im Studium f&uuml;r den Job gelernt habe:<\/h4>\n<p>Ein Vorteil der FH JOANNEUM ist neben dem kreativen Entwicklungsprozess die praxisnahe technisch-wirtschaftliche Ausbildung, die im Berufsleben von enormer Bedeutung ist. Au&szlig;erdem wurde der Glaube an die eigenen Vorstellungen und M&ouml;glichkeiten in der Architektur sowie die Treue zu sich selbst geformt und durch das Vertrauen des Lehrpersonals ausgebaut.  <\/p>\n<h4>Die Jobchancen in meinem Bereich:<\/h4>\n<p>Je fr&uuml;her man seine eigenen St&auml;rken und Schw&auml;chen erkennt, ergeben sich auch viele interessante Wege, die meistens nicht so verlaufen, wie man es sich vielleicht am Anfang vorstellt. Deshalb sind die Chancen in dieser Branche &uuml;berall vorhanden, und man sollte niemals vor neuen Herausforderungen zur&uuml;ckschrecken, da besonders das Vertrauen und der Glaube an sich selbst wachsen und Schw&auml;chen zu St&auml;rken umgewandelt werden k&ouml;nnen.  <\/p>\n<h4>Ich bin:<\/h4>\n<ul>\n<li>\n<p>Zielstrebig  <\/p>\n<\/li>\n<li>\n<p>Wissensbegierig  <\/p>\n<\/li>\n<li>\n<p>Selbstst&auml;ndig<\/p>\n<\/li>\n<\/ul>\n\n            <\/div>\n        <\/div>\n            <\/div>\n<\/div>\n\n<div\n    id=\"\"\n    class=\"wp-block-blockquote margin-bottom-normal\"\n>\n    <div class=\"container-lg\">\n        <div class=\"row\">\n            <div class=\"col\">\n                <div class=\"d-block mb-2 fs-5 major-text-color\">Ich habe schon fr\u00fch im Beruf erkannt, dass der steinige und oft unangenehme Weg, bei dem die eigene Komfortzone verlassen werden muss, der Weg mit dem gr\u00f6\u00dften Lernpotenzial und der pers\u00f6nlichen Entwicklung und Chance ist. Deshalb m\u00fcssen aus meiner Sicht der Mut und der Wille vorhanden sein, sich st\u00e4ndig weiterzubilden und in neue Bereiche der Projektabwicklung zu schnuppern, ohne dabei seinen Fokus und die Freude an den eigenen Vorlieben zu verlieren. Denn jede dazugewonnene Erfahrung kann sp\u00e4ter zum Vorteil werden.<\/div>\n                <span class=\"d-flex justify-content-end\">Ivan Vidakovic<\/span>\n            <\/div>\n        <\/div>\n    <\/div>\n<\/div>\n\n","protected":false},"excerpt":{"rendered":"<p>DI Ivan Vidakovic, BSc arbeitet seit 2016 bei Gobli GmbH in Graz und ist dort im Bereich der Projektleitung t\u00e4tig.<\/p>\n","protected":false},"author":73,"featured_media":10001024,"parent":10000296,"menu_order":22,"comment_status":"closed","ping_status":"closed","template":"template-absolvent.blade.php","meta":{"_acf_changed":false,"footnotes":""},"acf":[],"aioseo_notices":[],"_links":{"self":[{"href":"https:\/\/www.fh-joanneum.at\/architektur\/master\/wp-json\/wp\/v2\/pages\/10001023"}],"collection":[{"href":"https:\/\/www.fh-joanneum.at\/architektur\/master\/wp-json\/wp\/v2\/pages"}],"about":[{"href":"https:\/\/www.fh-joanneum.at\/architektur\/master\/wp-json\/wp\/v2\/types\/page"}],"author":[{"embeddable":true,"href":"https:\/\/www.fh-joanneum.at\/architektur\/master\/wp-json\/wp\/v2\/users\/73"}],"replies":[{"embeddable":true,"href":"https:\/\/www.fh-joanneum.at\/architektur\/master\/wp-json\/wp\/v2\/comments?post=10001023"}],"version-history":[{"count":0,"href":"https:\/\/www.fh-joanneum.at\/architektur\/master\/wp-json\/wp\/v2\/pages\/10001023\/revisions"}],"up":[{"embeddable":true,"href":"https:\/\/www.fh-joanneum.at\/architektur\/master\/wp-json\/wp\/v2\/pages\/10000296"}],"wp:featuredmedia":[{"embeddable":true,"href":"https:\/\/www.fh-joanneum.at\/architektur\/master\/wp-json\/wp\/v2\/media\/10001024"}],"wp:attachment":[{"href":"https:\/\/www.fh-joanneum.at\/architektur\/master\/wp-json\/wp\/v2\/media?parent=10001023"}],"curies":[{"name":"wp","href":"https:\/\/api.w.org\/{rel}","templated":true}]}}