{"id":10001100,"date":"2021-11-29T12:11:35","date_gmt":"2021-11-29T10:11:35","guid":{"rendered":"https:\/\/www.fh-joanneum.at\/architektur\/master\/?page_id=1100"},"modified":"2022-07-08T09:46:34","modified_gmt":"2022-07-08T07:46:34","slug":"di-sarah-besenrieder-ba","status":"publish","type":"page","link":"https:\/\/www.fh-joanneum.at\/architektur\/master\/nach-dem-studium\/absolventinnen-absolventen\/di-sarah-besenrieder-ba\/","title":{"rendered":"DI Sarah Besenrieder, BA"},"content":{"rendered":"<div id=\"\" class=\"wp-block-text-content margin-bottom-normal\">\n    <div class=\"container-lg\">\n        <div class=\"row\">\n            <div class=\"col\">\n                <h4>Eckdaten<\/h4>\n<p><strong>Unternehmen:<\/strong> <a href=\"https:\/\/www.atp.ag\/integrale-planung\/service\/kontakt\/atp-muenchen\" target=\"_blank\" rel=\"noopener noreferrer\">ATP architekten ingenieure M&uuml;nchen<\/a><br>\n<strong>Jobbezeichnung:<\/strong> Dipl.-Ing., Team Architect Level 2<br>\n<strong>Ich arbeite in:<\/strong> M&uuml;nchen<br>\n<strong>Ich arbeite hier seit:<\/strong> Oktober 2019<br>\n<a href=\"mailto:sarah.besenrieder@atp.ag\">Mein Kontakt<\/a>  <\/p>\n\n            <\/div>\n        <\/div>\n            <\/div>\n<\/div>\n\n<div id=\"\" class=\"wp-block-text-content margin-bottom-normal\">\n    <div class=\"container-lg\">\n        <div class=\"row\">\n            <div class=\"col\">\n                <h4>Was ich mache:<\/h4>\n<p>Ich arbeite seit Oktober 2019 im Design &amp; Research-Team bei ATP in M&uuml;nchen und bin hier f&uuml;r folgende Aufgaben verantwortlich:  <\/p>\n<ul>\n<li>\n<p>Architekturwettbewerbe (St&auml;dtebauliche Wettbewerbe, als auch objektbezogene Wettbewerbe)  <\/p>\n<\/li>\n<li>\n<p>Bearbeitung kleinerer Studien <\/p>\n<\/li>\n<\/ul>\n<h4>Warum ich meinen Job liebe:<\/h4>\n<ul>\n<li>\n<p>Ich liebe das kreative Arbeiten &ndash; im Team brainzustormen und gemeinsam L&ouml;sungen auszuarbeiten!  <\/p>\n<\/li>\n<li>\n<p>Besonders gef&auml;llt mir die Arbeit am detaillierten Grundriss &ndash; daf&uuml;r ist durchaus mein Bachelorstudium in Innenarchitektur verantwortlich. <\/p>\n<\/li>\n<li>\n<p>Im Wettbewerb ist &bdquo;alles m&ouml;glich&ldquo; &ndash; die Motivation etwas komplett Neues zu schaffen motiviert zus&auml;tzlich. <\/p>\n<\/li>\n<\/ul>\n\n            <\/div>\n        <\/div>\n            <\/div>\n<\/div>\n\n<div\n    id=\"\"\n    class=\"wp-block-image-slider margin-bottom-normal\"\n>\n    <div class=\"container-lg\">\n        <div class=\"row\">\n            <div class=\"col-12\">\n                <div class=\"swiper-outer-wrapper\">\n                    <div class=\"image-header\">\n                        <div class=\"swiper-navigation\">\n                            <div class=\"swiper-button-prev-custom\">\n                                <svg xmlns=\"http:\/\/www.w3.org\/2000\/svg\" width=\"9\" height=\"14\" viewBox=\"0 0 9 14\" fill=\"none\">\n  <path d=\"M8 13L2 7L8 1\" stroke=\"\" stroke-width=\"1.5\" stroke-linecap=\"round\"\/>\n<\/svg>                            <\/div>\n                            <div class=\"swiper-button-next-custom\">\n                                <svg xmlns=\"http:\/\/www.w3.org\/2000\/svg\" width=\"9\" height=\"14\" viewBox=\"0 0 9 14\" fill=\"none\">\n  <path d=\"M1 1L7 7L1 13\" stroke=\"\" stroke-width=\"1.5\" stroke-linecap=\"round\"\/>\n<\/svg>                            <\/div>\n                        <\/div>\n                    <\/div>\n                    <div class=\"swiper image-slider-swiper\">\n                        <div class=\"swiper-wrapper\">\n                                                                                                <div class=\"swiper-slide item\">\n                                        <picture>\n                        <source\n                media=\"(max-width: 576px)\"\n                srcset=\"https:\/\/cdn3.fh-joanneum.at\/media\/sites\/32\/2021\/11\/di-sarah-besenrieder-ba-scaled.jpg, https:\/\/cdn3.fh-joanneum.at\/media\/sites\/32\/2021\/11\/di-sarah-besenrieder-ba-768x384.jpg 2x\"\n            \/>\n                    <source\n                media=\"(max-width: 768px)\"\n                srcset=\"https:\/\/cdn3.fh-joanneum.at\/media\/sites\/32\/2021\/11\/di-sarah-besenrieder-ba-768x384.jpg, https:\/\/cdn3.fh-joanneum.at\/media\/sites\/32\/2021\/11\/di-sarah-besenrieder-ba-1024x512.jpg 2x\"\n            \/>\n                    <source\n                media=\"(max-width: 1024px)\"\n                srcset=\"https:\/\/cdn3.fh-joanneum.at\/media\/sites\/32\/2021\/11\/di-sarah-besenrieder-ba-1024x512.jpg, https:\/\/cdn3.fh-joanneum.at\/media\/sites\/32\/2021\/11\/di-sarah-besenrieder-ba-1536x768.jpg 2x\"\n            \/>\n                    <source\n                media=\"(max-width: 1536px)\"\n                srcset=\"https:\/\/cdn3.fh-joanneum.at\/media\/sites\/32\/2021\/11\/di-sarah-besenrieder-ba-1536x768.jpg, https:\/\/cdn3.fh-joanneum.at\/media\/sites\/32\/2021\/11\/di-sarah-besenrieder-ba-2048x1024.jpg 2x\"\n            \/>\n                    <source\n                media=\"(max-width: 2048px)\"\n                srcset=\"https:\/\/cdn3.fh-joanneum.at\/media\/sites\/32\/2021\/11\/di-sarah-besenrieder-ba-2048x1024.jpg, https:\/\/cdn3.fh-joanneum.at\/media\/sites\/32\/2021\/11\/di-sarah-besenrieder-ba-scaled.jpg 2x\"\n            \/>\n                <img decoding=\"async\"\n        class=\"img-fluid\"\n        src=\"https:\/\/cdn3.fh-joanneum.at\/media\/sites\/32\/2021\/11\/di-sarah-besenrieder-ba-scaled.jpg\"\n        alt=\"DI Sarah Besenrieder, BA\"\n        title=\"\"\n         loading=\"lazy\"             >\n<\/picture>\n\n                                                                                    <p class=\"text-muted mt-2\">Realisierungswettbewerb Neue Mitte Thon (Rendering: ATP)<\/p>\n                                                                            <\/div>\n                                                                    <div class=\"swiper-slide item\">\n                                        <picture>\n                        <source\n                media=\"(max-width: 576px)\"\n                srcset=\"https:\/\/cdn3.fh-joanneum.at\/media\/sites\/32\/2021\/11\/di-sarah-besenrieder-ba-2.jpg, https:\/\/cdn3.fh-joanneum.at\/media\/sites\/32\/2021\/11\/di-sarah-besenrieder-ba-2-768x384.jpg 2x\"\n            \/>\n                    <source\n                media=\"(max-width: 768px)\"\n                srcset=\"https:\/\/cdn3.fh-joanneum.at\/media\/sites\/32\/2021\/11\/di-sarah-besenrieder-ba-2-768x384.jpg, https:\/\/cdn3.fh-joanneum.at\/media\/sites\/32\/2021\/11\/di-sarah-besenrieder-ba-2-1024x512.jpg 2x\"\n            \/>\n                    <source\n                media=\"(max-width: 1024px)\"\n                srcset=\"https:\/\/cdn3.fh-joanneum.at\/media\/sites\/32\/2021\/11\/di-sarah-besenrieder-ba-2-1024x512.jpg, https:\/\/cdn3.fh-joanneum.at\/media\/sites\/32\/2021\/11\/di-sarah-besenrieder-ba-2-1536x768.jpg 2x\"\n            \/>\n                    <source\n                media=\"(max-width: 1536px)\"\n                srcset=\"https:\/\/cdn3.fh-joanneum.at\/media\/sites\/32\/2021\/11\/di-sarah-besenrieder-ba-2-1536x768.jpg, https:\/\/cdn3.fh-joanneum.at\/media\/sites\/32\/2021\/11\/di-sarah-besenrieder-ba-2-2048x1024.jpg 2x\"\n            \/>\n                    <source\n                media=\"(max-width: 2048px)\"\n                srcset=\"https:\/\/cdn3.fh-joanneum.at\/media\/sites\/32\/2021\/11\/di-sarah-besenrieder-ba-2-2048x1024.jpg, https:\/\/cdn3.fh-joanneum.at\/media\/sites\/32\/2021\/11\/di-sarah-besenrieder-ba-2.jpg 2x\"\n            \/>\n                <img decoding=\"async\"\n        class=\"img-fluid\"\n        src=\"https:\/\/cdn3.fh-joanneum.at\/media\/sites\/32\/2021\/11\/di-sarah-besenrieder-ba-2.jpg\"\n        alt=\"DI Sarah Besenrieder, BA 1\"\n        title=\"\"\n         loading=\"lazy\"             >\n<\/picture>\n\n                                                                                    <p class=\"text-muted mt-2\">Realisierungswettbewerb Neue Mitte Thon (Rendering: ATP)<\/p>\n                                                                            <\/div>\n                                                                                    <\/div>\n                    <\/div>\n\n                    <div class=\"swiper-navigation-pagination\">\n                        <div class=\"swiper-button-prev-custom\">\n                            <svg xmlns=\"http:\/\/www.w3.org\/2000\/svg\" width=\"9\" height=\"14\" viewBox=\"0 0 9 14\" fill=\"none\">\n  <path d=\"M8 13L2 7L8 1\" stroke=\"\" stroke-width=\"1.5\" stroke-linecap=\"round\"\/>\n<\/svg>                        <\/div>\n                        <div class=\"swiper-pagination\"><\/div>\n                        <div class=\"swiper-button-next-custom\">\n                            <svg xmlns=\"http:\/\/www.w3.org\/2000\/svg\" width=\"9\" height=\"14\" viewBox=\"0 0 9 14\" fill=\"none\">\n  <path d=\"M1 1L7 7L1 13\" stroke=\"\" stroke-width=\"1.5\" stroke-linecap=\"round\"\/>\n<\/svg>                        <\/div>\n                    <\/div>\n                <\/div>\n            <\/div>\n        <\/div>\n    <\/div>\n<\/div>\n\n<div id=\"\" class=\"wp-block-text-content margin-bottom-normal\">\n    <div class=\"container-lg\">\n        <div class=\"row\">\n            <div class=\"col\">\n                <h4>Was ich an meinem Job nicht so mag:<\/h4>\n<p>Nach der Abgabe ist vor der (n&auml;chsten) Aufgabe &ndash; meist ist der Zeitplan straff. <\/p>\n<h4>Wichtige F&auml;higkeiten in meinem Job:<\/h4>\n<ul>\n<li>\n<p>Kreativit&auml;t &ndash; steht eindeutig an 1. Stelle  <\/p>\n<\/li>\n<li>\n<p>Selbstst&auml;ndiges Arbeiten  <\/p>\n<\/li>\n<li>\n<p>Teamgeist &ndash; ist ein MUSS, nur so werden die besten Ergebnisse erzielt!  <\/p>\n<\/li>\n<li>\n<p>Flexible Denkweise<\/p>\n<\/li>\n<\/ul>\n<h4>Mein bisher gr&ouml;&szlig;ter Erfolg:<\/h4>\n<p>Mittlerweile habe ich ein gutes Gef&uuml;hl f&uuml;r den Gesamtablauf eines Wettbewerbs, kann den zeitlichen Ablauf gut einsch&auml;tzen und behalte den &Uuml;berblick. Im Prinzip ist jede Wettbewerbsabgabe f&uuml;r mich ein kleines Highlight, weil jede Abgabe ihre eigenen Herausforderungen mit sich bringt. Schlie&szlig;lich ist es immer wieder ein kleines Erfolgserlebnis f&uuml;r mich, sobald eine Abgabe erfolgreich versandt wurde. Nat&uuml;rlich hat mich auch der eine oder andere Wettbewerbsgewinn bisher sehr stolz gemacht! <\/p>\n\n            <\/div>\n        <\/div>\n            <\/div>\n<\/div>\n\n\n<div id=\"\" class=\"wp-block-text-content margin-bottom-normal\">\n    <div class=\"container-lg\">\n        <div class=\"row\">\n            <div class=\"col\">\n                <h4>Wie ich diesen Job bekommen habe:<\/h4>\n<p>Vor ca. 3,5 Jahren habe ich mich bei ATP beworben &ndash; es war eine offizielle Bewerbung. Ich fand die Firma einfach sehr ansprechend &ndash; sowohl die Projekte als auch den digitalen Auftritt. ATP spricht nicht nur f&uuml;r klares Design, sondern auch die Integrale Planung wird hier gro&szlig;geschrieben. Gerade die Tatsache, dass hier von Architektur, Statik, Elektroplanung als auch Haustechnik alle Bereiche vertreten sind, hat mich besonders bewegt, mich f&uuml;r das B&uuml;ro zu entscheiden. BIM-konforme Planung ist nun einmal die Zukunft! <\/p>\n<h4>Was ich im Studium f&uuml;r den Job gelernt habe:<\/h4>\n<p>Ich denke gerne an mein Studium an der FH JOANNEUM zur&uuml;ck! Neben vielen sozialen Kontakten, konnte ich auch meine Liebe zur Architektur neu entdecken. Da ich eigentlich aus der Innenarchitektur komme, war das Masterstudium &bdquo;Architektur&ldquo; an der FH JOANNEUM ein starker Ma&szlig;stabswechsel. Ich habe sehr viel dazu gelernt und konnte somit eine gute Basis aus Entwurf und Konstruktion schaffen. Was ich als besonders gut und hilfreich empfunden habe, war die f&auml;cher&uuml;bergreifende Projektarbeit. Den eigenen Entwurf aus gestalterischer, konstruktiver und unter anderem nachhaltiger Perspektive zu durchleuchten ist meiner Meinung nach ein guter Grundstein f&uuml;r den Einstieg ins Berufsleben. <\/p>\n<h4>Die Jobchancen in meinem Bereich:<\/h4>\n<p>Grunds&auml;tzlich gilt es einfach mutig und motiviert zu sein. Keiner erwartet von einer Berufseinsteigerin, einem Berufseinsteiger ein komplettes &bdquo;Know How&ldquo;.  <\/p>\n<p>Wichtig ist es, offen f&uuml;r Neues zu sein und eine gewisse Begeisterung mitzubringen. Leidenschaft und Teamgeist sind an jedem Arbeitsplatz gerne gesehen! <\/p>\n<h4>Ich bin:<\/h4>\n<ul>\n<li>\n<p>optimistisch  <\/p>\n<\/li>\n<li>\n<p>motiviert  <\/p>\n<\/li>\n<li>\n<p>voller Ideen<\/p>\n<\/li>\n<\/ul>\n\n            <\/div>\n        <\/div>\n            <\/div>\n<\/div>\n\n<div\n    id=\"\"\n    class=\"wp-block-blockquote margin-bottom-normal\"\n>\n    <div class=\"container-lg\">\n        <div class=\"row\">\n            <div class=\"col\">\n                <div class=\"d-block mb-2 fs-5 major-text-color\">Ich m\u00f6chte keine Monumente bauen! Mein pers\u00f6nliches Ziel ist es Architektur zu schaffen, die den Menschen bewegt und ihm den Alltag erleichtert. Dazu geh\u00f6rt die Au\u00dfenwirkung als auch ganz stark das Innenleben. Wir verbringen immerhin im Durchschnitt 80-90% unseres Lebens in geschlossenen R\u00e4umen.<\/div>\n                <span class=\"d-flex justify-content-end\">Sarah Besenrieder<\/span>\n            <\/div>\n        <\/div>\n    <\/div>\n<\/div>\n\n","protected":false},"excerpt":{"rendered":"<p>DI Sarah Besenrieder, BA arbeitet seit 2019 bei ATP architekten ingenieure in M\u00fcnchen und ist dort im Bereich der Architekturwettbewerbe t\u00e4tig.<\/p>\n","protected":false},"author":73,"featured_media":10001101,"parent":10000296,"menu_order":21,"comment_status":"closed","ping_status":"closed","template":"template-absolvent.blade.php","meta":{"_acf_changed":false,"footnotes":""},"acf":[],"aioseo_notices":[],"_links":{"self":[{"href":"https:\/\/www.fh-joanneum.at\/architektur\/master\/wp-json\/wp\/v2\/pages\/10001100"}],"collection":[{"href":"https:\/\/www.fh-joanneum.at\/architektur\/master\/wp-json\/wp\/v2\/pages"}],"about":[{"href":"https:\/\/www.fh-joanneum.at\/architektur\/master\/wp-json\/wp\/v2\/types\/page"}],"author":[{"embeddable":true,"href":"https:\/\/www.fh-joanneum.at\/architektur\/master\/wp-json\/wp\/v2\/users\/73"}],"replies":[{"embeddable":true,"href":"https:\/\/www.fh-joanneum.at\/architektur\/master\/wp-json\/wp\/v2\/comments?post=10001100"}],"version-history":[{"count":0,"href":"https:\/\/www.fh-joanneum.at\/architektur\/master\/wp-json\/wp\/v2\/pages\/10001100\/revisions"}],"up":[{"embeddable":true,"href":"https:\/\/www.fh-joanneum.at\/architektur\/master\/wp-json\/wp\/v2\/pages\/10000296"}],"wp:featuredmedia":[{"embeddable":true,"href":"https:\/\/www.fh-joanneum.at\/architektur\/master\/wp-json\/wp\/v2\/media\/10001101"}],"wp:attachment":[{"href":"https:\/\/www.fh-joanneum.at\/architektur\/master\/wp-json\/wp\/v2\/media?parent=10001100"}],"curies":[{"name":"wp","href":"https:\/\/api.w.org\/{rel}","templated":true}]}}