{"id":10001111,"date":"2022-02-02T09:42:49","date_gmt":"2022-02-02T07:42:49","guid":{"rendered":"https:\/\/www.fh-joanneum.at\/architektur\/master\/?page_id=1111"},"modified":"2023-01-12T11:33:07","modified_gmt":"2023-01-12T09:33:07","slug":"di-zseraldin-goeloencser-bsc","status":"publish","type":"page","link":"https:\/\/www.fh-joanneum.at\/architektur\/master\/nach-dem-studium\/absolventinnen-absolventen\/di-zseraldin-goeloencser-bsc\/","title":{"rendered":"DI Zseraldin G\u00f6l\u00f6ncs\u00e9r, BA"},"content":{"rendered":"<div id=\"\" class=\"wp-block-text-content margin-bottom-normal\">\n    <div class=\"container-lg\">\n        <div class=\"row\">\n            <div class=\"col\">\n                <h4>Eckdaten<\/h4>\n<p><strong>Unternehmen:<\/strong> <a href=\"https:\/\/www.wohnfonds.wien.at\/\" target=\"_blank\" rel=\"noopener noreferrer\">wohnfonds_wien<\/a> <br>\n<strong>Ich arbeite in:<\/strong> Wien<br>\n<strong>Ich arbeite hier seit:<\/strong> 2022<br>\n<a href=\"mailto:zseraldin@gmail.com\">Mein Kontakt<\/a><br>\n<strong>Meine Social URLs:<\/strong> <a href=\"https:\/\/instagram.com\/geraldine.finejewelry?utm_medium=copy_link\" target=\"_blank\" rel=\"noopener noreferrer\">Instagram<\/a>, <a href=\"https:\/\/www.linkedin.com\/in\/g%C3%B6l%C3%B6ncs%C3%A9r-zseraldin-0593b3109\" target=\"_blank\" rel=\"noopener noreferrer\">LinkedIn<\/a><\/p>\n\n            <\/div>\n        <\/div>\n            <\/div>\n<\/div>\n\n<div id=\"\" class=\"wp-block-text-content margin-bottom-normal\">\n    <div class=\"container-lg\">\n        <div class=\"row\">\n            <div class=\"col\">\n                <h4>Was ich mache:<\/h4>\n<p>Ich arbeite seit Dezember 2022 beim wohnfonds_wien, welcher eine hohe Qualit&auml;t f&uuml;r Wohnbau und Stadterneuerung im gef&ouml;rderten Wohnungsbau sowie bei gef&ouml;rderten Sanierungen &auml;lterer Wohngeb&auml;ude sichert. Hier bin ich als Projektbetreuerin in der Sanierungsabteilung t&auml;tig. <\/p>\n<p>Nebenbei arbeite ich selbst&auml;ndig als Schmuckdesignerin mit meinem Brand <a href=\"https:\/\/www.geraldinefinejewelry.com\/\" target=\"_blank\" rel=\"noopener noreferrer\">geraldinefinejewelry<\/a>.<\/p>\n<h4>Warum ich meinen Job liebe:<\/h4>\n<p>Da ich erst seit Anfang Dezember beim wohnfonds_wien arbeite, kann ich hierzu noch wenig sagen &ndash; ich bin aber gespannt auf die neue Herausforderung.<\/p>\n<ul>\n<li>\n<p>Davor war ich in einem Architekturb&uuml;ro in Wien besch&auml;ftigen und gr&ouml;&szlig;tenteils f&uuml;r Sanierungsprojekte verantwortlich &ndash; in allen Planungsphasen (von der Entwurfsplanung bis zur Schl&uuml;ssel&uuml;bergabe).    <\/p>\n<\/li>\n<li>\n<p>Nach Fertigstellung eines Projekts habe ich den &bdquo;Vorher\/Nachher-Vergleich&ldquo; gro&szlig;artig gefunden, speziell anhand von Fotos. <\/p>\n<\/li>\n<li>\n<p>Die verschiedenen Wohnumst&auml;nde und manchmal auch die einzelnen Geschichten von Hausbewohner:innen machten den gesamten Prozess oftmals sehr pers&ouml;nlich. <\/p>\n<\/li>\n<\/ul>\n\n            <\/div>\n        <\/div>\n            <\/div>\n<\/div>\n\n<div\n    id=\"\"\n    class=\"wp-block-image-slider margin-bottom-normal\"\n>\n    <div class=\"container-lg\">\n        <div class=\"row\">\n            <div class=\"col-12\">\n                <div class=\"swiper-outer-wrapper\">\n                    <div class=\"image-header\">\n                        <div class=\"swiper-navigation\">\n                            <div class=\"swiper-button-prev-custom\">\n                                <svg xmlns=\"http:\/\/www.w3.org\/2000\/svg\" width=\"9\" height=\"14\" viewBox=\"0 0 9 14\" fill=\"none\">\n  <path d=\"M8 13L2 7L8 1\" stroke=\"\" stroke-width=\"1.5\" stroke-linecap=\"round\"\/>\n<\/svg>                            <\/div>\n                            <div class=\"swiper-button-next-custom\">\n                                <svg xmlns=\"http:\/\/www.w3.org\/2000\/svg\" width=\"9\" height=\"14\" viewBox=\"0 0 9 14\" fill=\"none\">\n  <path d=\"M1 1L7 7L1 13\" stroke=\"\" stroke-width=\"1.5\" stroke-linecap=\"round\"\/>\n<\/svg>                            <\/div>\n                        <\/div>\n                    <\/div>\n                    <div class=\"swiper image-slider-swiper\">\n                        <div class=\"swiper-wrapper\">\n                                                                                                <div class=\"swiper-slide item\">\n                                        <picture>\n                        <source\n                media=\"(max-width: 576px)\"\n                srcset=\"https:\/\/cdn3.fh-joanneum.at\/media\/sites\/32\/2022\/01\/di-zseraldin-goeloencser-bsc-2.jpg, https:\/\/cdn3.fh-joanneum.at\/media\/sites\/32\/2022\/01\/di-zseraldin-goeloencser-bsc-2-768x384.jpg 2x\"\n            \/>\n                    <source\n                media=\"(max-width: 768px)\"\n                srcset=\"https:\/\/cdn3.fh-joanneum.at\/media\/sites\/32\/2022\/01\/di-zseraldin-goeloencser-bsc-2-768x384.jpg, https:\/\/cdn3.fh-joanneum.at\/media\/sites\/32\/2022\/01\/di-zseraldin-goeloencser-bsc-2-1024x512.jpg 2x\"\n            \/>\n                    <source\n                media=\"(max-width: 1024px)\"\n                srcset=\"https:\/\/cdn3.fh-joanneum.at\/media\/sites\/32\/2022\/01\/di-zseraldin-goeloencser-bsc-2-1024x512.jpg, https:\/\/cdn3.fh-joanneum.at\/media\/sites\/32\/2022\/01\/di-zseraldin-goeloencser-bsc-2-1536x768.jpg 2x\"\n            \/>\n                    <source\n                media=\"(max-width: 1536px)\"\n                srcset=\"https:\/\/cdn3.fh-joanneum.at\/media\/sites\/32\/2022\/01\/di-zseraldin-goeloencser-bsc-2-1536x768.jpg, https:\/\/cdn3.fh-joanneum.at\/media\/sites\/32\/2022\/01\/di-zseraldin-goeloencser-bsc-2.jpg 2x\"\n            \/>\n                    <source\n                media=\"(max-width: 2048px)\"\n                srcset=\"https:\/\/cdn3.fh-joanneum.at\/media\/sites\/32\/2022\/01\/di-zseraldin-goeloencser-bsc-2.jpg, https:\/\/cdn3.fh-joanneum.at\/media\/sites\/32\/2022\/01\/di-zseraldin-goeloencser-bsc-2.jpg 2x\"\n            \/>\n                <img decoding=\"async\"\n        class=\"img-fluid\"\n        src=\"https:\/\/cdn3.fh-joanneum.at\/media\/sites\/32\/2022\/01\/di-zseraldin-goeloencser-bsc-2.jpg\"\n        alt=\"DI Zseraldin G\u00f6l\u00f6ncs\u00e9r, BSc 1\"\n        title=\"\"\n         loading=\"lazy\"             >\n<\/picture>\n\n                                                                                    <p class=\"text-muted mt-2\">Dachausbau in der Katharinengasse 3, 1100 Wien \\&#8217;Vorher\\&#8217; \u00a9architekturb\u00fcro-rainer<\/p>\n                                                                            <\/div>\n                                                                    <div class=\"swiper-slide item\">\n                                        <picture>\n                        <source\n                media=\"(max-width: 576px)\"\n                srcset=\"https:\/\/cdn3.fh-joanneum.at\/media\/sites\/32\/2022\/01\/di-zseraldin-goeloencser-bsc-3.jpg, https:\/\/cdn3.fh-joanneum.at\/media\/sites\/32\/2022\/01\/di-zseraldin-goeloencser-bsc-3-768x384.jpg 2x\"\n            \/>\n                    <source\n                media=\"(max-width: 768px)\"\n                srcset=\"https:\/\/cdn3.fh-joanneum.at\/media\/sites\/32\/2022\/01\/di-zseraldin-goeloencser-bsc-3-768x384.jpg, https:\/\/cdn3.fh-joanneum.at\/media\/sites\/32\/2022\/01\/di-zseraldin-goeloencser-bsc-3-1024x512.jpg 2x\"\n            \/>\n                    <source\n                media=\"(max-width: 1024px)\"\n                srcset=\"https:\/\/cdn3.fh-joanneum.at\/media\/sites\/32\/2022\/01\/di-zseraldin-goeloencser-bsc-3-1024x512.jpg, https:\/\/cdn3.fh-joanneum.at\/media\/sites\/32\/2022\/01\/di-zseraldin-goeloencser-bsc-3-1536x768.jpg 2x\"\n            \/>\n                    <source\n                media=\"(max-width: 1536px)\"\n                srcset=\"https:\/\/cdn3.fh-joanneum.at\/media\/sites\/32\/2022\/01\/di-zseraldin-goeloencser-bsc-3-1536x768.jpg, https:\/\/cdn3.fh-joanneum.at\/media\/sites\/32\/2022\/01\/di-zseraldin-goeloencser-bsc-3.jpg 2x\"\n            \/>\n                    <source\n                media=\"(max-width: 2048px)\"\n                srcset=\"https:\/\/cdn3.fh-joanneum.at\/media\/sites\/32\/2022\/01\/di-zseraldin-goeloencser-bsc-3.jpg, https:\/\/cdn3.fh-joanneum.at\/media\/sites\/32\/2022\/01\/di-zseraldin-goeloencser-bsc-3.jpg 2x\"\n            \/>\n                <img decoding=\"async\"\n        class=\"img-fluid\"\n        src=\"https:\/\/cdn3.fh-joanneum.at\/media\/sites\/32\/2022\/01\/di-zseraldin-goeloencser-bsc-3.jpg\"\n        alt=\"DI Zseraldin G\u00f6l\u00f6ncs\u00e9r, BSc 2\"\n        title=\"\"\n         loading=\"lazy\"             >\n<\/picture>\n\n                                                                                    <p class=\"text-muted mt-2\">Dachausbau in der Katharinengasse 3, 1100 Wien \\&#8217;Nachher\\&#8217; \u00a9architekturb\u00fcro-rainer<\/p>\n                                                                            <\/div>\n                                                                                    <\/div>\n                    <\/div>\n\n                    <div class=\"swiper-navigation-pagination\">\n                        <div class=\"swiper-button-prev-custom\">\n                            <svg xmlns=\"http:\/\/www.w3.org\/2000\/svg\" width=\"9\" height=\"14\" viewBox=\"0 0 9 14\" fill=\"none\">\n  <path d=\"M8 13L2 7L8 1\" stroke=\"\" stroke-width=\"1.5\" stroke-linecap=\"round\"\/>\n<\/svg>                        <\/div>\n                        <div class=\"swiper-pagination\"><\/div>\n                        <div class=\"swiper-button-next-custom\">\n                            <svg xmlns=\"http:\/\/www.w3.org\/2000\/svg\" width=\"9\" height=\"14\" viewBox=\"0 0 9 14\" fill=\"none\">\n  <path d=\"M1 1L7 7L1 13\" stroke=\"\" stroke-width=\"1.5\" stroke-linecap=\"round\"\/>\n<\/svg>                        <\/div>\n                    <\/div>\n                <\/div>\n            <\/div>\n        <\/div>\n    <\/div>\n<\/div>\n\n<div id=\"\" class=\"wp-block-text-content margin-bottom-normal\">\n    <div class=\"container-lg\">\n        <div class=\"row\">\n            <div class=\"col\">\n                <h4>Was ich an meinem bisherigen Job nicht so mochte:<\/h4>\n<p>Da man sich bei den Sanierungsarbeiten an viele Vorschriften und Regelungen halten musste, waren die Arbeitsphasen weniger kreativ. Diese fehlende Kreativit&auml;t konnte ich bisher in meinem eigenen Schmuck-Label ausleben.<\/p>\n\n            <\/div>\n        <\/div>\n            <\/div>\n<\/div>\n\n<div\n    id=\"\"\n    class=\"wp-block-image-slider margin-bottom-normal\"\n>\n    <div class=\"container-lg\">\n        <div class=\"row\">\n            <div class=\"col-12\">\n                <div class=\"swiper-outer-wrapper\">\n                    <div class=\"image-header\">\n                        <div class=\"swiper-navigation\">\n                            <div class=\"swiper-button-prev-custom\">\n                                <svg xmlns=\"http:\/\/www.w3.org\/2000\/svg\" width=\"9\" height=\"14\" viewBox=\"0 0 9 14\" fill=\"none\">\n  <path d=\"M8 13L2 7L8 1\" stroke=\"\" stroke-width=\"1.5\" stroke-linecap=\"round\"\/>\n<\/svg>                            <\/div>\n                            <div class=\"swiper-button-next-custom\">\n                                <svg xmlns=\"http:\/\/www.w3.org\/2000\/svg\" width=\"9\" height=\"14\" viewBox=\"0 0 9 14\" fill=\"none\">\n  <path d=\"M1 1L7 7L1 13\" stroke=\"\" stroke-width=\"1.5\" stroke-linecap=\"round\"\/>\n<\/svg>                            <\/div>\n                        <\/div>\n                    <\/div>\n                    <div class=\"swiper image-slider-swiper\">\n                        <div class=\"swiper-wrapper\">\n                                                                                                <div class=\"swiper-slide item\">\n                                        <picture>\n                        <source\n                media=\"(max-width: 576px)\"\n                srcset=\"https:\/\/cdn3.fh-joanneum.at\/media\/sites\/32\/2022\/01\/di-zseraldin-goeloencser-bsc-4.jpg, https:\/\/cdn3.fh-joanneum.at\/media\/sites\/32\/2022\/01\/di-zseraldin-goeloencser-bsc-4-768x384.jpg 2x\"\n            \/>\n                    <source\n                media=\"(max-width: 768px)\"\n                srcset=\"https:\/\/cdn3.fh-joanneum.at\/media\/sites\/32\/2022\/01\/di-zseraldin-goeloencser-bsc-4-768x384.jpg, https:\/\/cdn3.fh-joanneum.at\/media\/sites\/32\/2022\/01\/di-zseraldin-goeloencser-bsc-4-1024x512.jpg 2x\"\n            \/>\n                    <source\n                media=\"(max-width: 1024px)\"\n                srcset=\"https:\/\/cdn3.fh-joanneum.at\/media\/sites\/32\/2022\/01\/di-zseraldin-goeloencser-bsc-4-1024x512.jpg, https:\/\/cdn3.fh-joanneum.at\/media\/sites\/32\/2022\/01\/di-zseraldin-goeloencser-bsc-4-1536x768.jpg 2x\"\n            \/>\n                    <source\n                media=\"(max-width: 1536px)\"\n                srcset=\"https:\/\/cdn3.fh-joanneum.at\/media\/sites\/32\/2022\/01\/di-zseraldin-goeloencser-bsc-4-1536x768.jpg, https:\/\/cdn3.fh-joanneum.at\/media\/sites\/32\/2022\/01\/di-zseraldin-goeloencser-bsc-4-2048x1024.jpg 2x\"\n            \/>\n                    <source\n                media=\"(max-width: 2048px)\"\n                srcset=\"https:\/\/cdn3.fh-joanneum.at\/media\/sites\/32\/2022\/01\/di-zseraldin-goeloencser-bsc-4-2048x1024.jpg, https:\/\/cdn3.fh-joanneum.at\/media\/sites\/32\/2022\/01\/di-zseraldin-goeloencser-bsc-4.jpg 2x\"\n            \/>\n                <img decoding=\"async\"\n        class=\"img-fluid\"\n        src=\"https:\/\/cdn3.fh-joanneum.at\/media\/sites\/32\/2022\/01\/di-zseraldin-goeloencser-bsc-4.jpg\"\n        alt=\"DI Zseraldin G\u00f6l\u00f6ncs\u00e9r, BSc 3\"\n        title=\"\"\n         loading=\"lazy\"             >\n<\/picture>\n\n                                                                                    <p class=\"text-muted mt-2\">Verlobungsring (\u00a9 berillphotography)<\/p>\n                                                                            <\/div>\n                                                                    <div class=\"swiper-slide item\">\n                                        <picture>\n                        <source\n                media=\"(max-width: 576px)\"\n                srcset=\"https:\/\/cdn3.fh-joanneum.at\/media\/sites\/32\/2022\/01\/di-zseraldin-goeloencser-bsc-5.jpg, https:\/\/cdn3.fh-joanneum.at\/media\/sites\/32\/2022\/01\/di-zseraldin-goeloencser-bsc-5-768x384.jpg 2x\"\n            \/>\n                    <source\n                media=\"(max-width: 768px)\"\n                srcset=\"https:\/\/cdn3.fh-joanneum.at\/media\/sites\/32\/2022\/01\/di-zseraldin-goeloencser-bsc-5-768x384.jpg, https:\/\/cdn3.fh-joanneum.at\/media\/sites\/32\/2022\/01\/di-zseraldin-goeloencser-bsc-5-1024x512.jpg 2x\"\n            \/>\n                    <source\n                media=\"(max-width: 1024px)\"\n                srcset=\"https:\/\/cdn3.fh-joanneum.at\/media\/sites\/32\/2022\/01\/di-zseraldin-goeloencser-bsc-5-1024x512.jpg, https:\/\/cdn3.fh-joanneum.at\/media\/sites\/32\/2022\/01\/di-zseraldin-goeloencser-bsc-5-1536x768.jpg 2x\"\n            \/>\n                    <source\n                media=\"(max-width: 1536px)\"\n                srcset=\"https:\/\/cdn3.fh-joanneum.at\/media\/sites\/32\/2022\/01\/di-zseraldin-goeloencser-bsc-5-1536x768.jpg, https:\/\/cdn3.fh-joanneum.at\/media\/sites\/32\/2022\/01\/di-zseraldin-goeloencser-bsc-5-2048x1024.jpg 2x\"\n            \/>\n                    <source\n                media=\"(max-width: 2048px)\"\n                srcset=\"https:\/\/cdn3.fh-joanneum.at\/media\/sites\/32\/2022\/01\/di-zseraldin-goeloencser-bsc-5-2048x1024.jpg, https:\/\/cdn3.fh-joanneum.at\/media\/sites\/32\/2022\/01\/di-zseraldin-goeloencser-bsc-5.jpg 2x\"\n            \/>\n                <img decoding=\"async\"\n        class=\"img-fluid\"\n        src=\"https:\/\/cdn3.fh-joanneum.at\/media\/sites\/32\/2022\/01\/di-zseraldin-goeloencser-bsc-5.jpg\"\n        alt=\"DI Zseraldin G\u00f6l\u00f6ncs\u00e9r, BSc 4\"\n        title=\"\"\n         loading=\"lazy\"             >\n<\/picture>\n\n                                                                                    <p class=\"text-muted mt-2\">Verlobungsring (\u00a9 berillphotography)<\/p>\n                                                                            <\/div>\n                                                                    <div class=\"swiper-slide item\">\n                                        <picture>\n                        <source\n                media=\"(max-width: 576px)\"\n                srcset=\"https:\/\/cdn3.fh-joanneum.at\/media\/sites\/32\/2022\/01\/di-zseraldin-goeloencser-bsc-6.jpg, https:\/\/cdn3.fh-joanneum.at\/media\/sites\/32\/2022\/01\/di-zseraldin-goeloencser-bsc-6-768x384.jpg 2x\"\n            \/>\n                    <source\n                media=\"(max-width: 768px)\"\n                srcset=\"https:\/\/cdn3.fh-joanneum.at\/media\/sites\/32\/2022\/01\/di-zseraldin-goeloencser-bsc-6-768x384.jpg, https:\/\/cdn3.fh-joanneum.at\/media\/sites\/32\/2022\/01\/di-zseraldin-goeloencser-bsc-6-1024x512.jpg 2x\"\n            \/>\n                    <source\n                media=\"(max-width: 1024px)\"\n                srcset=\"https:\/\/cdn3.fh-joanneum.at\/media\/sites\/32\/2022\/01\/di-zseraldin-goeloencser-bsc-6-1024x512.jpg, https:\/\/cdn3.fh-joanneum.at\/media\/sites\/32\/2022\/01\/di-zseraldin-goeloencser-bsc-6-1536x768.jpg 2x\"\n            \/>\n                    <source\n                media=\"(max-width: 1536px)\"\n                srcset=\"https:\/\/cdn3.fh-joanneum.at\/media\/sites\/32\/2022\/01\/di-zseraldin-goeloencser-bsc-6-1536x768.jpg, https:\/\/cdn3.fh-joanneum.at\/media\/sites\/32\/2022\/01\/di-zseraldin-goeloencser-bsc-6-2048x1024.jpg 2x\"\n            \/>\n                    <source\n                media=\"(max-width: 2048px)\"\n                srcset=\"https:\/\/cdn3.fh-joanneum.at\/media\/sites\/32\/2022\/01\/di-zseraldin-goeloencser-bsc-6-2048x1024.jpg, https:\/\/cdn3.fh-joanneum.at\/media\/sites\/32\/2022\/01\/di-zseraldin-goeloencser-bsc-6.jpg 2x\"\n            \/>\n                <img decoding=\"async\"\n        class=\"img-fluid\"\n        src=\"https:\/\/cdn3.fh-joanneum.at\/media\/sites\/32\/2022\/01\/di-zseraldin-goeloencser-bsc-6.jpg\"\n        alt=\"DI Zseraldin G\u00f6l\u00f6ncs\u00e9r, BSc 5\"\n        title=\"\"\n         loading=\"lazy\"             >\n<\/picture>\n\n                                                                                    <p class=\"text-muted mt-2\">Verlobungsring (\u00a9 berillphotography)<\/p>\n                                                                            <\/div>\n                                                                                    <\/div>\n                    <\/div>\n\n                    <div class=\"swiper-navigation-pagination\">\n                        <div class=\"swiper-button-prev-custom\">\n                            <svg xmlns=\"http:\/\/www.w3.org\/2000\/svg\" width=\"9\" height=\"14\" viewBox=\"0 0 9 14\" fill=\"none\">\n  <path d=\"M8 13L2 7L8 1\" stroke=\"\" stroke-width=\"1.5\" stroke-linecap=\"round\"\/>\n<\/svg>                        <\/div>\n                        <div class=\"swiper-pagination\"><\/div>\n                        <div class=\"swiper-button-next-custom\">\n                            <svg xmlns=\"http:\/\/www.w3.org\/2000\/svg\" width=\"9\" height=\"14\" viewBox=\"0 0 9 14\" fill=\"none\">\n  <path d=\"M1 1L7 7L1 13\" stroke=\"\" stroke-width=\"1.5\" stroke-linecap=\"round\"\/>\n<\/svg>                        <\/div>\n                    <\/div>\n                <\/div>\n            <\/div>\n        <\/div>\n    <\/div>\n<\/div>\n\n<div id=\"\" class=\"wp-block-text-content margin-bottom-normal\">\n    <div class=\"container-lg\">\n        <div class=\"row\">\n            <div class=\"col\">\n                <h4>Wichtige F&auml;higkeiten in meinem bisherigen Job:<\/h4>\n<ul>\n<li>\n<p>Verst&auml;ndnis der Projektkomplexit&auml;t  <\/p>\n<\/li>\n<li>\n<p>Wahrnehmung der Zusammenh&auml;nge   <\/p>\n<\/li>\n<li>\n<p>Zeitmanagement  <\/p>\n<\/li>\n<\/ul>\n<h4>Mein bisher gr&ouml;&szlig;ter Erfolg:<\/h4>\n<p>Ich hatte bereits die M&ouml;glichkeit mich als Projektleiterin bei einer Wohnungssanierung zu beweisen &ndash; inklusive Innenarchitektur, K&uuml;chen- und M&ouml;beldesign.  <\/p>\n<h4>Wie ich meinen vorherigen Job bekommen habe:<\/h4>\n<p>Das Jobangebot fand ich damals in unserer internen Absolvent:innen-Facebook Gruppe. Diese Gruppe finde ich super, da wir hier Jobangebote untereinander teilen k&ouml;nnen.  <\/p>\n<h4>Was ich im Studium f&uuml;r den Job gelernt habe:<\/h4>\n<p>Das Studium gab mir die M&ouml;glichkeit, den Fokus auf manche Aufgabestellung kurzfristig &ndash; auf manche &uuml;ber ein ganzes Semester auszuweiten. Dieses System hilft mir noch heute in meinem Arbeitsalltag &ndash; auch hier gibt es Arbeitsphasen, wo man schnell reagieren muss, hingegen kann man sich in manch anderen Phasen nat&uuml;rlich unter der Einhaltung der Deadline Zeit lassen. <\/p>\n<h4>Die Jobchancen in meinem Bereich:<\/h4>\n<p>Gerne w&auml;re ich nach meinem Studium in Graz geblieben, aber zu diesem Zeitpunkt gab es kaum Stellungsausschreibungen vor Ort. In Folge habe ich mich &ouml;sterreichweit beworben und bin schlussendlich in Wien gelandet.<br>\nAnfangs habe ich Graz sehr vermisst, doch mit der Zeit gew&ouml;hnte ich mich an meinen neuen Lebensraum und finde es seither sehr sch&ouml;n in der Hauptstadt zu arbeiten. <\/p>\n<h4>Ich bin:<\/h4>\n<ul>\n<li>\n<p>Flei&szlig;ig  <\/p>\n<\/li>\n<li>\n<p>Aufmerksam  <\/p>\n<\/li>\n<li>\n<p>Gewissenhaft<\/p>\n<\/li>\n<\/ul>\n\n            <\/div>\n        <\/div>\n            <\/div>\n<\/div>\n\n<div\n    id=\"\"\n    class=\"wp-block-blockquote margin-bottom-normal\"\n>\n    <div class=\"container-lg\">\n        <div class=\"row\">\n            <div class=\"col\">\n                <div class=\"d-block mb-2 fs-5 major-text-color\">In unserer Branche ist es wichtig immer \u201eup-to-date\u201c zu sein, beispielweise bei aktuellen \u00c4nderungen von \u00d6-Normen, Richtlinien und Bauordnungen. Als Tipp: Nutze die Zeit w\u00e4hrend des Studiums so vielseitig wie m\u00f6glich, z.B. versuche \u2013 so gut es geht \u2013 etwaige Zeichenprogramme zu erlernen. Mit diesen Kenntnissen erleichtert man sich sp\u00e4ter den Weg in allen Bereichen der Architektur!<br \/>\r\n<br \/>\r\n<\/div>\n                <span class=\"d-flex justify-content-end\">Zseraldin G\u00f6l\u00f6ncs\u00e9r<\/span>\n            <\/div>\n        <\/div>\n    <\/div>\n<\/div>\n\n","protected":false},"excerpt":{"rendered":"<p>DI Zseraldin G\u00f6l\u00f6ncs\u00e9r, BA arbeitet seit Dezember 2022 beim wohnfonds_wien und selbstst\u00e4ndig mit ihrem Label geraldinefinejewelry.<\/p>\n","protected":false},"author":73,"featured_media":10001112,"parent":10000296,"menu_order":15,"comment_status":"closed","ping_status":"closed","template":"template-absolvent.blade.php","meta":{"_acf_changed":false,"footnotes":""},"acf":[],"aioseo_notices":[],"_links":{"self":[{"href":"https:\/\/www.fh-joanneum.at\/architektur\/master\/wp-json\/wp\/v2\/pages\/10001111"}],"collection":[{"href":"https:\/\/www.fh-joanneum.at\/architektur\/master\/wp-json\/wp\/v2\/pages"}],"about":[{"href":"https:\/\/www.fh-joanneum.at\/architektur\/master\/wp-json\/wp\/v2\/types\/page"}],"author":[{"embeddable":true,"href":"https:\/\/www.fh-joanneum.at\/architektur\/master\/wp-json\/wp\/v2\/users\/73"}],"replies":[{"embeddable":true,"href":"https:\/\/www.fh-joanneum.at\/architektur\/master\/wp-json\/wp\/v2\/comments?post=10001111"}],"version-history":[{"count":0,"href":"https:\/\/www.fh-joanneum.at\/architektur\/master\/wp-json\/wp\/v2\/pages\/10001111\/revisions"}],"up":[{"embeddable":true,"href":"https:\/\/www.fh-joanneum.at\/architektur\/master\/wp-json\/wp\/v2\/pages\/10000296"}],"wp:featuredmedia":[{"embeddable":true,"href":"https:\/\/www.fh-joanneum.at\/architektur\/master\/wp-json\/wp\/v2\/media\/10001112"}],"wp:attachment":[{"href":"https:\/\/www.fh-joanneum.at\/architektur\/master\/wp-json\/wp\/v2\/media?parent=10001111"}],"curies":[{"name":"wp","href":"https:\/\/api.w.org\/{rel}","templated":true}]}}