{"id":10001146,"date":"2022-06-14T13:24:58","date_gmt":"2022-06-14T11:24:58","guid":{"rendered":"https:\/\/www.fh-joanneum.at\/architektur\/master\/?page_id=1146"},"modified":"2022-12-07T12:36:26","modified_gmt":"2022-12-07T10:36:26","slug":"di-christian-wrulich-bsc","status":"publish","type":"page","link":"https:\/\/www.fh-joanneum.at\/architektur\/master\/nach-dem-studium\/absolventinnen-absolventen\/di-christian-wrulich-bsc\/","title":{"rendered":"DI Christian Wrulich, BSc"},"content":{"rendered":"<div id=\"\" class=\"wp-block-text-content margin-bottom-normal\">\n    <div class=\"container-lg\">\n        <div class=\"row\">\n            <div class=\"col\">\n                <h4>Eckdaten<\/h4>\n<p><strong>Unternehmen:<\/strong> Architekt Kircher ZT GmbH<br>\n<strong>Ich arbeite in:<\/strong> Klagenfurt, K&auml;rnten<br>\n<strong>Ich arbeite hier seit:<\/strong> 2019<br>\n<a href=\"mailto:c.wrulich@arch-kircher.at\">Mein Kontakt<\/a>  <\/p>\n\n            <\/div>\n        <\/div>\n            <\/div>\n<\/div>\n\n<div id=\"\" class=\"wp-block-text-content margin-bottom-normal\">\n    <div class=\"container-lg\">\n        <div class=\"row\">\n            <div class=\"col\">\n                <h4>Was ich mache:<\/h4>\n<p>Der Aufgabenbereich im B&uuml;ro gestaltet sich sehr vielseitig, da ich in einem 2-Personen-Architekturb&uuml;ro t&auml;tig bin. Meine T&auml;tigkeiten umfassen s&auml;mtliche Leistungsphasen, angefangen vom ersten Entwurf und den Gespr&auml;chen mit dem Auftraggeber:innen bis hin zur Ausf&uuml;hrungsplanung und der schlussendlichen Objektfertigstellung.  <\/p>\n<h4>Warum ich meinen Job liebe:<\/h4>\n<ul>\n<li>\n<p>Zu sehen, wie aus einer Idee mit der ersten Linie auf Papier\/Aqua-Fix ein Objekt zur Realit&auml;t wird.<\/p>\n<\/li>\n<li>\n<p>Abwechslungsreicher Arbeitsalltag   <\/p>\n<\/li>\n<li>\n<p>Das kreative und interdisziplin&auml;re Arbeiten vom Entwurf bis zum Detail. <\/p>\n<\/li>\n<\/ul>\n\n            <\/div>\n        <\/div>\n            <\/div>\n<\/div>\n\n<div\n    id=\"\"\n    class=\"wp-block-image-slider margin-bottom-normal\"\n>\n    <div class=\"container-lg\">\n        <div class=\"row\">\n            <div class=\"col-12\">\n                <div class=\"swiper-outer-wrapper\">\n                    <div class=\"image-header\">\n                        <div class=\"swiper-navigation\">\n                            <div class=\"swiper-button-prev-custom\">\n                                <svg xmlns=\"http:\/\/www.w3.org\/2000\/svg\" width=\"9\" height=\"14\" viewBox=\"0 0 9 14\" fill=\"none\">\n  <path d=\"M8 13L2 7L8 1\" stroke=\"\" stroke-width=\"1.5\" stroke-linecap=\"round\"\/>\n<\/svg>                            <\/div>\n                            <div class=\"swiper-button-next-custom\">\n                                <svg xmlns=\"http:\/\/www.w3.org\/2000\/svg\" width=\"9\" height=\"14\" viewBox=\"0 0 9 14\" fill=\"none\">\n  <path d=\"M1 1L7 7L1 13\" stroke=\"\" stroke-width=\"1.5\" stroke-linecap=\"round\"\/>\n<\/svg>                            <\/div>\n                        <\/div>\n                    <\/div>\n                    <div class=\"swiper image-slider-swiper\">\n                        <div class=\"swiper-wrapper\">\n                                                                                                <div class=\"swiper-slide item\">\n                                        <picture>\n                        <source\n                media=\"(max-width: 576px)\"\n                srcset=\"https:\/\/cdn3.fh-joanneum.at\/media\/sites\/32\/2022\/06\/di-christian-wrulich-bsc-13.jpg, https:\/\/cdn3.fh-joanneum.at\/media\/sites\/32\/2022\/06\/di-christian-wrulich-bsc-13-768x384.jpg 2x\"\n            \/>\n                    <source\n                media=\"(max-width: 768px)\"\n                srcset=\"https:\/\/cdn3.fh-joanneum.at\/media\/sites\/32\/2022\/06\/di-christian-wrulich-bsc-13-768x384.jpg, https:\/\/cdn3.fh-joanneum.at\/media\/sites\/32\/2022\/06\/di-christian-wrulich-bsc-13-1024x512.jpg 2x\"\n            \/>\n                    <source\n                media=\"(max-width: 1024px)\"\n                srcset=\"https:\/\/cdn3.fh-joanneum.at\/media\/sites\/32\/2022\/06\/di-christian-wrulich-bsc-13-1024x512.jpg, https:\/\/cdn3.fh-joanneum.at\/media\/sites\/32\/2022\/06\/di-christian-wrulich-bsc-13.jpg 2x\"\n            \/>\n                    <source\n                media=\"(max-width: 1200px)\"\n                srcset=\"https:\/\/cdn3.fh-joanneum.at\/media\/sites\/32\/2022\/06\/di-christian-wrulich-bsc-13.jpg, https:\/\/cdn3.fh-joanneum.at\/media\/sites\/32\/2022\/06\/di-christian-wrulich-bsc-13.jpg 2x\"\n            \/>\n                    <source\n                media=\"(max-width: 1200px)\"\n                srcset=\"https:\/\/cdn3.fh-joanneum.at\/media\/sites\/32\/2022\/06\/di-christian-wrulich-bsc-13.jpg, https:\/\/cdn3.fh-joanneum.at\/media\/sites\/32\/2022\/06\/di-christian-wrulich-bsc-13.jpg 2x\"\n            \/>\n                <img decoding=\"async\"\n        class=\"img-fluid\"\n        src=\"https:\/\/cdn3.fh-joanneum.at\/media\/sites\/32\/2022\/06\/di-christian-wrulich-bsc-13.jpg\"\n        alt=\"DI Christian Wrulich, BSc 11\"\n        title=\"\"\n         loading=\"lazy\"             >\n<\/picture>\n\n                                                                                    <p class=\"text-muted mt-2\">Projekt Bahnhofstrasse 31, Klagenfurt (Architekt Kircher ZT GmbH)<\/p>\n                                                                            <\/div>\n                                                                    <div class=\"swiper-slide item\">\n                                        <picture>\n                        <source\n                media=\"(max-width: 576px)\"\n                srcset=\"https:\/\/cdn3.fh-joanneum.at\/media\/sites\/32\/2022\/06\/di-christian-wrulich-bsc-14.jpg, https:\/\/cdn3.fh-joanneum.at\/media\/sites\/32\/2022\/06\/di-christian-wrulich-bsc-14-768x384.jpg 2x\"\n            \/>\n                    <source\n                media=\"(max-width: 768px)\"\n                srcset=\"https:\/\/cdn3.fh-joanneum.at\/media\/sites\/32\/2022\/06\/di-christian-wrulich-bsc-14-768x384.jpg, https:\/\/cdn3.fh-joanneum.at\/media\/sites\/32\/2022\/06\/di-christian-wrulich-bsc-14-1024x512.jpg 2x\"\n            \/>\n                    <source\n                media=\"(max-width: 1024px)\"\n                srcset=\"https:\/\/cdn3.fh-joanneum.at\/media\/sites\/32\/2022\/06\/di-christian-wrulich-bsc-14-1024x512.jpg, https:\/\/cdn3.fh-joanneum.at\/media\/sites\/32\/2022\/06\/di-christian-wrulich-bsc-14.jpg 2x\"\n            \/>\n                    <source\n                media=\"(max-width: 1200px)\"\n                srcset=\"https:\/\/cdn3.fh-joanneum.at\/media\/sites\/32\/2022\/06\/di-christian-wrulich-bsc-14.jpg, https:\/\/cdn3.fh-joanneum.at\/media\/sites\/32\/2022\/06\/di-christian-wrulich-bsc-14.jpg 2x\"\n            \/>\n                    <source\n                media=\"(max-width: 1200px)\"\n                srcset=\"https:\/\/cdn3.fh-joanneum.at\/media\/sites\/32\/2022\/06\/di-christian-wrulich-bsc-14.jpg, https:\/\/cdn3.fh-joanneum.at\/media\/sites\/32\/2022\/06\/di-christian-wrulich-bsc-14.jpg 2x\"\n            \/>\n                <img decoding=\"async\"\n        class=\"img-fluid\"\n        src=\"https:\/\/cdn3.fh-joanneum.at\/media\/sites\/32\/2022\/06\/di-christian-wrulich-bsc-14.jpg\"\n        alt=\"DI Christian Wrulich, BSc 12\"\n        title=\"\"\n         loading=\"lazy\"             >\n<\/picture>\n\n                                                                                    <p class=\"text-muted mt-2\">Projekt Bahnhofstrasse 31, Klagenfurt (Architekt Kircher ZT GmbH)<\/p>\n                                                                            <\/div>\n                                                                    <div class=\"swiper-slide item\">\n                                        <picture>\n                        <source\n                media=\"(max-width: 576px)\"\n                srcset=\"https:\/\/cdn3.fh-joanneum.at\/media\/sites\/32\/2022\/06\/di-christian-wrulich-bsc-15.jpg, https:\/\/cdn3.fh-joanneum.at\/media\/sites\/32\/2022\/06\/di-christian-wrulich-bsc-15-768x384.jpg 2x\"\n            \/>\n                    <source\n                media=\"(max-width: 768px)\"\n                srcset=\"https:\/\/cdn3.fh-joanneum.at\/media\/sites\/32\/2022\/06\/di-christian-wrulich-bsc-15-768x384.jpg, https:\/\/cdn3.fh-joanneum.at\/media\/sites\/32\/2022\/06\/di-christian-wrulich-bsc-15-1024x512.jpg 2x\"\n            \/>\n                    <source\n                media=\"(max-width: 1024px)\"\n                srcset=\"https:\/\/cdn3.fh-joanneum.at\/media\/sites\/32\/2022\/06\/di-christian-wrulich-bsc-15-1024x512.jpg, https:\/\/cdn3.fh-joanneum.at\/media\/sites\/32\/2022\/06\/di-christian-wrulich-bsc-15.jpg 2x\"\n            \/>\n                    <source\n                media=\"(max-width: 1200px)\"\n                srcset=\"https:\/\/cdn3.fh-joanneum.at\/media\/sites\/32\/2022\/06\/di-christian-wrulich-bsc-15.jpg, https:\/\/cdn3.fh-joanneum.at\/media\/sites\/32\/2022\/06\/di-christian-wrulich-bsc-15.jpg 2x\"\n            \/>\n                    <source\n                media=\"(max-width: 1200px)\"\n                srcset=\"https:\/\/cdn3.fh-joanneum.at\/media\/sites\/32\/2022\/06\/di-christian-wrulich-bsc-15.jpg, https:\/\/cdn3.fh-joanneum.at\/media\/sites\/32\/2022\/06\/di-christian-wrulich-bsc-15.jpg 2x\"\n            \/>\n                <img decoding=\"async\"\n        class=\"img-fluid\"\n        src=\"https:\/\/cdn3.fh-joanneum.at\/media\/sites\/32\/2022\/06\/di-christian-wrulich-bsc-15.jpg\"\n        alt=\"DI Christian Wrulich, BSc 13\"\n        title=\"\"\n         loading=\"lazy\"             >\n<\/picture>\n\n                                                                                    <p class=\"text-muted mt-2\">Projekt Bahnhofstrasse 31, Klagenfurt (Architekt Kircher ZT GmbH)<\/p>\n                                                                            <\/div>\n                                                                    <div class=\"swiper-slide item\">\n                                        <picture>\n                        <source\n                media=\"(max-width: 576px)\"\n                srcset=\"https:\/\/cdn3.fh-joanneum.at\/media\/sites\/32\/2022\/06\/di-christian-wrulich-bsc-16.jpg, https:\/\/cdn3.fh-joanneum.at\/media\/sites\/32\/2022\/06\/di-christian-wrulich-bsc-16-768x384.jpg 2x\"\n            \/>\n                    <source\n                media=\"(max-width: 768px)\"\n                srcset=\"https:\/\/cdn3.fh-joanneum.at\/media\/sites\/32\/2022\/06\/di-christian-wrulich-bsc-16-768x384.jpg, https:\/\/cdn3.fh-joanneum.at\/media\/sites\/32\/2022\/06\/di-christian-wrulich-bsc-16-1024x512.jpg 2x\"\n            \/>\n                    <source\n                media=\"(max-width: 1024px)\"\n                srcset=\"https:\/\/cdn3.fh-joanneum.at\/media\/sites\/32\/2022\/06\/di-christian-wrulich-bsc-16-1024x512.jpg, https:\/\/cdn3.fh-joanneum.at\/media\/sites\/32\/2022\/06\/di-christian-wrulich-bsc-16.jpg 2x\"\n            \/>\n                    <source\n                media=\"(max-width: 1200px)\"\n                srcset=\"https:\/\/cdn3.fh-joanneum.at\/media\/sites\/32\/2022\/06\/di-christian-wrulich-bsc-16.jpg, https:\/\/cdn3.fh-joanneum.at\/media\/sites\/32\/2022\/06\/di-christian-wrulich-bsc-16.jpg 2x\"\n            \/>\n                    <source\n                media=\"(max-width: 1200px)\"\n                srcset=\"https:\/\/cdn3.fh-joanneum.at\/media\/sites\/32\/2022\/06\/di-christian-wrulich-bsc-16.jpg, https:\/\/cdn3.fh-joanneum.at\/media\/sites\/32\/2022\/06\/di-christian-wrulich-bsc-16.jpg 2x\"\n            \/>\n                <img decoding=\"async\"\n        class=\"img-fluid\"\n        src=\"https:\/\/cdn3.fh-joanneum.at\/media\/sites\/32\/2022\/06\/di-christian-wrulich-bsc-16.jpg\"\n        alt=\"DI Christian Wrulich, BSc 14\"\n        title=\"\"\n         loading=\"lazy\"             >\n<\/picture>\n\n                                                                                    <p class=\"text-muted mt-2\">Projekt Bahnhofstrasse 31, Klagenfurt (Architekt Kircher ZT GmbH)<\/p>\n                                                                            <\/div>\n                                                                    <div class=\"swiper-slide item\">\n                                        <picture>\n                        <source\n                media=\"(max-width: 576px)\"\n                srcset=\"https:\/\/cdn3.fh-joanneum.at\/media\/sites\/32\/2022\/06\/di-christian-wrulich-bsc-17.jpg, https:\/\/cdn3.fh-joanneum.at\/media\/sites\/32\/2022\/06\/di-christian-wrulich-bsc-17-768x384.jpg 2x\"\n            \/>\n                    <source\n                media=\"(max-width: 768px)\"\n                srcset=\"https:\/\/cdn3.fh-joanneum.at\/media\/sites\/32\/2022\/06\/di-christian-wrulich-bsc-17-768x384.jpg, https:\/\/cdn3.fh-joanneum.at\/media\/sites\/32\/2022\/06\/di-christian-wrulich-bsc-17-1024x512.jpg 2x\"\n            \/>\n                    <source\n                media=\"(max-width: 1024px)\"\n                srcset=\"https:\/\/cdn3.fh-joanneum.at\/media\/sites\/32\/2022\/06\/di-christian-wrulich-bsc-17-1024x512.jpg, https:\/\/cdn3.fh-joanneum.at\/media\/sites\/32\/2022\/06\/di-christian-wrulich-bsc-17.jpg 2x\"\n            \/>\n                    <source\n                media=\"(max-width: 1200px)\"\n                srcset=\"https:\/\/cdn3.fh-joanneum.at\/media\/sites\/32\/2022\/06\/di-christian-wrulich-bsc-17.jpg, https:\/\/cdn3.fh-joanneum.at\/media\/sites\/32\/2022\/06\/di-christian-wrulich-bsc-17.jpg 2x\"\n            \/>\n                    <source\n                media=\"(max-width: 1200px)\"\n                srcset=\"https:\/\/cdn3.fh-joanneum.at\/media\/sites\/32\/2022\/06\/di-christian-wrulich-bsc-17.jpg, https:\/\/cdn3.fh-joanneum.at\/media\/sites\/32\/2022\/06\/di-christian-wrulich-bsc-17.jpg 2x\"\n            \/>\n                <img decoding=\"async\"\n        class=\"img-fluid\"\n        src=\"https:\/\/cdn3.fh-joanneum.at\/media\/sites\/32\/2022\/06\/di-christian-wrulich-bsc-17.jpg\"\n        alt=\"DI Christian Wrulich, BSc 15\"\n        title=\"\"\n         loading=\"lazy\"             >\n<\/picture>\n\n                                                                                    <p class=\"text-muted mt-2\">Projekt Bahnhofstrasse 31, Klagenfurt (Architekt Kircher ZT GmbH)<\/p>\n                                                                            <\/div>\n                                                                    <div class=\"swiper-slide item\">\n                                        <picture>\n                        <source\n                media=\"(max-width: 576px)\"\n                srcset=\"https:\/\/cdn3.fh-joanneum.at\/media\/sites\/32\/2022\/06\/di-christian-wrulich-bsc-18.jpg, https:\/\/cdn3.fh-joanneum.at\/media\/sites\/32\/2022\/06\/di-christian-wrulich-bsc-18-768x384.jpg 2x\"\n            \/>\n                    <source\n                media=\"(max-width: 768px)\"\n                srcset=\"https:\/\/cdn3.fh-joanneum.at\/media\/sites\/32\/2022\/06\/di-christian-wrulich-bsc-18-768x384.jpg, https:\/\/cdn3.fh-joanneum.at\/media\/sites\/32\/2022\/06\/di-christian-wrulich-bsc-18-1024x512.jpg 2x\"\n            \/>\n                    <source\n                media=\"(max-width: 1024px)\"\n                srcset=\"https:\/\/cdn3.fh-joanneum.at\/media\/sites\/32\/2022\/06\/di-christian-wrulich-bsc-18-1024x512.jpg, https:\/\/cdn3.fh-joanneum.at\/media\/sites\/32\/2022\/06\/di-christian-wrulich-bsc-18.jpg 2x\"\n            \/>\n                    <source\n                media=\"(max-width: 1200px)\"\n                srcset=\"https:\/\/cdn3.fh-joanneum.at\/media\/sites\/32\/2022\/06\/di-christian-wrulich-bsc-18.jpg, https:\/\/cdn3.fh-joanneum.at\/media\/sites\/32\/2022\/06\/di-christian-wrulich-bsc-18.jpg 2x\"\n            \/>\n                    <source\n                media=\"(max-width: 1200px)\"\n                srcset=\"https:\/\/cdn3.fh-joanneum.at\/media\/sites\/32\/2022\/06\/di-christian-wrulich-bsc-18.jpg, https:\/\/cdn3.fh-joanneum.at\/media\/sites\/32\/2022\/06\/di-christian-wrulich-bsc-18.jpg 2x\"\n            \/>\n                <img decoding=\"async\"\n        class=\"img-fluid\"\n        src=\"https:\/\/cdn3.fh-joanneum.at\/media\/sites\/32\/2022\/06\/di-christian-wrulich-bsc-18.jpg\"\n        alt=\"DI Christian Wrulich, BSc 16\"\n        title=\"\"\n         loading=\"lazy\"             >\n<\/picture>\n\n                                                                                    <p class=\"text-muted mt-2\">Projekt Bahnhofstrasse 31, Klagenfurt (Architekt Kircher ZT GmbH)<\/p>\n                                                                            <\/div>\n                                                                                    <\/div>\n                    <\/div>\n\n                    <div class=\"swiper-navigation-pagination\">\n                        <div class=\"swiper-button-prev-custom\">\n                            <svg xmlns=\"http:\/\/www.w3.org\/2000\/svg\" width=\"9\" height=\"14\" viewBox=\"0 0 9 14\" fill=\"none\">\n  <path d=\"M8 13L2 7L8 1\" stroke=\"\" stroke-width=\"1.5\" stroke-linecap=\"round\"\/>\n<\/svg>                        <\/div>\n                        <div class=\"swiper-pagination\"><\/div>\n                        <div class=\"swiper-button-next-custom\">\n                            <svg xmlns=\"http:\/\/www.w3.org\/2000\/svg\" width=\"9\" height=\"14\" viewBox=\"0 0 9 14\" fill=\"none\">\n  <path d=\"M1 1L7 7L1 13\" stroke=\"\" stroke-width=\"1.5\" stroke-linecap=\"round\"\/>\n<\/svg>                        <\/div>\n                    <\/div>\n                <\/div>\n            <\/div>\n        <\/div>\n    <\/div>\n<\/div>\n\n<div id=\"\" class=\"wp-block-text-content margin-bottom-normal\">\n    <div class=\"container-lg\">\n        <div class=\"row\">\n            <div class=\"col\">\n                <h4>Was ich an meinem Job nicht so mag:<\/h4>\n<ul>\n<li>\n<p>Der zeitraubende Schriftverkehr, unter anderem f&uuml;r allf&auml;llige Warn- und Hinweisschreiben.  <\/p>\n<\/li>\n<li>\n<p>Die vorherrschende Vielfalt an Normen, Richtlinien, Auflagen etc.   <\/p>\n<\/li>\n<\/ul>\n<h4>Wichtige F&auml;higkeiten in meinem Job:<\/h4>\n<ul>\n<li>\n<p>Teamf&auml;higkeit  <\/p>\n<\/li>\n<li>\n<p>Kreativit&auml;t  <\/p>\n<\/li>\n<li>\n<p>Stressresistenz, Durchhalteverm&ouml;gen  <\/p>\n<\/li>\n<\/ul>\n<h4>Mein bisher gr&ouml;&szlig;ter Erfolg:<\/h4>\n<p>In meiner bisherigen Karriere gab es mittlerweile schon eine Vielzahl an Highlights, die mir positiv in Erinnerung bleiben werden. Das pr&auml;gendste Erlebnis war mit Sicherheit die Realisierung einer Villa am Millst&auml;tter See, welche ich vom Entwurf, &uuml;ber die Bauausf&uuml;hrung bis zur &Uuml;bergabe an den Bauherren betreuen durfte.<\/p>\n\n            <\/div>\n        <\/div>\n            <\/div>\n<\/div>\n\n<div\n    id=\"\"\n    class=\"wp-block-content-image margin-bottom-normal\"\n>\n    <div class=\"container-lg\">\n        <div class=\"row\">\n            <div class=\"col-12\">\n                <div >\n\n                    <div class=\"image-wrapper\">\n                        <picture>\n                        <source\n                media=\"(max-width: 576px)\"\n                srcset=\"https:\/\/cdn3.fh-joanneum.at\/media\/sites\/32\/2022\/06\/di-christian-wrulich-bsc-2.jpg, https:\/\/cdn3.fh-joanneum.at\/media\/sites\/32\/2022\/06\/di-christian-wrulich-bsc-2-768x384.jpg 2x\"\n            \/>\n                    <source\n                media=\"(max-width: 768px)\"\n                srcset=\"https:\/\/cdn3.fh-joanneum.at\/media\/sites\/32\/2022\/06\/di-christian-wrulich-bsc-2-768x384.jpg, https:\/\/cdn3.fh-joanneum.at\/media\/sites\/32\/2022\/06\/di-christian-wrulich-bsc-2-1024x512.jpg 2x\"\n            \/>\n                    <source\n                media=\"(max-width: 1024px)\"\n                srcset=\"https:\/\/cdn3.fh-joanneum.at\/media\/sites\/32\/2022\/06\/di-christian-wrulich-bsc-2-1024x512.jpg, https:\/\/cdn3.fh-joanneum.at\/media\/sites\/32\/2022\/06\/di-christian-wrulich-bsc-2-1536x768.jpg 2x\"\n            \/>\n                    <source\n                media=\"(max-width: 1536px)\"\n                srcset=\"https:\/\/cdn3.fh-joanneum.at\/media\/sites\/32\/2022\/06\/di-christian-wrulich-bsc-2-1536x768.jpg, https:\/\/cdn3.fh-joanneum.at\/media\/sites\/32\/2022\/06\/di-christian-wrulich-bsc-2-2048x1024.jpg 2x\"\n            \/>\n                    <source\n                media=\"(max-width: 2048px)\"\n                srcset=\"https:\/\/cdn3.fh-joanneum.at\/media\/sites\/32\/2022\/06\/di-christian-wrulich-bsc-2-2048x1024.jpg, https:\/\/cdn3.fh-joanneum.at\/media\/sites\/32\/2022\/06\/di-christian-wrulich-bsc-2.jpg 2x\"\n            \/>\n                <img decoding=\"async\"\n        class=\"img-fluid @if ($image_credit || $media_subtitle) mb-2 @endif @if ($lightbox) modal-trigger @endif\" @click=\"modal = !modal\" aria-expanded=\"false\"\n        src=\"https:\/\/cdn3.fh-joanneum.at\/media\/sites\/32\/2022\/06\/di-christian-wrulich-bsc-2.jpg\"\n        alt=\"DI Christian Wrulich, BSc\"\n        title=\"\"\n         loading=\"lazy\"             >\n<\/picture>\n\n                                                                            <p class=\"text-muted\">Projekt Pro Mente (Architekt Kircher ZT GmbH)<\/p>\n                                            <\/div>\n\n                                    <\/div>\n\n            <\/div>\n        <\/div>\n    <\/div>\n<\/div>\n\n<div\n    id=\"\"\n    class=\"wp-block-tipp-box margin-bottom-normal\"\n>\n    <div class=\"container-lg\">\n        <div class=\"row\">\n            <div class=\"col\">\n                <div class=\"tipp-box border border-info\">\n                    <div class=\"tipp-box-inner p-2 p-md-3\">\n                        <h4 class=\"\">Hinweis<\/h4>\n                        <p>Das Projekt \u201ePro Mente\u201c ist ein Neubau f\u00fcr 20 Menschen mit Behinderung(-en), die bei der Bew\u00e4ltigung ihres Alltags Unterst\u00fctzung ben\u00f6tigen. Der Baustart erfolgte im Fr\u00fchjahr 2022. Einen aktuellen Artikel \u00fcber dieses Projekt finden Sie <a href=\"https:\/\/www.meinbezirk.at\/klagenfurt\/c-lokales\/spatenstich-fuer-inklusives-wohnen-in-der-ikarusgasse_a5317195\">hier<\/a>.<\/p>\n\n                    <\/div>\n                <\/div>\n            <\/div>\n        <\/div>\n    <\/div>\n<\/div>\n\n<div id=\"\" class=\"wp-block-text-content margin-bottom-normal\">\n    <div class=\"container-lg\">\n        <div class=\"row\">\n            <div class=\"col\">\n                <h4>Wie ich diesen Job bekommen habe:<\/h4>\n<p>Erste Einblicke in das Arbeitsumfeld des Unternehmens konnte ich bereits im Zuge eines Praktikums gewinnen. Scheinbar habe ich in dieser Zeit einen bleibenden Eindruck hinterlassen, sodass mir nach Beendigung des Studiums eine fixe Anstellung angeboten wurde, die ich dankend angenommen habe. <\/p>\n<h4>Was ich im Studium f&uuml;r den Job gelernt habe:<\/h4>\n<p>Generell war die Studienzeit eine enorme Bereicherung und eine wunderbare Zeit in meinem Leben, die ich nicht missen m&ouml;chte. Schon im Studium war die interdisziplin&auml;re Kommunikation mit meinen Kommiliton:innen ein wichtiger Baustein, der nunmehr in der Praxis mit den Fachplaner:innen und den unterschiedlichsten Gewerken auf der Baustelle gef&uuml;hrt wird.<\/p>\n<h4>Die Jobchancen in meinem Bereich:<\/h4>\n<p>Das Berufsfeld der Architekt:innen umfasst ein breit aufgestelltes Arbeitsspektrum, welches sich stetig ver&auml;ndert und daher eine Vielzahl an Jobchancen bietet. Ich denke, die derzeitige Wirtschaftslage ist f&uuml;r Neueinsteiger &auml;u&szlig;erst g&uuml;nstig.   <\/p>\n<h4>Ich bin:<\/h4>\n<ul>\n<li>\n<p>Kreativ und detailverliebt<\/p>\n<\/li>\n<li>\n<p>Stressresistent  <\/p>\n<\/li>\n<li>\n<p>Zielstrebig und zuverl&auml;ssig<\/p>\n<\/li>\n<\/ul>\n\n            <\/div>\n        <\/div>\n            <\/div>\n<\/div>\n\n\n","protected":false},"excerpt":{"rendered":"<p>Seit M\u00e4rz 2019 arbeitet DI Christian Wrulich, BSc im Architekturb\u00fcro \u201eArchitekt Kircher ZT GmbH\u201c und ist dort in den Bereichen der Entwurfsplanung bis zur Ausf\u00fchrungsplanung und der Objektfertigstellung t\u00e4tig.<\/p>\n","protected":false},"author":73,"featured_media":10001147,"parent":10000296,"menu_order":13,"comment_status":"closed","ping_status":"closed","template":"template-absolvent.blade.php","meta":{"_acf_changed":false,"footnotes":""},"acf":[],"aioseo_notices":[],"_links":{"self":[{"href":"https:\/\/www.fh-joanneum.at\/architektur\/master\/wp-json\/wp\/v2\/pages\/10001146"}],"collection":[{"href":"https:\/\/www.fh-joanneum.at\/architektur\/master\/wp-json\/wp\/v2\/pages"}],"about":[{"href":"https:\/\/www.fh-joanneum.at\/architektur\/master\/wp-json\/wp\/v2\/types\/page"}],"author":[{"embeddable":true,"href":"https:\/\/www.fh-joanneum.at\/architektur\/master\/wp-json\/wp\/v2\/users\/73"}],"replies":[{"embeddable":true,"href":"https:\/\/www.fh-joanneum.at\/architektur\/master\/wp-json\/wp\/v2\/comments?post=10001146"}],"version-history":[{"count":0,"href":"https:\/\/www.fh-joanneum.at\/architektur\/master\/wp-json\/wp\/v2\/pages\/10001146\/revisions"}],"up":[{"embeddable":true,"href":"https:\/\/www.fh-joanneum.at\/architektur\/master\/wp-json\/wp\/v2\/pages\/10000296"}],"wp:featuredmedia":[{"embeddable":true,"href":"https:\/\/www.fh-joanneum.at\/architektur\/master\/wp-json\/wp\/v2\/media\/10001147"}],"wp:attachment":[{"href":"https:\/\/www.fh-joanneum.at\/architektur\/master\/wp-json\/wp\/v2\/media?parent=10001146"}],"curies":[{"name":"wp","href":"https:\/\/api.w.org\/{rel}","templated":true}]}}