{"id":10001217,"date":"2022-12-22T09:29:42","date_gmt":"2022-12-22T07:29:42","guid":{"rendered":"https:\/\/www.fh-joanneum.at\/architektur\/master\/?page_id=1217"},"modified":"2022-12-22T09:29:42","modified_gmt":"2022-12-22T07:29:42","slug":"architekt-di-bernhard-spies-bsc","status":"publish","type":"page","link":"https:\/\/www.fh-joanneum.at\/architektur\/master\/nach-dem-studium\/absolventinnen-absolventen\/architekt-di-bernhard-spies-bsc\/","title":{"rendered":"Architekt DI Bernhard Spies, BSc"},"content":{"rendered":"<div id=\"\" class=\"wp-block-text-content margin-bottom-normal\">\n    <div class=\"container-lg\">\n        <div class=\"row\">\n            <div class=\"col\">\n                <h4>Eckdaten<\/h4>\n<p><strong>Jobbezeichnung:<\/strong> Architekt\/Planer<br>\n<strong>Unternehmen:<\/strong> <a href=\"https:\/\/www.einszuhundert.at\/\" target=\"_blank\" rel=\"noopener noreferrer\">einszuhundert Architektur | ZT GmbH<\/a><br>\n<strong>Ich arbeite in:<\/strong> Neunkirchen, Nieder&ouml;sterreich<br>\n<strong>Ich arbeite hier seit:<\/strong> 2022<br>\n<a href=\"mailto:b.spies@einszuhundert.at\">Mein Kontakt<\/a>  <\/p>\n\n            <\/div>\n        <\/div>\n            <\/div>\n<\/div>\n\n<div id=\"\" class=\"wp-block-text-content margin-bottom-normal\">\n    <div class=\"container-lg\">\n        <div class=\"row\">\n            <div class=\"col\">\n                <h4>Was ich mache:<\/h4>\n<ul>\n<li>\n<p>Gesch&auml;ftsf&uuml;hrung und B&uuml;roleitung  <\/p>\n<\/li>\n<li>\n<p>Bearbeitung von Projekten in jeder Leistungsphase  <\/p>\n<\/li>\n<li>\n<p>Ausarbeitung von Entwurfsaufgaben<\/p>\n<\/li>\n<\/ul>\n<h4>Warum ich meinen Job liebe:<\/h4>\n<ul>\n<li>\n<p>Kreatives Arbeiten beim L&ouml;sen von Entwurfsaufgaben  <\/p>\n<\/li>\n<li>\n<p>Abwechslungsreichtum &ndash; kein Tag ist wie der andere  <\/p>\n<\/li>\n<li>\n<p>Das Verwirklichen von Ideen &ndash; zuzusehen wie aus einer Idee Realit&auml;t wird<\/p>\n<\/li>\n<\/ul>\n\n            <\/div>\n        <\/div>\n            <\/div>\n<\/div>\n\n<div id=\"\" class=\"wp-block-text-content margin-bottom-normal\">\n    <div class=\"container-lg\">\n        <div class=\"row\">\n            <div class=\"col\">\n                <h4>Was ich an meinem Job nicht so mag:<\/h4>\n<ul>\n<li>\n<p>Manchmal fehlt es den Bauherr:innen\/Kund:innen an Wertsch&auml;tzung f&uuml;r die geistige Arbeit, welche hinter einem St&uuml;ck Papier (Plan) steckt.  <\/p>\n<\/li>\n<li>\n<p>Beh&ouml;rden werden immer genauer, es wird immer schwieriger Genehmigungen zu erwirken, bzw. Bauvorschriften einzuhalten und nachzuweisen.<\/p>\n<\/li>\n<\/ul>\n<h4>Wichtige F&auml;higkeiten in meinem Job:<\/h4>\n<ul>\n<li>\n<p>Flexibilit&auml;t  <\/p>\n<\/li>\n<li>\n<p>Kreativit&auml;t  <\/p>\n<\/li>\n<li>\n<p>Stressresistenz  <\/p>\n<\/li>\n<\/ul>\n<h4>Mein bisher gr&ouml;&szlig;ter Erfolg:<\/h4>\n<p>F&uuml;r mein eigenes B&uuml;ro (einszuhundert Architektur | ZT GmbH) Projekte abwickeln zu k&ouml;nnen, ist die Erf&uuml;llung eines gro&szlig;en Traums.<\/p>\n\n            <\/div>\n        <\/div>\n            <\/div>\n<\/div>\n\n<div id=\"\" class=\"wp-block-text-content margin-bottom-normal\">\n    <div class=\"container-lg\">\n        <div class=\"row\">\n            <div class=\"col\">\n                <h4>Wie ich diesen Job bekommen habe:<\/h4>\n<p>Im Hinterkopf schlummerte bereits seit einigen Jahren die Idee sich mit einem langj&auml;hrigen Kollegen und Freund selbstst&auml;ndig zu machen. Den Sprung ins kalte Wasser wagte ich jedoch nicht, da ich immer interessante und gut bezahlte Jobangebote bekommen habe. 2021 habe ich dann die Ziviltechnikerpr&uuml;fung abgelegt, und somit stand der Firmengr&uuml;ndung (fast) nichts mehr im Weg.  <\/p>\n<h4>Was ich im Studium f&uuml;r den Job gelernt habe:<\/h4>\n<p>Aus dem Studium an der FH JOANNEUM habe ich mitgenommen, dass ein Entwurf oder die L&ouml;sung einer Entwurfsaufgabe immer ein Prozess ist. Die L&ouml;sung muss sich entwickeln und bedarf immer einem Austausch mit Kolleg:innen, oder Bauherr:innen, um auch andere Ans&auml;tze oder Sichtweisen erkennen zu k&ouml;nnen. Ebenso hat mir die Ausbildung gezeigt, wie es ist im Team zu arbeiten und gemeinsam Projekte zu bew&auml;ltigen. <\/p>\n<h4>Die Jobchancen in meinem Bereich:<\/h4>\n<p>Als Absolvent des Masterstudiengangs &bdquo;Architektur&ldquo; der FH JOANNEUM stehen die Chancen gerade mehr als gut meiner Meinung nach &ndash; auch in Zeiten von Corona werden in der Baubranche qualifizierte Mitarbeiter:innen gesucht.  <\/p>\n<h4>Ich:<\/h4>\n<ul>\n<li>\n<p>&hellip; liebe meinen Beruf.<\/p>\n<\/li>\n<li>\n<p>&hellip; arbeite gerne kreativ.  <\/p>\n<\/li>\n<li>\n<p>&hellip; kann gut mit Stress umgehen.  <\/p>\n<\/li>\n<\/ul>\n<p>Meine Ziele f&uuml;r 2023 sind ein wirtschaftlich erfolgreiches und &uuml;ber die Bezirksgrenzen hinaus bekanntes Architekturb&uuml;ro aufzubauen.<\/p>\n\n            <\/div>\n        <\/div>\n            <\/div>\n<\/div>\n\n<div\n    id=\"\"\n    class=\"wp-block-blockquote margin-bottom-normal\"\n>\n    <div class=\"container-lg\">\n        <div class=\"row\">\n            <div class=\"col\">\n                <div class=\"d-block mb-2 fs-5 major-text-color\">Den Studierenden m\u00f6chte ich mitgeben, dass auch, wenn es vielleicht am Anfang des Berufslebens schwierig erscheint und man nicht sofort seine Traumstelle findet \u2013 man nie wei\u00df, welche Chancen oder M\u00f6glichkeiten das Leben f\u00fcr einen bereith\u00e4lt. Man muss sie nur nutzen.<\/div>\n                <span class=\"d-flex justify-content-end\">Bernhard Spies<\/span>\n            <\/div>\n        <\/div>\n    <\/div>\n<\/div>\n\n","protected":false},"excerpt":{"rendered":"<p>Architekt DI Bernhard Spies, BSc ist seit 2022 selbstst\u00e4ndig mit seinem B\u00fcro einszuhundert Architektur | ZT GmbH.<\/p>\n","protected":false},"author":73,"featured_media":10001215,"parent":10000296,"menu_order":10,"comment_status":"closed","ping_status":"closed","template":"template-absolvent.blade.php","meta":{"_acf_changed":false,"footnotes":""},"acf":[],"aioseo_notices":[],"_links":{"self":[{"href":"https:\/\/www.fh-joanneum.at\/architektur\/master\/wp-json\/wp\/v2\/pages\/10001217"}],"collection":[{"href":"https:\/\/www.fh-joanneum.at\/architektur\/master\/wp-json\/wp\/v2\/pages"}],"about":[{"href":"https:\/\/www.fh-joanneum.at\/architektur\/master\/wp-json\/wp\/v2\/types\/page"}],"author":[{"embeddable":true,"href":"https:\/\/www.fh-joanneum.at\/architektur\/master\/wp-json\/wp\/v2\/users\/73"}],"replies":[{"embeddable":true,"href":"https:\/\/www.fh-joanneum.at\/architektur\/master\/wp-json\/wp\/v2\/comments?post=10001217"}],"version-history":[{"count":0,"href":"https:\/\/www.fh-joanneum.at\/architektur\/master\/wp-json\/wp\/v2\/pages\/10001217\/revisions"}],"up":[{"embeddable":true,"href":"https:\/\/www.fh-joanneum.at\/architektur\/master\/wp-json\/wp\/v2\/pages\/10000296"}],"wp:featuredmedia":[{"embeddable":true,"href":"https:\/\/www.fh-joanneum.at\/architektur\/master\/wp-json\/wp\/v2\/media\/10001215"}],"wp:attachment":[{"href":"https:\/\/www.fh-joanneum.at\/architektur\/master\/wp-json\/wp\/v2\/media?parent=10001217"}],"curies":[{"name":"wp","href":"https:\/\/api.w.org\/{rel}","templated":true}]}}