{"id":10001303,"date":"2024-06-05T12:09:14","date_gmt":"2024-06-05T10:09:14","guid":{"rendered":"https:\/\/www.fh-joanneum.at\/architektur\/master\/?page_id=10001303"},"modified":"2025-11-04T09:01:49","modified_gmt":"2025-11-04T08:01:49","slug":"landingpage","status":"publish","type":"page","link":"https:\/\/www.fh-joanneum.at\/architektur\/master\/landingpage\/","title":{"rendered":"Architektur studieren"},"content":{"rendered":"<div\n    id=\"\"\n    class=\"wp-block-campaign-hero-claim margin-bottom-normal\"\n>\n    <div\n        class=\"container-fluid\"\n        style=\"--bs-gutter-x: 0\"\n    >\n        <div\n            class=\"row\"\n            style=\"--bs-gutter-x: 0\"\n        >\n            <div class=\"col-12\">\n                <div class=\"header-wrapper\">\n                    <picture>\n                        <source\n                media=\"(max-width: 1024px)\"\n                srcset=\"https:\/\/cdn3.fh-joanneum.at\/media\/sites\/32\/2024\/04\/landingpage-2-1024x512.jpg, https:\/\/cdn3.fh-joanneum.at\/media\/sites\/32\/2024\/04\/landingpage-2.jpg 2x\"\n            \/>\n                    <source\n                media=\"(max-width: 1200px)\"\n                srcset=\"https:\/\/cdn3.fh-joanneum.at\/media\/sites\/32\/2024\/04\/landingpage-2.jpg, https:\/\/cdn3.fh-joanneum.at\/media\/sites\/32\/2024\/04\/landingpage-2.jpg 2x\"\n            \/>\n                    <source\n                media=\"(max-width: 1200px)\"\n                srcset=\"https:\/\/cdn3.fh-joanneum.at\/media\/sites\/32\/2024\/04\/landingpage-2.jpg, https:\/\/cdn3.fh-joanneum.at\/media\/sites\/32\/2024\/04\/landingpage-2.jpg 2x\"\n            \/>\n                <img decoding=\"async\"\n        class=\"img-fluid position-center\"\n        src=\"https:\/\/cdn3.fh-joanneum.at\/media\/sites\/32\/2024\/04\/landingpage-2.jpg\"\n        alt=\"Architektur Landingpage Headerbild\"\n        title=\"\"\n         loading=\"lazy\"             >\n<\/picture>\n\n                    <div class=\"content-wrapper\">\n                        <div class=\"container-lg\">\n                            <div class=\"row\">\n                                <div class=\"col-12\">\n                                    <div class=\"content claim\">\n                                      <div class=\"claim-wrapper bg-white\">\n                                        <h1 class=\"major-text-color display-1 text-uppercase mb-0\">\n                                            Architektur studieren\n                                        <\/h1>\n                                                                                    <a\n                                                href=\"https:\/\/www.fh-joanneum.at\/studium\/online-bewerbung\/\"\n                                                target=\"\"\n                                                class=\"text-white major-bg-color major-bg-color h3 mb-0\"\n                                                data-analytics= \"Architektur studieren - Hero with Link and Claim - Jetzt bewerben\"\n                                            >\n                                                \n                                                <span class=\"text-white major-bg-color text-uppercase h3 mb-0 fw-normal\">\n                                                  Jetzt bewerben\n                                                <\/span>\n                                                <div class=\"right circle major-bg-color d-block\">\n                                                <\/div>\n                                            <\/a>\n                                                                              <\/div>\n                                    <\/div>\n                                <\/div>\n                            <\/div>\n                        <\/div>\n                    <\/div>\n                <\/div>\n            <\/div>\n        <\/div>\n    <\/div>\n<\/div>\n\n\n\n<div id=\"\" class=\"wp-block-campaign-headline-text margin-bottom-normal\">\n  <div class=\"container-lg\">\n    <div class=\"content text-center header\">\n      <h2 class=\"mb-5 display-1\">Das Masterstudium Architektur<\/h2>\n      <p class=\" h2 fw-normal\">Du hast einen Bachelor in Architektur, Innenarchitektur oder einem vergleichbaren Themenfeld und m\u00f6chtest dich auf Masterniveau weiterentwickeln? Im berufserm\u00f6glichenden Masterstudium setzt du dich mit aktuellen Themen der Architektur wie Gesundheit, Nachhaltigkeit, Bauen im Bestand und Digitalisierung auseinander.<\/p>\n    <\/div>\n  <\/div>\n<\/div>\n\n\n<div id=\"\" class=\"wp-block-campaign-fact-boxes margin-bottom-normal\">\n  <div class=\"container-lg\">\n    <div class=\"header text-center mb-5\">\n                <\/div>\n    <div class=\"fact-boxes d-grid\">\n              <div class=\"box\">\n          <div class=\"fact-wrapper major-bg-color text-white text-center p-3\">\n            <span class=\"fact h2 fw-normal mb-0\">\n              4\n            <\/span>\n            <hr>\n            <span class=\"description h6 fw-normal mb-0\">\n              Semester\n            <\/span>\n          <\/div>\n        <\/div>\n              <div class=\"box\">\n          <div class=\"fact-wrapper major-bg-color text-white text-center p-3\">\n            <span class=\"fact h2 fw-normal mb-0\">\n              DI\n            <\/span>\n            <hr>\n            <span class=\"description h6 fw-normal mb-0\">\n              Abschluss\n            <\/span>\n          <\/div>\n        <\/div>\n              <div class=\"box\">\n          <div class=\"fact-wrapper major-bg-color text-white text-center p-3\">\n            <span class=\"fact h2 fw-normal mb-0\">\n              DE\n            <\/span>\n            <hr>\n            <span class=\"description h6 fw-normal mb-0\">\n              Sprache\n            <\/span>\n          <\/div>\n        <\/div>\n              <div class=\"box\">\n          <div class=\"fact-wrapper major-bg-color text-white text-center p-3\">\n            <span class=\"fact h2 fw-normal mb-0\">\n              Mi &#8211; Fr\n            <\/span>\n            <hr>\n            <span class=\"description h6 fw-normal mb-0\">\n              Berufserm\u00f6glichend\n            <\/span>\n          <\/div>\n        <\/div>\n              <div class=\"box\">\n          <div class=\"fact-wrapper major-bg-color text-white text-center p-3\">\n            <span class=\"fact h2 fw-normal mb-0\">\n              50%\n            <\/span>\n            <hr>\n            <span class=\"description h6 fw-normal mb-0\">\n              Projektstudium\n            <\/span>\n          <\/div>\n        <\/div>\n              <div class=\"box\">\n          <div class=\"fact-wrapper major-bg-color text-white text-center p-3\">\n            <span class=\"fact h2 fw-normal mb-0\">\n              Graz\n            <\/span>\n            <hr>\n            <span class=\"description h6 fw-normal mb-0\">\n              Standort\n            <\/span>\n          <\/div>\n        <\/div>\n          <\/div>\n  <\/div>\n<\/div>\n\n\n<div\n    id=\"\"\n    class=\"wp-block-campaign-reasons margin-bottom-normal\"\n>\n    <div class=\"container-lg\">\n\n        <div class=\"row\">\n\n            <div class=\"col-12 col-lg-7 reasons\">\n                <div class=\"header mb-3\">\n                                            <div class=\"h2 mb-0 fw-normal preline\">Masterstudentin, 24 Jahre<\/div>\n                                                                <h2 class=\"display-1\">Teresa studiert, weil \u2026.<\/h2>\n                                    <\/div>\n                                    <div class=\"reason mb-3\">\n                        <div class=\"fact-wrapper d-flex align-items-center\">\n                            <span class=\"number h2 major-text-color mb-0\">\n                                1\n                            <\/span>\n                            <span class=\"text h2 fw-normal mb-0 ms-3\">\n                                f\u00fcr sie \u00dcberlegungen zum ressourcenschonenden Bauen in bestehenden Geb\u00e4udestrukturen immer wichtiger werden.\n                            <\/span>\n                        <\/div>\n                    <\/div>\n                                    <div class=\"reason mb-3\">\n                        <div class=\"fact-wrapper d-flex align-items-center\">\n                            <span class=\"number h2 major-text-color mb-0\">\n                                2\n                            <\/span>\n                            <span class=\"text h2 fw-normal mb-0 ms-3\">\n                                ihr im Rahmen eines Br\u00fcckensemesters erm\u00f6glicht wurde, fehlende Qualifikationen nachzuholen. Sie hat ein Innenarchitekturstudium auf Bachelorebene abgeschlossen.\n                            <\/span>\n                        <\/div>\n                    <\/div>\n                                    <div class=\"reason mb-3\">\n                        <div class=\"fact-wrapper d-flex align-items-center\">\n                            <span class=\"number h2 major-text-color mb-0\">\n                                3\n                            <\/span>\n                            <span class=\"text h2 fw-normal mb-0 ms-3\">\n                                reale und anwendungsorientierte Projekte sie bestm\u00f6glich auf ihre Zukunft vorbereiten.\n                            <\/span>\n                        <\/div>\n                    <\/div>\n                            <\/div>\n            <div class=\"media col-12 col-lg-4 offset-lg-1 ps-lg-3 mt-3 mt-lg-0\">\n                                                            <picture>\n                        <source\n                media=\"(max-width: 683px)\"\n                srcset=\"https:\/\/cdn3.fh-joanneum.at\/media\/sites\/32\/2023\/03\/2023_Fotos_Architektur-25-683x1024.jpg, https:\/\/cdn3.fh-joanneum.at\/media\/sites\/32\/2023\/03\/2023_Fotos_Architektur-25-1024x1536.jpg 2x\"\n            \/>\n                    <source\n                media=\"(max-width: 1024px)\"\n                srcset=\"https:\/\/cdn3.fh-joanneum.at\/media\/sites\/32\/2023\/03\/2023_Fotos_Architektur-25-1024x1536.jpg, https:\/\/cdn3.fh-joanneum.at\/media\/sites\/32\/2023\/03\/2023_Fotos_Architektur-25.jpg 2x\"\n            \/>\n                    <source\n                media=\"(max-width: 1365px)\"\n                srcset=\"https:\/\/cdn3.fh-joanneum.at\/media\/sites\/32\/2023\/03\/2023_Fotos_Architektur-25.jpg, https:\/\/cdn3.fh-joanneum.at\/media\/sites\/32\/2023\/03\/2023_Fotos_Architektur-25.jpg 2x\"\n            \/>\n                <img decoding=\"async\"\n        class=\"img-fluid\" width=\"100%\"\n        src=\"https:\/\/cdn3.fh-joanneum.at\/media\/sites\/32\/2023\/03\/2023_Fotos_Architektur-25.jpg\"\n        alt=\"\"\n        title=\"\"\n         loading=\"lazy\"             >\n<\/picture>\n\n                                                <\/div>\n        <\/div>\n    <\/div>\n<\/div>\n\n\n<div\n    id=\"\"\n    class=\"wp-block-campaign-fact-infos margin-bottom-normal\"\n>\n    <div class=\"container-lg\">\n        <div class=\"fact-infos\">\n            <div class=\"header text-center mb-5\">\n                                            <\/div>\n            <div\n                class=\"info-boxes d-flex flex-wrap justify-content-between  link   hover-text-effect \">\n                                    <div class=\"info col-12 col-lg-6 mb-2\">\n                                                    <a\n                                href=\"https:\/\/www.fh-joanneum.at\/studium\/online-bewerbung\/\"\n                                target=\"_blank\"\n                                class=\"link fs-3 mb-3 \"\n                                data-analytics= \"Architektur studieren - Fact Infos - Jetzt bewerben\"\n                            >\n                                <div\n                                    class=\"entry major-bg-color text-white d-flex align-items-center justify-content-between\">\n                                    <span class=\"text-wrapper\">\n                                        <span class=\"visible-text h2 fw-normal mb-0\">\n                                            Jetzt bewerben\n                                                                                    <\/span>\n                                        <span class=\"hover-text text-white h2 fw-normal mb-0\">\n                                            Jetzt bewerben\n                                        <\/span>\n                                    <\/span>\n                                    <svg width=\"9\" height=\"15\" viewBox=\"0 0 9 15\" fill=\"none\" xmlns=\"http:\/\/www.w3.org\/2000\/svg\">\n    <path id=\"chevron_right\" d=\"M1.5 1.5L7.5 7.5L1.5 13.5\" stroke=\"\" stroke-width=\"1.5\" stroke-linecap=\"round\"\/>\n<\/svg>                                <\/div>\n                                                                                <\/a>\n                                            <\/div>\n                                    <div class=\"info col-12 col-lg-6 mb-2\">\n                                                    <a\n                                href=\"https:\/\/www.fh-joanneum.at\/architektur\/master\/\"\n                                target=\"_blank\"\n                                class=\"link fs-3 mb-3 \"\n                                data-analytics= \"Architektur studieren - Fact Infos - Infos zum Studium\"\n                            >\n                                <div\n                                    class=\"entry major-bg-color text-white d-flex align-items-center justify-content-between\">\n                                    <span class=\"text-wrapper\">\n                                        <span class=\"visible-text h2 fw-normal mb-0\">\n                                            Infos zum Studium\n                                                                                    <\/span>\n                                        <span class=\"hover-text text-white h2 fw-normal mb-0\">\n                                            Architektur\n                                        <\/span>\n                                    <\/span>\n                                    <svg width=\"9\" height=\"15\" viewBox=\"0 0 9 15\" fill=\"none\" xmlns=\"http:\/\/www.w3.org\/2000\/svg\">\n    <path id=\"chevron_right\" d=\"M1.5 1.5L7.5 7.5L1.5 13.5\" stroke=\"\" stroke-width=\"1.5\" stroke-linecap=\"round\"\/>\n<\/svg>                                <\/div>\n                                                                                <\/a>\n                                            <\/div>\n                            <\/div>\n        <\/div>\n    <\/div>\n<\/div>\n\n\n<div id=\"\" class=\"wp-block-campaign-c-t-a-variation margin-bottom-normal \">\n  <div class=\"container-lg\">\n    <div class=\"cta-wrapper\">\n      <div class=\"header text-center mb-5\">\n                  <h2 class=\"display-1\">Studienberatung<\/h2>\n                          <p class=\"h2 fw-normal\">Buchen Sie jetzt Ihren pers\u00f6nlichen Beratungstermin und erfahren Sie mehr \u00fcber die FH JOANNEUM und unsere Studienangebote.<\/p>\n              <\/div>\n      <div class=\"link d-grid justify-content-center\">\n                  <a href=\"https:\/\/outlook.office365.com\/owa\/calendar\/StudienberatungStudyGuidance@fhjoanneum.onmicrosoft.com\/bookings\/\" target=\"_blank\" class=\"link arrow-link major-text-color fs-2 mb-3 text-center\" data-analytics= \"Architektur studieren - CTA - Zur Studienberatung\">\n            Zur Studienberatung\n            <svg width=\"9\" height=\"15\" viewBox=\"0 0 9 15\" fill=\"none\" xmlns=\"http:\/\/www.w3.org\/2000\/svg\">\n    <path id=\"chevron_right\" d=\"M1.5 1.5L7.5 7.5L1.5 13.5\" stroke=\"\" stroke-width=\"1.5\" stroke-linecap=\"round\"\/>\n<\/svg>          <\/a>\n              <\/div>\n    <\/div>\n  <\/div>\n<\/div>\n","protected":false},"excerpt":{"rendered":"","protected":false},"author":1,"featured_media":0,"parent":0,"menu_order":18,"comment_status":"closed","ping_status":"closed","template":"template-campaign-builder.blade.php","meta":{"_acf_changed":false,"footnotes":""},"acf":[],"aioseo_notices":[],"_links":{"self":[{"href":"https:\/\/www.fh-joanneum.at\/architektur\/master\/wp-json\/wp\/v2\/pages\/10001303"}],"collection":[{"href":"https:\/\/www.fh-joanneum.at\/architektur\/master\/wp-json\/wp\/v2\/pages"}],"about":[{"href":"https:\/\/www.fh-joanneum.at\/architektur\/master\/wp-json\/wp\/v2\/types\/page"}],"author":[{"embeddable":true,"href":"https:\/\/www.fh-joanneum.at\/architektur\/master\/wp-json\/wp\/v2\/users\/1"}],"replies":[{"embeddable":true,"href":"https:\/\/www.fh-joanneum.at\/architektur\/master\/wp-json\/wp\/v2\/comments?post=10001303"}],"version-history":[{"count":17,"href":"https:\/\/www.fh-joanneum.at\/architektur\/master\/wp-json\/wp\/v2\/pages\/10001303\/revisions"}],"predecessor-version":[{"id":10001502,"href":"https:\/\/www.fh-joanneum.at\/architektur\/master\/wp-json\/wp\/v2\/pages\/10001303\/revisions\/10001502"}],"wp:attachment":[{"href":"https:\/\/www.fh-joanneum.at\/architektur\/master\/wp-json\/wp\/v2\/media?parent=10001303"}],"curies":[{"name":"wp","href":"https:\/\/api.w.org\/{rel}","templated":true}]}}