{"id":10001365,"date":"2024-08-07T10:52:57","date_gmt":"2024-08-07T08:52:57","guid":{"rendered":"https:\/\/www.fh-joanneum.at\/architektur\/master\/?page_id=10001365"},"modified":"2024-08-07T10:52:59","modified_gmt":"2024-08-07T08:52:59","slug":"di-andreas-bernsteiner-bsc","status":"publish","type":"page","link":"https:\/\/www.fh-joanneum.at\/architektur\/master\/nach-dem-studium\/absolventinnen-absolventen\/di-andreas-bernsteiner-bsc\/","title":{"rendered":"DI Andreas Bernsteiner, BSc"},"content":{"rendered":"<div id=\"\" class=\"wp-block-text-content margin-bottom-normal\">\n    <div class=\"container-lg\">\n        <div class=\"row\">\n            <div class=\"col\">\n                <h4>Eckdaten<\/h4>\n<p><strong>Unternehmen:<\/strong> <a href=\"https:\/\/www.ks.at\/\" target=\"_blank\" rel=\"noopener noreferrer\">KS Group<\/a><\/p>\n<p><strong>Ich arbeite in:<\/strong> Graz, &Ouml;sterreich<\/p>\n<p><strong>Ich arbeite hier seit:<\/strong> Juli 2022<\/p>\n<p><a href=\"mailto:bernsteiner@ks.at\">Mein Kontakt<\/a><\/p>\n<p><strong>Meine Social URLs:<\/strong> <a href=\"https:\/\/www.instagram.com\/abernsteiner?igsh=MTdmOXg4NDNlb25hNA==\" target=\"_blank\" rel=\"noopener noreferrer\">abernsteiner<\/a> (Instagram), <a href=\"https:\/\/www.linkedin.com\/in\/andreas-bernsteiner-744118291?utm_source=share&amp;utm_campaign=share_via&amp;utm_content=profile&amp;utm_medium=ios_app&amp;original_referer=\" target=\"_blank\" rel=\"noopener noreferrer\">Andreas Bernsteiner<\/a> (LinkedIn)<\/p>\n\n            <\/div>\n        <\/div>\n            <\/div>\n<\/div>\n\n\n<div id=\"\" class=\"wp-block-text-content margin-bottom-normal\">\n    <div class=\"container-lg\">\n        <div class=\"row\">\n            <div class=\"col\">\n                <h5>Was ich mache:<\/h5>\n<ul>\n<li>Erstellung jeglicher Planungsunterlagen<\/li>\n<li>Projektleitung und Koordination<\/li>\n<li>Schnittstelle zwischen Bauherr:innen und Beh&ouml;rden<\/li>\n<\/ul>\n<h5>Warum ich meinen Job liebe:<\/h5>\n<ul>\n<li>Bearbeitung von unterschiedlichen Projekten<\/li>\n<li>Kommunikation und Austausch<\/li>\n<li>L&ouml;sungsorientiertes Arbeiten<\/li>\n<\/ul>\n<h5>Was ich an meinem Job nicht so mag:<\/h5>\n<ul>\n<li>Die zum Teil fehlende Wertsch&auml;tzung gegen&uuml;ber der Planungsarbeit von au&szlig;en (&bdquo;Tinte auf Papier&ldquo;)<\/li>\n<li>Forderungen und Wartezeiten von Beh&ouml;rden<\/li>\n<\/ul>\n<h5>Wichtige F&auml;higkeiten in meinem Job:<\/h5>\n<ul>\n<li>Stressresistenz<\/li>\n<li>Genauigkeit<\/li>\n<li>Flexibilit&auml;t<\/li>\n<\/ul>\n<h5>Mein bisher gr&ouml;&szlig;ter Erfolg:<\/h5>\n<p>Der Abschluss des ersten Projektes und das Durchlaufen s&auml;mtlicher dazugeh&ouml;riger Planungsschritte bis hin zur eigenen visuellen Wahrnehmung des fertigen Bauwerkes.<\/p>\n<h5>Wie ich diesen Job bekommen habe:<\/h5>\n<p>Im Zuge einer Lehrveranstaltung im Masterstudium &bdquo;Architektur&ldquo; haben wir eine Baustelle der KS Group besucht &ndash; in Folge habe ich mich dort beworben.<\/p>\n<p>&nbsp;<\/p>\n<p>&nbsp;<\/p>\n\n            <\/div>\n        <\/div>\n            <\/div>\n<\/div>\n\n\n<div\n    id=\"\"\n    class=\"wp-block-content-image margin-bottom-normal\"\n>\n    <div class=\"container-lg\">\n        <div class=\"row\">\n            <div class=\"col-12\">\n                <div >\n\n                    <div class=\"image-wrapper\">\n                        <picture>\n                        <source\n                media=\"(max-width: 576px)\"\n                srcset=\"https:\/\/cdn3.fh-joanneum.at\/media\/sites\/32\/2024\/08\/FHJ_ARC_Alumni_Bernsteiner_Headquarter-02-576x288.jpg, https:\/\/cdn3.fh-joanneum.at\/media\/sites\/32\/2024\/08\/FHJ_ARC_Alumni_Bernsteiner_Headquarter-02-768x384.jpg 2x\"\n            \/>\n                    <source\n                media=\"(max-width: 768px)\"\n                srcset=\"https:\/\/cdn3.fh-joanneum.at\/media\/sites\/32\/2024\/08\/FHJ_ARC_Alumni_Bernsteiner_Headquarter-02-768x384.jpg, https:\/\/cdn3.fh-joanneum.at\/media\/sites\/32\/2024\/08\/FHJ_ARC_Alumni_Bernsteiner_Headquarter-02-1024x512.jpg 2x\"\n            \/>\n                    <source\n                media=\"(max-width: 1024px)\"\n                srcset=\"https:\/\/cdn3.fh-joanneum.at\/media\/sites\/32\/2024\/08\/FHJ_ARC_Alumni_Bernsteiner_Headquarter-02-1024x512.jpg, https:\/\/cdn3.fh-joanneum.at\/media\/sites\/32\/2024\/08\/FHJ_ARC_Alumni_Bernsteiner_Headquarter-02.jpg 2x\"\n            \/>\n                    <source\n                media=\"(max-width: 1200px)\"\n                srcset=\"https:\/\/cdn3.fh-joanneum.at\/media\/sites\/32\/2024\/08\/FHJ_ARC_Alumni_Bernsteiner_Headquarter-02.jpg, https:\/\/cdn3.fh-joanneum.at\/media\/sites\/32\/2024\/08\/FHJ_ARC_Alumni_Bernsteiner_Headquarter-02.jpg 2x\"\n            \/>\n                    <source\n                media=\"(max-width: 1200px)\"\n                srcset=\"https:\/\/cdn3.fh-joanneum.at\/media\/sites\/32\/2024\/08\/FHJ_ARC_Alumni_Bernsteiner_Headquarter-02.jpg, https:\/\/cdn3.fh-joanneum.at\/media\/sites\/32\/2024\/08\/FHJ_ARC_Alumni_Bernsteiner_Headquarter-02.jpg 2x\"\n            \/>\n                <img decoding=\"async\"\n        class=\"img-fluid @if ($image_credit || $media_subtitle) mb-2 @endif @if ($lightbox) modal-trigger @endif\" @click=\"modal = !modal\" aria-expanded=\"false\"\n        src=\"https:\/\/cdn3.fh-joanneum.at\/media\/sites\/32\/2024\/08\/FHJ_ARC_Alumni_Bernsteiner_Headquarter-02.jpg\"\n        alt=\"\"\n        title=\"\"\n         loading=\"lazy\"             >\n<\/picture>\n\n                                                    <p class=\"text-muted fst-italic\">Photo: KS Group<\/p>\n                                                                            <p class=\"text-muted\">Neuer Standort der KS Group in der Waagner-Biro-Stra\u00dfe in Graz.<\/p>\n                                            <\/div>\n\n                                    <\/div>\n\n            <\/div>\n        <\/div>\n    <\/div>\n<\/div>\n\n\n<div id=\"\" class=\"wp-block-text-content margin-bottom-normal\">\n    <div class=\"container-lg\">\n        <div class=\"row\">\n            <div class=\"col\">\n                <h5>Was ich im Studium f&uuml;r den Job gelernt habe:<\/h5>\n<p>Da ich das Bachelorstudium &bdquo;<a href=\"https:\/\/www.fh-joanneum.at\/architektur\/bachelor\/\">Bauplanung und Bauwirtschaft<\/a>&ldquo; und das Masterstudium &bdquo;<a href=\"https:\/\/www.fh-joanneum.at\/architektur\/master\/\">Architektur<\/a>&ldquo; an der FH JOANNEUM in Graz durchlaufen habe, konnte ich einerseits gute Kenntnisse in der Bauplanung und Bauwirtschaft (Hochbau, Bauphysik etc.) sowie andererseits eine sehr gute kreative Ausbildung hinsichtlich Architektur erlangen.<\/p>\n<h5>Die Jobchancen in meinem Bereich:<\/h5>\n<p>Als Absolvent der FH JOANNEUM empfinde ich, dass sich aufgrund der umfangreichen Ausbildung bestm&ouml;gliche Chancen einen schnellen und angenehmen Einstieg in ein Unternehmen\/B&uuml;ro zu finden bzw. zu schaffen ergeben.<\/p>\n<h5>Ich bin:<\/h5>\n<ul>\n<li>motiviert<\/li>\n<li>belastbar<\/li>\n<li>organisiert<\/li>\n<\/ul>\n\n            <\/div>\n        <\/div>\n            <\/div>\n<\/div>\n\n\n<div\n    id=\"\"\n    class=\"wp-block-blockquote margin-bottom-normal\"\n>\n    <div class=\"container-lg\">\n        <div class=\"row\">\n            <div class=\"col\">\n                <div class=\"d-block mb-2 fs-5 major-text-color\">Auch wenn Projekte teilweise sehr fordernd und kr\u00e4ftezehrend sein k\u00f6nnen, umso st\u00e4rker ist letztendlich das gro\u00dfartige Gef\u00fchl, welches man bekommt, wenn man vor einem fertiggestellten Bauwerk steht, bei dessen Planung bzw. Umsetzung man ein Teil sein durfte.<\/div>\n                <span class=\"d-flex justify-content-end\">Andreas Bernsteiner<\/span>\n            <\/div>\n        <\/div>\n    <\/div>\n<\/div>\n","protected":false},"excerpt":{"rendered":"<p>DI Andreas Bernsteiner, Bsc arbeitet seit Juli 2022 in der Planungsabteilung der KS Group in Graz.<\/p>\n","protected":false},"author":143,"featured_media":10001376,"parent":10000296,"menu_order":3,"comment_status":"closed","ping_status":"closed","template":"template-absolvent.blade.php","meta":{"_acf_changed":false,"footnotes":""},"acf":[],"aioseo_notices":[],"_links":{"self":[{"href":"https:\/\/www.fh-joanneum.at\/architektur\/master\/wp-json\/wp\/v2\/pages\/10001365"}],"collection":[{"href":"https:\/\/www.fh-joanneum.at\/architektur\/master\/wp-json\/wp\/v2\/pages"}],"about":[{"href":"https:\/\/www.fh-joanneum.at\/architektur\/master\/wp-json\/wp\/v2\/types\/page"}],"author":[{"embeddable":true,"href":"https:\/\/www.fh-joanneum.at\/architektur\/master\/wp-json\/wp\/v2\/users\/143"}],"replies":[{"embeddable":true,"href":"https:\/\/www.fh-joanneum.at\/architektur\/master\/wp-json\/wp\/v2\/comments?post=10001365"}],"version-history":[{"count":10,"href":"https:\/\/www.fh-joanneum.at\/architektur\/master\/wp-json\/wp\/v2\/pages\/10001365\/revisions"}],"predecessor-version":[{"id":10001387,"href":"https:\/\/www.fh-joanneum.at\/architektur\/master\/wp-json\/wp\/v2\/pages\/10001365\/revisions\/10001387"}],"up":[{"embeddable":true,"href":"https:\/\/www.fh-joanneum.at\/architektur\/master\/wp-json\/wp\/v2\/pages\/10000296"}],"wp:featuredmedia":[{"embeddable":true,"href":"https:\/\/www.fh-joanneum.at\/architektur\/master\/wp-json\/wp\/v2\/media\/10001376"}],"wp:attachment":[{"href":"https:\/\/www.fh-joanneum.at\/architektur\/master\/wp-json\/wp\/v2\/media?parent=10001365"}],"curies":[{"name":"wp","href":"https:\/\/api.w.org\/{rel}","templated":true}]}}