{"id":10001368,"date":"2024-08-12T10:46:52","date_gmt":"2024-08-12T08:46:52","guid":{"rendered":"https:\/\/www.fh-joanneum.at\/architektur\/master\/?page_id=10001368"},"modified":"2024-08-13T08:10:18","modified_gmt":"2024-08-13T06:10:18","slug":"di-di-julia-krendl-bsc","status":"publish","type":"page","link":"https:\/\/www.fh-joanneum.at\/architektur\/master\/nach-dem-studium\/absolventinnen-absolventen\/di-di-julia-krendl-bsc\/","title":{"rendered":"DI DI Julia Krendl, BSc"},"content":{"rendered":"<div id=\"\" class=\"wp-block-text-content margin-bottom-normal\">\n    <div class=\"container-lg\">\n        <div class=\"row\">\n            <div class=\"col\">\n                <h4>Eckdaten<\/h4>\n<p><strong>Unternehmen:<\/strong> <a href=\"http:\/\/juliakrendl.at\/\" target=\"_blank\" rel=\"noopener noreferrer\">Julia Krendl ZT Architektur + PM<\/a><\/p>\n<p><strong>Ich arbeite in:<\/strong> Steyr, Ober&ouml;sterreich<\/p>\n<p><strong>Ich arbeite hier seit:<\/strong> 2020<\/p>\n<p><a href=\"mailto:studio@juliakrendl.at\">Mein Kontakt<\/a><\/p>\n<p><strong>Meine Social URLs:<\/strong> <a href=\"https:\/\/www.instagram.com\/juliakrendl.at?igsh=MTJxcjAzMjd0bWtrdA==\" target=\"_blank\" rel=\"noopener noreferrer\">juliakrendl.at<\/a> (Instagram)<\/p>\n\n            <\/div>\n        <\/div>\n            <\/div>\n<\/div>\n\n\n<div id=\"\" class=\"wp-block-text-content margin-bottom-normal\">\n    <div class=\"container-lg\">\n        <div class=\"row\">\n            <div class=\"col\">\n                <h5>Was ich mache:<\/h5>\n<ul>\n<li>Ich betreue alle Projektphasen, wobei ich mit Fachplaner:innen kooperiere.<\/li>\n<li>Ich engagiere mich regional, indem ich heuer in Steyr Architekturtage mitveranstaltet bzw. einen Architekturstammtisch ins Leben gerufen habe.<\/li>\n<li>Seit Mai 2024 bin ich Arbeitgeberin einer sehr netten engagierten Mitarbeiterin.<\/li>\n<\/ul>\n\n            <\/div>\n        <\/div>\n            <\/div>\n<\/div>\n\n\n<div\n    id=\"\"\n    class=\"wp-block-content-image margin-bottom-normal\"\n>\n    <div class=\"container-lg\">\n        <div class=\"row\">\n            <div class=\"col-12\">\n                <div >\n\n                    <div class=\"image-wrapper\">\n                        <picture>\n                        <source\n                media=\"(max-width: 576px)\"\n                srcset=\"https:\/\/cdn3.fh-joanneum.at\/media\/sites\/32\/2024\/08\/FHJ_ARC_Alumni_Julia-Krendl_Kuratorinnen_c_Anselgruber-576x288.jpg, https:\/\/cdn3.fh-joanneum.at\/media\/sites\/32\/2024\/08\/FHJ_ARC_Alumni_Julia-Krendl_Kuratorinnen_c_Anselgruber-768x384.jpg 2x\"\n            \/>\n                    <source\n                media=\"(max-width: 768px)\"\n                srcset=\"https:\/\/cdn3.fh-joanneum.at\/media\/sites\/32\/2024\/08\/FHJ_ARC_Alumni_Julia-Krendl_Kuratorinnen_c_Anselgruber-768x384.jpg, https:\/\/cdn3.fh-joanneum.at\/media\/sites\/32\/2024\/08\/FHJ_ARC_Alumni_Julia-Krendl_Kuratorinnen_c_Anselgruber-1024x512.jpg 2x\"\n            \/>\n                    <source\n                media=\"(max-width: 1024px)\"\n                srcset=\"https:\/\/cdn3.fh-joanneum.at\/media\/sites\/32\/2024\/08\/FHJ_ARC_Alumni_Julia-Krendl_Kuratorinnen_c_Anselgruber-1024x512.jpg, https:\/\/cdn3.fh-joanneum.at\/media\/sites\/32\/2024\/08\/FHJ_ARC_Alumni_Julia-Krendl_Kuratorinnen_c_Anselgruber.jpg 2x\"\n            \/>\n                    <source\n                media=\"(max-width: 1200px)\"\n                srcset=\"https:\/\/cdn3.fh-joanneum.at\/media\/sites\/32\/2024\/08\/FHJ_ARC_Alumni_Julia-Krendl_Kuratorinnen_c_Anselgruber.jpg, https:\/\/cdn3.fh-joanneum.at\/media\/sites\/32\/2024\/08\/FHJ_ARC_Alumni_Julia-Krendl_Kuratorinnen_c_Anselgruber.jpg 2x\"\n            \/>\n                    <source\n                media=\"(max-width: 1200px)\"\n                srcset=\"https:\/\/cdn3.fh-joanneum.at\/media\/sites\/32\/2024\/08\/FHJ_ARC_Alumni_Julia-Krendl_Kuratorinnen_c_Anselgruber.jpg, https:\/\/cdn3.fh-joanneum.at\/media\/sites\/32\/2024\/08\/FHJ_ARC_Alumni_Julia-Krendl_Kuratorinnen_c_Anselgruber.jpg 2x\"\n            \/>\n                <img decoding=\"async\"\n        class=\"img-fluid @if ($image_credit || $media_subtitle) mb-2 @endif @if ($lightbox) modal-trigger @endif\" @click=\"modal = !modal\" aria-expanded=\"false\"\n        src=\"https:\/\/cdn3.fh-joanneum.at\/media\/sites\/32\/2024\/08\/FHJ_ARC_Alumni_Julia-Krendl_Kuratorinnen_c_Anselgruber.jpg\"\n        alt=\"\"\n        title=\"\"\n         loading=\"lazy\"             >\n<\/picture>\n\n                                                    <p class=\"text-muted fst-italic\">Photo: Anselgruber<\/p>\n                                                                            <p class=\"text-muted\">Kurator:innen der Architekturtage und Open Studios 2024 in Steyr<\/p>\n                                            <\/div>\n\n                                    <\/div>\n\n            <\/div>\n        <\/div>\n    <\/div>\n<\/div>\n\n\n<div id=\"\" class=\"wp-block-text-content margin-bottom-normal\">\n    <div class=\"container-lg\">\n        <div class=\"row\">\n            <div class=\"col\">\n                <h5>Warum ich meinen Job liebe:<\/h5>\n<ul>\n<li>Er ist abwechslungsreich,<\/li>\n<li>man hat direkten Kontakt mit Auftraggeber:innen und Auftragnehmer:innen<\/li>\n<li>und ich kann meine Arbeitszeit und meinen Arbeitsort flexibel einteilen.<\/li>\n<\/ul>\n\n            <\/div>\n        <\/div>\n            <\/div>\n<\/div>\n\n\n<div\n    id=\"\"\n    class=\"wp-block-content-image margin-bottom-normal\"\n>\n    <div class=\"container-lg\">\n        <div class=\"row\">\n            <div class=\"col-12\">\n                <div >\n\n                    <div class=\"image-wrapper\">\n                        <picture>\n                        <source\n                media=\"(max-width: 576px)\"\n                srcset=\"https:\/\/cdn3.fh-joanneum.at\/media\/sites\/32\/2024\/08\/FHJ_ARC_Alumni_Julia-Krendl-Architektur-Schluesselhof-Steyr-576x288.jpg, https:\/\/cdn3.fh-joanneum.at\/media\/sites\/32\/2024\/08\/FHJ_ARC_Alumni_Julia-Krendl-Architektur-Schluesselhof-Steyr-768x384.jpg 2x\"\n            \/>\n                    <source\n                media=\"(max-width: 768px)\"\n                srcset=\"https:\/\/cdn3.fh-joanneum.at\/media\/sites\/32\/2024\/08\/FHJ_ARC_Alumni_Julia-Krendl-Architektur-Schluesselhof-Steyr-768x384.jpg, https:\/\/cdn3.fh-joanneum.at\/media\/sites\/32\/2024\/08\/FHJ_ARC_Alumni_Julia-Krendl-Architektur-Schluesselhof-Steyr-1024x512.jpg 2x\"\n            \/>\n                    <source\n                media=\"(max-width: 1024px)\"\n                srcset=\"https:\/\/cdn3.fh-joanneum.at\/media\/sites\/32\/2024\/08\/FHJ_ARC_Alumni_Julia-Krendl-Architektur-Schluesselhof-Steyr-1024x512.jpg, https:\/\/cdn3.fh-joanneum.at\/media\/sites\/32\/2024\/08\/FHJ_ARC_Alumni_Julia-Krendl-Architektur-Schluesselhof-Steyr.jpg 2x\"\n            \/>\n                    <source\n                media=\"(max-width: 1200px)\"\n                srcset=\"https:\/\/cdn3.fh-joanneum.at\/media\/sites\/32\/2024\/08\/FHJ_ARC_Alumni_Julia-Krendl-Architektur-Schluesselhof-Steyr.jpg, https:\/\/cdn3.fh-joanneum.at\/media\/sites\/32\/2024\/08\/FHJ_ARC_Alumni_Julia-Krendl-Architektur-Schluesselhof-Steyr.jpg 2x\"\n            \/>\n                    <source\n                media=\"(max-width: 1200px)\"\n                srcset=\"https:\/\/cdn3.fh-joanneum.at\/media\/sites\/32\/2024\/08\/FHJ_ARC_Alumni_Julia-Krendl-Architektur-Schluesselhof-Steyr.jpg, https:\/\/cdn3.fh-joanneum.at\/media\/sites\/32\/2024\/08\/FHJ_ARC_Alumni_Julia-Krendl-Architektur-Schluesselhof-Steyr.jpg 2x\"\n            \/>\n                <img decoding=\"async\"\n        class=\"img-fluid @if ($image_credit || $media_subtitle) mb-2 @endif @if ($lightbox) modal-trigger @endif\" @click=\"modal = !modal\" aria-expanded=\"false\"\n        src=\"https:\/\/cdn3.fh-joanneum.at\/media\/sites\/32\/2024\/08\/FHJ_ARC_Alumni_Julia-Krendl-Architektur-Schluesselhof-Steyr.jpg\"\n        alt=\"\"\n        title=\"\"\n         loading=\"lazy\"             >\n<\/picture>\n\n                                                    <p class=\"text-muted fst-italic\">Photo: Julia Krendl<\/p>\n                                                                            <p class=\"text-muted\">Schl\u00fcsselhof Steyr &#8211; Interior Julia Krendl, Architektur Hertl Architekten ZT GmbH<\/p>\n                                            <\/div>\n\n                                    <\/div>\n\n            <\/div>\n        <\/div>\n    <\/div>\n<\/div>\n\n\n<div id=\"\" class=\"wp-block-text-content margin-bottom-normal\">\n    <div class=\"container-lg\">\n        <div class=\"row\">\n            <div class=\"col\">\n                <h5>Was ich an meinem Job nicht so mag:<\/h5>\n<p>Dass ich mir trotz gro&szlig;er Flexibilit&auml;t oft zu wenig Zeit f&uuml;r mich selbst freischaufle.<\/p>\n<h5>Wichtige F&auml;higkeiten in meinem Job:<\/h5>\n<ul>\n<li>Empathie<\/li>\n<li>Flexibilit&auml;t<\/li>\n<li>L&ouml;sungsorientiertes Arbeiten<\/li>\n<\/ul>\n<h5>Mein bisher gr&ouml;&szlig;ter Erfolg:<\/h5>\n<p>Die konstante Zufriedenheit in meiner Arbeit ist definitiv ein Highlight. Ich liebe die Entwicklung von Umbauprojekten, vom ersten Gespr&auml;ch zur &Uuml;bergabe des Projekts.<\/p>\n<p>Oft ist es ein Balanceakt, alles unter einen Hut zu bekommen &ndash; Berufung, Elternsein, Partnerin zu sein. Nach stressigen Phasen bin ich stolz, dass wir als Familie so einen starken Zusammenhalt haben.<\/p>\n\n            <\/div>\n        <\/div>\n            <\/div>\n<\/div>\n\n\n<div\n    id=\"\"\n    class=\"wp-block-content-image margin-bottom-normal\"\n>\n    <div class=\"container-lg\">\n        <div class=\"row\">\n            <div class=\"col-12\">\n                <div >\n\n                    <div class=\"image-wrapper\">\n                        <picture>\n                        <source\n                media=\"(max-width: 576px)\"\n                srcset=\"https:\/\/cdn3.fh-joanneum.at\/media\/sites\/32\/2024\/08\/FHJ_ARC_Alumni_Julia-Krendl_efsta-lucyd_juliakrendl-channesecker-Kueche-576x288.jpg, https:\/\/cdn3.fh-joanneum.at\/media\/sites\/32\/2024\/08\/FHJ_ARC_Alumni_Julia-Krendl_efsta-lucyd_juliakrendl-channesecker-Kueche-768x384.jpg 2x\"\n            \/>\n                    <source\n                media=\"(max-width: 768px)\"\n                srcset=\"https:\/\/cdn3.fh-joanneum.at\/media\/sites\/32\/2024\/08\/FHJ_ARC_Alumni_Julia-Krendl_efsta-lucyd_juliakrendl-channesecker-Kueche-768x384.jpg, https:\/\/cdn3.fh-joanneum.at\/media\/sites\/32\/2024\/08\/FHJ_ARC_Alumni_Julia-Krendl_efsta-lucyd_juliakrendl-channesecker-Kueche-1024x512.jpg 2x\"\n            \/>\n                    <source\n                media=\"(max-width: 1024px)\"\n                srcset=\"https:\/\/cdn3.fh-joanneum.at\/media\/sites\/32\/2024\/08\/FHJ_ARC_Alumni_Julia-Krendl_efsta-lucyd_juliakrendl-channesecker-Kueche-1024x512.jpg, https:\/\/cdn3.fh-joanneum.at\/media\/sites\/32\/2024\/08\/FHJ_ARC_Alumni_Julia-Krendl_efsta-lucyd_juliakrendl-channesecker-Kueche.jpg 2x\"\n            \/>\n                    <source\n                media=\"(max-width: 1200px)\"\n                srcset=\"https:\/\/cdn3.fh-joanneum.at\/media\/sites\/32\/2024\/08\/FHJ_ARC_Alumni_Julia-Krendl_efsta-lucyd_juliakrendl-channesecker-Kueche.jpg, https:\/\/cdn3.fh-joanneum.at\/media\/sites\/32\/2024\/08\/FHJ_ARC_Alumni_Julia-Krendl_efsta-lucyd_juliakrendl-channesecker-Kueche.jpg 2x\"\n            \/>\n                    <source\n                media=\"(max-width: 1200px)\"\n                srcset=\"https:\/\/cdn3.fh-joanneum.at\/media\/sites\/32\/2024\/08\/FHJ_ARC_Alumni_Julia-Krendl_efsta-lucyd_juliakrendl-channesecker-Kueche.jpg, https:\/\/cdn3.fh-joanneum.at\/media\/sites\/32\/2024\/08\/FHJ_ARC_Alumni_Julia-Krendl_efsta-lucyd_juliakrendl-channesecker-Kueche.jpg 2x\"\n            \/>\n                <img decoding=\"async\"\n        class=\"img-fluid @if ($image_credit || $media_subtitle) mb-2 @endif @if ($lightbox) modal-trigger @endif\" @click=\"modal = !modal\" aria-expanded=\"false\"\n        src=\"https:\/\/cdn3.fh-joanneum.at\/media\/sites\/32\/2024\/08\/FHJ_ARC_Alumni_Julia-Krendl_efsta-lucyd_juliakrendl-channesecker-Kueche.jpg\"\n        alt=\"\"\n        title=\"\"\n         loading=\"lazy\"             >\n<\/picture>\n\n                                                    <p class=\"text-muted fst-italic\">Photo: Julia Krendl<\/p>\n                                                                            <p class=\"text-muted\">B\u00fcroumbau Steyr 2023 mit Lucy.D<\/p>\n                                            <\/div>\n\n                                    <\/div>\n\n            <\/div>\n        <\/div>\n    <\/div>\n<\/div>\n\n\n<div id=\"\" class=\"wp-block-text-content margin-bottom-normal\">\n    <div class=\"container-lg\">\n        <div class=\"row\">\n            <div class=\"col\">\n                <h5>Wie ich diesen Job bekommen habe:<\/h5>\n<p>Generell die Entscheidung zur Selbstst&auml;ndigkeit!<\/p>\n\n            <\/div>\n        <\/div>\n            <\/div>\n<\/div>\n\n\n<div\n    id=\"\"\n    class=\"wp-block-content-image margin-bottom-normal\"\n>\n    <div class=\"container-lg\">\n        <div class=\"row\">\n            <div class=\"col-12\">\n                <div >\n\n                    <div class=\"image-wrapper\">\n                        <picture>\n                        <source\n                media=\"(max-width: 576px)\"\n                srcset=\"https:\/\/cdn3.fh-joanneum.at\/media\/sites\/32\/2024\/08\/FHJ_ARC_Alumni_Julia-Krendl_Perspektive-Hofseite-576x288.jpg, https:\/\/cdn3.fh-joanneum.at\/media\/sites\/32\/2024\/08\/FHJ_ARC_Alumni_Julia-Krendl_Perspektive-Hofseite-768x384.jpg 2x\"\n            \/>\n                    <source\n                media=\"(max-width: 768px)\"\n                srcset=\"https:\/\/cdn3.fh-joanneum.at\/media\/sites\/32\/2024\/08\/FHJ_ARC_Alumni_Julia-Krendl_Perspektive-Hofseite-768x384.jpg, https:\/\/cdn3.fh-joanneum.at\/media\/sites\/32\/2024\/08\/FHJ_ARC_Alumni_Julia-Krendl_Perspektive-Hofseite-1024x512.jpg 2x\"\n            \/>\n                    <source\n                media=\"(max-width: 1024px)\"\n                srcset=\"https:\/\/cdn3.fh-joanneum.at\/media\/sites\/32\/2024\/08\/FHJ_ARC_Alumni_Julia-Krendl_Perspektive-Hofseite-1024x512.jpg, https:\/\/cdn3.fh-joanneum.at\/media\/sites\/32\/2024\/08\/FHJ_ARC_Alumni_Julia-Krendl_Perspektive-Hofseite.jpg 2x\"\n            \/>\n                    <source\n                media=\"(max-width: 1200px)\"\n                srcset=\"https:\/\/cdn3.fh-joanneum.at\/media\/sites\/32\/2024\/08\/FHJ_ARC_Alumni_Julia-Krendl_Perspektive-Hofseite.jpg, https:\/\/cdn3.fh-joanneum.at\/media\/sites\/32\/2024\/08\/FHJ_ARC_Alumni_Julia-Krendl_Perspektive-Hofseite.jpg 2x\"\n            \/>\n                    <source\n                media=\"(max-width: 1200px)\"\n                srcset=\"https:\/\/cdn3.fh-joanneum.at\/media\/sites\/32\/2024\/08\/FHJ_ARC_Alumni_Julia-Krendl_Perspektive-Hofseite.jpg, https:\/\/cdn3.fh-joanneum.at\/media\/sites\/32\/2024\/08\/FHJ_ARC_Alumni_Julia-Krendl_Perspektive-Hofseite.jpg 2x\"\n            \/>\n                <img decoding=\"async\"\n        class=\"img-fluid @if ($image_credit || $media_subtitle) mb-2 @endif @if ($lightbox) modal-trigger @endif\" @click=\"modal = !modal\" aria-expanded=\"false\"\n        src=\"https:\/\/cdn3.fh-joanneum.at\/media\/sites\/32\/2024\/08\/FHJ_ARC_Alumni_Julia-Krendl_Perspektive-Hofseite.jpg\"\n        alt=\"\"\n        title=\"\"\n         loading=\"lazy\"             >\n<\/picture>\n\n                                                    <p class=\"text-muted fst-italic\">Photo: Julia Krendl<\/p>\n                                                                            <p class=\"text-muted\">WB_Tabor Su\u0308d_Steyr_Perspektive Hofeingang \u2013 Wettbewerb 24 ARGE mit Poppe*Prehal Architekten ZT GmbH<\/p>\n                                            <\/div>\n\n                                    <\/div>\n\n            <\/div>\n        <\/div>\n    <\/div>\n<\/div>\n\n\n<div id=\"\" class=\"wp-block-text-content margin-bottom-normal\">\n    <div class=\"container-lg\">\n        <div class=\"row\">\n            <div class=\"col\">\n                <h5>Was ich im Studium f&uuml;r den Job gelernt habe:<\/h5>\n<p>Der wichtigste Part im Studium war f&uuml;r mich sicher das Berufspraktikum im Bachelorstudiengang &bdquo;<a href=\"https:\/\/www.fh-joanneum.at\/architektur\/bachelor\/\">Bauplanung und Bauwirtschaft<\/a>&ldquo;. Das Tun in einer realen Umgebung mit allen Konsequenzen, dem Lernen aus Fehlern l&auml;sst einen am meisten wachsen. Wichtig ist, zu beginnen, zu scheitern, zu lernen, zu wachsen.<\/p>\n\n            <\/div>\n        <\/div>\n            <\/div>\n<\/div>\n\n\n<div\n    id=\"\"\n    class=\"wp-block-content-image margin-bottom-normal\"\n>\n    <div class=\"container-lg\">\n        <div class=\"row\">\n            <div class=\"col-12\">\n                <div >\n\n                    <div class=\"image-wrapper\">\n                        <picture>\n                        <source\n                media=\"(max-width: 576px)\"\n                srcset=\"https:\/\/cdn3.fh-joanneum.at\/media\/sites\/32\/2024\/08\/FHJ_ARC_Alumni_Julia-Krendl_240520_ZEUG_FRONT-576x288.jpg, https:\/\/cdn3.fh-joanneum.at\/media\/sites\/32\/2024\/08\/FHJ_ARC_Alumni_Julia-Krendl_240520_ZEUG_FRONT-768x384.jpg 2x\"\n            \/>\n                    <source\n                media=\"(max-width: 768px)\"\n                srcset=\"https:\/\/cdn3.fh-joanneum.at\/media\/sites\/32\/2024\/08\/FHJ_ARC_Alumni_Julia-Krendl_240520_ZEUG_FRONT-768x384.jpg, https:\/\/cdn3.fh-joanneum.at\/media\/sites\/32\/2024\/08\/FHJ_ARC_Alumni_Julia-Krendl_240520_ZEUG_FRONT-1024x512.jpg 2x\"\n            \/>\n                    <source\n                media=\"(max-width: 1024px)\"\n                srcset=\"https:\/\/cdn3.fh-joanneum.at\/media\/sites\/32\/2024\/08\/FHJ_ARC_Alumni_Julia-Krendl_240520_ZEUG_FRONT-1024x512.jpg, https:\/\/cdn3.fh-joanneum.at\/media\/sites\/32\/2024\/08\/FHJ_ARC_Alumni_Julia-Krendl_240520_ZEUG_FRONT.jpg 2x\"\n            \/>\n                    <source\n                media=\"(max-width: 1200px)\"\n                srcset=\"https:\/\/cdn3.fh-joanneum.at\/media\/sites\/32\/2024\/08\/FHJ_ARC_Alumni_Julia-Krendl_240520_ZEUG_FRONT.jpg, https:\/\/cdn3.fh-joanneum.at\/media\/sites\/32\/2024\/08\/FHJ_ARC_Alumni_Julia-Krendl_240520_ZEUG_FRONT.jpg 2x\"\n            \/>\n                    <source\n                media=\"(max-width: 1200px)\"\n                srcset=\"https:\/\/cdn3.fh-joanneum.at\/media\/sites\/32\/2024\/08\/FHJ_ARC_Alumni_Julia-Krendl_240520_ZEUG_FRONT.jpg, https:\/\/cdn3.fh-joanneum.at\/media\/sites\/32\/2024\/08\/FHJ_ARC_Alumni_Julia-Krendl_240520_ZEUG_FRONT.jpg 2x\"\n            \/>\n                <img decoding=\"async\"\n        class=\"img-fluid @if ($image_credit || $media_subtitle) mb-2 @endif @if ($lightbox) modal-trigger @endif\" @click=\"modal = !modal\" aria-expanded=\"false\"\n        src=\"https:\/\/cdn3.fh-joanneum.at\/media\/sites\/32\/2024\/08\/FHJ_ARC_Alumni_Julia-Krendl_240520_ZEUG_FRONT.jpg\"\n        alt=\"\"\n        title=\"\"\n         loading=\"lazy\"             >\n<\/picture>\n\n                                                    <p class=\"text-muted fst-italic\">Photo: Julia Krendl<\/p>\n                                                                            <p class=\"text-muted\">Zeugst\u00e4tte lll \u2013 Baubeginn Winter 24<\/p>\n                                            <\/div>\n\n                                    <\/div>\n\n            <\/div>\n        <\/div>\n    <\/div>\n<\/div>\n\n\n<div id=\"\" class=\"wp-block-text-content margin-bottom-normal\">\n    <div class=\"container-lg\">\n        <div class=\"row\">\n            <div class=\"col\">\n                <h5>Die Jobchancen in meinem Bereich:<\/h5>\n<p>Ich kenne in der Region Steyr einige B&uuml;ros, die immer wieder neue Mitarbeiter:innen suchen.<\/p>\n<h5>Ich bin:<\/h5>\n<ul>\n<li>Weltoffen, mit anderen auf Augenh&ouml;he<\/li>\n<li>Flexibel und l&ouml;sungsorientiert<\/li>\n<li>Die Qualit&auml;t und das Endergebnis eines Projekts unter Budgeteinhaltung sind mir enorm wichtig.<\/li>\n<\/ul>\n\n            <\/div>\n        <\/div>\n            <\/div>\n<\/div>\n\n\n<div\n    id=\"\"\n    class=\"wp-block-blockquote margin-bottom-normal\"\n>\n    <div class=\"container-lg\">\n        <div class=\"row\">\n            <div class=\"col\">\n                <div class=\"d-block mb-2 fs-5 major-text-color\">Die Umsetzung von qualitativ ansprechenden Projekten ist oberstes Ziel meines Weges. Zudem m\u00f6chte ich als Arbeitgeber:in oder Partner:in ein soziokratisches Arbeitsumfeld bieten. Wie wir miteinander arbeiten und welche Qualit\u00e4t wir dabei erzeugen, spielt (gottseidank) eine immer wichtigere Rolle.<\/div>\n                <span class=\"d-flex justify-content-end\">Julia Krendl<\/span>\n            <\/div>\n        <\/div>\n    <\/div>\n<\/div>\n","protected":false},"excerpt":{"rendered":"<p>DI DI Julia Krendl, BSc ist seit 2020 in Steyr als selbst\u00e4ndige Ziviltechnikerin und Ingenieurkonsulentin f\u00fcr Architektur und Projektmanagement t\u00e4tig.<\/p>\n","protected":false},"author":143,"featured_media":10001390,"parent":10000296,"menu_order":1,"comment_status":"closed","ping_status":"closed","template":"template-absolvent.blade.php","meta":{"_acf_changed":false,"footnotes":""},"acf":[],"aioseo_notices":[],"_links":{"self":[{"href":"https:\/\/www.fh-joanneum.at\/architektur\/master\/wp-json\/wp\/v2\/pages\/10001368"}],"collection":[{"href":"https:\/\/www.fh-joanneum.at\/architektur\/master\/wp-json\/wp\/v2\/pages"}],"about":[{"href":"https:\/\/www.fh-joanneum.at\/architektur\/master\/wp-json\/wp\/v2\/types\/page"}],"author":[{"embeddable":true,"href":"https:\/\/www.fh-joanneum.at\/architektur\/master\/wp-json\/wp\/v2\/users\/143"}],"replies":[{"embeddable":true,"href":"https:\/\/www.fh-joanneum.at\/architektur\/master\/wp-json\/wp\/v2\/comments?post=10001368"}],"version-history":[{"count":8,"href":"https:\/\/www.fh-joanneum.at\/architektur\/master\/wp-json\/wp\/v2\/pages\/10001368\/revisions"}],"predecessor-version":[{"id":10001421,"href":"https:\/\/www.fh-joanneum.at\/architektur\/master\/wp-json\/wp\/v2\/pages\/10001368\/revisions\/10001421"}],"up":[{"embeddable":true,"href":"https:\/\/www.fh-joanneum.at\/architektur\/master\/wp-json\/wp\/v2\/pages\/10000296"}],"wp:featuredmedia":[{"embeddable":true,"href":"https:\/\/www.fh-joanneum.at\/architektur\/master\/wp-json\/wp\/v2\/media\/10001390"}],"wp:attachment":[{"href":"https:\/\/www.fh-joanneum.at\/architektur\/master\/wp-json\/wp\/v2\/media?parent=10001368"}],"curies":[{"name":"wp","href":"https:\/\/api.w.org\/{rel}","templated":true}]}}