{"id":10001419,"date":"2024-08-13T09:18:57","date_gmt":"2024-08-13T07:18:57","guid":{"rendered":"https:\/\/www.fh-joanneum.at\/architektur\/master\/?page_id=10001419"},"modified":"2024-08-13T09:18:59","modified_gmt":"2024-08-13T07:18:59","slug":"di-hemma-hartl-bsc","status":"publish","type":"page","link":"https:\/\/www.fh-joanneum.at\/architektur\/master\/nach-dem-studium\/absolventinnen-absolventen\/di-hemma-hartl-bsc\/","title":{"rendered":"DI Hemma Hartl, BSc"},"content":{"rendered":"<div id=\"\" class=\"wp-block-text-content margin-bottom-normal\">\n    <div class=\"container-lg\">\n        <div class=\"row\">\n            <div class=\"col\">\n                <h4>Eckdaten<\/h4>\n<p><strong>Unternehmen:<\/strong> <a href=\"https:\/\/www.heigl-consulting.at\/\" target=\"_blank\" rel=\"noopener noreferrer\">Heigl Consulting ZT GmbH <\/a><\/p>\n<p><strong>Ich arbeite in:<\/strong> Graz, Steiermark<\/p>\n<p><strong>Ich arbeite hier seit:<\/strong> 2023<\/p>\n<p><a href=\"mailto:techniker@heigl-consulting.at\">Mein Kontakt<\/a><\/p>\n<p><strong>Meine Social URLs:<\/strong> <a href=\"https:\/\/www.linkedin.com\/in\/hemma-hartl-a38b1b255\" target=\"_blank\" rel=\"noopener noreferrer\">Hemma Hartl<\/a> (LinkedIn)<\/p>\n\n            <\/div>\n        <\/div>\n            <\/div>\n<\/div>\n\n\n<div id=\"\" class=\"wp-block-text-content margin-bottom-normal\">\n    <div class=\"container-lg\">\n        <div class=\"row\">\n            <div class=\"col\">\n                <h5>Was ich mache:<\/h5>\n<ul>\n<li>Pl&auml;ne zeichnen<\/li>\n<li>Mit GIS-Daten arbeiten<\/li>\n<li>Au&szlig;endiensttermine wahrnehmen<\/li>\n<\/ul>\n<h5>Warum ich meinen Job liebe:<\/h5>\n<ul>\n<li>Spannende, abwechslungsreiche Aufgaben<\/li>\n<li>Viele neue Kontakte<\/li>\n<li>Praxiserfahrung f&uuml;r meine Dissertation<\/li>\n<\/ul>\n<h5>Was ich an meinem Job nicht so mag:<\/h5>\n<p>Kurzfristige Terminvereinbarungen &ndash; es kann vorkommen, dass spontane Zusagen gemacht werden und man innerhalb weniger Stunden Pl&auml;ne &bdquo;zaubern&ldquo; muss.<\/p>\n<h5>Wichtige F&auml;higkeiten in meinem Job:<\/h5>\n<ul>\n<li>Freude an der Raumplanung<\/li>\n<li>Genaue und strukturierte Arbeitsweise<\/li>\n<li>CAD-Zeichenerfahrung<\/li>\n<\/ul>\n<h5>Mein bisher gr&ouml;&szlig;ter Erfolg:<\/h5>\n<p>In unserem B&uuml;ro hat jeder die M&ouml;glichkeit direkt am Geschehen teilzunehmen, an der Raumplanung der Steiermark mitzuwirken und einen wertvollen Beitrag zur nachhaltigen Entwicklung zu leisten. Mein absolutes Highlight ist die umfangreiche Erfahrung, die ich in der kurzen Zeit sammeln konnte, sowie die vielen verantwortungsvollen Aufgaben, die ich umsetzen konnte. Diese Erfahrungen sind f&uuml;r meine Dissertation &auml;u&szlig;erst wertvoll und erm&ouml;glichen es mir, mich in der Fachwelt zu behaupten.<\/p>\n<h5>Wie ich diesen Job bekommen habe:<\/h5>\n<p>Ich habe diesen Job durch eine Initiativbewerbung erhalten. Da ich wusste, dass ich in die Raumplanung wollte, habe ich mich einfach beworben und hatte Gl&uuml;ck.<\/p>\n<h5>Was ich im Studium f&uuml;r den Job gelernt habe:<\/h5>\n<p>Aus meinem Studium habe ich die F&auml;higkeit des vernetzten Denkens mitgenommen. Auch wenn die Raumplanung ein eigenes Fachgebiet ist, hilft mir mein Hintergrundwissen in der Architektur sehr. Der Umgang mit Pl&auml;nen und CAD-Programmen ist ebenfalls essenziell f&uuml;r meine Arbeit.<\/p>\n<h5>Die Jobchancen in meinem Bereich:<\/h5>\n<p>Die Chancen in die Raumplanung einzusteigen sind meiner Meinung nach sehr gut, da dieses Feld andere Aspekte abdeckt als die Architektur. Wichtig ist jedoch, wie in allen Bereichen, eine Leidenschaft f&uuml;r die Thematik zu haben.<\/p>\n<h5>Ich bin:<\/h5>\n<ul>\n<li>kommunikativ<\/li>\n<li>wissbegierig<\/li>\n<li>ehrgeizig<\/li>\n<\/ul>\n<p>&nbsp;<\/p>\n\n            <\/div>\n        <\/div>\n            <\/div>\n<\/div>\n\n\n<div\n    id=\"\"\n    class=\"wp-block-blockquote margin-bottom-normal\"\n>\n    <div class=\"container-lg\">\n        <div class=\"row\">\n            <div class=\"col\">\n                <div class=\"d-block mb-2 fs-5 major-text-color\">Da meine akademische Karriere noch nicht abgeschlossen ist, wei\u00df ich noch nicht genau, wohin mich meine berufliche Reise f\u00fchren wird. Eines wei\u00df ich jedoch sicher, es wird der Bereich der Raumplanung sein. Ich m\u00f6chte aktiv an der nachhaltigen Entwicklung unserer Umwelt mitwirken und meinen Beitrag leisten. Studieninteressierten kann ich nur raten, es zu versuchen, den jede:r wird seinen:ihren Platz finden. Die Architektur und die Raumplanung sind unglaublich vielf\u00e4ltige und lohnende Bereiche. <\/div>\n                <span class=\"d-flex justify-content-end\">Hemma Hartl<\/span>\n            <\/div>\n        <\/div>\n    <\/div>\n<\/div>\n\n\n<div\n    id=\"\"\n    class=\"wp-block-tipp-box margin-bottom-normal\"\n>\n    <div class=\"container-lg\">\n        <div class=\"row\">\n            <div class=\"col\">\n                <div class=\"tipp-box border border-info\">\n                    <div class=\"tipp-box-inner p-2 p-md-3\">\n                        <h4 class=\"\">Hinweis<\/h4>\n                        <p>Hemma Hartl absolviert seit Mai 2023 das Doktoratsstudium der Technischen Wissenschaften an der Technischen Universit\u00e4t Graz. <a href=\"https:\/\/www.fh-joanneum.at\/news\/mein-weg-zum-doktorat\/\">Hier<\/a> geht es zum Interview.<\/p>\n\n                    <\/div>\n                <\/div>\n            <\/div>\n        <\/div>\n    <\/div>\n<\/div>\n","protected":false},"excerpt":{"rendered":"<p>DI Hemma Hartl, BSc ist seit 2023 Technikerin in der Raumplanung bei Heigl Consulting ZT GmbH in Graz und absolviert parallel das Doktoratsstudium der Technischen Wissenschaften an der Technischen Universit\u00e4t Graz.<\/p>\n","protected":false},"author":143,"featured_media":10001423,"parent":10000296,"menu_order":0,"comment_status":"closed","ping_status":"closed","template":"template-absolvent.blade.php","meta":{"_acf_changed":false,"footnotes":""},"acf":[],"aioseo_notices":[],"_links":{"self":[{"href":"https:\/\/www.fh-joanneum.at\/architektur\/master\/wp-json\/wp\/v2\/pages\/10001419"}],"collection":[{"href":"https:\/\/www.fh-joanneum.at\/architektur\/master\/wp-json\/wp\/v2\/pages"}],"about":[{"href":"https:\/\/www.fh-joanneum.at\/architektur\/master\/wp-json\/wp\/v2\/types\/page"}],"author":[{"embeddable":true,"href":"https:\/\/www.fh-joanneum.at\/architektur\/master\/wp-json\/wp\/v2\/users\/143"}],"replies":[{"embeddable":true,"href":"https:\/\/www.fh-joanneum.at\/architektur\/master\/wp-json\/wp\/v2\/comments?post=10001419"}],"version-history":[{"count":3,"href":"https:\/\/www.fh-joanneum.at\/architektur\/master\/wp-json\/wp\/v2\/pages\/10001419\/revisions"}],"predecessor-version":[{"id":10001427,"href":"https:\/\/www.fh-joanneum.at\/architektur\/master\/wp-json\/wp\/v2\/pages\/10001419\/revisions\/10001427"}],"up":[{"embeddable":true,"href":"https:\/\/www.fh-joanneum.at\/architektur\/master\/wp-json\/wp\/v2\/pages\/10000296"}],"wp:featuredmedia":[{"embeddable":true,"href":"https:\/\/www.fh-joanneum.at\/architektur\/master\/wp-json\/wp\/v2\/media\/10001423"}],"wp:attachment":[{"href":"https:\/\/www.fh-joanneum.at\/architektur\/master\/wp-json\/wp\/v2\/media?parent=10001419"}],"curies":[{"name":"wp","href":"https:\/\/api.w.org\/{rel}","templated":true}]}}