{"id":10000093,"date":"2015-08-11T10:54:29","date_gmt":"2015-08-11T10:54:29","guid":{"rendered":"https:\/\/www.fh-joanneum.at\/ausstellungsdesign\/master\/?page_id=93"},"modified":"2026-01-08T11:01:21","modified_gmt":"2026-01-08T10:01:21","slug":"bewerbung","status":"publish","type":"page","link":"https:\/\/www.fh-joanneum.at\/ausstellungsdesign\/master\/vor-dem-studium\/bewerbung\/","title":{"rendered":"Bewerbung"},"content":{"rendered":"<div id=\"\" class=\"wp-block-text-content margin-bottom-none\">\n    <div class=\"container-lg\">\n        <div class=\"row\">\n            <div class=\"col\">\n                <div class=\"module-migration-headline\">\n<h3>Bewerbung<\/h3>\n<\/div>\n\n            <\/div>\n        <\/div>\n            <\/div>\n<\/div>\n\n\n<div id=\"\" class=\"wp-block-text-content margin-bottom-normal\">\n    <div class=\"container-lg\">\n        <div class=\"row\">\n            <div class=\"col\">\n                <p>Wenn Sie die Voraussetzungen erf&uuml;llen, k&ouml;nnen Sie sich f&uuml;r das Studium bewerben. <\/p>\n\n            <\/div>\n        <\/div>\n            <\/div>\n<\/div>\n\n\n<div id=\"\" class=\"wp-block-text-content margin-bottom-normal\">\n    <div class=\"container-lg\">\n        <div class=\"row\">\n            <div class=\"col\">\n                <h4>Step 1: Folgende Unterlagen ben&ouml;tigen Sie:<\/h4>\n<ul>\n<li>\n<p><strong>Bewerbungsschreiben, signiert<\/strong><\/p>\n<\/li>\n<li>\n<p><strong>Lebenslauf, signiert<\/strong><\/p>\n<\/li>\n<li>\n<p><strong>Nachweis &uuml;ber den Abschluss eines facheinschl&auml;gigen Bachelorstudiums oder einer gleichwertigen Ausbildung<\/strong> <br>\nDieser Nachweis ist von Absolventinnen und Absolventen eines Studiums der FH JOANNEUM nicht zu erbringen.<\/p>\n<\/li>\n<li>\n<p><strong>Erfolgsnachweis (Transcript of Records) zur &Uuml;berpr&uuml;fung der Zugangsvoraussetzungen<\/strong> <br>\nDieser Nachweis ist von Absolventinnen und Absolventen eines Studiums der FH JOANNEUM nicht zu erbringen.<\/p>\n<\/li>\n<\/ul>\n\n            <\/div>\n        <\/div>\n            <\/div>\n<\/div>\n\n\n<div\n    id=\"\"\n    class=\"wp-block-tipp-box margin-bottom-normal\"\n>\n    <div class=\"container-lg\">\n        <div class=\"row\">\n            <div class=\"col\">\n                <div class=\"tipp-box border border-warning\">\n                    <div class=\"tipp-box-inner p-2 p-md-3\">\n                        <h4 class=\"\">Tipp<\/h4>\n                        <p>Falls Sie inl\u00e4ndische Dokumente (Bachelor- oder Diplomurkunde) zum Zeitpunkt der Bewerbung noch nicht haben, k\u00f6nnen Sie diese bis zum Studienbeginn nachreichen. F\u00fcr Dokumente von internationalen Bewerber:innen gelten eigene Richtlinien. Bei Fragen dazu senden Sie diese per Mail an <a href=\"mailto:bewerbung@fh-joanneum.at\">bewerbung@fh-joanneum.at<\/a>.<\/p>\n<p>Die Bewerbungsunterlagen (Ausnahme: Originaldokumente) k\u00f6nnen sowohl in deutscher als auch in englischer Sprache eingereicht werden.<\/p>\n\n                    <\/div>\n                <\/div>\n            <\/div>\n        <\/div>\n    <\/div>\n<\/div>\n\n\n<div id=\"\" class=\"wp-block-text-content margin-bottom-normal\">\n    <div class=\"container-lg\">\n        <div class=\"row\">\n            <div class=\"col\">\n                <ul>\n<li><strong>PDF bestehend aus<\/strong><\/li>\n<li>dem Web-Link zum Online-Portfolio deutlich sichtbar in der ersten Zeile der ersten Seite<\/li>\n<li>unverbindliche Angabe der gew&uuml;nschten Studienrichtung: <strong>Communication Design, Exhibition Design<\/strong><\/li>\n<li>einer Liste aller Arbeiten des Portfolios mit Angabe der Urheberschaft. Im Fall von Gruppenarbeiten muss die eigene Arbeitsleistung klar beschrieben sein.<\/li>\n<li>Screenshots von allen Online-Portfolio-Seiten (auch Screenshots von Videos, Animationen oder interaktiven Anwendungen)<\/li>\n<\/ul>\n<h5>Online-Portfolio<\/h5>\n<ul>\n<li>Vorgaben f&uuml;r das Online-Portfolio<\/li>\n<li>Akzeptiert werden ausschlie&szlig;lich Online-Portfolios.<\/li>\n<li>Das Portfolio soll insgesamt etwa 10 bis 20 repr&auml;sentative Arbeiten zeigen.<\/li>\n<li>Die Auswahl und die mediale Form der gezeigten Arbeiten obliegt allein den BewerberInnen, soll aber dem Interessens- beziehungsweise Kompetenzspektrum entsprechen und dieses vermitteln.<\/li>\n<li>Es sind alle medialen Formen zul&auml;ssig &ndash; zum Beispiel: Grafiken, Illustrationen, Fotos, Texte, Videos, Animationen, Apps, Audioproduktionen, Webseiten, Medieninstallationen, Projektdokumentationen etc.<\/li>\n<li>Beschreibende Texte m&uuml;ssen in Deutsch oder Englisch verfasst sein.<\/li>\n<li>Das Online-Portfolio muss im Zeitraum vom <strong>Bewerbungstermin bis Ende Oktober zug&auml;nglich sein.<\/strong><\/li>\n<\/ul>\n<p><strong>Den Link zum Online-Portfolio k&ouml;nnen Sie bei Ihrer Onlinebewerbung hochladen.<\/strong><\/p>\n\n            <\/div>\n        <\/div>\n            <\/div>\n<\/div>\n\n\n<div id=\"\" class=\"wp-block-text-content margin-bottom-normal\">\n    <div class=\"container-lg\">\n        <div class=\"row\">\n            <div class=\"col\">\n                <ul>\n<li><strong>Nachweis der Allgemeinen Universit&auml;tsreife oder Studienberechtigung<\/strong><br>\nDieser Nachweis ist von Absolventinnen und Absolventen eines Studiums der FH JOANNEUM nicht zu erbringen.<\/li>\n<li><strong>Staatsb&uuml;rgerschaftsnachweis oder eine Kopie des Reisepasses<\/strong><br>\nDieser Nachweis ist von Absolventinnen und Absolventen eines Studiums der FH JOANNEUM nicht zu erbringen.<\/li>\n<li><strong>Nachweis &uuml;ber ausreichende Kenntnisse der englischen Sprache.<\/strong><br>\nDieser Nachweis muss dem <strong>Niveau B2<\/strong> nach dem <a href=\"http:\/\/www.goethe.de\/referenzrahmen\/\" target=\"_blank\" rel=\"noopener noreferrer\">europ&auml;ischen Referenzrahmen<\/a> entsprechen und kann beispielsweise erbracht werden durch\n<ul>\n<li>ein <a href=\"http:\/\/www.europaeischer-referenzrahmen.de\/toefl.php\" target=\"_blank\" rel=\"noopener noreferrer\">TOEFL-Zertifikat (mindestens 87 Punkte),<\/a><\/li>\n<li>ein <a title=\"telc\" href=\"http:\/\/www.telc.net\/\" target=\"_blank\" rel=\"noopener noreferrer\">TELC-Zertifikat,<\/a><\/li>\n<li>ein <a href=\"http:\/\/www.cambridgeenglish.org\/exams\/first\/\" target=\"_blank\" rel=\"noopener noreferrer\">Cambridge-Zertifikat (First Certificate in English &ndash; FCE),<\/a><\/li>\n<li>ein <a href=\"http:\/\/www.europaeischer-referenzrahmen.de\/ielts.php\" target=\"_blank\" rel=\"noopener noreferrer\">IELTS-Zertifikat,<\/a><\/li>\n<li>ein PTE Academic Zertifikat (Pearson Test of English; mindestens 59 Punkte)<\/li>\n<li>ein &ouml;sterreichisches Maturazeugnis oder<\/li>\n<li>einen sonstigen geeigneten Schulabschluss<\/li>\n<\/ul>\n<\/li>\n<\/ul>\n\n            <\/div>\n        <\/div>\n            <\/div>\n<\/div>\n\n\n<div id=\"\" class=\"wp-block-text-content margin-bottom-normal\">\n    <div class=\"container-lg\">\n        <div class=\"row\">\n            <div class=\"col\">\n                <h5>Sie haben internationale Dokumente und\/oder Sie sind keine &ouml;sterreichische Staatsb&uuml;rgerin oder kein &ouml;sterreichischer Staatsb&uuml;rger?<\/h5>\n<p>F&uuml;r Sie gibt es einige Besonderheiten zu beachten. Mehr Informationen dazu finden Sie unter dem Men&uuml;punkt <a href=\"https:\/\/www.fh-joanneum.at\/ausstellungsdesign\/master\/vor-dem-studium\/internationale-bewerberinnen\/\"><strong>Internationale Bewerber:innen.<\/strong><\/a><\/p>\n\n            <\/div>\n        <\/div>\n            <\/div>\n<\/div>\n\n\n<div id=\"\" class=\"wp-block-text-content margin-bottom-normal\">\n    <div class=\"container-lg\">\n        <div class=\"row\">\n            <div class=\"col\">\n                <h4>Step 2: Bewerben Sie sich online.<\/h4>\n<p><strong><a href=\"https:\/\/www.fh-joanneum.at\/studium\/online-bewerbung\/\">Hier geht es zur Onlinebewerbung.<\/a><\/strong><\/p>\n\n            <\/div>\n        <\/div>\n            <\/div>\n<\/div>\n\n\n<div\n    id=\"\"\n    class=\"wp-block-tipp-box margin-bottom-normal\"\n>\n    <div class=\"container-lg\">\n        <div class=\"row\">\n            <div class=\"col\">\n                <div class=\"tipp-box border border-info\">\n                    <div class=\"tipp-box-inner p-2 p-md-3\">\n                        <h4 class=\"\">Hinweis<\/h4>\n                        <p>Bewerben Sie sich beim Studiengang Communication and Exhibition Design f\u00fcr die Studienrichtung Exhibition Design.<\/p>\n\n                    <\/div>\n                <\/div>\n            <\/div>\n        <\/div>\n    <\/div>\n<\/div>\n\n\n<div\n    id=\"\"\n    class=\"wp-block-tipp-box margin-bottom-normal\"\n>\n    <div class=\"container-lg\">\n        <div class=\"row\">\n            <div class=\"col\">\n                <div class=\"tipp-box border border-warning\">\n                    <div class=\"tipp-box-inner p-2 p-md-3\">\n                        <h4 class=\"\">Tipp<\/h4>\n                        <p>Halten Sie die Bewerbungsfrist ein und achten Sie darauf, dass Ihre Unterlagen vollst\u00e4ndig, richtig und signiert sind, bevor Sie diese absenden. Nur so kann Ihre Bewerbung akzeptiert werden.<\/p>\n\n                    <\/div>\n                <\/div>\n            <\/div>\n        <\/div>\n    <\/div>\n<\/div>\n\n\n<div id=\"\" class=\"wp-block-text-content margin-bottom-normal\">\n    <div class=\"container-lg\">\n        <div class=\"row\">\n            <div class=\"col\">\n                <h4>Step 3: Sie erhalten die Einladung zum Aufnahmeverfahren.<\/h4>\n<p>Ihre Bewerbung wird von der Studienadministration &uuml;berpr&uuml;ft. Innerhalb von circa zwei Wochen bekommen Sie eine E-Mail mit der Best&auml;tigung, ob Ihre Unterlagen vollst&auml;ndig sind und Sie die Voraussetzungen f&uuml;r die Zulassung erf&uuml;llen.<\/p>\n<p>Informationen zu Termin und Ort des Aufnahmeverfahrens bekommen Sie circa zwei bis drei Wochen nach Ende der Bewerbungsfrist ebenfalls per E-Mail.<\/p>\n\n            <\/div>\n        <\/div>\n            <\/div>\n<\/div>\n","protected":false},"excerpt":{"rendered":"<p>Alle Informationen \u00fcber Bewerbung und ben\u00f6tigte Unterlagen.<\/p>\n","protected":false},"author":10,"featured_media":0,"parent":10000087,"menu_order":13,"comment_status":"closed","ping_status":"closed","template":"","meta":{"_acf_changed":false,"footnotes":""},"acf":[],"aioseo_notices":[],"_links":{"self":[{"href":"https:\/\/www.fh-joanneum.at\/ausstellungsdesign\/master\/wp-json\/wp\/v2\/pages\/10000093"}],"collection":[{"href":"https:\/\/www.fh-joanneum.at\/ausstellungsdesign\/master\/wp-json\/wp\/v2\/pages"}],"about":[{"href":"https:\/\/www.fh-joanneum.at\/ausstellungsdesign\/master\/wp-json\/wp\/v2\/types\/page"}],"author":[{"embeddable":true,"href":"https:\/\/www.fh-joanneum.at\/ausstellungsdesign\/master\/wp-json\/wp\/v2\/users\/10"}],"replies":[{"embeddable":true,"href":"https:\/\/www.fh-joanneum.at\/ausstellungsdesign\/master\/wp-json\/wp\/v2\/comments?post=10000093"}],"version-history":[{"count":4,"href":"https:\/\/www.fh-joanneum.at\/ausstellungsdesign\/master\/wp-json\/wp\/v2\/pages\/10000093\/revisions"}],"predecessor-version":[{"id":10000896,"href":"https:\/\/www.fh-joanneum.at\/ausstellungsdesign\/master\/wp-json\/wp\/v2\/pages\/10000093\/revisions\/10000896"}],"up":[{"embeddable":true,"href":"https:\/\/www.fh-joanneum.at\/ausstellungsdesign\/master\/wp-json\/wp\/v2\/pages\/10000087"}],"wp:attachment":[{"href":"https:\/\/www.fh-joanneum.at\/ausstellungsdesign\/master\/wp-json\/wp\/v2\/media?parent=10000093"}],"curies":[{"name":"wp","href":"https:\/\/api.w.org\/{rel}","templated":true}]}}