{"id":10000095,"date":"2015-08-11T10:54:46","date_gmt":"2015-08-11T10:54:46","guid":{"rendered":"https:\/\/www.fh-joanneum.at\/ausstellungsdesign\/master\/?page_id=95"},"modified":"2023-03-17T13:55:37","modified_gmt":"2023-03-17T13:55:37","slug":"aufnahmeverfahren","status":"publish","type":"page","link":"https:\/\/www.fh-joanneum.at\/ausstellungsdesign\/master\/vor-dem-studium\/aufnahmeverfahren\/","title":{"rendered":"Aufnahmeverfahren"},"content":{"rendered":"<div id=\"\" class=\"wp-block-text-content margin-bottom-none\">\n    <div class=\"container-lg\">\n        <div class=\"row\">\n            <div class=\"col\">\n                <div class=\"module-migration-headline\">\n<h3>Aufnahmeverfahren<\/h3>\n<\/div>\n\n            <\/div>\n        <\/div>\n            <\/div>\n<\/div>\n\n<div id=\"\" class=\"wp-block-text-content margin-bottom-normal\">\n    <div class=\"container-lg\">\n        <div class=\"row\">\n            <div class=\"col\">\n                <p>Das Aufnahmeverfahren setzt sich zusammen aus:<\/p>\n<ul>\n<li>einer vollst&auml;ndigen Bewerbung,<\/li>\n<li>der Bewertung des Portfolios oder des selbst erarbeiteten Ausstellungskonzepts,<\/li>\n<li>einem Online-Gespr&auml;ch mit der Aufnahmekommission sowie<\/li>\n<li>der Beurteilung der vorangegangenen berufsqualifizierenden Ausbildung und berufspraktischen T&auml;tigkeiten.<\/li>\n<\/ul>\n<p>Die Form der Bewerbung flie&szlig;t in die Beurteilung ein.<\/p>\n<p>Sie werden zum weiteren Aufnahmeverfahren eingeladen, wenn Sie die Voraussetzungen f&uuml;r die Zulassung erf&uuml;llen und Ihr Online-Portfolio sowie Ihre Bewerbung vollst&auml;ndig und fristgerecht eingereicht haben. Informationen mit allen Details zum Gespr&auml;ch erhalten Sie zeitgerecht vor dem Termin per E-Mail. <\/p>\n\n            <\/div>\n        <\/div>\n            <\/div>\n<\/div>\n\n\n\n<div id=\"\" class=\"wp-block-text-content margin-bottom-normal\">\n    <div class=\"container-lg\">\n        <div class=\"row\">\n            <div class=\"col\">\n                <h4>Das Online-Gespr&auml;ch<\/h4>\n<p>Alle Teilnehmer:innen werden zu einem Gespr&auml;ch eingeladen. Im Gespr&auml;ch haben Sie die M&ouml;glichkeit, Ihre Kenntnisse auf dem Studiengebiet des Ausstellungsdesign darzustellen. Au&szlig;erdem bietet sich die Gelegenheit, Ihre Motivation, Eignung und Begabung f&uuml;r das gew&auml;hlte Studium und den angestrebten Beruf darzulegen. <\/p>\n<p>Sie f&uuml;hren das Gespr&auml;ch mit Verantwortlichen des Instituts Design &amp; Kommunikation. Es dauert etwa 20 Minuten.<\/p>\n\n            <\/div>\n        <\/div>\n            <\/div>\n<\/div>\n\n\n<div\n    id=\"\"\n    class=\"wp-block-tipp-box margin-bottom-normal\"\n>\n    <div class=\"container-lg\">\n        <div class=\"row\">\n            <div class=\"col\">\n                <div class=\"tipp-box border border-warning\">\n                    <div class=\"tipp-box-inner p-2 p-md-3\">\n                        <h4 class=\"\">Tipp<\/h4>\n                        <p>\u00dcberzeugen Sie sie durch Ihren Lebenslauf, Ihr Interesse an den Studieninhalten und Ihre Pers\u00f6nlichkeit. <\/p>\n\n                    <\/div>\n                <\/div>\n            <\/div>\n        <\/div>\n    <\/div>\n<\/div>\n\n<div id=\"\" class=\"wp-block-text-content margin-bottom-normal\">\n    <div class=\"container-lg\">\n        <div class=\"row\">\n            <div class=\"col\">\n                <h4>Bewertung der vorangegangenen Ausbildung und der beruflichen Erfahrung<\/h4>\n<p>Als zus&auml;tzliche Kriterien f&uuml;r die Aufnahmeentscheidung werden &uuml;berdies ber&uuml;cksichtigt:<\/p>\n<ul>\n<li>die bisherigen Studienabschl&uuml;sse<\/li>\n<li>die Begr&uuml;ndung zur Wahl des Studiengangs<\/li>\n<li>die F&auml;higkeiten im handwerklichen, k&uuml;nstlerischen und szenografischen Bereich<\/li>\n<li>der Umgang mit Computerprogrammen<\/li>\n<li>die Praxis auf dem Gebiet Audio \/ Video<\/li>\n<li>eigenst&auml;ndig realisierte Ausstellungen<\/li>\n<li>die Mitarbeit an Ausstellungsprojekten beziehungsweise im Messebau<\/li>\n<\/ul>\n\n            <\/div>\n        <\/div>\n            <\/div>\n<\/div>\n\n","protected":false},"excerpt":{"rendered":"<p>Im Zuge des Aufnahmeverfahrens ermitteln wir Ihre pers\u00f6nlichen F\u00e4higkeiten und Potenziale f\u00fcr das Studium. Was Sie genau erwartet, und wie Sie sich darauf vorbereiten k\u00f6nnen.<\/p>\n","protected":false},"author":10,"featured_media":0,"parent":10000087,"menu_order":14,"comment_status":"closed","ping_status":"closed","template":"","meta":{"_acf_changed":false,"footnotes":""},"acf":[],"aioseo_notices":[],"_links":{"self":[{"href":"https:\/\/www.fh-joanneum.at\/ausstellungsdesign\/master\/wp-json\/wp\/v2\/pages\/10000095"}],"collection":[{"href":"https:\/\/www.fh-joanneum.at\/ausstellungsdesign\/master\/wp-json\/wp\/v2\/pages"}],"about":[{"href":"https:\/\/www.fh-joanneum.at\/ausstellungsdesign\/master\/wp-json\/wp\/v2\/types\/page"}],"author":[{"embeddable":true,"href":"https:\/\/www.fh-joanneum.at\/ausstellungsdesign\/master\/wp-json\/wp\/v2\/users\/10"}],"replies":[{"embeddable":true,"href":"https:\/\/www.fh-joanneum.at\/ausstellungsdesign\/master\/wp-json\/wp\/v2\/comments?post=10000095"}],"version-history":[{"count":0,"href":"https:\/\/www.fh-joanneum.at\/ausstellungsdesign\/master\/wp-json\/wp\/v2\/pages\/10000095\/revisions"}],"up":[{"embeddable":true,"href":"https:\/\/www.fh-joanneum.at\/ausstellungsdesign\/master\/wp-json\/wp\/v2\/pages\/10000087"}],"wp:attachment":[{"href":"https:\/\/www.fh-joanneum.at\/ausstellungsdesign\/master\/wp-json\/wp\/v2\/media?parent=10000095"}],"curies":[{"name":"wp","href":"https:\/\/api.w.org\/{rel}","templated":true}]}}