{"id":10000099,"date":"2015-08-11T10:55:57","date_gmt":"2015-08-11T10:55:57","guid":{"rendered":"https:\/\/www.fh-joanneum.at\/ausstellungsdesign\/master\/?page_id=99"},"modified":"2025-07-17T09:28:56","modified_gmt":"2025-07-17T07:28:56","slug":"nach-dem-aufnahmeverfahren","status":"publish","type":"page","link":"https:\/\/www.fh-joanneum.at\/ausstellungsdesign\/master\/vor-dem-studium\/nach-dem-aufnahmeverfahren\/","title":{"rendered":"Nach dem Aufnahmeverfahren"},"content":{"rendered":"<div id=\"\" class=\"wp-block-text-content margin-bottom-none\">\n    <div class=\"container-lg\">\n        <div class=\"row\">\n            <div class=\"col\">\n                <div class=\"module-migration-headline\">\n<h3>Nach dem Aufnahmeverfahren<\/h3>\n<\/div>\n\n            <\/div>\n        <\/div>\n            <\/div>\n<\/div>\n\n\n<div id=\"\" class=\"wp-block-text-content margin-bottom-normal\">\n    <div class=\"container-lg\">\n        <div class=\"row\">\n            <div class=\"col\">\n                <h4>Auswertung des Aufnahmeverfahrens<\/h4>\n<p>Jeder Teil des Aufnahmeverfahrens wird einzeln ausgewertet. Ihr Gesamtergebnis bestimmt, ob Sie als Studierende:r aufgenommen werden.<\/p>\n\n            <\/div>\n        <\/div>\n            <\/div>\n<\/div>\n\n\n<div id=\"\" class=\"wp-block-text-content margin-bottom-normal\">\n    <div class=\"container-lg\">\n        <div class=\"row\">\n            <div class=\"col\">\n                <h4>Ihr Ergebnis<\/h4>\n<p>Einige Tage nach dem Aufnahmegespr&auml;ch erfahren Sie hier, ob Sie aufgenommen sind oder nicht beziehungsweise auf die Warteliste gesetzt wurden. Suchen Sie in der Liste nach Ihrem BewerberInnenkennzeichen. Au&szlig;erdem werden Sie nach Abschluss des Aufnahmeverfahrens schriftlich verst&auml;ndigt, ob Sie einen Studienplatz erhalten haben oder nicht.<\/p>\n<p>Dies gilt f&uuml;r alle Bewerbungstermine. <\/p>\n\n            <\/div>\n        <\/div>\n            <\/div>\n<\/div>\n\n\n<div\n    id=\"\"\n    class=\"wp-block-downloads margin-bottom-normal\"\n>\n    <div class=\"container-lg\">\n        <div class=\"row\">\n                                                                        <div class=\"col-12 col-md-6 mb-4\">\n                            <a\n                                download\n                                href=\"https:\/\/cdn3.fh-joanneum.at\/media\/sites\/39\/2025\/07\/AUD2025_Zusagen.pdf\"\n                                target=\"_blank\"\n                                class=\"d-block text-decoration-none major-text-color-hover border p-2\"\n                            >\n                                <div class=\"d-flex align-items-center\">\n                                    <?xml version=\"1.0\" encoding=\"UTF-8\"?>\n<svg class=\"me-2 flex-shrink-0\" xmlns=\"http:\/\/www.w3.org\/2000\/svg\"  width=\"44\" height=\"48\" viewBox=\"0 0 512 512\">\n      <path d=\"m21 53l0 406c0 29 24 53 54 53l170 0c6 0 11-5 11-11 0-6-5-10-11-10l-170 0c-18 0-32-15-32-32l0-363c9 7 20 11 32 11l352 0 0 128c0 6 4 10 10 10 6 0 11-4 11-10l0-150-373 0c-18 0-32-14-32-32 0-17 14-32 32-32l362 0c6 0 11-4 11-10 0-6-5-11-11-11l-362 0c-30 0-54 24-54 53z m342 459c-71 0-128-57-128-128 0-71 57-128 128-128 70 0 128 57 128 128 0 71-58 128-128 128z m-8-67c0 0 0 0 0 0l-43-43c-4-4-4-11 0-15 5-4 11-4 16 0l24 25 0-81c0-6 5-11 11-11 6 0 10 5 10 11l0 81 25-25c4-4 11-4 15 0 4 4 4 11 0 15l-43 43c0 0 0 0 0 0l-7 7z m8-168c-59 0-107 48-107 107 0 59 48 107 107 107 58 0 106-48 106-107 0-59-48-107-106-107z m-288-234l0 21 352 0 0-21z\"\/>\n<\/svg>                                    <div class=\"download-info\">\n                                        <span class=\"download-title fw-bold\">\n                                            Studienplatzzusagen 2025\n                                        <\/span>\n\n                                        <div class=\"download-meta\">\n                                            <span class=\"download-size\">464 kB<\/span>\n                                            <span class=\"download-cta\">PDF<\/span>\n                                        <\/div>\n                                    <\/div>\n                                <\/div>\n                            <\/a>\n                        <\/div>\n                                                                                <div class=\"col-12 col-md-6 mb-4\">\n                            <a\n                                download\n                                href=\"https:\/\/cdn3.fh-joanneum.at\/media\/sites\/39\/2025\/07\/AUD25_Warteliste_2025.pdf\"\n                                target=\"_blank\"\n                                class=\"d-block text-decoration-none major-text-color-hover border p-2\"\n                            >\n                                <div class=\"d-flex align-items-center\">\n                                    <?xml version=\"1.0\" encoding=\"UTF-8\"?>\n<svg class=\"me-2 flex-shrink-0\" xmlns=\"http:\/\/www.w3.org\/2000\/svg\"  width=\"44\" height=\"48\" viewBox=\"0 0 512 512\">\n      <path d=\"m21 53l0 406c0 29 24 53 54 53l170 0c6 0 11-5 11-11 0-6-5-10-11-10l-170 0c-18 0-32-15-32-32l0-363c9 7 20 11 32 11l352 0 0 128c0 6 4 10 10 10 6 0 11-4 11-10l0-150-373 0c-18 0-32-14-32-32 0-17 14-32 32-32l362 0c6 0 11-4 11-10 0-6-5-11-11-11l-362 0c-30 0-54 24-54 53z m342 459c-71 0-128-57-128-128 0-71 57-128 128-128 70 0 128 57 128 128 0 71-58 128-128 128z m-8-67c0 0 0 0 0 0l-43-43c-4-4-4-11 0-15 5-4 11-4 16 0l24 25 0-81c0-6 5-11 11-11 6 0 10 5 10 11l0 81 25-25c4-4 11-4 15 0 4 4 4 11 0 15l-43 43c0 0 0 0 0 0l-7 7z m8-168c-59 0-107 48-107 107 0 59 48 107 107 107 58 0 106-48 106-107 0-59-48-107-106-107z m-288-234l0 21 352 0 0-21z\"\/>\n<\/svg>                                    <div class=\"download-info\">\n                                        <span class=\"download-title fw-bold\">\n                                            Warteliste 2025\n                                        <\/span>\n\n                                        <div class=\"download-meta\">\n                                            <span class=\"download-size\">118 kB<\/span>\n                                            <span class=\"download-cta\">PDF<\/span>\n                                        <\/div>\n                                    <\/div>\n                                <\/div>\n                            <\/a>\n                        <\/div>\n                                                        <\/div>\n    <\/div>\n<\/div>\n\n\n<div id=\"\" class=\"wp-block-text-content margin-bottom-normal\">\n    <div class=\"container-lg\">\n        <div class=\"row\">\n            <div class=\"col\">\n                <h4>Ergebnis: Aufnahme.<\/h4>\n<p>Gratulation zu Ihrem Studienplatz! Mit der schriftlichen Verst&auml;ndigung &uuml;ber ihre Aufnahme informieren wir Sie auch, was Sie bis zur Einschreibung als Student:in unserer Hochschule beachten m&uuml;ssen.<\/p>\n\n            <\/div>\n        <\/div>\n            <\/div>\n<\/div>\n\n\n<div\n    id=\"\"\n    class=\"wp-block-tipp-box margin-bottom-normal\"\n>\n    <div class=\"container-lg\">\n        <div class=\"row\">\n            <div class=\"col\">\n                <div class=\"tipp-box border border-warning\">\n                    <div class=\"tipp-box-inner p-2 p-md-3\">\n                        <h4 class=\"\">Tipp<\/h4>\n                        <p>Neu in der Stadt? N\u00fctzen Sie die Zeit bis zum Studienbeginn, um sich rechtzeitig \u00fcber Wohnm\u00f6glichkeiten und Campus-Leben am Standort zu informieren. Mehr Details dazu finden Sie auf den Seiten zum <a href=\"https:\/\/www.fh-joanneum.at\/hochschule\/standorte\/graz\/\" title=\"FH JOANNEUM Graz\/\">Campus Graz<\/a>, <a href=\"https:\/\/www.fh-joanneum.at\/hochschule\/standorte\/kapfenberg\/\" title=\"FH JOANNEUM Kapfenberg\">Campus Kapfenberg<\/a> und <a href=\"https:\/\/www.fh-joanneum.at\/hochschule\/standorte\/bad-gleichenberg\/\" title=\"FH JOANNEUM Bad Gleichenberg\">Campus Bad Gleichenberg<\/a>.<\/p>\n\n                    <\/div>\n                <\/div>\n            <\/div>\n        <\/div>\n    <\/div>\n<\/div>\n\n\n<div id=\"\" class=\"wp-block-text-content margin-bottom-normal\">\n    <div class=\"container-lg\">\n        <div class=\"row\">\n            <div class=\"col\">\n                <h4>Ergebnis: Warteliste.<\/h4>\n<p>In der Warteliste sind jene Bewerber:innen gereiht, die die Aufnahme nur knapp verfehlt haben. Die Bewerber:innen werden dar&uuml;ber informiert, welchen Rang der Warteliste sie einnehmen. Sind Sie darunter, haben Sie noch immer eine Chance: Nimmt eine Aufgenommene beziehungsweise ein Aufgenommener ihren oder seinen Studienplatz nicht in Anspruch, wird er neu vergeben. Die Kandidatinnen und Kandidaten von der Warteliste r&uuml;cken nach.<\/p>\n\n            <\/div>\n        <\/div>\n            <\/div>\n<\/div>\n\n\n<div\n    id=\"\"\n    class=\"wp-block-tipp-box margin-bottom-normal\"\n>\n    <div class=\"container-lg\">\n        <div class=\"row\">\n            <div class=\"col\">\n                <div class=\"tipp-box border border-warning\">\n                    <div class=\"tipp-box-inner p-2 p-md-3\">\n                        <h4 class=\"\">Tipp<\/h4>\n                        <p>Bitte seien Sie geduldig, wenn Sie auf der Warteliste stehen. Sollte ein Studienplatz frei werden, werden Sie umgehend telefonisch informiert. Das kann bis zum Ende der ersten Studienwoche der Fall sein.<\/p>\n\n                    <\/div>\n                <\/div>\n            <\/div>\n        <\/div>\n    <\/div>\n<\/div>\n\n\n<div id=\"\" class=\"wp-block-text-content margin-bottom-normal\">\n    <div class=\"container-lg\">\n        <div class=\"row\">\n            <div class=\"col\">\n                <h4>Ergebnis: Absage.<\/h4>\n<p>Sie wurden nicht aufgenommen. Das ist kein Grund, an sich selbst zu zweifeln. Nehmen Sie sich Zeit und denken Sie in Ruhe &uuml;ber Ihre Optionen nach.<\/p>\n<h5>M&ouml;chten Sie sich im n&auml;chsten Studienjahr erneut f&uuml;r dasselbe Studium bewerben?<\/h5>\n<p>Versuchen Sie es! Es gibt einige Studierende, die erst bei ihrem zweiten Anlauf aufgenommen wurden. Oft sind sie es, die ihr Studium besonders motiviert und engagiert angehen. Denn sie wissen genau, was sie wollen. Eine neuerliche Bewerbung wird gern gesehen und Sie haben dadurch keinen Nachteil.<\/p>\n<h5>Gibt es noch andere Studienrichtungen, die Sie interessieren?<\/h5>\n<p>In diesem Fall haben Sie die M&ouml;glichkeit, Ihre Bewerbung auf einen anderen Studiengang, der einen sp&auml;teren Termin f&uuml;r das Aufnahmeverfahren anbietet, umzu&auml;ndern.<\/p>\n<p>Bitte senden Sie im Falle einer Um&auml;nderung Ihrer Bewerbung eine E-Mail mit Ihrem neuen Studienwunsch an <a title=\"FH JOANNEUM per E-Mail kontaktieren\" href=\"mailto:bewerbung@fh-joanneum.at\">bewerbung@fh-joanneum.at<\/a>.<\/p>\n\n            <\/div>\n        <\/div>\n            <\/div>\n<\/div>\n\n\n<div id=\"\" class=\"wp-block-text-content margin-bottom-normal\">\n    <div class=\"container-lg\">\n        <div class=\"row\">\n            <div class=\"col\">\n                <h5>Weitere Informationen<\/h5>\n<p>Die Mitarbeiter:innen unserer <strong>Studienberatung<\/strong> beantworten gerne Ihre Fragen und helfen Ihnen bei der Orientierung.<\/p>\n<p>Alle<strong> Informationen zu den Beratungszeiten<\/strong> sowie die <strong>Kontaktdaten<\/strong> unserer Studienberatung <a href=\"https:\/\/www.fh-joanneum.at\/hochschule\/services\/studienberatung\/\">finden Sie hier.<\/a><\/p>\n\n            <\/div>\n        <\/div>\n            <\/div>\n<\/div>\n","protected":false},"excerpt":{"rendered":"<p>Nach dem Aufnahmeverfahren werden Ihre Teilergebnisse ausgewertet und die Reihung aller Bewerber:innen ermittelt. Wann und wie Sie \u00fcber das Ergebnis Ihres Aufnahmeverfahrens informiert werden.<\/p>\n","protected":false},"author":10,"featured_media":0,"parent":10000087,"menu_order":15,"comment_status":"closed","ping_status":"closed","template":"","meta":{"_acf_changed":false,"footnotes":""},"acf":[],"aioseo_notices":[],"_links":{"self":[{"href":"https:\/\/www.fh-joanneum.at\/ausstellungsdesign\/master\/wp-json\/wp\/v2\/pages\/10000099"}],"collection":[{"href":"https:\/\/www.fh-joanneum.at\/ausstellungsdesign\/master\/wp-json\/wp\/v2\/pages"}],"about":[{"href":"https:\/\/www.fh-joanneum.at\/ausstellungsdesign\/master\/wp-json\/wp\/v2\/types\/page"}],"author":[{"embeddable":true,"href":"https:\/\/www.fh-joanneum.at\/ausstellungsdesign\/master\/wp-json\/wp\/v2\/users\/10"}],"replies":[{"embeddable":true,"href":"https:\/\/www.fh-joanneum.at\/ausstellungsdesign\/master\/wp-json\/wp\/v2\/comments?post=10000099"}],"version-history":[{"count":9,"href":"https:\/\/www.fh-joanneum.at\/ausstellungsdesign\/master\/wp-json\/wp\/v2\/pages\/10000099\/revisions"}],"predecessor-version":[{"id":10000840,"href":"https:\/\/www.fh-joanneum.at\/ausstellungsdesign\/master\/wp-json\/wp\/v2\/pages\/10000099\/revisions\/10000840"}],"up":[{"embeddable":true,"href":"https:\/\/www.fh-joanneum.at\/ausstellungsdesign\/master\/wp-json\/wp\/v2\/pages\/10000087"}],"wp:attachment":[{"href":"https:\/\/www.fh-joanneum.at\/ausstellungsdesign\/master\/wp-json\/wp\/v2\/media?parent=10000099"}],"curies":[{"name":"wp","href":"https:\/\/api.w.org\/{rel}","templated":true}]}}