{"id":10000131,"date":"2015-08-11T11:01:26","date_gmt":"2015-08-11T11:01:26","guid":{"rendered":"https:\/\/www.fh-joanneum.at\/ausstellungsdesign\/master\/?page_id=131"},"modified":"2023-11-02T13:41:05","modified_gmt":"2023-11-02T13:41:05","slug":"absolventinnen-absolventen","status":"publish","type":"page","link":"https:\/\/www.fh-joanneum.at\/ausstellungsdesign\/master\/nach-dem-studium\/absolventinnen-absolventen\/","title":{"rendered":"Absolvent:innen"},"content":{"rendered":"<div id=\"\" class=\"wp-block-text-content margin-bottom-none\">\n    <div class=\"container-lg\">\n        <div class=\"row\">\n            <div class=\"col\">\n                <div class=\"module-migration-headline\">\n<h3>Das machen unsere Absolventinnen und Absolventen.<\/h3>\n<\/div>\n\n            <\/div>\n        <\/div>\n            <\/div>\n<\/div>\n\n<div id=\"\" class=\"wp-block-list-of-graduates margin-bottom-normal\">\n  <div class=\"container-lg\">\n    <div class=\"row\">\n                        <div class=\"col-6 col-sm-4 col-md-6 col-lg-4 col-xl-4 mb-4\">\n            <a\n    href=\"https:\/\/www.fh-joanneum.at\/ausstellungsdesign\/master\/nach-dem-studium\/absolventinnen-absolventen\/brian-luque-marcos-ba-ma\/\"\n    class=\"graduate-card bg-light\"\n>\n    <div class=\"border border-light h-100\">\n        <div class=\"image-wrapper\">\n            <picture>\n                        <source\n                media=\"(max-width: 439px)\"\n                srcset=\"https:\/\/cdn3.fh-joanneum.at\/media\/sites\/39\/2020\/05\/brian-luque-marcos-ba-ma-3.jpg, https:\/\/cdn3.fh-joanneum.at\/media\/sites\/39\/2020\/05\/brian-luque-marcos-ba-ma-3-768x1007.jpg 2x\"\n            \/>\n                    <source\n                media=\"(max-width: 768px)\"\n                srcset=\"https:\/\/cdn3.fh-joanneum.at\/media\/sites\/39\/2020\/05\/brian-luque-marcos-ba-ma-3-768x1007.jpg, https:\/\/cdn3.fh-joanneum.at\/media\/sites\/39\/2020\/05\/brian-luque-marcos-ba-ma-3-781x1024.jpg 2x\"\n            \/>\n                    <source\n                media=\"(max-width: 781px)\"\n                srcset=\"https:\/\/cdn3.fh-joanneum.at\/media\/sites\/39\/2020\/05\/brian-luque-marcos-ba-ma-3-781x1024.jpg, https:\/\/cdn3.fh-joanneum.at\/media\/sites\/39\/2020\/05\/brian-luque-marcos-ba-ma-3.jpg 2x\"\n            \/>\n                    <source\n                media=\"(max-width: 853px)\"\n                srcset=\"https:\/\/cdn3.fh-joanneum.at\/media\/sites\/39\/2020\/05\/brian-luque-marcos-ba-ma-3.jpg, https:\/\/cdn3.fh-joanneum.at\/media\/sites\/39\/2020\/05\/brian-luque-marcos-ba-ma-3.jpg 2x\"\n            \/>\n                    <source\n                media=\"(max-width: 853px)\"\n                srcset=\"https:\/\/cdn3.fh-joanneum.at\/media\/sites\/39\/2020\/05\/brian-luque-marcos-ba-ma-3.jpg, https:\/\/cdn3.fh-joanneum.at\/media\/sites\/39\/2020\/05\/brian-luque-marcos-ba-ma-3.jpg 2x\"\n            \/>\n                <img decoding=\"async\"\n        class=\"img-fluid\"\n        src=\"https:\/\/cdn3.fh-joanneum.at\/media\/sites\/39\/2020\/05\/brian-luque-marcos-ba-ma-3.jpg\"\n        alt=\"Brian Luque-Marcos, BA MA 1\"\n        title=\"\"\n         loading=\"lazy\"             >\n<\/picture>\n\n        <\/div>\n        <div class=\"p-2 p-xl-3\">\n            <h6>Brian Luque-Marcos, BA MA<\/h6>\n            <p class=\"mb-0 hyphens\">\n                Ausstellungsdesigner Brian Luque Marcos arbeitet mit K\u00fcnstlerinnen, K\u00fcnstlern, Designerinnen und Designern aus der ganzen Welt zusammen und nimmt an internationalen Ausstellungen teil.\r\n\n            <\/p>\n        <\/div>\n    <\/div>\n<\/a>\n          <\/div>\n                  <div class=\"col-6 col-sm-4 col-md-6 col-lg-4 col-xl-4 mb-4\">\n            <a\n    href=\"https:\/\/www.fh-joanneum.at\/ausstellungsdesign\/master\/nach-dem-studium\/absolventinnen-absolventen\/sonya-ivanova-ma\/\"\n    class=\"graduate-card bg-light\"\n>\n    <div class=\"border border-light h-100\">\n        <div class=\"image-wrapper\">\n            <picture>\n                        <source\n                media=\"(max-width: 384px)\"\n                srcset=\"https:\/\/cdn3.fh-joanneum.at\/media\/sites\/39\/2020\/07\/sonya-ivanova-ma-2.jpg, https:\/\/cdn3.fh-joanneum.at\/media\/sites\/39\/2020\/07\/sonya-ivanova-ma-2-768x1152.jpg 2x\"\n            \/>\n                    <source\n                media=\"(max-width: 768px)\"\n                srcset=\"https:\/\/cdn3.fh-joanneum.at\/media\/sites\/39\/2020\/07\/sonya-ivanova-ma-2-768x1152.jpg, https:\/\/cdn3.fh-joanneum.at\/media\/sites\/39\/2020\/07\/sonya-ivanova-ma-2-683x1024.jpg 2x\"\n            \/>\n                    <source\n                media=\"(max-width: 683px)\"\n                srcset=\"https:\/\/cdn3.fh-joanneum.at\/media\/sites\/39\/2020\/07\/sonya-ivanova-ma-2-683x1024.jpg, https:\/\/cdn3.fh-joanneum.at\/media\/sites\/39\/2020\/07\/sonya-ivanova-ma-2.jpg 2x\"\n            \/>\n                    <source\n                media=\"(max-width: 1024px)\"\n                srcset=\"https:\/\/cdn3.fh-joanneum.at\/media\/sites\/39\/2020\/07\/sonya-ivanova-ma-2.jpg, https:\/\/cdn3.fh-joanneum.at\/media\/sites\/39\/2020\/07\/sonya-ivanova-ma-2.jpg 2x\"\n            \/>\n                    <source\n                media=\"(max-width: 1366px)\"\n                srcset=\"https:\/\/cdn3.fh-joanneum.at\/media\/sites\/39\/2020\/07\/sonya-ivanova-ma-2.jpg, https:\/\/cdn3.fh-joanneum.at\/media\/sites\/39\/2020\/07\/sonya-ivanova-ma-2.jpg 2x\"\n            \/>\n                <img decoding=\"async\"\n        class=\"img-fluid\"\n        src=\"https:\/\/cdn3.fh-joanneum.at\/media\/sites\/39\/2020\/07\/sonya-ivanova-ma-2.jpg\"\n        alt=\"Sonya Ivanova, MA\"\n        title=\"\"\n         loading=\"lazy\"             >\n<\/picture>\n\n        <\/div>\n        <div class=\"p-2 p-xl-3\">\n            <h6>Sonya Ivanova, MA<\/h6>\n            <p class=\"mb-0 hyphens\">\n                Sonya Ivanova plant und gestaltet interaktive Ausstellung f\u00fcr Kinder zwischen drei und acht Jahren im Kindermuseum FRida &amp; freD. Eine gute Basis f\u00fcr ihren Karrierestart war das Studium an der FH JOANNEUM. \n            <\/p>\n        <\/div>\n    <\/div>\n<\/a>\n          <\/div>\n                  <div class=\"col-6 col-sm-4 col-md-6 col-lg-4 col-xl-4 mb-4\">\n            <a\n    href=\"https:\/\/www.fh-joanneum.at\/ausstellungsdesign\/master\/nach-dem-studium\/absolventinnen-absolventen\/ksenia-eroess-ma\/\"\n    class=\"graduate-card bg-light\"\n>\n    <div class=\"border border-light h-100\">\n        <div class=\"image-wrapper\">\n            <picture>\n                        <source\n                media=\"(max-width: 576px)\"\n                srcset=\"https:\/\/cdn3.fh-joanneum.at\/media\/sites\/39\/2024\/03\/brian-luque-marcos-ba-ma-4.jpg, https:\/\/cdn3.fh-joanneum.at\/media\/sites\/39\/2024\/03\/brian-luque-marcos-ba-ma-4-768x768.jpg 2x\"\n            \/>\n                    <source\n                media=\"(max-width: 768px)\"\n                srcset=\"https:\/\/cdn3.fh-joanneum.at\/media\/sites\/39\/2024\/03\/brian-luque-marcos-ba-ma-4-768x768.jpg, https:\/\/cdn3.fh-joanneum.at\/media\/sites\/39\/2024\/03\/brian-luque-marcos-ba-ma-4.jpg 2x\"\n            \/>\n                    <source\n                media=\"(max-width: 985px)\"\n                srcset=\"https:\/\/cdn3.fh-joanneum.at\/media\/sites\/39\/2024\/03\/brian-luque-marcos-ba-ma-4.jpg, https:\/\/cdn3.fh-joanneum.at\/media\/sites\/39\/2024\/03\/brian-luque-marcos-ba-ma-4.jpg 2x\"\n            \/>\n                    <source\n                media=\"(max-width: 985px)\"\n                srcset=\"https:\/\/cdn3.fh-joanneum.at\/media\/sites\/39\/2024\/03\/brian-luque-marcos-ba-ma-4.jpg, https:\/\/cdn3.fh-joanneum.at\/media\/sites\/39\/2024\/03\/brian-luque-marcos-ba-ma-4.jpg 2x\"\n            \/>\n                    <source\n                media=\"(max-width: 985px)\"\n                srcset=\"https:\/\/cdn3.fh-joanneum.at\/media\/sites\/39\/2024\/03\/brian-luque-marcos-ba-ma-4.jpg, https:\/\/cdn3.fh-joanneum.at\/media\/sites\/39\/2024\/03\/brian-luque-marcos-ba-ma-4.jpg 2x\"\n            \/>\n                <img decoding=\"async\"\n        class=\"img-fluid\"\n        src=\"https:\/\/cdn3.fh-joanneum.at\/media\/sites\/39\/2024\/03\/brian-luque-marcos-ba-ma-4.jpg\"\n        alt=\"Ksenia Er\u00f6ss, MA\"\n        title=\"\"\n         loading=\"lazy\"             >\n<\/picture>\n\n        <\/div>\n        <div class=\"p-2 p-xl-3\">\n            <h6>Ksenia Er\u00f6ss, MA<\/h6>\n            <p class=\"mb-0 hyphens\">\n                Unsere Ausstellungsdesign-Absolventin Ksenia Er\u00f6ss ist heute als Designerin und Illustratorin t\u00e4tig.\n            <\/p>\n        <\/div>\n    <\/div>\n<\/a>\n          <\/div>\n                  <\/div>\n  <\/div>\n<\/div>\n\n","protected":false},"excerpt":{"rendered":"<p>Wir haben einige unserer ehemaligen Studierenden portraitiert. So k\u00f6nnen Sie sich selbst ein Bild \u00fcber die Berufs- und Karrierem\u00f6glichkeiten machen.<\/p>\n","protected":false},"author":10,"featured_media":0,"parent":10000127,"menu_order":32,"comment_status":"closed","ping_status":"closed","template":"","meta":{"_acf_changed":false,"footnotes":""},"acf":[],"aioseo_notices":[],"_links":{"self":[{"href":"https:\/\/www.fh-joanneum.at\/ausstellungsdesign\/master\/wp-json\/wp\/v2\/pages\/10000131"}],"collection":[{"href":"https:\/\/www.fh-joanneum.at\/ausstellungsdesign\/master\/wp-json\/wp\/v2\/pages"}],"about":[{"href":"https:\/\/www.fh-joanneum.at\/ausstellungsdesign\/master\/wp-json\/wp\/v2\/types\/page"}],"author":[{"embeddable":true,"href":"https:\/\/www.fh-joanneum.at\/ausstellungsdesign\/master\/wp-json\/wp\/v2\/users\/10"}],"replies":[{"embeddable":true,"href":"https:\/\/www.fh-joanneum.at\/ausstellungsdesign\/master\/wp-json\/wp\/v2\/comments?post=10000131"}],"version-history":[{"count":0,"href":"https:\/\/www.fh-joanneum.at\/ausstellungsdesign\/master\/wp-json\/wp\/v2\/pages\/10000131\/revisions"}],"up":[{"embeddable":true,"href":"https:\/\/www.fh-joanneum.at\/ausstellungsdesign\/master\/wp-json\/wp\/v2\/pages\/10000127"}],"wp:attachment":[{"href":"https:\/\/www.fh-joanneum.at\/ausstellungsdesign\/master\/wp-json\/wp\/v2\/media?parent=10000131"}],"curies":[{"name":"wp","href":"https:\/\/api.w.org\/{rel}","templated":true}]}}