{"id":10000538,"date":"2020-07-02T14:20:44","date_gmt":"2020-07-02T14:20:44","guid":{"rendered":"https:\/\/www.fh-joanneum.at\/ausstellungsdesign\/master\/?page_id=538"},"modified":"2020-07-02T15:12:28","modified_gmt":"2020-07-02T15:12:28","slug":"sonya-ivanova-ma","status":"publish","type":"page","link":"https:\/\/www.fh-joanneum.at\/ausstellungsdesign\/master\/nach-dem-studium\/absolventinnen-absolventen\/sonya-ivanova-ma\/","title":{"rendered":"Sonya Ivanova, MA"},"content":{"rendered":"<div id=\"\" class=\"wp-block-text-content margin-bottom-normal\">\n    <div class=\"container-lg\">\n        <div class=\"row\">\n            <div class=\"col\">\n                <h4>Eckdaten<\/h4>\n<p><strong>Jobbezeichnung:<\/strong> Ausstellungsdesignerin  <br>\n<strong>Unternehmen:<\/strong> FRida &amp; freD &minus; Das Grazer Kindermuseum   <br>\n<strong>Ich arbeite in:<\/strong> Graz, &Ouml;sterreich    <br>\n<strong>Mein Kontakt:<\/strong> <a href=\"mailto:sonya.ivanova@stadt.graz.at\">sonya.ivanova@stadt.graz.at<\/a>  <br>\n<strong>Ich im Web:<\/strong> <a href=\"https:\/\/www.behance.net\/sonya_ivanova\" target=\"_blank\" rel=\"noopener noreferrer\">www.behance.net\/sonya_ivanova<\/a>    <\/p>\n<p>Bild: &copy;Thomas Grundner<\/p>\n<h4>Was ich mache:<\/h4>\n<ul>\n<li>Ausstellungen (meist Hands-on) gestalten<\/li>\n<li>technische Planung von Ausstellungsarchitektur und Exhibits<\/li>\n<li>Projektbetreuung durch Kostenplanung und Bauleitung<\/li>\n<\/ul>\n<h4>Warum ich meinen Beruf liebe:<\/h4>\n<ul>\n<li>weitreichende kreative Freiheit<\/li>\n<li>abwechslungsreiche Aufgaben<\/li>\n<li>ein tolles Team in einem familienfreundlichen Unternehmen<\/li>\n<\/ul>\n<h4>Was ich an meinem Job nicht so mag:<\/h4>\n<ul>\n<li>vereinzeltes Arbeiten unter Zeitdruck<\/li>\n<li>Kostenlisten in allen Phasen betreuen<\/li>\n<\/ul>\n<h4>Wichtige F&auml;higkeiten in meinem Job:<\/h4>\n<ul>\n<li>Kreativit&auml;t<\/li>\n<li>Teamgeist<\/li>\n<li>Offenheit f&uuml;r neue Ideen<\/li>\n<\/ul>\n<h4>Mein bisher gr&ouml;&szlig;ter Erfolg in meiner Karriere:<\/h4>\n<p>Mein gr&ouml;&szlig;ter Erfolg war der Wettbewerbsgewinn f&uuml;r die selbstst&auml;ndige Planung am CoSA &ndash; Center of Science Activities in Graz. Es war wie ins kalte Wasser zu springen, wodurch ich aber extrem viel gelernt habe.<\/p>\n<h4>So bin ich zu meinem Job gekommen:<\/h4>\n<p>Das Kindermuseum hat das CoSA initiiert. Nach dem Wettbewerbsgewinn habe ich f&uuml;r sie selbstst&auml;ndig als Designerin gearbeitet. Nach Fertigstellung des Projekts wurde mir die Stelle als Ausstellungsgestalterin angeboten. <\/p>\n\n            <\/div>\n        <\/div>\n            <\/div>\n<\/div>\n\n<div id=\"\" class=\"wp-block-text-content margin-bottom-normal\">\n    <div class=\"container-lg\">\n        <div class=\"row\">\n            <div class=\"col\">\n                <h4>Das habe ich im Studium f&uuml;rs Berufsleben gelernt:<\/h4>\n<p>Nach einem technischen Innenarchitektur- und M&ouml;beldesignstudium wollte ich ein kreatives Masterstudium absolvieren. Hier konnte ich meine F&auml;higkeiten der Ausstellungsplanung, des Grafikdesigns und des Texteschreibens entwickeln. Das Studium gab einen guten &Uuml;berblick &uuml;ber M&ouml;glichkeiten der Ausstellungsgestaltung, welche Professionen an Projekten beteiligt sind und wie Ausstellungsplanung abl&auml;uft.<\/p>\n<h4>Die Jobchancen in meinem Bereich:<\/h4>\n<p>Ausstellungen werden im Moment sehr popul&auml;r. Professionelle Gestalterinnen und Gestalter mit Erfahrung werden &ouml;fter gesucht. Ich glaube wirklich stark, dass Ausstellungsgestaltung ein Job der Zukunft ist. Allerdings braucht es f&uuml;r Planerinnen und Planer genug Projekte und diese sind in gro&szlig;en St&auml;dten wie etwa in Wien eher zu finden.<\/p>\n<h4>Ich bin:<\/h4>\n<ul>\n<li>eine Teamworkerin<\/li>\n<li>kompromissbereit<\/li>\n<li>kommunikativ<\/li>\n<\/ul>\n\n            <\/div>\n        <\/div>\n            <\/div>\n<\/div>\n\n<div\n    id=\"\"\n    class=\"wp-block-blockquote margin-bottom-normal\"\n>\n    <div class=\"container-lg\">\n        <div class=\"row\">\n            <div class=\"col\">\n                <div class=\"d-block mb-2 fs-5 major-text-color\">Ich plane gerade interaktive Ausstellung f\u00fcr Kinder zwischen drei und acht Jahren. Da regelm\u00e4\u00dfig spannende Projekte zu planen sind, sehe ich meine Zukunft in diesem Bereich.<br \/>\r\nDas Studium war eine gute Basis f\u00fcr den Karrierestart. Das Kindermuseum ist im Bereich der Planung und Realisierung von Hands-on-Ausstellungen etabliert und ist immer offen f\u00fcr Neues. Hier habe ich ein harmonisches, kreatives und kooperatives Team gefunden, was f\u00fcr mich Lebensqualit\u00e4t bedeutet.<br><br \/>\r\n<br \/>\r\nDer neuen Generation rate ich, neugierig zu bleiben, die Augen offen zu halten f\u00fcr die Entwicklungen im Ausstellungsbereich in Ihren Regionen wie auch international. <br \/>\r\nAuftr\u00e4ge f\u00fcr Ausstellungsdesignerinnen und Ausstellungsdesigner h\u00e4ngen von der Anzahl an initiierten Projekten ab. Wenn man wirklich in diesem Bereich arbeiten will, muss man bereit sein, dort hinzugehen, wo die Projekte sind.<br \/>\r\n<\/div>\n                <span class=\"d-flex justify-content-end\">Sonya Ivanova<\/span>\n            <\/div>\n        <\/div>\n    <\/div>\n<\/div>\n\n","protected":false},"excerpt":{"rendered":"<p>Sonya Ivanova plant und gestaltet interaktive Ausstellung f\u00fcr Kinder zwischen drei und acht Jahren im Kindermuseum FRida &amp; freD. Eine gute Basis f\u00fcr ihren Karrierestart war das Studium an der FH JOANNEUM. <\/p>\n","protected":false},"author":11,"featured_media":10000539,"parent":10000131,"menu_order":0,"comment_status":"closed","ping_status":"closed","template":"template-absolvent.blade.php","meta":{"_acf_changed":false,"footnotes":""},"acf":[],"aioseo_notices":[],"_links":{"self":[{"href":"https:\/\/www.fh-joanneum.at\/ausstellungsdesign\/master\/wp-json\/wp\/v2\/pages\/10000538"}],"collection":[{"href":"https:\/\/www.fh-joanneum.at\/ausstellungsdesign\/master\/wp-json\/wp\/v2\/pages"}],"about":[{"href":"https:\/\/www.fh-joanneum.at\/ausstellungsdesign\/master\/wp-json\/wp\/v2\/types\/page"}],"author":[{"embeddable":true,"href":"https:\/\/www.fh-joanneum.at\/ausstellungsdesign\/master\/wp-json\/wp\/v2\/users\/11"}],"replies":[{"embeddable":true,"href":"https:\/\/www.fh-joanneum.at\/ausstellungsdesign\/master\/wp-json\/wp\/v2\/comments?post=10000538"}],"version-history":[{"count":1,"href":"https:\/\/www.fh-joanneum.at\/ausstellungsdesign\/master\/wp-json\/wp\/v2\/pages\/10000538\/revisions"}],"predecessor-version":[{"id":10000917,"href":"https:\/\/www.fh-joanneum.at\/ausstellungsdesign\/master\/wp-json\/wp\/v2\/pages\/10000538\/revisions\/10000917"}],"up":[{"embeddable":true,"href":"https:\/\/www.fh-joanneum.at\/ausstellungsdesign\/master\/wp-json\/wp\/v2\/pages\/10000131"}],"wp:featuredmedia":[{"embeddable":true,"href":"https:\/\/www.fh-joanneum.at\/ausstellungsdesign\/master\/wp-json\/wp\/v2\/media\/10000539"}],"wp:attachment":[{"href":"https:\/\/www.fh-joanneum.at\/ausstellungsdesign\/master\/wp-json\/wp\/v2\/media?parent=10000538"}],"curies":[{"name":"wp","href":"https:\/\/api.w.org\/{rel}","templated":true}]}}