{"id":10000304,"date":"2015-08-11T10:12:15","date_gmt":"2015-08-11T08:12:15","guid":{"rendered":"https:\/\/www.fh-joanneum.at\/bank-und-versicherungswirtschaft\/bachelor\/?page_id=304"},"modified":"2025-11-17T10:06:52","modified_gmt":"2025-11-17T09:06:52","slug":"voraussetzungen","status":"publish","type":"page","link":"https:\/\/www.fh-joanneum.at\/bank-und-versicherungswirtschaft\/bachelor\/vor-dem-studium\/voraussetzungen\/","title":{"rendered":"Voraussetzungen"},"content":{"rendered":"<div id=\"\" class=\"wp-block-text-content margin-bottom-none\">\n    <div class=\"container-lg\">\n        <div class=\"row\">\n            <div class=\"col\">\n                <div class=\"module-migration-headline\">\n<h3>Erf&uuml;lle ich die Voraussetzungen f&uuml;r das Studium?<\/h3>\n<\/div>\n\n            <\/div>\n        <\/div>\n            <\/div>\n<\/div>\n\n\n<div id=\"\" class=\"wp-block-text-content margin-bottom-normal\">\n    <div class=\"container-lg\">\n        <div class=\"row\">\n            <div class=\"col\">\n                <p>Deutsch ist Unterrichtssprache und deren Kenntnis (zumindest auf dem Level C1) wird als erforderlich vorausgesetzt.<\/p>\n<h4>Studieren mit Matura<\/h4>\n<p>Sie k&ouml;nnen sich f&uuml;r das Studium bewerben, wenn Sie<\/p>\n<ul>\n<li>die Matura einer Allgemeinbildenden oder Berufsbildenden h&ouml;heren Schule,<\/li>\n<li>eine Berufsreifepr&uuml;fung oder<\/li>\n<li>eine Lehre mit Matura<\/li>\n<\/ul>\n<p>haben.<\/p>\n\n            <\/div>\n        <\/div>\n            <\/div>\n<\/div>\n\n\n<div id=\"\" class=\"wp-block-text-content margin-bottom-normal\">\n    <div class=\"container-lg\">\n        <div class=\"row\">\n            <div class=\"col\">\n                <h4>Studieren ohne Matura<\/h4>\n<p>Haben Sie keine Matura oder Berufsreifepr&uuml;fung, brauchen Sie<\/p>\n<ul>\n<li>eine Studienberechtigungspr&uuml;fung oder<\/li>\n<li>eine einschl&auml;gige berufliche Qualifikation mit Zusatzpr&uuml;fungen.<\/li>\n<\/ul>\n<p>Bis zum Studienbeginn weisen Sie Ihre Pr&uuml;fungen nach.<\/p>\n\n            <\/div>\n        <\/div>\n            <\/div>\n<\/div>\n\n\n<div id=\"\" class=\"wp-block-text-content margin-bottom-normal\">\n    <div class=\"container-lg\">\n        <div class=\"row\">\n            <div class=\"col\">\n                <h5>Studienberechtigungspr&uuml;fung<\/h5>\n<p>Eine Studienberechtigungspr&uuml;fung besteht immer aus f&uuml;nf Teilpr&uuml;fungen. F&uuml;r das Studium Bank- , Versicherungs- und Finanzwirtschaft wird eine Studienberechtigungspr&uuml;fung der Studienrichtungsgruppen, <strong>Ingenieurwissenschaftliche Studien<\/strong>, <strong>Rechtswissenschaftliche Studien<\/strong>, <strong>Sozial- und wirtschaftswissenschaftliche Studien<\/strong> oder <strong>Lehramtsstudien<\/strong> zur G&auml;nze anerkannt.<\/p>\n\n            <\/div>\n        <\/div>\n            <\/div>\n<\/div>\n\n\n\n\n<div id=\"\" class=\"wp-block-text-content margin-bottom-normal\">\n    <div class=\"container-lg\">\n        <div class=\"row\">\n            <div class=\"col\">\n                <h5>Einschl&auml;gige berufliche Qualifikation mit Zusatzpr&uuml;fungen<\/h5>\n<p>Eine einschl&auml;gige berufliche Qualifikation ist<\/p>\n<ul>\n<li>ein Lehrberuf mit Lehrabschluss (z. B. B&uuml;ro und Handel, Tourismus, EDV u. a ),<\/li>\n<li>eine abgeschlossene Ausbildung an einer Berufsbildenden Mittleren Schule (z. B. Fachschule f&uuml;r wirtschaftliche Berufe, Tourismus, B&uuml;romanagement, Betriebswirtschaft, Creative Office Management, Eventmanagement, IT-Management, Hotelfachschule, Handelsschule, EDV u. a.) oder <\/li>\n<li>Sie haben das erste des vier Semester umfassenden Abschnitts einer HTL-B absolviert.<\/li>\n<\/ul>\n<p>Sie m&uuml;ssen die F&auml;cher<\/p>\n<ul>\n<li>Deutsch (Aufsatz &uuml;ber ein allgemeines Thema),<\/li>\n<li>Englisch,<\/li>\n<li>Mathematik<\/li>\n<\/ul>\n<p>absolvieren.<\/p>\n\n            <\/div>\n        <\/div>\n            <\/div>\n<\/div>\n\n\n<div\n    id=\"\"\n    class=\"wp-block-tipp-box margin-bottom-normal\"\n>\n    <div class=\"container-lg\">\n        <div class=\"row\">\n            <div class=\"col\">\n                <div class=\"tipp-box border border-warning\">\n                    <div class=\"tipp-box-inner p-2 p-md-3\">\n                        <h4 class=\"\">Tipp<\/h4>\n                        <p>Die Pr\u00fcfungen k\u00f6nnen Sie zum Beispiel im Rahmen des <a href=\"https:\/\/www.fh-joanneum.at\/weiterbildung\/studieren-ohne-matura\/\">Studienbef\u00e4higungslehrgang<\/a> an der FH JOANNEUM machen. Der Lehrgang dauert zwei Semester und ist berufsbegleitend. Sie haben die M\u00f6glichkeit, auch einzelne Zusatzpr\u00fcfungen an der FH JOANNEUM abzulegen.<\/p>\n\n                    <\/div>\n                <\/div>\n            <\/div>\n        <\/div>\n    <\/div>\n<\/div>\n\n\n<div id=\"\" class=\"wp-block-text-content margin-bottom-normal\">\n    <div class=\"container-lg\">\n        <div class=\"row\">\n            <div class=\"col\">\n                <h4>Sie sind keine &ouml;sterreichische Staatsb&uuml;rgerin oder kein &ouml;sterreichischer Staatsb&uuml;rger?<\/h4>\n<p>F&uuml;r Sie gibt es einige Besonderheiten zu beachten. Mehr Informationen dazu finden Sie in unter dem Men&uuml;punkt <a href=\"https:\/\/fh-joanneum.at\/bank-und-versicherungswirtschaft\/bachelor\/vor-dem-studium\/internationale-bewerberinnen\/\"><strong>Internationale Bewerber:innen.<\/strong><\/a><\/p>\n\n            <\/div>\n        <\/div>\n            <\/div>\n<\/div>\n\n\n<div\n    id=\"\"\n    class=\"wp-block-tipp-box margin-bottom-normal\"\n>\n    <div class=\"container-lg\">\n        <div class=\"row\">\n            <div class=\"col\">\n                <div class=\"tipp-box border border-warning\">\n                    <div class=\"tipp-box-inner p-2 p-md-3\">\n                        <h4 class=\"\">Tipp<\/h4>\n                        <p>Das Bachelorstudium Bank- , Versicherungs- und Finanzwirtschaft steht auch zuk\u00fcnftigen Wirtschaftsjurist:innen offen \u2013 es eignet sich beispielsweise ideal als parallele Ausbildung zum JUS-Studium. Auch der Studienstart w\u00e4hrend der Gerichtspraxis ist durch die berufsgeleitende Organisationsform m\u00f6glich. \u00dcberdies k\u00f6nnen einzelne Lehrveranstaltungen an der Fachhochschule angerechnet werden.<\/p>\n\n                    <\/div>\n                <\/div>\n            <\/div>\n        <\/div>\n    <\/div>\n<\/div>\n","protected":false},"excerpt":{"rendered":"<p>Welche Voraussetzungen m\u00fcssen Sie f\u00fcr das Studium erf\u00fcllen? Welche Nachweise m\u00fcssen Sie f\u00fcr Ihre Studienberechtigung erbringen? K\u00f6nnen Sie auch ohne Matura studieren? Die Antworten auf diese Fragen geben wir Ihnen hier.<\/p>\n","protected":false},"author":12,"featured_media":0,"parent":10000287,"menu_order":12,"comment_status":"closed","ping_status":"closed","template":"","meta":{"_acf_changed":false,"footnotes":""},"acf":[],"aioseo_notices":[],"_links":{"self":[{"href":"https:\/\/www.fh-joanneum.at\/bank-und-versicherungswirtschaft\/bachelor\/wp-json\/wp\/v2\/pages\/10000304"}],"collection":[{"href":"https:\/\/www.fh-joanneum.at\/bank-und-versicherungswirtschaft\/bachelor\/wp-json\/wp\/v2\/pages"}],"about":[{"href":"https:\/\/www.fh-joanneum.at\/bank-und-versicherungswirtschaft\/bachelor\/wp-json\/wp\/v2\/types\/page"}],"author":[{"embeddable":true,"href":"https:\/\/www.fh-joanneum.at\/bank-und-versicherungswirtschaft\/bachelor\/wp-json\/wp\/v2\/users\/12"}],"replies":[{"embeddable":true,"href":"https:\/\/www.fh-joanneum.at\/bank-und-versicherungswirtschaft\/bachelor\/wp-json\/wp\/v2\/comments?post=10000304"}],"version-history":[{"count":6,"href":"https:\/\/www.fh-joanneum.at\/bank-und-versicherungswirtschaft\/bachelor\/wp-json\/wp\/v2\/pages\/10000304\/revisions"}],"predecessor-version":[{"id":10001090,"href":"https:\/\/www.fh-joanneum.at\/bank-und-versicherungswirtschaft\/bachelor\/wp-json\/wp\/v2\/pages\/10000304\/revisions\/10001090"}],"up":[{"embeddable":true,"href":"https:\/\/www.fh-joanneum.at\/bank-und-versicherungswirtschaft\/bachelor\/wp-json\/wp\/v2\/pages\/10000287"}],"wp:attachment":[{"href":"https:\/\/www.fh-joanneum.at\/bank-und-versicherungswirtschaft\/bachelor\/wp-json\/wp\/v2\/media?parent=10000304"}],"curies":[{"name":"wp","href":"https:\/\/api.w.org\/{rel}","templated":true}]}}