{"id":10000341,"date":"2015-08-11T10:15:50","date_gmt":"2015-08-11T08:15:50","guid":{"rendered":"https:\/\/www.fh-joanneum.at\/bank-und-versicherungswirtschaft\/bachelor\/?page_id=341"},"modified":"2025-04-01T09:19:28","modified_gmt":"2025-04-01T07:19:28","slug":"absolventinnen-absolventen","status":"publish","type":"page","link":"https:\/\/www.fh-joanneum.at\/bank-und-versicherungswirtschaft\/bachelor\/nach-dem-studium\/absolventinnen-absolventen\/","title":{"rendered":"Absolvent:innen"},"content":{"rendered":"<div id=\"\" class=\"wp-block-text-content margin-bottom-none\">\n    <div class=\"container-lg\">\n        <div class=\"row\">\n            <div class=\"col\">\n                <div class=\"module-migration-headline\">\n<h3>Was machen unsere Absolvent:innen?<\/h3>\n<p>Unsere Absolvent:innen &uuml;bernehmen verantwortungsvolle Positionen im Versicherungs-, Bank- und Finanzsektor &ndash; vom regionalen Kreditinstitut bis hin zu internationalen Gro&szlig;banken, Versicherungen, Aufsichtsbeh&ouml;rden oder Finanzberatungen. Sie sind in Bereichen wie Risikomanagement, Treasury, Controlling, Vertrieb oder Wirtschaftspr&uuml;fung t&auml;tig und gestalten dort aktiv die Zukunft des Finanzwesens mit.<\/p>\n<p>Viele starten bereits w&auml;hrend des Studiums in anspruchsvolle Rollen, zum Beispiel als Spezialist:in f&uuml;r Gesamtbanksteuerung, Kreditanalyst:in oder Projektmanager:in in der Digitalisierung, Produktmanagement in Versicherungen und insbesondere gehobene und anspruchsvolle Kundenberatung. Andere nutzen das Studium als Sprungbrett f&uuml;r den Wechsel in internationale Finanzzentren oder spezialisierte Beratungsunternehmen.<\/p>\n<p>Lassen Sie sich inspirieren &ndash; von echten Geschichten, klaren Erfolgen und beruflichen Perspektiven, die mit dem richtigen Studienumfeld m&ouml;glich werden.<\/p>\n<\/div>\n\n            <\/div>\n        <\/div>\n            <\/div>\n<\/div>\n\n\n<div id=\"\" class=\"wp-block-list-of-graduates margin-bottom-normal\">\n  <div class=\"container-lg\">\n    <div class=\"row\">\n                        <div class=\"col-6 col-sm-4 col-md-6 col-lg-4 col-xl-4 mb-4\">\n            <a\n    href=\"https:\/\/www.fh-joanneum.at\/bank-und-versicherungswirtschaft\/bachelor\/nach-dem-studium\/absolventinnen-absolventen\/otmar-luttenberger-ba-mba\/\"\n    class=\"graduate-card bg-light\"\n>\n    <div class=\"border border-light h-100\">\n        <div class=\"image-wrapper\">\n            <picture>\n                        <source\n                media=\"(max-width: 384px)\"\n                srcset=\"https:\/\/cdn3.fh-joanneum.at\/media\/sites\/44\/2019\/12\/otmar-luttenberger-ba-mba.jpg, https:\/\/cdn3.fh-joanneum.at\/media\/sites\/44\/2019\/12\/otmar-luttenberger-ba-mba-768x1152.jpg 2x\"\n            \/>\n                    <source\n                media=\"(max-width: 768px)\"\n                srcset=\"https:\/\/cdn3.fh-joanneum.at\/media\/sites\/44\/2019\/12\/otmar-luttenberger-ba-mba-768x1152.jpg, https:\/\/cdn3.fh-joanneum.at\/media\/sites\/44\/2019\/12\/otmar-luttenberger-ba-mba-683x1024.jpg 2x\"\n            \/>\n                    <source\n                media=\"(max-width: 683px)\"\n                srcset=\"https:\/\/cdn3.fh-joanneum.at\/media\/sites\/44\/2019\/12\/otmar-luttenberger-ba-mba-683x1024.jpg, https:\/\/cdn3.fh-joanneum.at\/media\/sites\/44\/2019\/12\/otmar-luttenberger-ba-mba.jpg 2x\"\n            \/>\n                    <source\n                media=\"(max-width: 1024px)\"\n                srcset=\"https:\/\/cdn3.fh-joanneum.at\/media\/sites\/44\/2019\/12\/otmar-luttenberger-ba-mba.jpg, https:\/\/cdn3.fh-joanneum.at\/media\/sites\/44\/2019\/12\/otmar-luttenberger-ba-mba.jpg 2x\"\n            \/>\n                    <source\n                media=\"(max-width: 1366px)\"\n                srcset=\"https:\/\/cdn3.fh-joanneum.at\/media\/sites\/44\/2019\/12\/otmar-luttenberger-ba-mba.jpg, https:\/\/cdn3.fh-joanneum.at\/media\/sites\/44\/2019\/12\/otmar-luttenberger-ba-mba.jpg 2x\"\n            \/>\n                <img decoding=\"async\"\n        class=\"img-fluid\"\n        src=\"https:\/\/cdn3.fh-joanneum.at\/media\/sites\/44\/2019\/12\/otmar-luttenberger-ba-mba.jpg\"\n        alt=\"Otmar Luttenberger, BA MBA\"\n        title=\"\"\n         loading=\"lazy\"             >\n<\/picture>\n\n        <\/div>\n        <div class=\"p-2 p-xl-3\">\n            <h6>Otmar Luttenberger, BA MBA<\/h6>\n            <p class=\"mb-0 hyphens\">\n                Otmar Luttenberger ist bei der Wiener St\u00e4dtische Versicherung, Landesdirektion Steiermark, f\u00fcr den Bereich der betrieblichen Altersvorsorge zust\u00e4ndig. Sein Ziel: mit Fachwissen und verk\u00e4uferischem Know-how  ausgezeichnete Arbeit abzuliefern.\n            <\/p>\n        <\/div>\n    <\/div>\n<\/a>\n          <\/div>\n                  <div class=\"col-6 col-sm-4 col-md-6 col-lg-4 col-xl-4 mb-4\">\n            <a\n    href=\"https:\/\/www.fh-joanneum.at\/bank-und-versicherungswirtschaft\/bachelor\/nach-dem-studium\/absolventinnen-absolventen\/stefan-bardel-ba-mba\/\"\n    class=\"graduate-card bg-light\"\n>\n    <div class=\"border border-light h-100\">\n        <div class=\"image-wrapper\">\n            <picture>\n                        <source\n                media=\"(max-width: 384px)\"\n                srcset=\"https:\/\/cdn3.fh-joanneum.at\/media\/sites\/44\/2019\/12\/stefan-bardel-ba-mba.jpg, https:\/\/cdn3.fh-joanneum.at\/media\/sites\/44\/2019\/12\/stefan-bardel-ba-mba-768x1152.jpg 2x\"\n            \/>\n                    <source\n                media=\"(max-width: 768px)\"\n                srcset=\"https:\/\/cdn3.fh-joanneum.at\/media\/sites\/44\/2019\/12\/stefan-bardel-ba-mba-768x1152.jpg, https:\/\/cdn3.fh-joanneum.at\/media\/sites\/44\/2019\/12\/stefan-bardel-ba-mba-683x1024.jpg 2x\"\n            \/>\n                    <source\n                media=\"(max-width: 683px)\"\n                srcset=\"https:\/\/cdn3.fh-joanneum.at\/media\/sites\/44\/2019\/12\/stefan-bardel-ba-mba-683x1024.jpg, https:\/\/cdn3.fh-joanneum.at\/media\/sites\/44\/2019\/12\/stefan-bardel-ba-mba.jpg 2x\"\n            \/>\n                    <source\n                media=\"(max-width: 1024px)\"\n                srcset=\"https:\/\/cdn3.fh-joanneum.at\/media\/sites\/44\/2019\/12\/stefan-bardel-ba-mba.jpg, https:\/\/cdn3.fh-joanneum.at\/media\/sites\/44\/2019\/12\/stefan-bardel-ba-mba.jpg 2x\"\n            \/>\n                    <source\n                media=\"(max-width: 1366px)\"\n                srcset=\"https:\/\/cdn3.fh-joanneum.at\/media\/sites\/44\/2019\/12\/stefan-bardel-ba-mba.jpg, https:\/\/cdn3.fh-joanneum.at\/media\/sites\/44\/2019\/12\/stefan-bardel-ba-mba.jpg 2x\"\n            \/>\n                <img decoding=\"async\"\n        class=\"img-fluid\"\n        src=\"https:\/\/cdn3.fh-joanneum.at\/media\/sites\/44\/2019\/12\/stefan-bardel-ba-mba.jpg\"\n        alt=\"Stefan Bardel, BA MBA\"\n        title=\"\"\n         loading=\"lazy\"             >\n<\/picture>\n\n        <\/div>\n        <div class=\"p-2 p-xl-3\">\n            <h6>Stefan Bardel, BA MBA<\/h6>\n            <p class=\"mb-0 hyphens\">\n                Team-Player Stefan Bardel ist Prokurist und Leiter des Bereichs Privat- und Gesch\u00e4ftskunden bei der HYPO-Steiermark. Sein Ansporn: die st\u00e4ndige Weiterentwicklung der Teams, des Portfolios und der Vertriebswege\n            <\/p>\n        <\/div>\n    <\/div>\n<\/a>\n          <\/div>\n                  <\/div>\n  <\/div>\n<\/div>\n","protected":false},"excerpt":{"rendered":"<p>Wollen Sie mehr \u00fcber die Berufs- und Karrierewege unserer Absolvent:innen erfahren? Wir haben einige unserer ehemaligen Studierenden portraitiert, damit Sie sich selbst ein Bild machen k\u00f6nnen.<\/p>\n","protected":false},"author":12,"featured_media":0,"parent":10000337,"menu_order":47,"comment_status":"closed","ping_status":"closed","template":"","meta":{"_acf_changed":false,"footnotes":""},"acf":[],"aioseo_notices":[],"_links":{"self":[{"href":"https:\/\/www.fh-joanneum.at\/bank-und-versicherungswirtschaft\/bachelor\/wp-json\/wp\/v2\/pages\/10000341"}],"collection":[{"href":"https:\/\/www.fh-joanneum.at\/bank-und-versicherungswirtschaft\/bachelor\/wp-json\/wp\/v2\/pages"}],"about":[{"href":"https:\/\/www.fh-joanneum.at\/bank-und-versicherungswirtschaft\/bachelor\/wp-json\/wp\/v2\/types\/page"}],"author":[{"embeddable":true,"href":"https:\/\/www.fh-joanneum.at\/bank-und-versicherungswirtschaft\/bachelor\/wp-json\/wp\/v2\/users\/12"}],"replies":[{"embeddable":true,"href":"https:\/\/www.fh-joanneum.at\/bank-und-versicherungswirtschaft\/bachelor\/wp-json\/wp\/v2\/comments?post=10000341"}],"version-history":[{"count":1,"href":"https:\/\/www.fh-joanneum.at\/bank-und-versicherungswirtschaft\/bachelor\/wp-json\/wp\/v2\/pages\/10000341\/revisions"}],"predecessor-version":[{"id":10000965,"href":"https:\/\/www.fh-joanneum.at\/bank-und-versicherungswirtschaft\/bachelor\/wp-json\/wp\/v2\/pages\/10000341\/revisions\/10000965"}],"up":[{"embeddable":true,"href":"https:\/\/www.fh-joanneum.at\/bank-und-versicherungswirtschaft\/bachelor\/wp-json\/wp\/v2\/pages\/10000337"}],"wp:attachment":[{"href":"https:\/\/www.fh-joanneum.at\/bank-und-versicherungswirtschaft\/bachelor\/wp-json\/wp\/v2\/media?parent=10000341"}],"curies":[{"name":"wp","href":"https:\/\/api.w.org\/{rel}","templated":true}]}}