{"id":10000734,"date":"2019-12-10T15:06:23","date_gmt":"2019-12-10T13:06:23","guid":{"rendered":"https:\/\/www.fh-joanneum.at\/bank-und-versicherungswirtschaft\/bachelor\/?page_id=734"},"modified":"2019-12-17T14:38:01","modified_gmt":"2019-12-17T12:38:01","slug":"otmar-luttenberger-ba-mba","status":"publish","type":"page","link":"https:\/\/www.fh-joanneum.at\/bank-und-versicherungswirtschaft\/bachelor\/nach-dem-studium\/absolventinnen-absolventen\/otmar-luttenberger-ba-mba\/","title":{"rendered":"Otmar Luttenberger, BA MBA"},"content":{"rendered":"<div id=\"\" class=\"wp-block-text-content margin-bottom-normal\">\n    <div class=\"container-lg\">\n        <div class=\"row\">\n            <div class=\"col\">\n                <h4>Eckdaten:<\/h4>\n<p><strong>Jobbezeichnung:<\/strong> Betriebliche Altersvorsorge, Landesdirektion Steiermark  <br>\n<strong>Unternehmen:<\/strong> Wiener St&auml;dtische Versicherung <br>\n<strong>Ich arbeite in:<\/strong> Graz, &Ouml;sterreich  <br>\n<strong>Ich arbeite hier seit:<\/strong> 1995  <br>\nMein Kontakt: <a href=\"mailto:o.luttenberger@wienerstaedtische.at\">o.luttenberger@wienerstaedtische.at<\/a><\/p>\n\n            <\/div>\n        <\/div>\n            <\/div>\n<\/div>\n\n<!-- TODO:\n      Short Code und Cookie Notice anpassen\n      Barrierefreiheit Texte\n-->\n<div\n    id=\"\"\n    class=\"wp-block-video margin-bottom-normal\"\n>\n    <div class=\"container-lg\">\n        <div class=\"row\">\n            <div class=\"col\">\n\n                                    <div class='embed-container'> <div class=\"brlbs-cmpnt-container brlbs-cmpnt-content-blocker\" data-borlabs-cookie-content-blocker-id=\"youtube-content-blocker\" data-borlabs-cookie-content=\"PGlmcmFtZSBpZD0ndmlkZW8nIHNyYz0nLy93d3cueW91dHViZS5jb20vZW1iZWQvQ3lqUU5QOEF6SDQ\/cmVsPTAmY29udHJvbHM9MCZzaG93aW5mbz0wJmVuYWJsZWpzYXBpPTEmbW9kZXN0YnJhbmRpbmc9MScgZnJhbWVib3JkZXI9JzAnIGFsbG93ZnVsbHNjcmVlbj48L2lmcmFtZT4=\" ><div class=\"brlbs-cmpnt-cb-preset-b\"> <div class=\"brlbs-cmpnt-cb-thumbnail\" style=\"background-image: url('https:\/\/cdn.fh-joanneum.at\/media\/2021\/02\/conversory-fh-joanneum-video-overlay-bg.jpg')\"><\/div> <div class=\"brlbs-cmpnt-cb-main\"> <div class=\"brlbs-cmpnt-cb-content\"> <h4 class=\"brlbs-cmpnt-cb-description\">Mit dem Laden des Videos stimmen Sie der <a href=\"https:\/\/www.youtube.com\/intl\/ALL_at\/howyoutubeworks\/user-settings\/privacy\/\" target=\"_blank\">Datenschutzerkl\u00e4rung<\/a> von YouTube zu.<\/h4> <\/div> <div class=\"brlbs-cmpnt-cb-buttons\"> <a class=\"brlbs-cmpnt-cb-btn\" href=\"#\" data-borlabs-cookie-accept-service role=\"button\" style=\"display: inherit\">Video laden<\/a> <\/div> <\/div> <\/div><\/div><\/div>                            <\/div>\n        <\/div>\n    <\/div>\n<\/div>\n\n<div id=\"\" class=\"wp-block-text-content margin-bottom-normal\">\n    <div class=\"container-lg\">\n        <div class=\"row\">\n            <div class=\"col\">\n                <h4>Was ich mache:<\/h4>\n<ul>\n<li>Verantwortung &uuml;ber die Zielerreichung der Landesdirektion Steiermark im Bereich Betriebliche Altersvorsorge (BAV)<\/li>\n<li>Schulung von Mitarbeiterinnen, Mitarbeitern und Partnern in der BAV<\/li>\n<li>Mitverantwortung &uuml;ber die Zielerreichung der Personenversicherungssparten der Landesdirektion Steiermark<\/li>\n<\/ul>\n<h4>An meinem Job liebe ich:<\/h4>\n<ul>\n<li>den Kontakt mit Kundinnen und Kunden<\/li>\n<li>die freie Gestaltung des Arbeits(all)tags<\/li>\n<li>das hohe Ma&szlig; an Eigenverantwortung<\/li>\n<\/ul>\n<h4>Wichtige F&auml;higkeiten in meinem Job:<\/h4>\n<ul>\n<li>Fachwissen in der BAV (Steuerrecht, Arbeitsrecht, Tarife)<\/li>\n<li>verk&auml;uferisches Know-how<\/li>\n<li>Belastbarkeit<\/li>\n<\/ul>\n<h4>Mein bisher gr&ouml;&szlig;ter Erfolg \/ mein bestes Erlebnis:<\/h4>\n<p>Besonders stolz bin ich auf meinen Sohn beziehungsweise auf unser Verh&auml;ltnis zueinander. Obwohl wir uns nicht t&auml;glich sehen, haben wir &uuml;berwiegend ein tolles Einvernehmen.<\/p>\n<h4>So bin ich zu meinem Job gekommen<\/h4>\n<p>Unser damaliger Landesdirektor ist auf mich zugekommen, da ich zu einem BAV-Thema meine Masterarbeit geschrieben habe und ihm diese ganz gut gefallen hat.<\/p>\n<h4>Das habe ich im Studium f&uuml;rs Berufsleben gelernt:<\/h4>\n<ul>\n<li>an Problem- und Aufgabenstellungen ruhig und analytisch heranzugehen<\/li>\n<li>das Versicherungsvertragsrecht in all seinen Facetten<\/li>\n<li>die Grundz&uuml;ge der Finanzwirtschaft<\/li>\n<\/ul>\n<h4>Die Jobchancen in meinem Bereich<\/h4>\n<p>Ohne grundlegendes Wissen im Steuer- und Arbeitsrecht ist es sehr schwierig diesen Job auszu&uuml;ben, da immer wieder Verhandlungen mit Steuerberaterinnen und Steuerberatern sowie Betriebsr&auml;tinnen und Betriebsr&auml;ten zu diesen Themen zu f&uuml;hren sind. Ein absolviertes Bachelor- und Masterstudium im Bereich Wirtschaft erm&ouml;glicht auch Positionen in der bundeslandweiten Vertriebsleitung oder als Landesdirektorin beziehungsweise Landesdirektor. Auch eine Vorstandsposition ist nicht ausgeschlossen.<\/p>\n<h3>Ich bin &hellip;<\/h3>\n<ul>\n<li>p&uuml;nktlich<\/li>\n<li>Leadership-Kompetenzen (sagen Kolleginnen und Kollegen)<\/li>\n<li>Menschenkenntnis<\/li>\n<\/ul>\n\n            <\/div>\n        <\/div>\n            <\/div>\n<\/div>\n\n<div\n    id=\"\"\n    class=\"wp-block-blockquote margin-bottom-normal\"\n>\n    <div class=\"container-lg\">\n        <div class=\"row\">\n            <div class=\"col\">\n                <div class=\"d-block mb-2 fs-5 major-text-color\">Mein Plan und mein Ziel ist es, \u00fcberwiegend ausgezeichnete Arbeit abzuliefern, dann ergibt sich alles andere von selbst. Ich denke, dass es in Zukunft noch wichtiger sein wird, eine gute Ausbildung zu haben, denn nur dann hat man die M\u00f6glichkeit, einen Job zu ergreifen, bei dem man seinen Arbeitsalltag stark mitgestalten kann.<br \/>\r\n<\/div>\n                <span class=\"d-flex justify-content-end\">Otmar Luttenberger<\/span>\n            <\/div>\n        <\/div>\n    <\/div>\n<\/div>\n\n","protected":false},"excerpt":{"rendered":"<p>Otmar Luttenberger ist bei der Wiener St\u00e4dtische Versicherung, Landesdirektion Steiermark, f\u00fcr den Bereich der betrieblichen Altersvorsorge zust\u00e4ndig. Sein Ziel: mit Fachwissen und verk\u00e4uferischem Know-how  ausgezeichnete Arbeit abzuliefern.<\/p>\n","protected":false},"author":11,"featured_media":10000735,"parent":10000341,"menu_order":3,"comment_status":"closed","ping_status":"closed","template":"template-absolvent.blade.php","meta":{"_acf_changed":false,"footnotes":""},"acf":[],"aioseo_notices":[],"_links":{"self":[{"href":"https:\/\/www.fh-joanneum.at\/bank-und-versicherungswirtschaft\/bachelor\/wp-json\/wp\/v2\/pages\/10000734"}],"collection":[{"href":"https:\/\/www.fh-joanneum.at\/bank-und-versicherungswirtschaft\/bachelor\/wp-json\/wp\/v2\/pages"}],"about":[{"href":"https:\/\/www.fh-joanneum.at\/bank-und-versicherungswirtschaft\/bachelor\/wp-json\/wp\/v2\/types\/page"}],"author":[{"embeddable":true,"href":"https:\/\/www.fh-joanneum.at\/bank-und-versicherungswirtschaft\/bachelor\/wp-json\/wp\/v2\/users\/11"}],"replies":[{"embeddable":true,"href":"https:\/\/www.fh-joanneum.at\/bank-und-versicherungswirtschaft\/bachelor\/wp-json\/wp\/v2\/comments?post=10000734"}],"version-history":[{"count":0,"href":"https:\/\/www.fh-joanneum.at\/bank-und-versicherungswirtschaft\/bachelor\/wp-json\/wp\/v2\/pages\/10000734\/revisions"}],"up":[{"embeddable":true,"href":"https:\/\/www.fh-joanneum.at\/bank-und-versicherungswirtschaft\/bachelor\/wp-json\/wp\/v2\/pages\/10000341"}],"wp:featuredmedia":[{"embeddable":true,"href":"https:\/\/www.fh-joanneum.at\/bank-und-versicherungswirtschaft\/bachelor\/wp-json\/wp\/v2\/media\/10000735"}],"wp:attachment":[{"href":"https:\/\/www.fh-joanneum.at\/bank-und-versicherungswirtschaft\/bachelor\/wp-json\/wp\/v2\/media?parent=10000734"}],"curies":[{"name":"wp","href":"https:\/\/api.w.org\/{rel}","templated":true}]}}