{"id":19,"date":"2024-12-18T13:18:09","date_gmt":"2024-12-18T12:18:09","guid":{"rendered":"https:\/\/www.fh-joanneum.at\/banking-and-financial-services\/academic_certificate_programme\/?page_id=19"},"modified":"2024-12-18T13:46:33","modified_gmt":"2024-12-18T12:46:33","slug":"voraussetzungen","status":"publish","type":"page","link":"https:\/\/www.fh-joanneum.at\/banking-and-financial-services\/academic_certificate_programme\/vor-dem-lehrgang\/voraussetzungen\/","title":{"rendered":"Voraussetzungen"},"content":{"rendered":"<div id=\"\" class=\"wp-block-text-content margin-bottom-normal\">\n    <div class=\"container-lg\">\n        <div class=\"row\">\n            <div class=\"col\">\n                <h3>Voraussetzungen<\/h3>\n<p>F&uuml;r den Akademischen Lehrgang &bdquo;Banking and Financial Services&ldquo; ist kein Vorstudium erforderlich. Bewerber:innen ben&ouml;tigen eine mindestens vierj&auml;hrige fachspezifische Berufserfahrung und m&uuml;ssen &uuml;ber die allgemeine Hochschulreife oder eine gleichwertige Qualifikation verf&uuml;gen.<\/p>\n<p>Die Erf&uuml;llung der formalen Zugangsvoraussetzungen wird durch die Abteilung WSA, im Zweifelsfall gemeinsam mit der Lehrgangsleitung, gepr&uuml;ft.<\/p>\n\n            <\/div>\n        <\/div>\n            <\/div>\n<\/div>\n\n\n<div\n    id=\"\"\n    class=\"wp-block-tipp-box margin-bottom-normal\"\n>\n    <div class=\"container-lg\">\n        <div class=\"row\">\n            <div class=\"col\">\n                <div class=\"tipp-box border border-info\">\n                    <div class=\"tipp-box-inner p-2 p-md-3\">\n                        <h4 class=\"\">Hinweis<\/h4>\n                        <p>Englisch und Deutsch sind die Unterrichtssprachen am Lehrgang. Mit Sprachkenntnissen auf Level B2 k\u00f6nnen Sie den Lehrgangsinhalten ohne Probleme folgen. Best\u00e4tigen Sie uns Ihre Sprachkenntnisse bitte mit einem Zertifikat, sofern Sie nicht in Maturazeugnissen oder \u00e4hnlichen Diplomen genannt sind.<\/p>\n\n                    <\/div>\n                <\/div>\n            <\/div>\n        <\/div>\n    <\/div>\n<\/div>\n","protected":false},"excerpt":{"rendered":"<p>Diese Voraussetzungen m\u00fcssen Sie f\u00fcr die Teilnahme am Akademischen Lehrgang \u201eBanking and Financial Services\u201c erf\u00fcllen.<\/p>\n","protected":false},"author":143,"featured_media":0,"parent":11,"menu_order":20,"comment_status":"closed","ping_status":"closed","template":"","meta":{"_acf_changed":false,"footnotes":""},"acf":[],"aioseo_notices":[],"_links":{"self":[{"href":"https:\/\/www.fh-joanneum.at\/banking-and-financial-services\/academic_certificate_programme\/wp-json\/wp\/v2\/pages\/19"}],"collection":[{"href":"https:\/\/www.fh-joanneum.at\/banking-and-financial-services\/academic_certificate_programme\/wp-json\/wp\/v2\/pages"}],"about":[{"href":"https:\/\/www.fh-joanneum.at\/banking-and-financial-services\/academic_certificate_programme\/wp-json\/wp\/v2\/types\/page"}],"author":[{"embeddable":true,"href":"https:\/\/www.fh-joanneum.at\/banking-and-financial-services\/academic_certificate_programme\/wp-json\/wp\/v2\/users\/143"}],"replies":[{"embeddable":true,"href":"https:\/\/www.fh-joanneum.at\/banking-and-financial-services\/academic_certificate_programme\/wp-json\/wp\/v2\/comments?post=19"}],"version-history":[{"count":2,"href":"https:\/\/www.fh-joanneum.at\/banking-and-financial-services\/academic_certificate_programme\/wp-json\/wp\/v2\/pages\/19\/revisions"}],"predecessor-version":[{"id":22,"href":"https:\/\/www.fh-joanneum.at\/banking-and-financial-services\/academic_certificate_programme\/wp-json\/wp\/v2\/pages\/19\/revisions\/22"}],"up":[{"embeddable":true,"href":"https:\/\/www.fh-joanneum.at\/banking-and-financial-services\/academic_certificate_programme\/wp-json\/wp\/v2\/pages\/11"}],"wp:attachment":[{"href":"https:\/\/www.fh-joanneum.at\/banking-and-financial-services\/academic_certificate_programme\/wp-json\/wp\/v2\/media?parent=19"}],"curies":[{"name":"wp","href":"https:\/\/api.w.org\/{rel}","templated":true}]}}