{"id":26,"date":"2024-11-20T10:00:45","date_gmt":"2024-11-20T09:00:45","guid":{"rendered":"https:\/\/www.fh-joanneum.at\/bankmanagement\/postgraduate\/?page_id=26"},"modified":"2024-12-18T11:30:49","modified_gmt":"2024-12-18T10:30:49","slug":"voraussetzungen","status":"publish","type":"page","link":"https:\/\/www.fh-joanneum.at\/bankmanagement\/postgraduate\/vor-dem-studium\/voraussetzungen\/","title":{"rendered":"Voraussetzungen"},"content":{"rendered":"<div id=\"\" class=\"wp-block-text-content margin-bottom-normal\">\n    <div class=\"container-lg\">\n        <div class=\"row\">\n            <div class=\"col\">\n                <h3>Voraussetzungen<\/h3>\n<p>Wenn Sie einen qualifizierten Studienabschluss eines facheinschl&auml;gigen Bachelorstudiums (mindestens 180 ECTS) oder einen Hochschulabschluss eines MBA- bzw. wirtschaftswissenschaftlichen MSc-Studiums mit mindestens 90 ECTS nachweisen k&ouml;nnen sowie mindestens &uuml;ber eine 2-j&auml;hrige facheinschl&auml;gige Berufserfahrung verf&uuml;gen, erf&uuml;llen Sie die Zugangsvoraussetzungen f&uuml;r den MBA-Lehrgang.<\/p>\n<p>Sofern Sie keinen Bachelor- bzw. Hochschulabschluss nachweisen k&ouml;nnen, erf&uuml;llen Sie die Zugangsvoraussetzungen durch die allgemeine Hochschulreife sowie mindestens 6 Jahre fachspezifische Berufserfahrung.<\/p>\n\n            <\/div>\n        <\/div>\n            <\/div>\n<\/div>\n\n\n<div\n    id=\"\"\n    class=\"wp-block-tipp-box margin-bottom-normal\"\n>\n    <div class=\"container-lg\">\n        <div class=\"row\">\n            <div class=\"col\">\n                <div class=\"tipp-box border border-info\">\n                    <div class=\"tipp-box-inner p-2 p-md-3\">\n                        <h4 class=\"\">Hinweis<\/h4>\n                        <p>Englisch und Deutsch sind die Unterrichtssprachen am Lehrgang. Mit Sprachkenntnissen auf Level B2 k\u00f6nnen Sie den Lehrgangsinhalten ohne Probleme folgen. Best\u00e4tigen Sie uns Ihre Sprachkenntnisse bitte mit einem Zertifikat, sofern Sie nicht in Maturazeugnissen oder \u00e4hnlichen Diplomen genannt sind.<\/p>\n\n                    <\/div>\n                <\/div>\n            <\/div>\n        <\/div>\n    <\/div>\n<\/div>\n","protected":false},"excerpt":{"rendered":"<p>Diese Voraussetzungen m\u00fcssen Sie f\u00fcr die Teilnahme am Lehrgang \u201eBankmanagement\u201c erf\u00fcllen.<\/p>\n","protected":false},"author":143,"featured_media":0,"parent":5,"menu_order":20,"comment_status":"closed","ping_status":"closed","template":"","meta":{"_acf_changed":false,"footnotes":""},"acf":[],"aioseo_notices":[],"_links":{"self":[{"href":"https:\/\/www.fh-joanneum.at\/bankmanagement\/postgraduate\/wp-json\/wp\/v2\/pages\/26"}],"collection":[{"href":"https:\/\/www.fh-joanneum.at\/bankmanagement\/postgraduate\/wp-json\/wp\/v2\/pages"}],"about":[{"href":"https:\/\/www.fh-joanneum.at\/bankmanagement\/postgraduate\/wp-json\/wp\/v2\/types\/page"}],"author":[{"embeddable":true,"href":"https:\/\/www.fh-joanneum.at\/bankmanagement\/postgraduate\/wp-json\/wp\/v2\/users\/143"}],"replies":[{"embeddable":true,"href":"https:\/\/www.fh-joanneum.at\/bankmanagement\/postgraduate\/wp-json\/wp\/v2\/comments?post=26"}],"version-history":[{"count":2,"href":"https:\/\/www.fh-joanneum.at\/bankmanagement\/postgraduate\/wp-json\/wp\/v2\/pages\/26\/revisions"}],"predecessor-version":[{"id":70,"href":"https:\/\/www.fh-joanneum.at\/bankmanagement\/postgraduate\/wp-json\/wp\/v2\/pages\/26\/revisions\/70"}],"up":[{"embeddable":true,"href":"https:\/\/www.fh-joanneum.at\/bankmanagement\/postgraduate\/wp-json\/wp\/v2\/pages\/5"}],"wp:attachment":[{"href":"https:\/\/www.fh-joanneum.at\/bankmanagement\/postgraduate\/wp-json\/wp\/v2\/media?parent=26"}],"curies":[{"name":"wp","href":"https:\/\/api.w.org\/{rel}","templated":true}]}}