{"id":10000568,"date":"2019-12-18T10:42:18","date_gmt":"2019-12-18T08:42:18","guid":{"rendered":"https:\/\/www.fh-joanneum.at\/baumanagement-und-ingenieurbau\/master\/?page_id=568"},"modified":"2020-05-27T14:05:43","modified_gmt":"2020-05-27T12:05:43","slug":"di-bianca-gollner-bsc","status":"publish","type":"page","link":"https:\/\/www.fh-joanneum.at\/baumanagement-und-ingenieurbau\/master\/nach-dem-studium\/absolventinnen-absolventen\/di-bianca-gollner-bsc\/","title":{"rendered":"BM DI Bianca Gollner, BSc"},"content":{"rendered":"<div id=\"\" class=\"wp-block-text-content margin-bottom-normal\">\n    <div class=\"container-lg\">\n        <div class=\"row\">\n            <div class=\"col\">\n                <h4>Eckdaten:<\/h4>\n<p><strong>Jobbezeichnung:<\/strong> Bautechnikerin im Generalunternehmerbau f&uuml;r Hochbau   <br>\n<strong>Unternehmen:<\/strong> PORR Bau GmbH  <br>\n<strong>Ich arbeite in:<\/strong> haupts&auml;chlich in Graz und Graz-Umgebung, Steiermark  <br>\n<strong>Ich arbeite hier seit:<\/strong> 2015<\/p>\n\n            <\/div>\n        <\/div>\n            <\/div>\n<\/div>\n\n<div id=\"\" class=\"wp-block-text-content margin-bottom-normal\">\n    <div class=\"container-lg\">\n        <div class=\"row\">\n            <div class=\"col\">\n                <h4>Was ich mache:<\/h4>\n<ul>\n<li>Ausschreibungen<\/li>\n<li>Erstellung von Leistungsverzeichnissen<\/li>\n<li>Technische Abstimmung von Ausschreibungen<\/li>\n<li>Angebote \/ Vergaben<\/li>\n<li>Pr&uuml;fung der Angebote<\/li>\n<li>Aufbereitung der Preisspiegel<\/li>\n<li>Vorbereitung und Mitwirkung bei der Vergabe<\/li>\n<li>Koordination von SUB-Unternehmer<\/li>\n<\/ul>\n<h4>An meinem Job liebe ich:<\/h4>\n<ul>\n<li>An meinem Beruf sch&auml;tze ich die Diversit&auml;t an Aufgaben und T&auml;tigkeiten. Der Arbeitsalltag ist nicht eint&ouml;nig.<\/li>\n<li>Die t&auml;gliche Bew&auml;ltigung von neuen Herausforderungen und neuen Aufgaben l&auml;sst einem st&auml;ndig &uuml;ber sich hinauswachsen.<\/li>\n<li>Die M&ouml;glichkeit sich beruflich weiterbilden und weiterentwickeln zu k&ouml;nnen, sowohl im Hinblick auf die Soft Skills als auch auf das technische Know-how.<\/li>\n<\/ul>\n<h4>Was ich an meinem Job nicht so mag:<\/h4>\n<ul>\n<li>Den oftmals zu stressigen und hektischen Berufsalltag, aufgrund von unvorhersehbaren Ereignissen.<\/li>\n<\/ul>\n<h4>Wichtige F&auml;higkeiten in meinem Job:<\/h4>\n<ul>\n<li>Engagement und Teamf&auml;higkeit<\/li>\n<li>Flexibilit&auml;t und Dynamik<\/li>\n<li>Verantwortungsbewusstsein<\/li>\n<\/ul>\n<h4>Mein bisher gr&ouml;&szlig;ter Erfolg \/ mein bestes Erlebnis<\/h4>\n<p>Im Gro&szlig;en und Ganzen kann ich mit Stolz auf meinen bisherigen Werdegang zur&uuml;ckblicken. Mein Studienbeginn als junge Erwachsene mit 18 Jahren stellte sich anf&auml;nglich aufgrund des fehlenden technischen Know-hows zufolge einer AHS-Matura als kleine H&uuml;rde f&uuml;r mich dar. Durch gro&szlig;es Engagement und Interesse an diesem Studium und Beruf meinerseits, konnte ich jedoch sowohl das Bachelor- als auch das Masterstudium sowie in weiterer Folge die Baumeisterbef&auml;higungspr&uuml;fung mit Bravour meistern. Durch meinen Flei&szlig;, mein Durchhalteverm&ouml;gen und mein erlerntes technisches Know-how konnte ich auch in einem m&auml;nnerdominierten Beruf Fu&szlig; fassen, mich beweisen und mir den Respekt und die Achtung meiner Kollegen erk&auml;mpfen.<\/p>\n<h4>So bin ich zu meinem Job gekommen<\/h4>\n<p>Im Zuge meines Bachelorstudiums habe ich das erforderliche Pflichtpraktikum im 6. Semester bei der PORR Bau GmbH beim Bauvorhaben &bdquo;Styria Media<br>\nCenter&ldquo; absolviert. Im Zuge dieses Praktikums konnte ich mich im Unternehmen beweisen und von mir &uuml;berzeugen, sodass in weiterer Folge meine Praktikumszeit bis zum Beginn des Masterstudiums verl&auml;ngert und ich anschlie&szlig;end als Teilzeittechnikerin w&auml;hrend des Studiums angestellt wurde. Seit dem Abschluss meines Masterstudiums bin ich als Vollzeit-Technikerin im Unternehmen t&auml;tig.<\/p>\n<h4>Das habe ich im Studium f&uuml;rs Berufsleben gelernt<\/h4>\n<p>Durch den breit gef&auml;cherten Lehrplan des Studiums wurde ich perfekt auf die beruflichen Aufgaben und T&auml;tigkeiten in meinem Job vorbereitet. Was mir an meinem Studium besonders gut gefallen hat, war die Verbindung von Theorie und Praxis. Dies wurde insbesondere durch die Ausarbeitung einer Vielzahl an Projekten erreicht. Das Vorwissen dazu wurde mir im Zuge der vorangegangenen Lehrveranstaltungen vermittelt. Das absolute Highlight f&uuml;r mich war das Berufspraktikum im 6. Semester. Dadurch konnte ich nicht nur mein theoretisch erlerntes Wissen in die Praxis umsetzen, sondern auch den Grundstein f&uuml;r meine berufliche Zukunft legen.<\/p>\n<h4>Die Jobchancen in meinem Bereich<\/h4>\n<p>Die Jobchancen beziehungsweise Aussichten in meinem Beruf sind meines Erachtens sehr gut. Die Auftragsb&uuml;cher der ausf&uuml;hrenden Firmen sind aufgrund der derzeitigen wirtschaftlichen Lage gut gef&uuml;llt und hoch qualifiziertes technisches Personal ist immer gefragt. Wichtig ist es, Chancen wie Berufspraktika zu nutzen, viel Engagement zu zeigen und mit seinem technischen Know-how von sich zu &uuml;berzeugen. Dann wird einem Einstieg in diesen Beruf mit Sicherheit nichts im Wege stehen.<\/p>\n<h4>Ich bin &hellip;<\/h4>\n<ul>\n<li>ehrgeizig<\/li>\n<li>gewissenhaft<\/li>\n<li>zuverl&auml;ssig<\/li>\n<\/ul>\n\n            <\/div>\n        <\/div>\n            <\/div>\n<\/div>\n\n<div\n    id=\"\"\n    class=\"wp-block-blockquote margin-bottom-normal\"\n>\n    <div class=\"container-lg\">\n        <div class=\"row\">\n            <div class=\"col\">\n                <div class=\"d-block mb-2 fs-5 major-text-color\">Mein derzeitiger Arbeitsalltag ist mit spannenden und herausfordernden Arbeiten und T\u00e4tigkeiten als Bautechnikerin gef\u00fcllt. Mein Studium hilft mir dabei, diese so gut wie m\u00f6glich zu meistern. Vor neuen beziehungsweise unbekannten Aufgaben schrecke ich nicht zur\u00fcck, sondern diese stellen f\u00fcr mich eine Herausforderung dar, durch die ich mich st\u00e4ndig weiterentwickeln kann. F\u00fcr mich pers\u00f6nlich ist es sehr wichtig, die M\u00f6glichkeit zu haben Erfahrungen und auch Wissen \u00fcber mein Studium hinaus zu sammeln. Mein Wunsch ist es zuk\u00fcnftig bei der Errichtung von Bauprojekten im Hochbau erfolgreich mitwirken zu k\u00f6nnen, durch das ich pers\u00f6nlich die Chance habe, Neues dazuzulernen und das mich auch einen Schritt weiter auf der Karriereleiter bringt.<\/div>\n                <span class=\"d-flex justify-content-end\">Bianca Gollner<\/span>\n            <\/div>\n        <\/div>\n    <\/div>\n<\/div>\n\n","protected":false},"excerpt":{"rendered":"<p>Als Bautechnikerin bei der PORR Bau GmbH m\u00f6chte Bianca Gollner auch zuk\u00fcnftig bei der Errichtung von Bauprojekten im Hochbau erfolgreich mitwirken. <\/p>\n","protected":false},"author":11,"featured_media":10000569,"parent":10000300,"menu_order":8,"comment_status":"closed","ping_status":"closed","template":"template-absolvent.blade.php","meta":{"_acf_changed":false,"footnotes":""},"acf":[],"aioseo_notices":[],"_links":{"self":[{"href":"https:\/\/www.fh-joanneum.at\/baumanagement-und-ingenieurbau\/master\/wp-json\/wp\/v2\/pages\/10000568"}],"collection":[{"href":"https:\/\/www.fh-joanneum.at\/baumanagement-und-ingenieurbau\/master\/wp-json\/wp\/v2\/pages"}],"about":[{"href":"https:\/\/www.fh-joanneum.at\/baumanagement-und-ingenieurbau\/master\/wp-json\/wp\/v2\/types\/page"}],"author":[{"embeddable":true,"href":"https:\/\/www.fh-joanneum.at\/baumanagement-und-ingenieurbau\/master\/wp-json\/wp\/v2\/users\/11"}],"replies":[{"embeddable":true,"href":"https:\/\/www.fh-joanneum.at\/baumanagement-und-ingenieurbau\/master\/wp-json\/wp\/v2\/comments?post=10000568"}],"version-history":[{"count":0,"href":"https:\/\/www.fh-joanneum.at\/baumanagement-und-ingenieurbau\/master\/wp-json\/wp\/v2\/pages\/10000568\/revisions"}],"up":[{"embeddable":true,"href":"https:\/\/www.fh-joanneum.at\/baumanagement-und-ingenieurbau\/master\/wp-json\/wp\/v2\/pages\/10000300"}],"wp:featuredmedia":[{"embeddable":true,"href":"https:\/\/www.fh-joanneum.at\/baumanagement-und-ingenieurbau\/master\/wp-json\/wp\/v2\/media\/10000569"}],"wp:attachment":[{"href":"https:\/\/www.fh-joanneum.at\/baumanagement-und-ingenieurbau\/master\/wp-json\/wp\/v2\/media?parent=10000568"}],"curies":[{"name":"wp","href":"https:\/\/api.w.org\/{rel}","templated":true}]}}