{"id":10000573,"date":"2019-12-19T15:32:23","date_gmt":"2019-12-19T13:32:23","guid":{"rendered":"https:\/\/www.fh-joanneum.at\/baumanagement-und-ingenieurbau\/master\/?page_id=573"},"modified":"2020-05-27T16:39:19","modified_gmt":"2020-05-27T14:39:19","slug":"di-anela-brkovic-bsc","status":"publish","type":"page","link":"https:\/\/www.fh-joanneum.at\/baumanagement-und-ingenieurbau\/master\/nach-dem-studium\/absolventinnen-absolventen\/di-anela-brkovic-bsc\/","title":{"rendered":"DI Anela Brkovic, BSc"},"content":{"rendered":"<div id=\"\" class=\"wp-block-text-content margin-bottom-normal\">\n    <div class=\"container-lg\">\n        <div class=\"row\">\n            <div class=\"col\">\n                <h4>Eckdaten:<\/h4>\n<p><strong>Jobbezeichnung:<\/strong> Technikerin f&uuml;r Qualit&auml;tsmanagement bei der &ouml;rtlichen Bauaufsicht  <br>\n<strong>Unternehmen:<\/strong> IL &ndash; Ingenieurb&uuml;ro Laabmayr und Partner ZT GmbH <br>\n<strong>Ich arbeite in:<\/strong> Gloggnitz, Nieder&ouml;sterreich, Semmering Basistunnel Baulos SBT1.1  <br>\n<strong>Ich arbeite hier seit:<\/strong> 2018 <br>\n<strong>Mein Kontakt:<\/strong> <a href=\"mailto:brkovic@oeba.sbt11.at\">brkovic@oeba.sbt11.at<\/a><\/p>\n\n            <\/div>\n        <\/div>\n            <\/div>\n<\/div>\n\n<div id=\"\" class=\"wp-block-text-content margin-bottom-normal\">\n    <div class=\"container-lg\">\n        <div class=\"row\">\n            <div class=\"col\">\n                <h4>Was ich mache:<\/h4>\n<ul>\n<li>Pr&uuml;fung und Freigabe von Produkten, welche f&uuml;r den Tunnelvortrieb und auch f&uuml;r die Tunnelinnenschale zur Anwendung kommen sollen.<\/li>\n<li>Kontrolle von Erstpr&uuml;fungen f&uuml;r Spritz- und Konstruktionsbetone sowie Organisation von deren Identit&auml;tspr&uuml;fungen.<\/li>\n<li>Koordination von diversen Abnahmepr&uuml;fungen, wie etwa Bewehrungs- oder Erdungsabnahmen f&uuml;r die Tunnelinnenschale.<\/li>\n<\/ul>\n<p>Alle diese Produkte und Betonsorten sind in diversen Normen und Richtlinien geregelt, somit ist das Arbeiten mit beziehungsweise das Studieren dieser Regelwerke auch ein gro&szlig;er Bestandteil meines Berufs. Des Weiteren m&uuml;ssen alle Unterlagen f&uuml;r den sp&auml;teren Betrieb beziehungsweise f&uuml;r die Wartung und Instandhaltung in eine Datenbank eingepflegt werden. Das Pflegen dieser Datenbank ist ebenso Aufgabe des Qualit&auml;tsmanagements.<\/p>\n<h4>An meinem Job liebe ich:<\/h4>\n<ul>\n<li>Es ist keine eint&ouml;nige, sondern eine sehr vielf&auml;ltige Arbeit mit unterschiedlichsten Bauphasen, aber auch Kulturen und Nationen. <\/li>\n<li>Toll ist auch, dass man die Ausf&uuml;hrung hautnah miterlebt und man am Ende des Tages das Ergebnis der jahrelangen Planung und harten Arbeit sieht.<\/li>\n<li>Vor allem aber gef&auml;llt mir das Miteinander auf der Baustelle. Man kocht und isst zusammen oder sitzt abends einfach noch gem&uuml;tlich zusammen und redet &uuml;ber allt&auml;gliche Dinge. Das st&auml;rkt die Gemeinschaft und es entwickeln sich nat&uuml;rlich auch Freundschaften.<\/li>\n<\/ul>\n<h4>Was ich an meinem Job nicht so mag:<\/h4>\n<p>Ein negativer Aspekt, den das Baustellenleben mit sich bringt, ist das w&ouml;chentliche Pendeln. Man hat somit meist zwei oder mehr Wohnorte und dies ist nicht unbedingt familienfreundlich. Man muss sich also bewusst sein, dass man die Familie, Freundinnen und Freunde zumeist nur am Wochenende sieht und man nicht bei jedem kleinsten Problem zur Stelle sein kann.<\/p>\n<h4>Wichtige F&auml;higkeiten in meinem Job:<\/h4>\n<ul>\n<li>Strukturiertes, effizientes und l&ouml;sungsorientiertes Arbeiten <\/li>\n<li>Technisches Verst&auml;ndnis und schnelle Auffassungsgabe<\/li>\n<li>Das A und O ist jedoch soziale Kompetenz und vor allem der Wille zur Kommunikation. Bei so einem gro&szlig;en Projekt haben Einzelg&auml;ngerinnen und Einzelg&auml;nger nur wenig Chancen.<\/li>\n<\/ul>\n<h4>Mein bisher gr&ouml;&szlig;ter Erfolg \/ mein bestes Erlebnis<\/h4>\n<p>Ein Highlight f&uuml;r alle, die im Tunnelbau t&auml;tig sind, ist bestimmt, wenn man selbst die Kurbel drehen, den kleinen roten Knopf dr&uuml;cken und somit eine Sprengung ausl&ouml;sen darf. Dies kann ich nur best&auml;tigen. F&uuml;r mich pers&ouml;nlich war jedoch ein tolles Erlebnis, von dem ich immer wieder gerne erz&auml;hle, als ich mit einem Bauarbeiter im Tunnel ins Gespr&auml;ch gekommen bin und wir dann festgestellt haben, dass wir beide aus demselben Ort stammen und er mit meinem Vater zur Schule gegangen ist, obwohl unser beider Heimat gut 800 Kilometer von &Ouml;sterreich entfernt liegt. Da trifft das Sprichwort &bdquo;die Welt ist ein Dorf&ldquo; doch besonders zu.<\/p>\n<h4>So bin ich zu meinem Job gekommen<\/h4>\n<p>Wie f&uuml;r viele andere meiner Studienkolleginnen und Studienkollegen war auch f&uuml;r mich das Praktikum im Bachelorstudium das Sprungbrett in die Arbeitswelt. Damals hatte ich mich bei einigen Baufirmen und Planungsb&uuml;ros beworben, unter anderem auch bei dem Ziviltechnikerb&uuml;ro Laabmayr und Partner ZT GmbH, welches mir das Praktikum als Technikerin am Semmering Basistunnel anbot. Das Pflichtpraktikum habe ich dann gleich um drei Monate verl&auml;ngert und von da an war ich ein Mitglied der &Ouml;rtlichen Bauaufsicht am Baulos SBT1.1. <\/p>\n<p>Nach erfolgreichem Abschluss des Bachelorstudiums habe ich zwar mein theoretisches Wissen im Masterstudium erweitert, jedoch war mir auch die Praxis immer wichtig. So habe ich in den Ferien immer meine Kontakte zum Semmering Basistunnel genutzt und sp&auml;ter dann auch begonnen dort in Teilzeit zu arbeiten. W&auml;hrend meines Masterstudiums wurde mir dann ein Job als Technikerin f&uuml;r Qualit&auml;tsmanagement angeboten, den ich noch vor Abschluss der Diplompr&uuml;fung angetreten habe und auch bis heute aus&uuml;be.<\/p>\n\n            <\/div>\n        <\/div>\n            <\/div>\n<\/div>\n\n<div\n    id=\"\"\n    class=\"wp-block-image-slider margin-bottom-normal\"\n>\n    <div class=\"container-lg\">\n        <div class=\"row\">\n            <div class=\"col-12\">\n                <div class=\"swiper-outer-wrapper\">\n                    <div class=\"image-header\">\n                        <div class=\"swiper-navigation\">\n                            <div class=\"swiper-button-prev-custom\">\n                                <svg xmlns=\"http:\/\/www.w3.org\/2000\/svg\" width=\"9\" height=\"14\" viewBox=\"0 0 9 14\" fill=\"none\">\n  <path d=\"M8 13L2 7L8 1\" stroke=\"\" stroke-width=\"1.5\" stroke-linecap=\"round\"\/>\n<\/svg>                            <\/div>\n                            <div class=\"swiper-button-next-custom\">\n                                <svg xmlns=\"http:\/\/www.w3.org\/2000\/svg\" width=\"9\" height=\"14\" viewBox=\"0 0 9 14\" fill=\"none\">\n  <path d=\"M1 1L7 7L1 13\" stroke=\"\" stroke-width=\"1.5\" stroke-linecap=\"round\"\/>\n<\/svg>                            <\/div>\n                        <\/div>\n                    <\/div>\n                    <div class=\"swiper image-slider-swiper\">\n                        <div class=\"swiper-wrapper\">\n                                                                                                <div class=\"swiper-slide item\">\n                                        <picture>\n                        <source\n                media=\"(max-width: 576px)\"\n                srcset=\"https:\/\/cdn3.fh-joanneum.at\/media\/sites\/33\/2019\/12\/di-anela-brkovic-bsc-6.jpg, https:\/\/cdn3.fh-joanneum.at\/media\/sites\/33\/2019\/12\/di-anela-brkovic-bsc-6-768x513.jpg 2x\"\n            \/>\n                    <source\n                media=\"(max-width: 768px)\"\n                srcset=\"https:\/\/cdn3.fh-joanneum.at\/media\/sites\/33\/2019\/12\/di-anela-brkovic-bsc-6-768x513.jpg, https:\/\/cdn3.fh-joanneum.at\/media\/sites\/33\/2019\/12\/di-anela-brkovic-bsc-6-1024x684.jpg 2x\"\n            \/>\n                    <source\n                media=\"(max-width: 1024px)\"\n                srcset=\"https:\/\/cdn3.fh-joanneum.at\/media\/sites\/33\/2019\/12\/di-anela-brkovic-bsc-6-1024x684.jpg, https:\/\/cdn3.fh-joanneum.at\/media\/sites\/33\/2019\/12\/di-anela-brkovic-bsc-6.jpg 2x\"\n            \/>\n                    <source\n                media=\"(max-width: 1536px)\"\n                srcset=\"https:\/\/cdn3.fh-joanneum.at\/media\/sites\/33\/2019\/12\/di-anela-brkovic-bsc-6.jpg, https:\/\/cdn3.fh-joanneum.at\/media\/sites\/33\/2019\/12\/di-anela-brkovic-bsc-6.jpg 2x\"\n            \/>\n                    <source\n                media=\"(max-width: 2048px)\"\n                srcset=\"https:\/\/cdn3.fh-joanneum.at\/media\/sites\/33\/2019\/12\/di-anela-brkovic-bsc-6.jpg, https:\/\/cdn3.fh-joanneum.at\/media\/sites\/33\/2019\/12\/di-anela-brkovic-bsc-6.jpg 2x\"\n            \/>\n                <img decoding=\"async\"\n        class=\"img-fluid\"\n        src=\"https:\/\/cdn3.fh-joanneum.at\/media\/sites\/33\/2019\/12\/di-anela-brkovic-bsc-6.jpg\"\n        alt=\"DI Anela Brkovic, BSc 4\"\n        title=\"\"\n         loading=\"lazy\"             >\n<\/picture>\n\n                                                                                    <p class=\"text-muted mt-2\">Copyright \u00d6BB\/Ebner <\/p>\n                                                                            <\/div>\n                                                                    <div class=\"swiper-slide item\">\n                                        <picture>\n                        <source\n                media=\"(max-width: 576px)\"\n                srcset=\"https:\/\/cdn3.fh-joanneum.at\/media\/sites\/33\/2019\/12\/di-anela-brkovic-bsc-7.jpg, https:\/\/cdn3.fh-joanneum.at\/media\/sites\/33\/2019\/12\/di-anela-brkovic-bsc-7-768x453.jpg 2x\"\n            \/>\n                    <source\n                media=\"(max-width: 768px)\"\n                srcset=\"https:\/\/cdn3.fh-joanneum.at\/media\/sites\/33\/2019\/12\/di-anela-brkovic-bsc-7-768x453.jpg, https:\/\/cdn3.fh-joanneum.at\/media\/sites\/33\/2019\/12\/di-anela-brkovic-bsc-7-1024x604.jpg 2x\"\n            \/>\n                    <source\n                media=\"(max-width: 1024px)\"\n                srcset=\"https:\/\/cdn3.fh-joanneum.at\/media\/sites\/33\/2019\/12\/di-anela-brkovic-bsc-7-1024x604.jpg, https:\/\/cdn3.fh-joanneum.at\/media\/sites\/33\/2019\/12\/di-anela-brkovic-bsc-7.jpg 2x\"\n            \/>\n                    <source\n                media=\"(max-width: 1536px)\"\n                srcset=\"https:\/\/cdn3.fh-joanneum.at\/media\/sites\/33\/2019\/12\/di-anela-brkovic-bsc-7.jpg, https:\/\/cdn3.fh-joanneum.at\/media\/sites\/33\/2019\/12\/di-anela-brkovic-bsc-7.jpg 2x\"\n            \/>\n                    <source\n                media=\"(max-width: 2048px)\"\n                srcset=\"https:\/\/cdn3.fh-joanneum.at\/media\/sites\/33\/2019\/12\/di-anela-brkovic-bsc-7.jpg, https:\/\/cdn3.fh-joanneum.at\/media\/sites\/33\/2019\/12\/di-anela-brkovic-bsc-7.jpg 2x\"\n            \/>\n                <img decoding=\"async\"\n        class=\"img-fluid\"\n        src=\"https:\/\/cdn3.fh-joanneum.at\/media\/sites\/33\/2019\/12\/di-anela-brkovic-bsc-7.jpg\"\n        alt=\"DI Anela Brkovic, BSc 5\"\n        title=\"\"\n         loading=\"lazy\"             >\n<\/picture>\n\n                                                                                    <p class=\"text-muted mt-2\">Copyright \u00d6BB\/Ebner <\/p>\n                                                                            <\/div>\n                                                                    <div class=\"swiper-slide item\">\n                                        <picture>\n                        <source\n                media=\"(max-width: 576px)\"\n                srcset=\"https:\/\/cdn3.fh-joanneum.at\/media\/sites\/33\/2019\/12\/di-anela-brkovic-bsc-5.jpg, https:\/\/cdn3.fh-joanneum.at\/media\/sites\/33\/2019\/12\/di-anela-brkovic-bsc-5-768x493.jpg 2x\"\n            \/>\n                    <source\n                media=\"(max-width: 768px)\"\n                srcset=\"https:\/\/cdn3.fh-joanneum.at\/media\/sites\/33\/2019\/12\/di-anela-brkovic-bsc-5-768x493.jpg, https:\/\/cdn3.fh-joanneum.at\/media\/sites\/33\/2019\/12\/di-anela-brkovic-bsc-5-1024x657.jpg 2x\"\n            \/>\n                    <source\n                media=\"(max-width: 1024px)\"\n                srcset=\"https:\/\/cdn3.fh-joanneum.at\/media\/sites\/33\/2019\/12\/di-anela-brkovic-bsc-5-1024x657.jpg, https:\/\/cdn3.fh-joanneum.at\/media\/sites\/33\/2019\/12\/di-anela-brkovic-bsc-5.jpg 2x\"\n            \/>\n                    <source\n                media=\"(max-width: 1536px)\"\n                srcset=\"https:\/\/cdn3.fh-joanneum.at\/media\/sites\/33\/2019\/12\/di-anela-brkovic-bsc-5.jpg, https:\/\/cdn3.fh-joanneum.at\/media\/sites\/33\/2019\/12\/di-anela-brkovic-bsc-5.jpg 2x\"\n            \/>\n                    <source\n                media=\"(max-width: 2013px)\"\n                srcset=\"https:\/\/cdn3.fh-joanneum.at\/media\/sites\/33\/2019\/12\/di-anela-brkovic-bsc-5.jpg, https:\/\/cdn3.fh-joanneum.at\/media\/sites\/33\/2019\/12\/di-anela-brkovic-bsc-5.jpg 2x\"\n            \/>\n                <img decoding=\"async\"\n        class=\"img-fluid\"\n        src=\"https:\/\/cdn3.fh-joanneum.at\/media\/sites\/33\/2019\/12\/di-anela-brkovic-bsc-5.jpg\"\n        alt=\"DI Anela Brkovic, BSc 3\"\n        title=\"\"\n         loading=\"lazy\"             >\n<\/picture>\n\n                                                                                    <p class=\"text-muted mt-2\">Copyright \u00d6BB\/Ebner <\/p>\n                                                                            <\/div>\n                                                                    <div class=\"swiper-slide item\">\n                                        <picture>\n                        <source\n                media=\"(max-width: 576px)\"\n                srcset=\"https:\/\/cdn3.fh-joanneum.at\/media\/sites\/33\/2019\/12\/di-anela-brkovic-bsc-3.jpg, https:\/\/cdn3.fh-joanneum.at\/media\/sites\/33\/2019\/12\/di-anela-brkovic-bsc-3-768x512.jpg 2x\"\n            \/>\n                    <source\n                media=\"(max-width: 768px)\"\n                srcset=\"https:\/\/cdn3.fh-joanneum.at\/media\/sites\/33\/2019\/12\/di-anela-brkovic-bsc-3-768x512.jpg, https:\/\/cdn3.fh-joanneum.at\/media\/sites\/33\/2019\/12\/di-anela-brkovic-bsc-3-1024x683.jpg 2x\"\n            \/>\n                    <source\n                media=\"(max-width: 1024px)\"\n                srcset=\"https:\/\/cdn3.fh-joanneum.at\/media\/sites\/33\/2019\/12\/di-anela-brkovic-bsc-3-1024x683.jpg, https:\/\/cdn3.fh-joanneum.at\/media\/sites\/33\/2019\/12\/di-anela-brkovic-bsc-3.jpg 2x\"\n            \/>\n                    <source\n                media=\"(max-width: 1536px)\"\n                srcset=\"https:\/\/cdn3.fh-joanneum.at\/media\/sites\/33\/2019\/12\/di-anela-brkovic-bsc-3.jpg, https:\/\/cdn3.fh-joanneum.at\/media\/sites\/33\/2019\/12\/di-anela-brkovic-bsc-3.jpg 2x\"\n            \/>\n                    <source\n                media=\"(max-width: 2048px)\"\n                srcset=\"https:\/\/cdn3.fh-joanneum.at\/media\/sites\/33\/2019\/12\/di-anela-brkovic-bsc-3.jpg, https:\/\/cdn3.fh-joanneum.at\/media\/sites\/33\/2019\/12\/di-anela-brkovic-bsc-3.jpg 2x\"\n            \/>\n                <img decoding=\"async\"\n        class=\"img-fluid\"\n        src=\"https:\/\/cdn3.fh-joanneum.at\/media\/sites\/33\/2019\/12\/di-anela-brkovic-bsc-3.jpg\"\n        alt=\"DI Anela Brkovic, BSc 1\"\n        title=\"\"\n         loading=\"lazy\"             >\n<\/picture>\n\n                                                                                    <p class=\"text-muted mt-2\">Copyright \u00d6BB\/Ebner <\/p>\n                                                                            <\/div>\n                                                                    <div class=\"swiper-slide item\">\n                                        <picture>\n                        <source\n                media=\"(max-width: 576px)\"\n                srcset=\"https:\/\/cdn3.fh-joanneum.at\/media\/sites\/33\/2019\/12\/di-anela-brkovic-bsc-4.jpg, https:\/\/cdn3.fh-joanneum.at\/media\/sites\/33\/2019\/12\/di-anela-brkovic-bsc-4-768x486.jpg 2x\"\n            \/>\n                    <source\n                media=\"(max-width: 768px)\"\n                srcset=\"https:\/\/cdn3.fh-joanneum.at\/media\/sites\/33\/2019\/12\/di-anela-brkovic-bsc-4-768x486.jpg, https:\/\/cdn3.fh-joanneum.at\/media\/sites\/33\/2019\/12\/di-anela-brkovic-bsc-4-1024x649.jpg 2x\"\n            \/>\n                    <source\n                media=\"(max-width: 1024px)\"\n                srcset=\"https:\/\/cdn3.fh-joanneum.at\/media\/sites\/33\/2019\/12\/di-anela-brkovic-bsc-4-1024x649.jpg, https:\/\/cdn3.fh-joanneum.at\/media\/sites\/33\/2019\/12\/di-anela-brkovic-bsc-4.jpg 2x\"\n            \/>\n                    <source\n                media=\"(max-width: 1536px)\"\n                srcset=\"https:\/\/cdn3.fh-joanneum.at\/media\/sites\/33\/2019\/12\/di-anela-brkovic-bsc-4.jpg, https:\/\/cdn3.fh-joanneum.at\/media\/sites\/33\/2019\/12\/di-anela-brkovic-bsc-4.jpg 2x\"\n            \/>\n                    <source\n                media=\"(max-width: 2048px)\"\n                srcset=\"https:\/\/cdn3.fh-joanneum.at\/media\/sites\/33\/2019\/12\/di-anela-brkovic-bsc-4.jpg, https:\/\/cdn3.fh-joanneum.at\/media\/sites\/33\/2019\/12\/di-anela-brkovic-bsc-4.jpg 2x\"\n            \/>\n                <img decoding=\"async\"\n        class=\"img-fluid\"\n        src=\"https:\/\/cdn3.fh-joanneum.at\/media\/sites\/33\/2019\/12\/di-anela-brkovic-bsc-4.jpg\"\n        alt=\"DI Anela Brkovic, BSc 2\"\n        title=\"\"\n         loading=\"lazy\"             >\n<\/picture>\n\n                                                                                    <p class=\"text-muted mt-2\">Copyright \u00d6BB\/Ebner <\/p>\n                                                                            <\/div>\n                                                                    <div class=\"swiper-slide item\">\n                                        <picture>\n                        <source\n                media=\"(max-width: 576px)\"\n                srcset=\"https:\/\/cdn3.fh-joanneum.at\/media\/sites\/33\/2019\/12\/di-anela-brkovic-bsc-8.jpg, https:\/\/cdn3.fh-joanneum.at\/media\/sites\/33\/2019\/12\/di-anela-brkovic-bsc-8-768x576.jpg 2x\"\n            \/>\n                    <source\n                media=\"(max-width: 768px)\"\n                srcset=\"https:\/\/cdn3.fh-joanneum.at\/media\/sites\/33\/2019\/12\/di-anela-brkovic-bsc-8-768x576.jpg, https:\/\/cdn3.fh-joanneum.at\/media\/sites\/33\/2019\/12\/di-anela-brkovic-bsc-8-1024x768.jpg 2x\"\n            \/>\n                    <source\n                media=\"(max-width: 1024px)\"\n                srcset=\"https:\/\/cdn3.fh-joanneum.at\/media\/sites\/33\/2019\/12\/di-anela-brkovic-bsc-8-1024x768.jpg, https:\/\/cdn3.fh-joanneum.at\/media\/sites\/33\/2019\/12\/di-anela-brkovic-bsc-8.jpg 2x\"\n            \/>\n                    <source\n                media=\"(max-width: 1536px)\"\n                srcset=\"https:\/\/cdn3.fh-joanneum.at\/media\/sites\/33\/2019\/12\/di-anela-brkovic-bsc-8.jpg, https:\/\/cdn3.fh-joanneum.at\/media\/sites\/33\/2019\/12\/di-anela-brkovic-bsc-8.jpg 2x\"\n            \/>\n                    <source\n                media=\"(max-width: 1984px)\"\n                srcset=\"https:\/\/cdn3.fh-joanneum.at\/media\/sites\/33\/2019\/12\/di-anela-brkovic-bsc-8.jpg, https:\/\/cdn3.fh-joanneum.at\/media\/sites\/33\/2019\/12\/di-anela-brkovic-bsc-8.jpg 2x\"\n            \/>\n                <img decoding=\"async\"\n        class=\"img-fluid\"\n        src=\"https:\/\/cdn3.fh-joanneum.at\/media\/sites\/33\/2019\/12\/di-anela-brkovic-bsc-8.jpg\"\n        alt=\"DI Anela Brkovic, BSc 6\"\n        title=\"\"\n         loading=\"lazy\"             >\n<\/picture>\n\n                                                                            <\/div>\n                                                                                    <\/div>\n                    <\/div>\n\n                    <div class=\"swiper-navigation-pagination\">\n                        <div class=\"swiper-button-prev-custom\">\n                            <svg xmlns=\"http:\/\/www.w3.org\/2000\/svg\" width=\"9\" height=\"14\" viewBox=\"0 0 9 14\" fill=\"none\">\n  <path d=\"M8 13L2 7L8 1\" stroke=\"\" stroke-width=\"1.5\" stroke-linecap=\"round\"\/>\n<\/svg>                        <\/div>\n                        <div class=\"swiper-pagination\"><\/div>\n                        <div class=\"swiper-button-next-custom\">\n                            <svg xmlns=\"http:\/\/www.w3.org\/2000\/svg\" width=\"9\" height=\"14\" viewBox=\"0 0 9 14\" fill=\"none\">\n  <path d=\"M1 1L7 7L1 13\" stroke=\"\" stroke-width=\"1.5\" stroke-linecap=\"round\"\/>\n<\/svg>                        <\/div>\n                    <\/div>\n                <\/div>\n            <\/div>\n        <\/div>\n    <\/div>\n<\/div>\n\n<div id=\"\" class=\"wp-block-text-content margin-bottom-normal\">\n    <div class=\"container-lg\">\n        <div class=\"row\">\n            <div class=\"col\">\n                <h4>Das habe ich im Studium f&uuml;rs Berufsleben gelernt<\/h4>\n<p>F&uuml;r mich pers&ouml;nlich war es kein bestimmtes Fach im Studium, welches mich auf meinen Beruf vorbereitet hat, sondern dass man lernt sich selbst zu organisieren und Termine f&uuml;r Pr&uuml;fungen und Projekte einzuhalten. An der FH JOANNEUM erh&auml;lt man ein sehr gutes Fundament an fachlichem Wissen, jedoch braucht es dann auch Zeit, dieses Wissen in die Praxis umzusetzen. Das Pflichtpraktikum bietet daf&uuml;r schon einmal die erste Basis.<\/p>\n<h4>Die Jobchancen in meinem Bereich<\/h4>\n<p>In Stellenausschreibungen ist oftmals eine mehrj&auml;hrige Berufserfahrung Voraussetzung, so auch beim Qualit&auml;tsmanagement im Tunnelbau. Ich konnte die Auftraggeber jedoch in meiner Zeit als Praktikantin von meinem K&ouml;nnen &uuml;berzeugen und so den Job auch ohne lange Berufserfahrung beginnen. Die Berufschancen in der Baubranche sch&auml;tze ich im Allgemeinen sehr gut ein, wobei ich aus eigener Erfahrung sagen kann, dass die Aussichten auf jeden Fall besser sind, wenn man bautechnische Praktika vorweisen kann.<\/p>\n<h3>Ich bin &hellip;<\/h3>\n<ul>\n<li>ehrgeizig und zielstrebig: Wie auch im Studium m&ouml;chte ich in meinem Beruf stets mein Bestes geben und Neues erlernen. <\/li>\n<li>aufgeschlossen neuen Personen aber auch neuen Aufgaben gegen&uuml;ber.<\/li>\n<li>strukturiert und genau. Mit chaotischem Arbeiten kommt man in diesem Job nicht weit.<\/li>\n<\/ul>\n\n            <\/div>\n        <\/div>\n            <\/div>\n<\/div>\n\n<div\n    id=\"\"\n    class=\"wp-block-blockquote margin-bottom-normal\"\n>\n    <div class=\"container-lg\">\n        <div class=\"row\">\n            <div class=\"col\">\n                <div class=\"d-block mb-2 fs-5 major-text-color\">Meine Ziele f\u00fcr die Zukunft stehen noch nicht genau fest, jedoch m\u00f6chte ich Erfahrung in unterschiedlichen Sparten sammeln und mein Wissen erweitern, mich ausprobieren und mich nicht nur auf ein Thema fixieren. So wurde mir beispielsweise angeboten vom Qualit\u00e4tsmanagement in die Abrechnung zu wechseln, was ich nat\u00fcrlich angenommen habe. Ein Ziel ist auf jeden Fall auch noch im Ausland zu arbeiten, da dies bestimmt eine weitere Bereicherung ist. <br \/>\r\n<br \/>\r\n<\/div>\n                <span class=\"d-flex justify-content-end\">Anela Brkovic<\/span>\n            <\/div>\n        <\/div>\n    <\/div>\n<\/div>\n\n<div\n    id=\"\"\n    class=\"wp-block-tipp-box margin-bottom-normal\"\n>\n    <div class=\"container-lg\">\n        <div class=\"row\">\n            <div class=\"col\">\n                <div class=\"tipp-box border border-warning\">\n                    <div class=\"tipp-box-inner p-2 p-md-3\">\n                        <h4 class=\"\">Tipp<\/h4>\n                        <p>Ich kann jeder und jedem nur empfehlen, verschiedene Praktika zu absolvieren, da man dort gleich mal sieht, welcher Bereich einem gef\u00e4llt oder auch nicht und man einen guten Einblick in die Berufswelt bekommt. Als letzten Tipp m\u00f6chte ich den Studierenden noch mitgeben, sich nach Abschluss des Studiums eine kleine Auszeit zu nehmen und nicht gleich in den Arbeitsalltag einzusteigen, da die Umstellung anfangs doch schwer sein kann und man gerade nach der stressigen Phase der Diplomarbeit und Abschlusspr\u00fcfung noch etwas abschalten sollte.<\/p>\n\n                    <\/div>\n                <\/div>\n            <\/div>\n        <\/div>\n    <\/div>\n<\/div>\n\n","protected":false},"excerpt":{"rendered":"<p>Anela Brkovic ist Technikerin f\u00fcr Qualit\u00e4tsmanagement bei der \u00f6rtlichen Bauaufsicht am Semmering Basistunnel. Das Praktikum im Studium war f\u00fcr sie das Sprungbrett in die Arbeitswelt.<\/p>\n","protected":false},"author":11,"featured_media":10000574,"parent":10000300,"menu_order":9,"comment_status":"closed","ping_status":"closed","template":"template-absolvent.blade.php","meta":{"_acf_changed":false,"footnotes":""},"acf":[],"aioseo_notices":[],"_links":{"self":[{"href":"https:\/\/www.fh-joanneum.at\/baumanagement-und-ingenieurbau\/master\/wp-json\/wp\/v2\/pages\/10000573"}],"collection":[{"href":"https:\/\/www.fh-joanneum.at\/baumanagement-und-ingenieurbau\/master\/wp-json\/wp\/v2\/pages"}],"about":[{"href":"https:\/\/www.fh-joanneum.at\/baumanagement-und-ingenieurbau\/master\/wp-json\/wp\/v2\/types\/page"}],"author":[{"embeddable":true,"href":"https:\/\/www.fh-joanneum.at\/baumanagement-und-ingenieurbau\/master\/wp-json\/wp\/v2\/users\/11"}],"replies":[{"embeddable":true,"href":"https:\/\/www.fh-joanneum.at\/baumanagement-und-ingenieurbau\/master\/wp-json\/wp\/v2\/comments?post=10000573"}],"version-history":[{"count":0,"href":"https:\/\/www.fh-joanneum.at\/baumanagement-und-ingenieurbau\/master\/wp-json\/wp\/v2\/pages\/10000573\/revisions"}],"up":[{"embeddable":true,"href":"https:\/\/www.fh-joanneum.at\/baumanagement-und-ingenieurbau\/master\/wp-json\/wp\/v2\/pages\/10000300"}],"wp:featuredmedia":[{"embeddable":true,"href":"https:\/\/www.fh-joanneum.at\/baumanagement-und-ingenieurbau\/master\/wp-json\/wp\/v2\/media\/10000574"}],"wp:attachment":[{"href":"https:\/\/www.fh-joanneum.at\/baumanagement-und-ingenieurbau\/master\/wp-json\/wp\/v2\/media?parent=10000573"}],"curies":[{"name":"wp","href":"https:\/\/api.w.org\/{rel}","templated":true}]}}