{"id":10000581,"date":"2020-05-27T13:15:02","date_gmt":"2020-05-27T11:15:02","guid":{"rendered":"https:\/\/www.fh-joanneum.at\/baumanagement-und-ingenieurbau\/master\/?page_id=581"},"modified":"2020-05-27T16:18:02","modified_gmt":"2020-05-27T14:18:02","slug":"ing-di-thomas-russegger-bsc","status":"publish","type":"page","link":"https:\/\/www.fh-joanneum.at\/baumanagement-und-ingenieurbau\/master\/nach-dem-studium\/absolventinnen-absolventen\/ing-di-thomas-russegger-bsc\/","title":{"rendered":"Ing. DI Thomas Ru\u00dfegger, Bsc"},"content":{"rendered":"<div id=\"\" class=\"wp-block-text-content margin-bottom-normal\">\n    <div class=\"container-lg\">\n        <div class=\"row\">\n            <div class=\"col\">\n                <h4>Eckdaten:<\/h4>\n<p><strong>Jobbezeichnung:<\/strong> Spezialist Projektkoordinator Junior  <br>\n<strong>Unternehmen:<\/strong> &Ouml;BB-Infrastruktur AG  <br>\n<strong>Ich arbeite in:<\/strong> Graz, &Ouml;sterreich  <br>\n<strong>Ich arbeite hier seit:<\/strong> 2018<\/p>\n<p><strong>Mein Kontakt:<\/strong> <a href=\"mailto:thomas.russegger@oebb.at\">thomas.russegger@oebb.at<\/a><\/p>\n<p>Fotos: &Ouml;BB \/ Ebner Andreas<\/p>\n\n            <\/div>\n        <\/div>\n            <\/div>\n<\/div>\n\n<div id=\"\" class=\"wp-block-text-content margin-bottom-normal\">\n    <div class=\"container-lg\">\n        <div class=\"row\">\n            <div class=\"col\">\n                <h4>Was ich mache:<\/h4>\n<ul>\n<li>Ich bin Mitarbeiter in der Projektleitung Semmering und arbeite am Baulos f&uuml;r das Westportal des Semmering-Basistunnels und den Bahnhofsumbau in M&uuml;rzzuschlag. <\/li>\n<li>Ich unterst&uuml;tze den Projektkoordinator bei den zu erf&uuml;llenden Projektmanagementaufgaben in der Planungs- und Bauphase bis zur &Uuml;bergabe der Anlagen.<\/li>\n<li>In Zusammenarbeit mit dem Projektteam ist die Koordination und Kontrolle aller T&auml;tigkeiten hinsichtlich Termine, Kosten und Qualit&auml;t ein wesentlicher Teil meines Aufgabengebietes. <\/li>\n<\/ul>\n<h4>An meinem Job liebe ich:<\/h4>\n<ul>\n<li>Die M&ouml;glichkeit, Teil des Teams f&uuml;r die Umsetzung des Semmering-Basistunnels, einem Bauwerk f&uuml;r Generationen, zu sein, bedeutet f&uuml;r mich sehr viel.  <\/li>\n<li>Ich sch&auml;tze das sehr abwechslungsreiche, spannende und interessante Aufgabengebiet an meinem Job. Nach einem intensiven Arbeitstag im B&uuml;ro wird man bereits am n&auml;chsten Tag auf der Baustelle mit dem aktuellen Baufortschritt belohnt. <\/li>\n<li>Die Zusammenarbeit mit den unterschiedlichsten Beteiligten sowie die Gr&ouml;&szlig;e und Komplexit&auml;t dieses Projekts ist die Herausforderung, die ich gesucht habe.<\/li>\n<\/ul>\n<h4>Wichtige F&auml;higkeiten in meinem Job:<\/h4>\n<ul>\n<li>Teamf&auml;higkeit<\/li>\n<li>Kommunikationsf&auml;higkeit<\/li>\n<li>Organisationsf&auml;higkeit<\/li>\n<li>technisches und kaufm&auml;nnisches Verst&auml;ndnis<\/li>\n<\/ul>\n<h4>Mein bisher gr&ouml;&szlig;ter Erfolg \/ mein bestes Erlebnis:<\/h4>\n<p>Die Umsetzung einer 20 Meter hohen Aussichtsplattform, &bdquo;Infoblick&ldquo; genannt, und eines 100 Meter langen Zugangswegs in Holzbauweise war eines meiner bisherigen Highlights. Ich konnte das Projekt von der Planung &uuml;ber die Vergabe bis hin zur Bauausf&uuml;hrung betreuen. Der Infoblick erm&ouml;glicht es Besucherinnen und Besuchern, die beeindruckenden Arbeiten auf unserer Gro&szlig;baustelle in M&uuml;rzzuschlag zu betrachten. &Uuml;ber ihr positives Feedback freue ich mich immer wieder sehr. <\/p>\n\n            <\/div>\n        <\/div>\n            <\/div>\n<\/div>\n\n<div\n    id=\"\"\n    class=\"wp-block-image-slider margin-bottom-normal\"\n>\n    <div class=\"container-lg\">\n        <div class=\"row\">\n            <div class=\"col-12\">\n                <div class=\"swiper-outer-wrapper\">\n                    <div class=\"image-header\">\n                        <div class=\"swiper-navigation\">\n                            <div class=\"swiper-button-prev-custom\">\n                                <svg xmlns=\"http:\/\/www.w3.org\/2000\/svg\" width=\"9\" height=\"14\" viewBox=\"0 0 9 14\" fill=\"none\">\n  <path d=\"M8 13L2 7L8 1\" stroke=\"\" stroke-width=\"1.5\" stroke-linecap=\"round\"\/>\n<\/svg>                            <\/div>\n                            <div class=\"swiper-button-next-custom\">\n                                <svg xmlns=\"http:\/\/www.w3.org\/2000\/svg\" width=\"9\" height=\"14\" viewBox=\"0 0 9 14\" fill=\"none\">\n  <path d=\"M1 1L7 7L1 13\" stroke=\"\" stroke-width=\"1.5\" stroke-linecap=\"round\"\/>\n<\/svg>                            <\/div>\n                        <\/div>\n                    <\/div>\n                    <div class=\"swiper image-slider-swiper\">\n                        <div class=\"swiper-wrapper\">\n                                                                                                <div class=\"swiper-slide item\">\n                                        <picture>\n                        <source\n                media=\"(max-width: 576px)\"\n                srcset=\"https:\/\/cdn3.fh-joanneum.at\/media\/sites\/33\/2020\/05\/ing-di-thomas-russegger-bsc-6.jpg, https:\/\/cdn3.fh-joanneum.at\/media\/sites\/33\/2020\/05\/ing-di-thomas-russegger-bsc-6-768x512.jpg 2x\"\n            \/>\n                    <source\n                media=\"(max-width: 768px)\"\n                srcset=\"https:\/\/cdn3.fh-joanneum.at\/media\/sites\/33\/2020\/05\/ing-di-thomas-russegger-bsc-6-768x512.jpg, https:\/\/cdn3.fh-joanneum.at\/media\/sites\/33\/2020\/05\/ing-di-thomas-russegger-bsc-6-1024x683.jpg 2x\"\n            \/>\n                    <source\n                media=\"(max-width: 1024px)\"\n                srcset=\"https:\/\/cdn3.fh-joanneum.at\/media\/sites\/33\/2020\/05\/ing-di-thomas-russegger-bsc-6-1024x683.jpg, https:\/\/cdn3.fh-joanneum.at\/media\/sites\/33\/2020\/05\/ing-di-thomas-russegger-bsc-6.jpg 2x\"\n            \/>\n                    <source\n                media=\"(max-width: 1536px)\"\n                srcset=\"https:\/\/cdn3.fh-joanneum.at\/media\/sites\/33\/2020\/05\/ing-di-thomas-russegger-bsc-6.jpg, https:\/\/cdn3.fh-joanneum.at\/media\/sites\/33\/2020\/05\/ing-di-thomas-russegger-bsc-6.jpg 2x\"\n            \/>\n                    <source\n                media=\"(max-width: 1620px)\"\n                srcset=\"https:\/\/cdn3.fh-joanneum.at\/media\/sites\/33\/2020\/05\/ing-di-thomas-russegger-bsc-6.jpg, https:\/\/cdn3.fh-joanneum.at\/media\/sites\/33\/2020\/05\/ing-di-thomas-russegger-bsc-6.jpg 2x\"\n            \/>\n                <img decoding=\"async\"\n        class=\"img-fluid\"\n        src=\"https:\/\/cdn3.fh-joanneum.at\/media\/sites\/33\/2020\/05\/ing-di-thomas-russegger-bsc-6.jpg\"\n        alt=\"Ing. DI Thomas Ru\u00dfegger, Bsc 5\"\n        title=\"\"\n         loading=\"lazy\"             >\n<\/picture>\n\n                                                                            <\/div>\n                                                                    <div class=\"swiper-slide item\">\n                                        <picture>\n                        <source\n                media=\"(max-width: 576px)\"\n                srcset=\"https:\/\/cdn3.fh-joanneum.at\/media\/sites\/33\/2020\/05\/ing-di-thomas-russegger-bsc-5.jpg, https:\/\/cdn3.fh-joanneum.at\/media\/sites\/33\/2020\/05\/ing-di-thomas-russegger-bsc-5-768x510.jpg 2x\"\n            \/>\n                    <source\n                media=\"(max-width: 768px)\"\n                srcset=\"https:\/\/cdn3.fh-joanneum.at\/media\/sites\/33\/2020\/05\/ing-di-thomas-russegger-bsc-5-768x510.jpg, https:\/\/cdn3.fh-joanneum.at\/media\/sites\/33\/2020\/05\/ing-di-thomas-russegger-bsc-5-1024x680.jpg 2x\"\n            \/>\n                    <source\n                media=\"(max-width: 1024px)\"\n                srcset=\"https:\/\/cdn3.fh-joanneum.at\/media\/sites\/33\/2020\/05\/ing-di-thomas-russegger-bsc-5-1024x680.jpg, https:\/\/cdn3.fh-joanneum.at\/media\/sites\/33\/2020\/05\/ing-di-thomas-russegger-bsc-5.jpg 2x\"\n            \/>\n                    <source\n                media=\"(max-width: 1536px)\"\n                srcset=\"https:\/\/cdn3.fh-joanneum.at\/media\/sites\/33\/2020\/05\/ing-di-thomas-russegger-bsc-5.jpg, https:\/\/cdn3.fh-joanneum.at\/media\/sites\/33\/2020\/05\/ing-di-thomas-russegger-bsc-5.jpg 2x\"\n            \/>\n                    <source\n                media=\"(max-width: 1627px)\"\n                srcset=\"https:\/\/cdn3.fh-joanneum.at\/media\/sites\/33\/2020\/05\/ing-di-thomas-russegger-bsc-5.jpg, https:\/\/cdn3.fh-joanneum.at\/media\/sites\/33\/2020\/05\/ing-di-thomas-russegger-bsc-5.jpg 2x\"\n            \/>\n                <img decoding=\"async\"\n        class=\"img-fluid\"\n        src=\"https:\/\/cdn3.fh-joanneum.at\/media\/sites\/33\/2020\/05\/ing-di-thomas-russegger-bsc-5.jpg\"\n        alt=\"Ing. DI Thomas Ru\u00dfegger, Bsc 4\"\n        title=\"\"\n         loading=\"lazy\"             >\n<\/picture>\n\n                                                                            <\/div>\n                                                                    <div class=\"swiper-slide item\">\n                                        <picture>\n                        <source\n                media=\"(max-width: 576px)\"\n                srcset=\"https:\/\/cdn3.fh-joanneum.at\/media\/sites\/33\/2020\/05\/ing-di-thomas-russegger-bsc-4.jpg, https:\/\/cdn3.fh-joanneum.at\/media\/sites\/33\/2020\/05\/ing-di-thomas-russegger-bsc-4-768x511.jpg 2x\"\n            \/>\n                    <source\n                media=\"(max-width: 768px)\"\n                srcset=\"https:\/\/cdn3.fh-joanneum.at\/media\/sites\/33\/2020\/05\/ing-di-thomas-russegger-bsc-4-768x511.jpg, https:\/\/cdn3.fh-joanneum.at\/media\/sites\/33\/2020\/05\/ing-di-thomas-russegger-bsc-4-1024x681.jpg 2x\"\n            \/>\n                    <source\n                media=\"(max-width: 1024px)\"\n                srcset=\"https:\/\/cdn3.fh-joanneum.at\/media\/sites\/33\/2020\/05\/ing-di-thomas-russegger-bsc-4-1024x681.jpg, https:\/\/cdn3.fh-joanneum.at\/media\/sites\/33\/2020\/05\/ing-di-thomas-russegger-bsc-4.jpg 2x\"\n            \/>\n                    <source\n                media=\"(max-width: 1536px)\"\n                srcset=\"https:\/\/cdn3.fh-joanneum.at\/media\/sites\/33\/2020\/05\/ing-di-thomas-russegger-bsc-4.jpg, https:\/\/cdn3.fh-joanneum.at\/media\/sites\/33\/2020\/05\/ing-di-thomas-russegger-bsc-4.jpg 2x\"\n            \/>\n                    <source\n                media=\"(max-width: 1623px)\"\n                srcset=\"https:\/\/cdn3.fh-joanneum.at\/media\/sites\/33\/2020\/05\/ing-di-thomas-russegger-bsc-4.jpg, https:\/\/cdn3.fh-joanneum.at\/media\/sites\/33\/2020\/05\/ing-di-thomas-russegger-bsc-4.jpg 2x\"\n            \/>\n                <img decoding=\"async\"\n        class=\"img-fluid\"\n        src=\"https:\/\/cdn3.fh-joanneum.at\/media\/sites\/33\/2020\/05\/ing-di-thomas-russegger-bsc-4.jpg\"\n        alt=\"Ing. DI Thomas Ru\u00dfegger, Bsc 3\"\n        title=\"\"\n         loading=\"lazy\"             >\n<\/picture>\n\n                                                                            <\/div>\n                                                                    <div class=\"swiper-slide item\">\n                                        <picture>\n                        <source\n                media=\"(max-width: 576px)\"\n                srcset=\"https:\/\/cdn3.fh-joanneum.at\/media\/sites\/33\/2020\/05\/ing-di-thomas-russegger-bsc-3.jpg, https:\/\/cdn3.fh-joanneum.at\/media\/sites\/33\/2020\/05\/ing-di-thomas-russegger-bsc-3-768x525.jpg 2x\"\n            \/>\n                    <source\n                media=\"(max-width: 768px)\"\n                srcset=\"https:\/\/cdn3.fh-joanneum.at\/media\/sites\/33\/2020\/05\/ing-di-thomas-russegger-bsc-3-768x525.jpg, https:\/\/cdn3.fh-joanneum.at\/media\/sites\/33\/2020\/05\/ing-di-thomas-russegger-bsc-3-1024x700.jpg 2x\"\n            \/>\n                    <source\n                media=\"(max-width: 1024px)\"\n                srcset=\"https:\/\/cdn3.fh-joanneum.at\/media\/sites\/33\/2020\/05\/ing-di-thomas-russegger-bsc-3-1024x700.jpg, https:\/\/cdn3.fh-joanneum.at\/media\/sites\/33\/2020\/05\/ing-di-thomas-russegger-bsc-3.jpg 2x\"\n            \/>\n                    <source\n                media=\"(max-width: 1536px)\"\n                srcset=\"https:\/\/cdn3.fh-joanneum.at\/media\/sites\/33\/2020\/05\/ing-di-thomas-russegger-bsc-3.jpg, https:\/\/cdn3.fh-joanneum.at\/media\/sites\/33\/2020\/05\/ing-di-thomas-russegger-bsc-3.jpg 2x\"\n            \/>\n                    <source\n                media=\"(max-width: 1581px)\"\n                srcset=\"https:\/\/cdn3.fh-joanneum.at\/media\/sites\/33\/2020\/05\/ing-di-thomas-russegger-bsc-3.jpg, https:\/\/cdn3.fh-joanneum.at\/media\/sites\/33\/2020\/05\/ing-di-thomas-russegger-bsc-3.jpg 2x\"\n            \/>\n                <img decoding=\"async\"\n        class=\"img-fluid\"\n        src=\"https:\/\/cdn3.fh-joanneum.at\/media\/sites\/33\/2020\/05\/ing-di-thomas-russegger-bsc-3.jpg\"\n        alt=\"Ing. DI Thomas Ru\u00dfegger, Bsc 2\"\n        title=\"\"\n         loading=\"lazy\"             >\n<\/picture>\n\n                                                                            <\/div>\n                                                                    <div class=\"swiper-slide item\">\n                                        <picture>\n                        <source\n                media=\"(max-width: 576px)\"\n                srcset=\"https:\/\/cdn3.fh-joanneum.at\/media\/sites\/33\/2020\/05\/ing-di-thomas-russegger-bsc-2.jpg, https:\/\/cdn3.fh-joanneum.at\/media\/sites\/33\/2020\/05\/ing-di-thomas-russegger-bsc-2-768x512.jpg 2x\"\n            \/>\n                    <source\n                media=\"(max-width: 768px)\"\n                srcset=\"https:\/\/cdn3.fh-joanneum.at\/media\/sites\/33\/2020\/05\/ing-di-thomas-russegger-bsc-2-768x512.jpg, https:\/\/cdn3.fh-joanneum.at\/media\/sites\/33\/2020\/05\/ing-di-thomas-russegger-bsc-2-1024x683.jpg 2x\"\n            \/>\n                    <source\n                media=\"(max-width: 1024px)\"\n                srcset=\"https:\/\/cdn3.fh-joanneum.at\/media\/sites\/33\/2020\/05\/ing-di-thomas-russegger-bsc-2-1024x683.jpg, https:\/\/cdn3.fh-joanneum.at\/media\/sites\/33\/2020\/05\/ing-di-thomas-russegger-bsc-2.jpg 2x\"\n            \/>\n                    <source\n                media=\"(max-width: 1536px)\"\n                srcset=\"https:\/\/cdn3.fh-joanneum.at\/media\/sites\/33\/2020\/05\/ing-di-thomas-russegger-bsc-2.jpg, https:\/\/cdn3.fh-joanneum.at\/media\/sites\/33\/2020\/05\/ing-di-thomas-russegger-bsc-2.jpg 2x\"\n            \/>\n                    <source\n                media=\"(max-width: 1620px)\"\n                srcset=\"https:\/\/cdn3.fh-joanneum.at\/media\/sites\/33\/2020\/05\/ing-di-thomas-russegger-bsc-2.jpg, https:\/\/cdn3.fh-joanneum.at\/media\/sites\/33\/2020\/05\/ing-di-thomas-russegger-bsc-2.jpg 2x\"\n            \/>\n                <img decoding=\"async\"\n        class=\"img-fluid\"\n        src=\"https:\/\/cdn3.fh-joanneum.at\/media\/sites\/33\/2020\/05\/ing-di-thomas-russegger-bsc-2.jpg\"\n        alt=\"Ing. DI Thomas Ru\u00dfegger, Bsc 1\"\n        title=\"\"\n         loading=\"lazy\"             >\n<\/picture>\n\n                                                                            <\/div>\n                                                                                    <\/div>\n                    <\/div>\n\n                    <div class=\"swiper-navigation-pagination\">\n                        <div class=\"swiper-button-prev-custom\">\n                            <svg xmlns=\"http:\/\/www.w3.org\/2000\/svg\" width=\"9\" height=\"14\" viewBox=\"0 0 9 14\" fill=\"none\">\n  <path d=\"M8 13L2 7L8 1\" stroke=\"\" stroke-width=\"1.5\" stroke-linecap=\"round\"\/>\n<\/svg>                        <\/div>\n                        <div class=\"swiper-pagination\"><\/div>\n                        <div class=\"swiper-button-next-custom\">\n                            <svg xmlns=\"http:\/\/www.w3.org\/2000\/svg\" width=\"9\" height=\"14\" viewBox=\"0 0 9 14\" fill=\"none\">\n  <path d=\"M1 1L7 7L1 13\" stroke=\"\" stroke-width=\"1.5\" stroke-linecap=\"round\"\/>\n<\/svg>                        <\/div>\n                    <\/div>\n                <\/div>\n            <\/div>\n        <\/div>\n    <\/div>\n<\/div>\n\n<div id=\"\" class=\"wp-block-text-content margin-bottom-normal\">\n    <div class=\"container-lg\">\n        <div class=\"row\">\n            <div class=\"col\">\n                <h4>So bin ich zu meinem Job gekommen<\/h4>\n<p>Ich habe mich &uuml;ber das &Ouml;BB-Jobportal f&uuml;r eine ausgeschriebene Stelle beworben. Nach einer ersten telefonischen Vorauswahl mit einer Mitarbeiterin aus der Personalabteilung wurde ich zu einem Vorstellungsgespr&auml;ch eingeladen. Bereits ein paar Tage nach dem Bewerbungsgespr&auml;ch bekam ich die Jobzusage. Die Berufserfahrung, die ich bei Baufirmen auf Baustellen der &Ouml;BB-Infrastruktur erworben hatte, war sicher ein Vorteil beim Bewerbungsprozess.<\/p>\n<h4>Das habe ich im Studium f&uuml;rs Berufsleben gelernt<\/h4>\n<p>Der Praxisbezug an der FH JOANNEUM erm&ouml;glichte mir einen raschen Einstieg in das Berufsleben. Das umfangreiche und weitl&auml;ufige Wissen, das einem an der FH beigebracht wird, hat mir bereits bei einigen T&auml;tigkeiten in meinem Job geholfen. Sowohl die bauwirtschaftlichen als auch die technischen Vertiefungen im Masterstudiengang &bdquo;Baumanagement und Ingenieurbau&ldquo; stellten sich als gute Basis f&uuml;r mein Aufgabengebiet in den unterschiedlichsten Fachbereichen dar.  <\/p>\n<h4>Die Jobchancen in meinem Bereich<\/h4>\n<p>Mit Engagement und Motivation hat jede und jeder die Chance ihren beziehungsweise seinen Traumjob zu finden. Die &Ouml;BB haben ein sehr umfangreiches Weiterbildungsprogramm und es wird gro&szlig;er Wert auf die pers&ouml;nliche Weiterentwicklung gelegt. Durch das stetige Erweitern seines Wissens und das Sammeln von neuen Erfahrungen k&ouml;nnen die Karrierechancen erh&ouml;ht werden.<\/p>\n<h4>Ich bin &hellip;<\/h4>\n<ul>\n<li>zielstrebig<\/li>\n<li>verantwortungsbewusst<\/li>\n<li>gesellig<\/li>\n<\/ul>\n<h4>Ich &uuml;ber meinen Job<\/h4>\n<p>In Zeiten, in denen gro&szlig;er Wert auf Umweltschutz und Nachhaltigkeit gelegt wird, ist es umso wichtiger den Ausbau des &ouml;ffentlichen Verkehrsnetzes zu unterst&uuml;tzen. Daher freue ich mich mit meiner Arbeit einen Teil dazu beitragen zu k&ouml;nnen, die Zugverbindung zwischen Graz und Wien mit dem Bau des Semmering-Basistunnels attraktiver zu machen.<\/p>\n<p>Mich fasziniert die Umsetzung von Gro&szlig;projekten. Der Bahnhofsumbau und das Portal des Semmering-Basistunnels in M&uuml;rzzuschlag stellt uns vor Herausforderungen wie das Bauen unter laufendem Bahnbetrieb, arch&auml;ologischen Ausgrabungen, Kampfmittelsondierungen oder Sprengarbeiten. Das Revitalisieren von Geb&auml;uden unter Denkmalschutz und die Unterst&uuml;tzung bei der Planung durch einen Gestaltungsbeirat sowie die Koordinierung der eisenbahnspezifischen Fachbereiche sind weitere Schwerpunkte bei diesem Projekt. <\/p>\n<p>Neben den Grundlagen, die uns im Studium f&uuml;r die Umsetzung solcher Projekte beigebracht wurden, ist die St&auml;rkung der Pers&ouml;nlichkeit, die einem aus dem Studium mitgegeben wird, ein wesentlicher Erfolgsfaktor f&uuml;r die Zukunft. <\/p>\n\n            <\/div>\n        <\/div>\n            <\/div>\n<\/div>\n\n<div\n    id=\"\"\n    class=\"wp-block-blockquote margin-bottom-normal\"\n>\n    <div class=\"container-lg\">\n        <div class=\"row\">\n            <div class=\"col\">\n                <div class=\"d-block mb-2 fs-5 major-text-color\">Wer aufh\u00f6rt, besser werden zu wollen, h\u00f6rt auf, gut zu sein. <br \/>\r\n<br \/>\r\n<\/div>\n                <span class=\"d-flex justify-content-end\">Marie von Ebner-Eschenbach<\/span>\n            <\/div>\n        <\/div>\n    <\/div>\n<\/div>\n\n","protected":false},"excerpt":{"rendered":"<p>Thomas Ru\u00dfegger leistet im Gro\u00dfprojekt Semmering-Basistunnel einen nachhaltigen Beitrag zum Ausbau des \u00f6ffentlichen Verkehrsnetzes. <\/p>\n","protected":false},"author":11,"featured_media":10000582,"parent":10000300,"menu_order":10,"comment_status":"closed","ping_status":"closed","template":"template-absolvent.blade.php","meta":{"_acf_changed":false,"footnotes":""},"acf":[],"aioseo_notices":[],"_links":{"self":[{"href":"https:\/\/www.fh-joanneum.at\/baumanagement-und-ingenieurbau\/master\/wp-json\/wp\/v2\/pages\/10000581"}],"collection":[{"href":"https:\/\/www.fh-joanneum.at\/baumanagement-und-ingenieurbau\/master\/wp-json\/wp\/v2\/pages"}],"about":[{"href":"https:\/\/www.fh-joanneum.at\/baumanagement-und-ingenieurbau\/master\/wp-json\/wp\/v2\/types\/page"}],"author":[{"embeddable":true,"href":"https:\/\/www.fh-joanneum.at\/baumanagement-und-ingenieurbau\/master\/wp-json\/wp\/v2\/users\/11"}],"replies":[{"embeddable":true,"href":"https:\/\/www.fh-joanneum.at\/baumanagement-und-ingenieurbau\/master\/wp-json\/wp\/v2\/comments?post=10000581"}],"version-history":[{"count":0,"href":"https:\/\/www.fh-joanneum.at\/baumanagement-und-ingenieurbau\/master\/wp-json\/wp\/v2\/pages\/10000581\/revisions"}],"up":[{"embeddable":true,"href":"https:\/\/www.fh-joanneum.at\/baumanagement-und-ingenieurbau\/master\/wp-json\/wp\/v2\/pages\/10000300"}],"wp:featuredmedia":[{"embeddable":true,"href":"https:\/\/www.fh-joanneum.at\/baumanagement-und-ingenieurbau\/master\/wp-json\/wp\/v2\/media\/10000582"}],"wp:attachment":[{"href":"https:\/\/www.fh-joanneum.at\/baumanagement-und-ingenieurbau\/master\/wp-json\/wp\/v2\/media?parent=10000581"}],"curies":[{"name":"wp","href":"https:\/\/api.w.org\/{rel}","templated":true}]}}