{"id":10000588,"date":"2020-05-27T14:15:31","date_gmt":"2020-05-27T12:15:31","guid":{"rendered":"https:\/\/www.fh-joanneum.at\/baumanagement-und-ingenieurbau\/master\/?page_id=588"},"modified":"2020-05-27T16:35:23","modified_gmt":"2020-05-27T14:35:23","slug":"di-monika-hoelzl-bsc","status":"publish","type":"page","link":"https:\/\/www.fh-joanneum.at\/baumanagement-und-ingenieurbau\/master\/nach-dem-studium\/absolventinnen-absolventen\/di-monika-hoelzl-bsc\/","title":{"rendered":"DI Monika H\u00f6lzl, BSc"},"content":{"rendered":"<div id=\"\" class=\"wp-block-text-content margin-bottom-normal\">\n    <div class=\"container-lg\">\n        <div class=\"row\">\n            <div class=\"col\">\n                <h4>Eckdaten:<\/h4>\n<p><strong>Jobbezeichnung:<\/strong> Technikerin Bauwirtschaft  <br>\n<strong>Unternehmen:<\/strong> &Ouml;STU-STETTIN Hoch- und Tiefbau GmbH<br>\n<strong>Ich arbeite in:<\/strong> Leoben, &Ouml;sterreich<br>\n<strong>Ich arbeite hier seit:<\/strong> 2019<\/p>\n<p><strong>Mein Kontakt:<\/strong> <a href=\"mailto:monika.hoelzl@oestu-stettin.at\">monika.hoelzl@oestu-stettin.at<\/a><\/p>\n<p>Foto: Nenad Petrovic &ndash; &Ouml;STU-STETTIN <\/p>\n\n            <\/div>\n        <\/div>\n            <\/div>\n<\/div>\n\n<div id=\"\" class=\"wp-block-text-content margin-bottom-normal\">\n    <div class=\"container-lg\">\n        <div class=\"row\">\n            <div class=\"col\">\n                <h4>Was ich mache:<\/h4>\n<ul>\n<li>Bei Ausschreibungen, f&uuml;r die ein Angebot abgegeben werden soll, ist es meine Aufgabe, die dazugeh&ouml;rigen Unterlagen auf Besonderheiten zu pr&uuml;fen und diese Informationen dann der Kalkulation weiterzugeben.<\/li>\n<li>Kontinuierliche baubetriebswirtschaftliche Projektbegleitung und Vertragspr&uuml;fung<\/li>\n<li>Erstellung oder Abwehr von Mehrkostenforderungen <\/li>\n<\/ul>\n<h4>An meinem Job liebe ich:<\/h4>\n<ul>\n<li>Den Umfang an Themengebieten, die in der Bauwirtschaft zusammenspielen:<\/li>\n<li>die rechtliche Seite der Vertr&auml;ge,<\/li>\n<li>die wirtschaftlichen Aspekte der einzelnen Projekte,<\/li>\n<li>die technischen Themen in Bezug auf die Ausf&uuml;hrung und Optimierung der Baustelle &minus; man lernt aus allen Bereichen und erweitert st&auml;ndig sein Wissen.<\/li>\n<li>Die Zusammenarbeit mit vielen verschiedenen Menschen<\/li>\n<li>Zu sehen, dass die Arbeit am Ende des Tages dazu beigetragen hat, etwas entstehen zu lassen, was man auch seinen Enkelkindern noch zeigen kann. <\/li>\n<\/ul>\n<h4>Was ich an meinem Job nicht so mag<\/h4>\n<p>Wenn man in der Baubranche arbeiten will, muss einem klar sein, dass Stress dazugeh&ouml;rt und viel Flexibilit&auml;t von einem gefordert wird. Aber genau diese Dinge machen es auf der anderen Seite wieder spannend &ndash; so, dass es einem sicher nie langweilig wird.<\/p>\n<h4>Wichtige F&auml;higkeiten in meinem Job:<\/h4>\n<ul>\n<li>Mut<\/li>\n<li>Verantwortungsbewusstsein<\/li>\n<li>Zielstrebigkeit<\/li>\n<\/ul>\n<p>Um Bauprojekte bestm&ouml;glich abschlie&szlig;en zu k&ouml;nnen, braucht es viel MUT, da schnell unz&auml;hlige Entscheidungen getroffen werden m&uuml;ssen. Man wird an seinem ersten Arbeitstag das Gef&uuml;hl haben, es stellt einem jemand auf beide Schultern Zements&auml;cke &ndash; diese tragen den Namen &bdquo;VERANTWORTUNG&ldquo;. Verantwortung nicht nur f&uuml;r sich selbst, sondern auch f&uuml;r andere und f&uuml;r alle getroffenen oder auch nicht getroffenen Entscheidungen. Mit diesem Gef&uuml;hl zu leben, ist eine gro&szlig;e Herausforderung, aber sie wird von Tag zu Tag leichter. Auch darf man sich durch Fehler nicht von seinem Weg abbringen lassen &ndash; denn falsche Entscheidungen sind oft besser als gar keine. Einfach den Fehler zugeben, dazu stehen und eine L&ouml;sung finden &ndash; Fehler k&ouml;nnen jeder und jedem passieren!<\/p>\n<h4>Mein bisher gr&ouml;&szlig;ter Erfolg \/ mein bestes Erlebnis:<\/h4>\n<p>Allein verantwortlich f&uuml;r eine Baustelle zu sein und am Ende des Projekts das Ergebnis zu sehen, welches &uuml;ber Jahrzehnte zu bewundern ist, macht einen sehr stolz. Ein besonderes Erlebnis ist es auch, wenn man Lob von anderen Projektbeteiligten bekommt. Dies hei&szlig;t, man hat gute Arbeit geleistet und sich Respekt und Vertrauen erarbeitet. Wichtig daf&uuml;r ist ein respektvoller Umgang und viel Engagement sowie ein fundiertes Fachwissen, dann spielt es keine Rolle, ob man eine junge Technikerin oder ein junger Techniker ist &ndash; man wird respektiert und erh&auml;lt Anerkennung f&uuml;r das, was man leistet.<\/p>\n\n            <\/div>\n        <\/div>\n            <\/div>\n<\/div>\n\n<div\n    id=\"\"\n    class=\"wp-block-image-slider margin-bottom-normal\"\n>\n    <div class=\"container-lg\">\n        <div class=\"row\">\n            <div class=\"col-12\">\n                <div class=\"swiper-outer-wrapper\">\n                    <div class=\"image-header\">\n                        <div class=\"swiper-navigation\">\n                            <div class=\"swiper-button-prev-custom\">\n                                <svg xmlns=\"http:\/\/www.w3.org\/2000\/svg\" width=\"9\" height=\"14\" viewBox=\"0 0 9 14\" fill=\"none\">\n  <path d=\"M8 13L2 7L8 1\" stroke=\"\" stroke-width=\"1.5\" stroke-linecap=\"round\"\/>\n<\/svg>                            <\/div>\n                            <div class=\"swiper-button-next-custom\">\n                                <svg xmlns=\"http:\/\/www.w3.org\/2000\/svg\" width=\"9\" height=\"14\" viewBox=\"0 0 9 14\" fill=\"none\">\n  <path d=\"M1 1L7 7L1 13\" stroke=\"\" stroke-width=\"1.5\" stroke-linecap=\"round\"\/>\n<\/svg>                            <\/div>\n                        <\/div>\n                    <\/div>\n                    <div class=\"swiper image-slider-swiper\">\n                        <div class=\"swiper-wrapper\">\n                                                                                                <div class=\"swiper-slide item\">\n                                        <picture>\n                        <source\n                media=\"(max-width: 576px)\"\n                srcset=\"https:\/\/cdn3.fh-joanneum.at\/media\/sites\/33\/2020\/05\/di-monika-hoelzl-bsc-3.jpg, https:\/\/cdn3.fh-joanneum.at\/media\/sites\/33\/2020\/05\/di-monika-hoelzl-bsc-3-768x576.jpg 2x\"\n            \/>\n                    <source\n                media=\"(max-width: 768px)\"\n                srcset=\"https:\/\/cdn3.fh-joanneum.at\/media\/sites\/33\/2020\/05\/di-monika-hoelzl-bsc-3-768x576.jpg, https:\/\/cdn3.fh-joanneum.at\/media\/sites\/33\/2020\/05\/di-monika-hoelzl-bsc-3-1024x768.jpg 2x\"\n            \/>\n                    <source\n                media=\"(max-width: 1024px)\"\n                srcset=\"https:\/\/cdn3.fh-joanneum.at\/media\/sites\/33\/2020\/05\/di-monika-hoelzl-bsc-3-1024x768.jpg, https:\/\/cdn3.fh-joanneum.at\/media\/sites\/33\/2020\/05\/di-monika-hoelzl-bsc-3.jpg 2x\"\n            \/>\n                    <source\n                media=\"(max-width: 1536px)\"\n                srcset=\"https:\/\/cdn3.fh-joanneum.at\/media\/sites\/33\/2020\/05\/di-monika-hoelzl-bsc-3.jpg, https:\/\/cdn3.fh-joanneum.at\/media\/sites\/33\/2020\/05\/di-monika-hoelzl-bsc-3.jpg 2x\"\n            \/>\n                    <source\n                media=\"(max-width: 2048px)\"\n                srcset=\"https:\/\/cdn3.fh-joanneum.at\/media\/sites\/33\/2020\/05\/di-monika-hoelzl-bsc-3.jpg, https:\/\/cdn3.fh-joanneum.at\/media\/sites\/33\/2020\/05\/di-monika-hoelzl-bsc-3.jpg 2x\"\n            \/>\n                <img decoding=\"async\"\n        class=\"img-fluid\"\n        src=\"https:\/\/cdn3.fh-joanneum.at\/media\/sites\/33\/2020\/05\/di-monika-hoelzl-bsc-3.jpg\"\n        alt=\"DI Monika H\u00f6lzl, BSc 1\"\n        title=\"\"\n         loading=\"lazy\"             >\n<\/picture>\n\n                                                                                    <p class=\"text-muted mt-2\">Foto: UNTERTAGEBAU \u2013 \u00d6STU-STETTIN<\/p>\n                                                                            <\/div>\n                                                                    <div class=\"swiper-slide item\">\n                                        <picture>\n                        <source\n                media=\"(max-width: 576px)\"\n                srcset=\"https:\/\/cdn3.fh-joanneum.at\/media\/sites\/33\/2020\/05\/di-monika-hoelzl-bsc-5.jpg, https:\/\/cdn3.fh-joanneum.at\/media\/sites\/33\/2020\/05\/di-monika-hoelzl-bsc-5-768x512.jpg 2x\"\n            \/>\n                    <source\n                media=\"(max-width: 768px)\"\n                srcset=\"https:\/\/cdn3.fh-joanneum.at\/media\/sites\/33\/2020\/05\/di-monika-hoelzl-bsc-5-768x512.jpg, https:\/\/cdn3.fh-joanneum.at\/media\/sites\/33\/2020\/05\/di-monika-hoelzl-bsc-5-1024x683.jpg 2x\"\n            \/>\n                    <source\n                media=\"(max-width: 1024px)\"\n                srcset=\"https:\/\/cdn3.fh-joanneum.at\/media\/sites\/33\/2020\/05\/di-monika-hoelzl-bsc-5-1024x683.jpg, https:\/\/cdn3.fh-joanneum.at\/media\/sites\/33\/2020\/05\/di-monika-hoelzl-bsc-5.jpg 2x\"\n            \/>\n                    <source\n                media=\"(max-width: 1536px)\"\n                srcset=\"https:\/\/cdn3.fh-joanneum.at\/media\/sites\/33\/2020\/05\/di-monika-hoelzl-bsc-5.jpg, https:\/\/cdn3.fh-joanneum.at\/media\/sites\/33\/2020\/05\/di-monika-hoelzl-bsc-5.jpg 2x\"\n            \/>\n                    <source\n                media=\"(max-width: 2048px)\"\n                srcset=\"https:\/\/cdn3.fh-joanneum.at\/media\/sites\/33\/2020\/05\/di-monika-hoelzl-bsc-5.jpg, https:\/\/cdn3.fh-joanneum.at\/media\/sites\/33\/2020\/05\/di-monika-hoelzl-bsc-5.jpg 2x\"\n            \/>\n                <img decoding=\"async\"\n        class=\"img-fluid\"\n        src=\"https:\/\/cdn3.fh-joanneum.at\/media\/sites\/33\/2020\/05\/di-monika-hoelzl-bsc-5.jpg\"\n        alt=\"DI Monika H\u00f6lzl, BSc 3\"\n        title=\"\"\n         loading=\"lazy\"             >\n<\/picture>\n\n                                                                                    <p class=\"text-muted mt-2\">Foto: Nenad Petrovic \u2013 \u00d6STU-STETTIN <\/p>\n                                                                            <\/div>\n                                                                                    <\/div>\n                    <\/div>\n\n                    <div class=\"swiper-navigation-pagination\">\n                        <div class=\"swiper-button-prev-custom\">\n                            <svg xmlns=\"http:\/\/www.w3.org\/2000\/svg\" width=\"9\" height=\"14\" viewBox=\"0 0 9 14\" fill=\"none\">\n  <path d=\"M8 13L2 7L8 1\" stroke=\"\" stroke-width=\"1.5\" stroke-linecap=\"round\"\/>\n<\/svg>                        <\/div>\n                        <div class=\"swiper-pagination\"><\/div>\n                        <div class=\"swiper-button-next-custom\">\n                            <svg xmlns=\"http:\/\/www.w3.org\/2000\/svg\" width=\"9\" height=\"14\" viewBox=\"0 0 9 14\" fill=\"none\">\n  <path d=\"M1 1L7 7L1 13\" stroke=\"\" stroke-width=\"1.5\" stroke-linecap=\"round\"\/>\n<\/svg>                        <\/div>\n                    <\/div>\n                <\/div>\n            <\/div>\n        <\/div>\n    <\/div>\n<\/div>\n\n<div id=\"\" class=\"wp-block-text-content margin-bottom-normal\">\n    <div class=\"container-lg\">\n        <div class=\"row\">\n            <div class=\"col\">\n                <h4>So bin ich zu meinem Job gekommen<\/h4>\n<p>Ich habe schon w&auml;hrend der HTL und des Studiums mehrere Male im Unternehmen ein Praktikum absolviert. Von da an ist der Kontakt nie abgebrochen, was mir den Umstieg von meinem alten Job als &Ouml;rtliche Bauaufsicht zur &Ouml;STU-STETTIN erleichtert hat.<\/p>\n<h4>Das habe ich im Studium f&uuml;rs Berufsleben gelernt<\/h4>\n<p>An der FH JOANNEUM habe ich den fachlichen Grundstock f&uuml;r meinen Beruf gelernt, auf den ich heute aufbauen kann und der jeden Tag kontinuierlich erweitert wird. Als Jahrgangssprecherin von BMI 14 habe ich gelernt, Verantwortung f&uuml;r mich und andere zu &uuml;bernehmen und organisiert sowie genau zu arbeiten. All diese Dinge sind in der Baubranche &auml;u&szlig;erst wichtig! Was einem beim Studium zugutekommt, wie etwa Disziplin, hartes Arbeiten sowie Teamf&auml;higkeit und Flexibilit&auml;t, wird in der Berufswelt tagt&auml;glich gefordert.<\/p>\n<h4>Die Jobchancen in meinem Bereich<\/h4>\n<p>Wenn man seine Arbeit gerne macht und ehrgeizig sowie neugierig ist, findet man immer ein Praktikum, woraus sich unz&auml;hlige Chancen ergeben. Die Baubranche ist so gro&szlig;, mit vielen verschiedenen Aufgabengebieten, dass jede und jeder die passende Stelle findet.<\/p>\n<h4>Ich bin &hellip;<\/h4>\n<ul>\n<li>Teamf&auml;hig: Ich liebe es gemeinsam mit anderen an einem Projekt zu arbeiten, Probleme zu l&ouml;sen und gemeinsam alle Situationen zu meistern. <\/li>\n<li>Flexibel und dennoch genau: Diese Eigenschaften sind speziell in der Baubranche sehr wichtig.<\/li>\n<li>Entscheidungsfreudig: Triff eine Entscheidung und steh dazu &ndash; dies ist ein Leitsatz, der f&uuml;r das Leben und auch die Berufswelt &auml;u&szlig;erst wichtig ist.<\/li>\n<\/ul>\n<h4>Ich &uuml;ber meinen Job<\/h4>\n<p>Begonnen hat alles mit dem Gl&uuml;ck ein Studium gefunden zu haben, dessen Lehrinhalte mich interessierten und wo es mir Spa&szlig; bereitete mein Wissen zu erweitern, denn man hat nie ausgelernt und so lerne ich seit meinem Einstieg in die Arbeitswelt tagt&auml;glich etwas dazu.<\/p>\n<p>Je l&auml;nger ich in diesem Bereich t&auml;tig bin, umso mehr merke ich, dass dies genau das Richtige f&uuml;r mich ist. Eine so gro&szlig;e Chance zu haben, sich auch pers&ouml;nlich st&auml;ndig weiterzuentwickeln und viele verschiedene Bereiche wie Hochbau, Stra&szlig;enbau, Tunnelbau oder Spezialtiefbau kennenzulernen, macht meinen Beruf abwechslungsreich und bringt auch mich pers&ouml;nlich immer weiter. Dabei in einem Unternehmen zu sein, das international t&auml;tig ist, viele innovative Ideen umsetzt und in dem man sich so vielf&auml;ltig entwickeln kann, macht Freude darauf, was die Zukunft bringen wird. Denn wenn man etwas macht, das man liebt, so ist man gut darin und wohin mich dieser Weg f&uuml;hrt, das wird sich zeigen.<\/p>\n\n            <\/div>\n        <\/div>\n            <\/div>\n<\/div>\n\n<div\n    id=\"\"\n    class=\"wp-block-blockquote margin-bottom-normal\"\n>\n    <div class=\"container-lg\">\n        <div class=\"row\">\n            <div class=\"col\">\n                <div class=\"d-block mb-2 fs-5 major-text-color\">Mut bedeutet nicht keine Angst zu haben, sondern es trotzdem zu tun. <br \/>\r\n<br \/>\r\n<\/div>\n                <span class=\"d-flex justify-content-end\">-Unbekannt-<\/span>\n            <\/div>\n        <\/div>\n    <\/div>\n<\/div>\n\n","protected":false},"excerpt":{"rendered":"<p>Seit 2019 verst\u00e4rkt Monika H\u00f6lzl das Team der  \u00d6STU-STETTIN Hoch- und Tiefbau GmbH. Im Studium hat sie den fachlichen Grundstock f\u00fcr ihren Beruf gelernt, auf den sie heute aufbauen kann und der jeden Tag erweitert wird. <\/p>\n","protected":false},"author":11,"featured_media":10000590,"parent":10000300,"menu_order":11,"comment_status":"closed","ping_status":"closed","template":"template-absolvent.blade.php","meta":{"_acf_changed":false,"footnotes":""},"acf":[],"aioseo_notices":[],"_links":{"self":[{"href":"https:\/\/www.fh-joanneum.at\/baumanagement-und-ingenieurbau\/master\/wp-json\/wp\/v2\/pages\/10000588"}],"collection":[{"href":"https:\/\/www.fh-joanneum.at\/baumanagement-und-ingenieurbau\/master\/wp-json\/wp\/v2\/pages"}],"about":[{"href":"https:\/\/www.fh-joanneum.at\/baumanagement-und-ingenieurbau\/master\/wp-json\/wp\/v2\/types\/page"}],"author":[{"embeddable":true,"href":"https:\/\/www.fh-joanneum.at\/baumanagement-und-ingenieurbau\/master\/wp-json\/wp\/v2\/users\/11"}],"replies":[{"embeddable":true,"href":"https:\/\/www.fh-joanneum.at\/baumanagement-und-ingenieurbau\/master\/wp-json\/wp\/v2\/comments?post=10000588"}],"version-history":[{"count":0,"href":"https:\/\/www.fh-joanneum.at\/baumanagement-und-ingenieurbau\/master\/wp-json\/wp\/v2\/pages\/10000588\/revisions"}],"up":[{"embeddable":true,"href":"https:\/\/www.fh-joanneum.at\/baumanagement-und-ingenieurbau\/master\/wp-json\/wp\/v2\/pages\/10000300"}],"wp:featuredmedia":[{"embeddable":true,"href":"https:\/\/www.fh-joanneum.at\/baumanagement-und-ingenieurbau\/master\/wp-json\/wp\/v2\/media\/10000590"}],"wp:attachment":[{"href":"https:\/\/www.fh-joanneum.at\/baumanagement-und-ingenieurbau\/master\/wp-json\/wp\/v2\/media?parent=10000588"}],"curies":[{"name":"wp","href":"https:\/\/api.w.org\/{rel}","templated":true}]}}