{"id":10000631,"date":"2024-01-30T15:13:54","date_gmt":"2024-01-30T13:13:54","guid":{"rendered":"https:\/\/www.fh-joanneum.at\/baumanagement-und-ingenieurbau\/master\/?page_id=631"},"modified":"2024-01-30T15:13:54","modified_gmt":"2024-01-30T13:13:54","slug":"di-juergen-egger-bsc","status":"publish","type":"page","link":"https:\/\/www.fh-joanneum.at\/baumanagement-und-ingenieurbau\/master\/nach-dem-studium\/absolventinnen-absolventen\/di-juergen-egger-bsc\/","title":{"rendered":"DI J\u00fcrgen Egger, BSc"},"content":{"rendered":"<div id=\"\" class=\"wp-block-text-content margin-bottom-normal\">\n    <div class=\"container-lg\">\n        <div class=\"row\">\n            <div class=\"col\">\n                <h4>Eckdaten:<\/h4>\n<p><strong>Jobbezeichnung:<\/strong> Projektmanager (Projektkoordinator Experte)<br>\n<strong>Unternehmen:<\/strong> &Ouml;BB-Infrastruktur AG, Gesch&auml;ftsbereich Projekte Neu-\/Ausbau<br>\n<strong>Ich arbeite in:<\/strong> Graz, &Ouml;sterreich<br>\n<strong>Ich arbeite hier seit:<\/strong> 2010<br>\n<strong>Mein Kontakt:<\/strong> juergen.egger@oebb.at<\/p>\n\n            <\/div>\n        <\/div>\n            <\/div>\n<\/div>\n\n<div id=\"\" class=\"wp-block-text-content margin-bottom-normal\">\n    <div class=\"container-lg\">\n        <div class=\"row\">\n            <div class=\"col\">\n                <h4>Was ich mache:<\/h4>\n<ul>\n<li>Als Projektkoordinator manage ich Projekte und kann diese von Anfang bis zum Ende mitgestalten.  <\/li>\n<li>Ich koordiniere die Planung und Umsetzung und f&uuml;hre Abstimmungen mit verschiedenen Interessensvertretungen wie Anrainer:innen, Beh&ouml;rden, internen Abteilungen. Dabei arbeite ich eng mit Architekt:innen, Fachplaner:innen und Bahnexpert:innen zusammen.<\/li>\n<li>Im Gro&szlig;en und Ganzen schaue ich drauf, dass die Planung Realit&auml;t wird.<\/li>\n<\/ul>\n<h4>An meinem Job liebe ich:<\/h4>\n<ul>\n<li>Jedes Projekt ist ein Prototyp mit seinen eigenen Anforderungen mit dem Effekt, dass man nie auslernen kann. Es wird nie langweilig. Jeder Tag bringt was Neues.<\/li>\n<li>Das fertiggestellte Projekt ist f&uuml;r mich das Ende einer gelungenen Arbeit. Und gleichzeitig f&uuml;r unsere Kunden der Beginn einer langen Nutzung. Einer Nutzung f&uuml;r viele Generationen.<\/li>\n<li>Das Sch&ouml;ne an meinem Job? Wir bauen heute, f&uuml;r morgen, f&uuml;r uns! Mit meinem Know How kann ich bleibendes schaffen und mithelfen, um zuk&uuml;nftigen Generationen ein schnelles, effizientes und umweltfreundliches Fortkommen mit der Bahn zu erm&ouml;glichen.<\/li>\n<\/ul>\n<h4>Was ich an meinem Job nicht so mag:<\/h4>\n<ul>\n<li>Die &Ouml;BB sind ein Verkehrsunternehmen. Damit steht das Aufrechterhalten des p&uuml;nktlichen Bahnverkehrs in jeder Phase im Vordergrund. Und nicht das Bauen.<\/li>\n<li>Den administrativen Aufwand bei den nachlaufenden Pr&uuml;fungen von z.B. dem Rechnungshof. <\/li>\n<\/ul>\n<h4>Wichtige F&auml;higkeiten in meinem Job:<\/h4>\n<ul>\n<li>Bereitschaft, Verantwortung zu &uuml;bernehmen<\/li>\n<li>Zuverl&auml;ssigkeit <\/li>\n<li>schnelle Auffassungsgabe <\/li>\n<li>Teamf&auml;higkeit<\/li>\n<li>Flexibilit&auml;t<\/li>\n<li>Kommunikationsf&auml;higkeit<\/li>\n<li>Lernbereitschaft<\/li>\n<li>Zielstrebigkeit<\/li>\n<\/ul>\n<h4>Mein bisher gr&ouml;&szlig;ter Erfolg \/ mein bestes Erlebnis<\/h4>\n<p>Aktuell bin ich f&uuml;r die Gesamtkoordination der gesamten Inbetriebsetzung der Koralmbahn, die in zwei Etappen erfolgt, zust&auml;ndig.<br>\nEnde 2023 haben wir die K&auml;rntner Seite p&uuml;nktlich und fristgerecht in Betrieb genommen. Vorab wurde die Strecke auf Herz und Nieren mit Abnahme- und Testfahrten gepr&uuml;ft. Dabei erstmals 250 km\/h auf einer neuen Strecke zu fahren &ndash; eine Belohnung f&uuml;r intensive Monate und echt cool! 2025 wird dann die restliche Koralmbahn inklusive Koralmtunnel folgen.<\/p>\n<h4>So bin ich zu meinem Job gekommen<\/h4>\n<p>F&uuml;r mein Berufspraktikum habe ich &uuml;berlegt einen Job in Richtung Altbausanierung zu suchen oder etwas f&uuml;r mich g&auml;nzlich Unbekanntes, Unbestimmtes auszuprobieren. N&auml;mlich Projektmanagement. Es wurde ein Job in der Projektkoordination bei der &Ouml;BB Infrastruktur AG, Projekte Neu-\/Ausbau, Projektleitung Koralmbahn. Und was als Berufspraktikum begonnen hat wurde Berufung. <\/p>\n<h4>Das habe ich im Studium f&uuml;rs Berufsleben gelernt<\/h4>\n<p>Durch das Studium an der FH JOANNEUM konnte ich mir ein gro&szlig;es interdisziplin&auml;res Wissen im Bauwesen aneignen. Dazu beigetragen haben Vortragende die nicht nur ihr Fach unterrichtet, sondern auch ihr Fachwissen weitergegebenen haben. Die Bauhofpraxis am Studienanfang hat die Distanz zwischen Theorie und Praxis verringert. Gemeinsame Projektarbeiten inklusive Pr&auml;sentationen haben mich zudem gut auf das Zusammenarbeiten im Berufsleben vorbereitet. <\/p>\n<h4>Die Jobchancen in meinem Bereich<\/h4>\n<p>Gebaut wird immer. Und im Infrastrukturbereich sowieso. Jedes Projekt ist ein Prototyp mit seinen eigenen Anforderungen mit dem Effekt, dass man bei uns nie auslernen kann. Wir, als gr&ouml;&szlig;te Projektmanagementabteilung der &Ouml;BB-Infrastruktur AG und eine der gr&ouml;&szlig;ten Bauauftraggeberin &Ouml;sterreichs, brauchen Verst&auml;rkung und freuen uns &uuml;ber motivierte und kompetente Kolleg:innen. <\/p>\n<h4>Ich bin &hellip;<\/h4>\n<ul>\n<li>zuverl&auml;ssig<\/li>\n<li>auffassungsschnell <\/li>\n<li>teamf&auml;hig<\/li>\n<li>flexibel<\/li>\n<li>kommunikativ<\/li>\n<li>lernbereit<\/li>\n<li>zielstrebig<\/li>\n<\/ul>\n\n            <\/div>\n        <\/div>\n            <\/div>\n<\/div>\n\n<div\n    id=\"\"\n    class=\"wp-block-blockquote margin-bottom-normal\"\n>\n    <div class=\"container-lg\">\n        <div class=\"row\">\n            <div class=\"col\">\n                <div class=\"d-block mb-2 fs-5 major-text-color\">Jedes Projekt ist einzigartig. Daher h\u00f6rt nie auf eure Projekte mit einer \u201egesunden\u201c Distanz zu betrachten und schaut \u00fcber den Tellerrand. Seid offen f\u00fcr Neues. Erst wenn man Zusammenh\u00e4nge besser erkennt, Zw\u00e4nge anderer besser versteht und offen neuen Entwicklungen gegen\u00fcbersteht, kann man die Herausforderungen eines Projektes bestm\u00f6glich l\u00f6sen. <br \/>\r\nUnd um es mit den Worten von Marie von Ebner Eschenbach zu sagen: Wer aufh\u00f6rt, besser werden zu wollen, h\u00f6rt auf, gut zu sein!<br \/>\r\n<\/div>\n                <span class=\"d-flex justify-content-end\">J\u00fcrgen Egger<\/span>\n            <\/div>\n        <\/div>\n    <\/div>\n<\/div>\n\n<div\n    id=\"\"\n    class=\"wp-block-image-slider margin-bottom-normal\"\n>\n    <div class=\"container-lg\">\n        <div class=\"row\">\n            <div class=\"col-12\">\n                <div class=\"swiper-outer-wrapper\">\n                    <div class=\"image-header\">\n                        <div class=\"swiper-navigation\">\n                            <div class=\"swiper-button-prev-custom\">\n                                <svg xmlns=\"http:\/\/www.w3.org\/2000\/svg\" width=\"9\" height=\"14\" viewBox=\"0 0 9 14\" fill=\"none\">\n  <path d=\"M8 13L2 7L8 1\" stroke=\"\" stroke-width=\"1.5\" stroke-linecap=\"round\"\/>\n<\/svg>                            <\/div>\n                            <div class=\"swiper-button-next-custom\">\n                                <svg xmlns=\"http:\/\/www.w3.org\/2000\/svg\" width=\"9\" height=\"14\" viewBox=\"0 0 9 14\" fill=\"none\">\n  <path d=\"M1 1L7 7L1 13\" stroke=\"\" stroke-width=\"1.5\" stroke-linecap=\"round\"\/>\n<\/svg>                            <\/div>\n                        <\/div>\n                    <\/div>\n                    <div class=\"swiper image-slider-swiper\">\n                        <div class=\"swiper-wrapper\">\n                                                                                                <div class=\"swiper-slide item\">\n                                        <picture>\n                        <source\n                media=\"(max-width: 576px)\"\n                srcset=\"https:\/\/cdn3.fh-joanneum.at\/media\/sites\/33\/2024\/01\/di-juergen-egger-bsc-2.jpg, https:\/\/cdn3.fh-joanneum.at\/media\/sites\/33\/2024\/01\/di-juergen-egger-bsc-2-768x434.jpg 2x\"\n            \/>\n                    <source\n                media=\"(max-width: 768px)\"\n                srcset=\"https:\/\/cdn3.fh-joanneum.at\/media\/sites\/33\/2024\/01\/di-juergen-egger-bsc-2-768x434.jpg, https:\/\/cdn3.fh-joanneum.at\/media\/sites\/33\/2024\/01\/di-juergen-egger-bsc-2-1024x579.jpg 2x\"\n            \/>\n                    <source\n                media=\"(max-width: 1024px)\"\n                srcset=\"https:\/\/cdn3.fh-joanneum.at\/media\/sites\/33\/2024\/01\/di-juergen-egger-bsc-2-1024x579.jpg, https:\/\/cdn3.fh-joanneum.at\/media\/sites\/33\/2024\/01\/di-juergen-egger-bsc-2.jpg 2x\"\n            \/>\n                    <source\n                media=\"(max-width: 1158px)\"\n                srcset=\"https:\/\/cdn3.fh-joanneum.at\/media\/sites\/33\/2024\/01\/di-juergen-egger-bsc-2.jpg, https:\/\/cdn3.fh-joanneum.at\/media\/sites\/33\/2024\/01\/di-juergen-egger-bsc-2.jpg 2x\"\n            \/>\n                    <source\n                media=\"(max-width: 1158px)\"\n                srcset=\"https:\/\/cdn3.fh-joanneum.at\/media\/sites\/33\/2024\/01\/di-juergen-egger-bsc-2.jpg, https:\/\/cdn3.fh-joanneum.at\/media\/sites\/33\/2024\/01\/di-juergen-egger-bsc-2.jpg 2x\"\n            \/>\n                <img decoding=\"async\"\n        class=\"img-fluid\"\n        src=\"https:\/\/cdn3.fh-joanneum.at\/media\/sites\/33\/2024\/01\/di-juergen-egger-bsc-2.jpg\"\n        alt=\"DI J\u00fcrgen Egger, BSc 1\"\n        title=\"\"\n         loading=\"lazy\"             >\n<\/picture>\n\n                                                                                    <p class=\"text-muted mt-2\">Projektmanager-J\u00fcrgen Egger\u00a9\u00d6BB<\/p>\n                                                                            <\/div>\n                                                                    <div class=\"swiper-slide item\">\n                                        <picture>\n                        <source\n                media=\"(max-width: 576px)\"\n                srcset=\"https:\/\/cdn3.fh-joanneum.at\/media\/sites\/33\/2024\/01\/di-juergen-egger-bsc.jpg, https:\/\/cdn3.fh-joanneum.at\/media\/sites\/33\/2024\/01\/di-juergen-egger-bsc-768x576.jpg 2x\"\n            \/>\n                    <source\n                media=\"(max-width: 768px)\"\n                srcset=\"https:\/\/cdn3.fh-joanneum.at\/media\/sites\/33\/2024\/01\/di-juergen-egger-bsc-768x576.jpg, https:\/\/cdn3.fh-joanneum.at\/media\/sites\/33\/2024\/01\/di-juergen-egger-bsc-1024x768.jpg 2x\"\n            \/>\n                    <source\n                media=\"(max-width: 1024px)\"\n                srcset=\"https:\/\/cdn3.fh-joanneum.at\/media\/sites\/33\/2024\/01\/di-juergen-egger-bsc-1024x768.jpg, https:\/\/cdn3.fh-joanneum.at\/media\/sites\/33\/2024\/01\/di-juergen-egger-bsc-1536x1152.jpg 2x\"\n            \/>\n                    <source\n                media=\"(max-width: 1536px)\"\n                srcset=\"https:\/\/cdn3.fh-joanneum.at\/media\/sites\/33\/2024\/01\/di-juergen-egger-bsc-1536x1152.jpg, https:\/\/cdn3.fh-joanneum.at\/media\/sites\/33\/2024\/01\/di-juergen-egger-bsc.jpg 2x\"\n            \/>\n                    <source\n                media=\"(max-width: 2000px)\"\n                srcset=\"https:\/\/cdn3.fh-joanneum.at\/media\/sites\/33\/2024\/01\/di-juergen-egger-bsc.jpg, https:\/\/cdn3.fh-joanneum.at\/media\/sites\/33\/2024\/01\/di-juergen-egger-bsc.jpg 2x\"\n            \/>\n                <img decoding=\"async\"\n        class=\"img-fluid\"\n        src=\"https:\/\/cdn3.fh-joanneum.at\/media\/sites\/33\/2024\/01\/di-juergen-egger-bsc.jpg\"\n        alt=\"DI J\u00fcrgen Egger, BSc\"\n        title=\"\"\n         loading=\"lazy\"             >\n<\/picture>\n\n                                                                                    <p class=\"text-muted mt-2\">Testfahrten-Koralmbahn \u00a9\u00d6BB<\/p>\n                                                                            <\/div>\n                                                                    <div class=\"swiper-slide item\">\n                                        <picture>\n                        <source\n                media=\"(max-width: 576px)\"\n                srcset=\"https:\/\/cdn3.fh-joanneum.at\/media\/sites\/33\/2024\/01\/di-juergen-egger-bsc-3.jpg, https:\/\/cdn3.fh-joanneum.at\/media\/sites\/33\/2024\/01\/di-juergen-egger-bsc-3-768x449.jpg 2x\"\n            \/>\n                    <source\n                media=\"(max-width: 768px)\"\n                srcset=\"https:\/\/cdn3.fh-joanneum.at\/media\/sites\/33\/2024\/01\/di-juergen-egger-bsc-3-768x449.jpg, https:\/\/cdn3.fh-joanneum.at\/media\/sites\/33\/2024\/01\/di-juergen-egger-bsc-3-1024x599.jpg 2x\"\n            \/>\n                    <source\n                media=\"(max-width: 1024px)\"\n                srcset=\"https:\/\/cdn3.fh-joanneum.at\/media\/sites\/33\/2024\/01\/di-juergen-egger-bsc-3-1024x599.jpg, https:\/\/cdn3.fh-joanneum.at\/media\/sites\/33\/2024\/01\/di-juergen-egger-bsc-3.jpg 2x\"\n            \/>\n                    <source\n                media=\"(max-width: 1314px)\"\n                srcset=\"https:\/\/cdn3.fh-joanneum.at\/media\/sites\/33\/2024\/01\/di-juergen-egger-bsc-3.jpg, https:\/\/cdn3.fh-joanneum.at\/media\/sites\/33\/2024\/01\/di-juergen-egger-bsc-3.jpg 2x\"\n            \/>\n                    <source\n                media=\"(max-width: 1314px)\"\n                srcset=\"https:\/\/cdn3.fh-joanneum.at\/media\/sites\/33\/2024\/01\/di-juergen-egger-bsc-3.jpg, https:\/\/cdn3.fh-joanneum.at\/media\/sites\/33\/2024\/01\/di-juergen-egger-bsc-3.jpg 2x\"\n            \/>\n                <img decoding=\"async\"\n        class=\"img-fluid\"\n        src=\"https:\/\/cdn3.fh-joanneum.at\/media\/sites\/33\/2024\/01\/di-juergen-egger-bsc-3.jpg\"\n        alt=\"DI J\u00fcrgen Egger, BSc 2\"\n        title=\"\"\n         loading=\"lazy\"             >\n<\/picture>\n\n                                                                                    <p class=\"text-muted mt-2\">Projektmanager-J\u00fcrgen Egger\u00a9\u00d6BB<\/p>\n                                                                            <\/div>\n                                                                    <div class=\"swiper-slide item\">\n                                        <picture>\n                        <source\n                media=\"(max-width: 576px)\"\n                srcset=\"https:\/\/cdn3.fh-joanneum.at\/media\/sites\/33\/2024\/01\/di-juergen-egger-bsc-4.jpg, https:\/\/cdn3.fh-joanneum.at\/media\/sites\/33\/2024\/01\/di-juergen-egger-bsc-4-768x512.jpg 2x\"\n            \/>\n                    <source\n                media=\"(max-width: 768px)\"\n                srcset=\"https:\/\/cdn3.fh-joanneum.at\/media\/sites\/33\/2024\/01\/di-juergen-egger-bsc-4-768x512.jpg, https:\/\/cdn3.fh-joanneum.at\/media\/sites\/33\/2024\/01\/di-juergen-egger-bsc-4-1024x682.jpg 2x\"\n            \/>\n                    <source\n                media=\"(max-width: 1024px)\"\n                srcset=\"https:\/\/cdn3.fh-joanneum.at\/media\/sites\/33\/2024\/01\/di-juergen-egger-bsc-4-1024x682.jpg, https:\/\/cdn3.fh-joanneum.at\/media\/sites\/33\/2024\/01\/di-juergen-egger-bsc-4-1536x1024.jpg 2x\"\n            \/>\n                    <source\n                media=\"(max-width: 1536px)\"\n                srcset=\"https:\/\/cdn3.fh-joanneum.at\/media\/sites\/33\/2024\/01\/di-juergen-egger-bsc-4-1536x1024.jpg, https:\/\/cdn3.fh-joanneum.at\/media\/sites\/33\/2024\/01\/di-juergen-egger-bsc-4.jpg 2x\"\n            \/>\n                    <source\n                media=\"(max-width: 2000px)\"\n                srcset=\"https:\/\/cdn3.fh-joanneum.at\/media\/sites\/33\/2024\/01\/di-juergen-egger-bsc-4.jpg, https:\/\/cdn3.fh-joanneum.at\/media\/sites\/33\/2024\/01\/di-juergen-egger-bsc-4.jpg 2x\"\n            \/>\n                <img decoding=\"async\"\n        class=\"img-fluid\"\n        src=\"https:\/\/cdn3.fh-joanneum.at\/media\/sites\/33\/2024\/01\/di-juergen-egger-bsc-4.jpg\"\n        alt=\"DI J\u00fcrgen Egger, BSc 3\"\n        title=\"\"\n         loading=\"lazy\"             >\n<\/picture>\n\n                                                                                    <p class=\"text-muted mt-2\">Testfahrten-Koralmbahn \u00a9\u00d6BB<\/p>\n                                                                            <\/div>\n                                                                                    <\/div>\n                    <\/div>\n\n                    <div class=\"swiper-navigation-pagination\">\n                        <div class=\"swiper-button-prev-custom\">\n                            <svg xmlns=\"http:\/\/www.w3.org\/2000\/svg\" width=\"9\" height=\"14\" viewBox=\"0 0 9 14\" fill=\"none\">\n  <path d=\"M8 13L2 7L8 1\" stroke=\"\" stroke-width=\"1.5\" stroke-linecap=\"round\"\/>\n<\/svg>                        <\/div>\n                        <div class=\"swiper-pagination\"><\/div>\n                        <div class=\"swiper-button-next-custom\">\n                            <svg xmlns=\"http:\/\/www.w3.org\/2000\/svg\" width=\"9\" height=\"14\" viewBox=\"0 0 9 14\" fill=\"none\">\n  <path d=\"M1 1L7 7L1 13\" stroke=\"\" stroke-width=\"1.5\" stroke-linecap=\"round\"\/>\n<\/svg>                        <\/div>\n                    <\/div>\n                <\/div>\n            <\/div>\n        <\/div>\n    <\/div>\n<\/div>\n\n","protected":false},"excerpt":{"rendered":"<p>Aus dem Berufspraktikum bei der \u00d6BB-Infrastruktur AG, wurde Berufung. Bereits neben dem Masterstudium Baumanagement und Ingenieurbau war J\u00fcrgen Egger im Projektmanagement t\u00e4tig. Mit Faszination ist er dabei, um Bauwerke mit langer Nutzung f\u00fcr viele Generationen zu bauen bis heute an.<\/p>\n","protected":false},"author":45,"featured_media":10000638,"parent":10000300,"menu_order":4,"comment_status":"closed","ping_status":"closed","template":"template-absolvent.blade.php","meta":{"_acf_changed":false,"footnotes":""},"acf":[],"aioseo_notices":[],"_links":{"self":[{"href":"https:\/\/www.fh-joanneum.at\/baumanagement-und-ingenieurbau\/master\/wp-json\/wp\/v2\/pages\/10000631"}],"collection":[{"href":"https:\/\/www.fh-joanneum.at\/baumanagement-und-ingenieurbau\/master\/wp-json\/wp\/v2\/pages"}],"about":[{"href":"https:\/\/www.fh-joanneum.at\/baumanagement-und-ingenieurbau\/master\/wp-json\/wp\/v2\/types\/page"}],"author":[{"embeddable":true,"href":"https:\/\/www.fh-joanneum.at\/baumanagement-und-ingenieurbau\/master\/wp-json\/wp\/v2\/users\/45"}],"replies":[{"embeddable":true,"href":"https:\/\/www.fh-joanneum.at\/baumanagement-und-ingenieurbau\/master\/wp-json\/wp\/v2\/comments?post=10000631"}],"version-history":[{"count":0,"href":"https:\/\/www.fh-joanneum.at\/baumanagement-und-ingenieurbau\/master\/wp-json\/wp\/v2\/pages\/10000631\/revisions"}],"up":[{"embeddable":true,"href":"https:\/\/www.fh-joanneum.at\/baumanagement-und-ingenieurbau\/master\/wp-json\/wp\/v2\/pages\/10000300"}],"wp:featuredmedia":[{"embeddable":true,"href":"https:\/\/www.fh-joanneum.at\/baumanagement-und-ingenieurbau\/master\/wp-json\/wp\/v2\/media\/10000638"}],"wp:attachment":[{"href":"https:\/\/www.fh-joanneum.at\/baumanagement-und-ingenieurbau\/master\/wp-json\/wp\/v2\/media?parent=10000631"}],"curies":[{"name":"wp","href":"https:\/\/api.w.org\/{rel}","templated":true}]}}