{"id":10000133,"date":"2015-08-11T13:24:54","date_gmt":"2015-08-11T13:24:54","guid":{"rendered":"https:\/\/www.fh-joanneum.at\/bauplanung-und-bauwirtschaft\/bachelor\/?page_id=133"},"modified":"2024-04-29T11:17:39","modified_gmt":"2024-04-29T11:17:39","slug":"studienabschluss","status":"publish","type":"page","link":"https:\/\/www.fh-joanneum.at\/bauplanung-und-bauwirtschaft\/bachelor\/im-studium\/studienabschluss\/","title":{"rendered":"Studienabschluss"},"content":{"rendered":"<div id=\"\" class=\"wp-block-text-content margin-bottom-none\">\n    <div class=\"container-lg\">\n        <div class=\"row\">\n            <div class=\"col\">\n                <div class=\"module-migration-headline\">\n<h3>Voraussetzungen f&uuml;r den Studienabschluss<\/h3>\n<\/div>\n\n            <\/div>\n        <\/div>\n            <\/div>\n<\/div>\n\n<div id=\"\" class=\"wp-block-text-content margin-bottom-normal\">\n    <div class=\"container-lg\">\n        <div class=\"row\">\n            <div class=\"col\">\n                <p>Um das Studium &bdquo;Bauplanung und Baumanagement&ldquo; positiv abzuschlie&szlig;en, m&uuml;ssen Sie:<\/p>\n<ul>\n<li>alle Lehrveranstaltungen positiv absolvieren<\/li>\n<li>das Berufspraktikums positiv absolvieren<\/li>\n<li>eine Bachelorarbeit verfassen, die positiv bewertet werden muss<\/li>\n<li>die Bachelorpr&uuml;fung positiv ablegen<\/li>\n<\/ul>\n<p>Ihr Titel nach dem Studienabschluss lautet &bdquo;Bachelor of Science in Engineering (BSc)&ldquo;.<\/p>\n\n            <\/div>\n        <\/div>\n            <\/div>\n<\/div>\n\n<div id=\"\" class=\"wp-block-text-content margin-bottom-none\">\n    <div class=\"container-lg\">\n        <div class=\"row\">\n            <div class=\"col\">\n                <div class=\"module-migration-headline\">\n<h4>Bachelorarbeit<\/h4>\n<\/div>\n\n            <\/div>\n        <\/div>\n            <\/div>\n<\/div>\n\n<div id=\"\" class=\"wp-block-text-content margin-bottom-normal\">\n    <div class=\"container-lg\">\n        <div class=\"row\">\n            <div class=\"col\">\n                <p>Als wichtiger Teil des Bachelorstudiums m&uuml;ssen unsere Studierenden eine schriftliche Arbeit in den Themenbereichen des Studiums verfassen. Sie zeigt, dass unsere Studierenden in der Lage sind, ein Problem aus einem Fachbereich unter Betreuung des Lehrpersonals wissenschaftlich zu bearbeiten und die Ergebnisse sachgerecht darzustellen.<\/p>\n<p>Die Themenstellungen sind den Inhalten der Lehrveranstaltungen angepasst.<\/p>\n\n            <\/div>\n        <\/div>\n            <\/div>\n<\/div>\n\n<div id=\"\" class=\"wp-block-text-content margin-bottom-none\">\n    <div class=\"container-lg\">\n        <div class=\"row\">\n            <div class=\"col\">\n                <div class=\"module-migration-headline\">\n<h4>Bachelorpr&uuml;fung<\/h4>\n<\/div>\n\n            <\/div>\n        <\/div>\n            <\/div>\n<\/div>\n\n<div id=\"\" class=\"wp-block-text-content margin-bottom-normal\">\n    <div class=\"container-lg\">\n        <div class=\"row\">\n            <div class=\"col\">\n                <p>Nach positivem Abschluss aller Lehrveranstaltungen des Bachelorstudiums und des Berufspraktikums erfolgt nach dem sechsten Semester die Bachelorpr&uuml;fung vor einem facheinschl&auml;gigen Pr&uuml;fungssenat. <\/p>\n<p>Die Bachelorpr&uuml;fung besteht aus den beiden folgenden Teilen:<\/p>\n<ul>\n<li>Pr&auml;sentation der Bachelorarbeit<\/li>\n<li>Pr&uuml;fungsgespr&auml;ch, das auf Querverbindungen des Themas der Bachelorarbeit zu den relevanten F&auml;chern des Studienplans eingeht<\/li>\n<\/ul>\n\n            <\/div>\n        <\/div>\n            <\/div>\n<\/div>\n\n<div id=\"\" class=\"wp-block-text-content margin-bottom-none\">\n    <div class=\"container-lg\">\n        <div class=\"row\">\n            <div class=\"col\">\n                <div class=\"module-migration-headline\">\n<h3>Nach dem Bachelorabschluss<\/h3>\n<\/div>\n\n            <\/div>\n        <\/div>\n            <\/div>\n<\/div>\n\n<div id=\"\" class=\"wp-block-text-content margin-bottom-normal\">\n    <div class=\"container-lg\">\n        <div class=\"row\">\n            <div class=\"col\">\n                <p>Unsere Absolvent:innen k&ouml;nnen ihre Kenntnisse im Masterstudiengang <a href=\"https:\/\/fh-joanneum.at\/baumanagement-und-ingenieurbau\/master\/\">&bdquo;Baumanagement und Ingenieurbau&ldquo;<\/a> an der FH JOANNEUM vertiefen. Au&szlig;erdem besteht die M&ouml;glichkeit an anderen Fachhochschulen oder Universit&auml;ten im In- und Ausland fachspezifisch weiter zu studieren. Alternativ k&ouml;nnen unsere Absolvent:innen auch gleich in die Berufswelt einsteigen. <\/p>\n\n            <\/div>\n        <\/div>\n            <\/div>\n<\/div>\n\n","protected":false},"excerpt":{"rendered":"<p>Mit Ihrem Abschluss legen Sie den Grundstein f\u00fcr Ihre berufliche Zukunft. Welche Voraussetzungen Sie f\u00fcr den erfolgreichen Abschluss Ihres Studiums ben\u00f6tigen und alles, was Sie sonst noch wissen sollten, verraten wir Ihnen hier.<\/p>\n","protected":false},"author":12,"featured_media":0,"parent":10000119,"menu_order":56,"comment_status":"closed","ping_status":"closed","template":"","meta":{"_acf_changed":false,"footnotes":""},"acf":[],"aioseo_notices":[],"_links":{"self":[{"href":"https:\/\/www.fh-joanneum.at\/bauplanung-und-bauwirtschaft\/bachelor\/wp-json\/wp\/v2\/pages\/10000133"}],"collection":[{"href":"https:\/\/www.fh-joanneum.at\/bauplanung-und-bauwirtschaft\/bachelor\/wp-json\/wp\/v2\/pages"}],"about":[{"href":"https:\/\/www.fh-joanneum.at\/bauplanung-und-bauwirtschaft\/bachelor\/wp-json\/wp\/v2\/types\/page"}],"author":[{"embeddable":true,"href":"https:\/\/www.fh-joanneum.at\/bauplanung-und-bauwirtschaft\/bachelor\/wp-json\/wp\/v2\/users\/12"}],"replies":[{"embeddable":true,"href":"https:\/\/www.fh-joanneum.at\/bauplanung-und-bauwirtschaft\/bachelor\/wp-json\/wp\/v2\/comments?post=10000133"}],"version-history":[{"count":0,"href":"https:\/\/www.fh-joanneum.at\/bauplanung-und-bauwirtschaft\/bachelor\/wp-json\/wp\/v2\/pages\/10000133\/revisions"}],"up":[{"embeddable":true,"href":"https:\/\/www.fh-joanneum.at\/bauplanung-und-bauwirtschaft\/bachelor\/wp-json\/wp\/v2\/pages\/10000119"}],"wp:attachment":[{"href":"https:\/\/www.fh-joanneum.at\/bauplanung-und-bauwirtschaft\/bachelor\/wp-json\/wp\/v2\/media?parent=10000133"}],"curies":[{"name":"wp","href":"https:\/\/api.w.org\/{rel}","templated":true}]}}