{"id":10000614,"date":"2019-12-19T10:34:21","date_gmt":"2019-12-19T10:34:21","guid":{"rendered":"https:\/\/www.fh-joanneum.at\/bauplanung-und-bauwirtschaft\/bachelor\/?page_id=614"},"modified":"2020-02-19T22:01:38","modified_gmt":"2020-02-19T22:01:38","slug":"julia-halbwachs-bsc","status":"publish","type":"page","link":"https:\/\/www.fh-joanneum.at\/bauplanung-und-bauwirtschaft\/bachelor\/nach-dem-studium\/absolventinnen-absolventen\/julia-halbwachs-bsc\/","title":{"rendered":"Julia Halbwachs, BSc"},"content":{"rendered":"<div id=\"\" class=\"wp-block-text-content margin-bottom-normal\">\n    <div class=\"container-lg\">\n        <div class=\"row\">\n            <div class=\"col\">\n                <h4>Eckdaten:<\/h4>\n<p><strong>Jobbezeichnung:<\/strong> Konstrukteurin  <br>\n<strong>Unternehmen:<\/strong> Thomas Lorenz ZT GmbH  <br>\n<strong>Ich arbeite in:<\/strong> Graz, &Ouml;sterreich <br>\n<strong>Ich arbeite hier seit:<\/strong> 2019 <br>\n<strong>Mein Kontakt:<\/strong> <a href=\"mailto:julia.halbwachs@tlorenz.at\">julia.halbwachs@tlorenz.at<\/a><\/p>\n\n            <\/div>\n        <\/div>\n            <\/div>\n<\/div>\n\n<div id=\"\" class=\"wp-block-text-content margin-bottom-normal\">\n    <div class=\"container-lg\">\n        <div class=\"row\">\n            <div class=\"col\">\n                <h4>Was ich mache:<\/h4>\n<ul>\n<li>Bearbeitung von BIM-Modellen (Building Information Modeling)<\/li>\n<li>Erstellung und Ausarbeitung von Konstruktions- beziehungsweise Ausf&uuml;hrungspl&auml;nen<\/li>\n<\/ul>\n<h4>Warum ich meinen Job liebe:<\/h4>\n<ul>\n<li>Jedes Bauwerk ist einzigartig und fordert eine individuelle Herangehensweise und Planung. <\/li>\n<li>Man lernt immer wieder Neues dazu, da sich die Technik st&auml;ndig weiterentwickelt. <\/li>\n<li>Die Zusammenarbeit mit Menschen aus unterschiedlichsten Nationen sowie verschiedenste Projekte im Bereich des Hoch- und Tiefbaus machen diesen Beruf abwechslungsreich und interessant.<\/li>\n<\/ul>\n<h4>Was ich an meinem Job nicht so mag:<\/h4>\n<ul>\n<li>Die Tatsache, dass in &Ouml;sterreich bereits noch w&auml;hrend der Planungsphase mit der Bauausf&uuml;hrung begonnen wird, was zu vielen &Auml;nderungen und Anpassungen f&uuml;hrt.<\/li>\n<li>Den st&auml;ndig ansteigenden Zeitdruck auf Baustellen vor Ort, wodurch die Perfektion und Kunst des Handwerks in den Hintergrund ger&uuml;ckt wird.<\/li>\n<\/ul>\n<h4>Wichtige F&auml;higkeiten in meinem Job:<\/h4>\n<ul>\n<li>Teamf&auml;higkeit<\/li>\n<li>Flexibilit&auml;t<\/li>\n<li>Zuverl&auml;ssigkeit<\/li>\n<\/ul>\n<h4>Mein bisher gr&ouml;&szlig;ter Erfolg \/ mein bestes Erlebnis<\/h4>\n<p>Eines meiner sch&ouml;nsten Erlebnisse wurde mir durch die Teilnahme an einer Baubesprechung vor Ort erm&ouml;glicht. Da man als Konstrukteurin beziehungsweise Konstrukteur sehr viel Zeit im B&uuml;ro verbringt und mit der Erstellung von Ausf&uuml;hrungspl&auml;nen besch&auml;ftigt ist, war es vor Ort umso sch&ouml;ner zu sehen, was man tats&auml;chlich geschaffen hat. Von einfachen Strichen am Computer zu wahren Bauwerken in der Realit&auml;t. Die Entwicklung vom leeren Blatt Papier oder leeren Computerbildschirm bis hin zum fertigen Bauwerk ist einzigartig und ein Erfolgserlebnis f&uuml;r sich. Zu realisieren, dass man selbst Teil des Prozesses f&uuml;r die Entstehung des Geb&auml;udes war, kann einen schon ziemlich &uuml;berw&auml;ltigen. <\/p>\n<h4>So bin ich zu meinem Job gekommen<\/h4>\n<p>F&uuml;r mich war besonders ausschlaggebend der Bauinfo-Tag, den die FH JOANNEUM j&auml;hrlich f&uuml;r die Studierenden in unserem Studiengang organisiert. Zu diesem Anlass werden unterschiedlichste Firmen eingeladen, wodurch sich die M&ouml;glichkeit ergibt, dass sich Unternehmen und Studierende austauschen und kennenlernen k&ouml;nnen. Nach einen klassischem Bewerbungsverfahren durfte ich dann mein Pflichtpraktikum im 6. Semester im Unternehmen absolvieren und bin seither weiterhin, geringf&uuml;gig Teil des Teams geblieben.<\/p>\n<h4>Das habe ich im Studium f&uuml;rs Berufsleben gelernt<\/h4>\n<p>Durch das Studium an der FH konnte ich mir ein breit gef&auml;chertes Grundwissen im Bauwesen aneignen. Es wurde jedoch nicht nur auf die Fachkompetenz ein gro&szlig;er Wert gelegt ebenso wurden Teamf&auml;higkeit und Kommunikationsf&auml;higkeit gro&szlig;geschrieben, was man in der ein oder anderen Gruppenarbeit beweisen musste. Au&szlig;erdem ist es der FH JOANNEUM ein besonderes Anliegen, dass das gemeinsame Arbeiten und die gute Kommunikation zwischen Architektinnen und Architekten sowie Ingenieurinnen und Ingenieuren funktionieren. Durch interdisziplin&auml;res Arbeiten im Studium wird es den Studierenden erm&ouml;glicht, ihre Sichtweise auf Dinge zu erweitern und im Team gemeinsam ein Ziel (Projekt) zu erreichen.<\/p>\n<h4>Die Jobchancen in meinem Bereich<\/h4>\n<p>Da Bauwerke ein wesentlicher Bestandteil der Menschen sind und deren Nutzen st&auml;ndig gebraucht wird, ist die Baubranche ein Bereich, der niemals schl&auml;ft und st&auml;ndig w&auml;chst. Dazu kommt, dass sich die Technik permanent weiterentwickelt. Umso wichtiger ist es f&uuml;r diese Branche, junge motivierte und interessierte Leute zu finden und zu f&ouml;rdern. Durch die Ausbildung wird der neueste Stand der Technik &uuml;bermittelt und man lernt die aktuellsten Methoden und Techniken, um Probleme zu l&ouml;sen. Zus&auml;tzlich erfordern viele Ausbildungen Praktika, wodurch es m&ouml;glich ist, erste berufliche Erfahrungen zu sammeln. Somit sollte mit einer breit gef&auml;cherten Ausbildung und der Bereitschaft, Erfahrungen durch Praktika zu erlangen, niemandem etwas f&uuml;r die weitere berufliche Laufbahn im Wege stehen. <\/p>\n<h3>Ich bin &hellip;<\/h3>\n<ul>\n<li>hilfsbereit<\/li>\n<li>weltoffen<\/li>\n<li>flexibel<\/li>\n<\/ul>\n\n            <\/div>\n        <\/div>\n            <\/div>\n<\/div>\n\n<div id=\"\" class=\"wp-block-text-content margin-bottom-normal\">\n    <div class=\"container-lg\">\n        <div class=\"row\">\n            <div class=\"col\">\n                <h4>Ich studiere weiter weil<\/h4>\n<p>Der Grund, warum ich mich f&uuml;r ein Masterstudium entschieden habe, war es mein Wissen im Bereich des Ingenieurbaues weiterhin zu vertiefen. Der Masterstudiengang <a href=\"https:\/\/www.fh-joanneum.at\/baumanagement-und-ingenieurbau\/master\/\">&bdquo;Baumanagement und Ingenieurbau&ldquo;<\/a> an der FH JOANNEUM ist auf die unterschiedlichsten Bereiche und Fachgebiete im Hoch- als auch Tiefbau spezialisiert, was einen auf die Baubranche bestens vorbereitet. <\/p>\n<h4>So vereinbare ich Studium und Job<\/h4>\n<p>Da mein Arbeitgeber sehr flexibel ist und wei&szlig;, dass das Studium an erster Stelle stehen soll und der Zusammenhalt im Team sehr gro&szlig; ist, ist es m&ouml;glich das Studium und den Job unter einen Hut zu bringen. Ebenso werde ich dabei von meinen Studienkolleginnen und Studienkollegen unterst&uuml;tzt. Wenn wir uns beispielsweise einen Termin f&uuml;r eine Projektbesprechung ausmachen wollen, nehmen sie stets R&uuml;cksicht auf meine Arbeitszeiten im B&uuml;ro, wof&uuml;r ich ihnen sehr dankbar bin. <\/p>\n<p>Die gro&szlig;e Herausforderung ist somit Zeitmanagement, doch durch die Hilfe meiner Kolleginnen und Kollegen ist es mir m&ouml;glich, neben meinem Studium arbeiten zu gehen. Das Sch&ouml;ne, was sich dadurch ergibt, ist es einerseits Gelerntes direkt in der Praxis anwenden und umsetzen zu k&ouml;nnen und andererseits in der Praxis dazu lernen zu k&ouml;nnen und Erfahrungen zu sammeln. <\/p>\n\n            <\/div>\n        <\/div>\n            <\/div>\n<\/div>\n\n<div\n    id=\"\"\n    class=\"wp-block-blockquote margin-bottom-normal\"\n>\n    <div class=\"container-lg\">\n        <div class=\"row\">\n            <div class=\"col\">\n                <div class=\"d-block mb-2 fs-5 major-text-color\">Mein Ziel f\u00fcr die Zukunft ist es, in vielen Bereichen des Bauwesens praktische Erfahrungen zu sammeln und Wissen aufzubauen, um Verst\u00e4ndnis f\u00fcr alle Prozessschritte eines Bauwerks zu entwickeln. Durch das Studium ist es mir erm\u00f6glicht worden einen Grundstein daf\u00fcr zu schaffen, doch erst die Praxis zeigt, wie man tats\u00e4chlich Entscheidungen f\u00fcr den Moment treffen muss. Ich bin stolz darauf, Teil eines Unternehmens sein zu d\u00fcrfen, dass versucht anspruchsvolle Architektur m\u00f6glich zu machen, sich damit st\u00e4ndig neuen Herausforderungen stellt und daran w\u00e4chst. Ein Unternehmen, das sowohl eine fachliche Weiterbildung erm\u00f6glicht als auch einen besonderen Wert auf Teamf\u00e4higkeit legt.  <br \/>\r\n<\/div>\n                <span class=\"d-flex justify-content-end\">Julia Halbwachs<\/span>\n            <\/div>\n        <\/div>\n    <\/div>\n<\/div>\n\n","protected":false},"excerpt":{"rendered":"<p>Neben dem Masterstudium Baumanagement und Ingenieurbau ist Julia Halbwachs als Konstrukteurin bei Thomas Lorenz ZT GmbH t\u00e4tig. So kann sie einerseits Gelerntes direkt in der Praxis umsetzen und andererseits f\u00fcr die Praxis dazu lernen.<\/p>\n","protected":false},"author":11,"featured_media":10000615,"parent":10000141,"menu_order":8,"comment_status":"closed","ping_status":"closed","template":"template-absolvent.blade.php","meta":{"_acf_changed":false,"footnotes":""},"acf":[],"aioseo_notices":[],"_links":{"self":[{"href":"https:\/\/www.fh-joanneum.at\/bauplanung-und-bauwirtschaft\/bachelor\/wp-json\/wp\/v2\/pages\/10000614"}],"collection":[{"href":"https:\/\/www.fh-joanneum.at\/bauplanung-und-bauwirtschaft\/bachelor\/wp-json\/wp\/v2\/pages"}],"about":[{"href":"https:\/\/www.fh-joanneum.at\/bauplanung-und-bauwirtschaft\/bachelor\/wp-json\/wp\/v2\/types\/page"}],"author":[{"embeddable":true,"href":"https:\/\/www.fh-joanneum.at\/bauplanung-und-bauwirtschaft\/bachelor\/wp-json\/wp\/v2\/users\/11"}],"replies":[{"embeddable":true,"href":"https:\/\/www.fh-joanneum.at\/bauplanung-und-bauwirtschaft\/bachelor\/wp-json\/wp\/v2\/comments?post=10000614"}],"version-history":[{"count":0,"href":"https:\/\/www.fh-joanneum.at\/bauplanung-und-bauwirtschaft\/bachelor\/wp-json\/wp\/v2\/pages\/10000614\/revisions"}],"up":[{"embeddable":true,"href":"https:\/\/www.fh-joanneum.at\/bauplanung-und-bauwirtschaft\/bachelor\/wp-json\/wp\/v2\/pages\/10000141"}],"wp:featuredmedia":[{"embeddable":true,"href":"https:\/\/www.fh-joanneum.at\/bauplanung-und-bauwirtschaft\/bachelor\/wp-json\/wp\/v2\/media\/10000615"}],"wp:attachment":[{"href":"https:\/\/www.fh-joanneum.at\/bauplanung-und-bauwirtschaft\/bachelor\/wp-json\/wp\/v2\/media?parent=10000614"}],"curies":[{"name":"wp","href":"https:\/\/api.w.org\/{rel}","templated":true}]}}