{"id":10000616,"date":"2019-12-19T11:45:09","date_gmt":"2019-12-19T11:45:09","guid":{"rendered":"https:\/\/www.fh-joanneum.at\/bauplanung-und-bauwirtschaft\/bachelor\/?page_id=616"},"modified":"2019-12-19T12:27:36","modified_gmt":"2019-12-19T12:27:36","slug":"patrick-schaffer-bsc","status":"publish","type":"page","link":"https:\/\/www.fh-joanneum.at\/bauplanung-und-bauwirtschaft\/bachelor\/nach-dem-studium\/absolventinnen-absolventen\/patrick-schaffer-bsc\/","title":{"rendered":"Patrick Schaffer, BSc"},"content":{"rendered":"<div id=\"\" class=\"wp-block-text-content margin-bottom-normal\">\n    <div class=\"container-lg\">\n        <div class=\"row\">\n            <div class=\"col\">\n                <h4>Eckdaten:<\/h4>\n<p><strong>Jobbezeichnung:<\/strong> Assistent der Gesch&auml;ftsleitung  <br>\n<strong>Unternehmen:<\/strong> Schaffer Pflasterprofi GmbH   <br>\n<strong>Ich arbeite in:<\/strong> Kaibing, Feistritztal, &Ouml;sterreich<br>\n<strong>Ich arbeite hier seit:<\/strong> 2018 <br>\n<strong>Mein Kontakt:<\/strong> <a href=\"mailto:patrick.schaffer@pflasterprofi.at\">patrick.schaffer@pflasterprofi.at<\/a><\/p>\n<p>Foto: Carolin Bohn <\/p>\n\n            <\/div>\n        <\/div>\n            <\/div>\n<\/div>\n\n<div id=\"\" class=\"wp-block-text-content margin-bottom-normal\">\n    <div class=\"container-lg\">\n        <div class=\"row\">\n            <div class=\"col\">\n                <h4>Was ich mache:<\/h4>\n<ul>\n<li>Einkauf und Lieferantenkontakt<\/li>\n<li>beratende T&auml;tigkeiten im Verkauf<\/li>\n<li>administrative Aufgaben im Bereich der Zeiterfassung von Arbeitern und Angestellten <\/li>\n<\/ul>\n<h4>Warum ich meinen Job liebe:<\/h4>\n<ul>\n<li>intensiver Menschenkontakt<\/li>\n<li>abwechslungsreiche Herausforderungen<\/li>\n<li>flexible Arbeitszeiten<\/li>\n<\/ul>\n<h4>Was ich an meinem Job nicht so mag:<\/h4>\n<ul>\n<li>Oftmals wird es gerade zum Wochenende hin besonders stressig.<\/li>\n<li>Neue Probleme &uuml;berraschenden einen immer dann, wenn man gerade am wenigsten Zeit f&uuml;r sie hat.<\/li>\n<\/ul>\n<h4>Wichtige F&auml;higkeiten in meinem Job:<\/h4>\n<ul>\n<li>Flexibilit&auml;t<\/li>\n<li>Beharrlichkeit <\/li>\n<li>Selbstbewusstsein<\/li>\n<\/ul>\n<h4>Mein bisher gr&ouml;&szlig;ter Erfolg \/ mein bestes Erlebnis<\/h4>\n<p>Als ich das erste Mal vor versammelter Belegschaft eine wesentliche Erneuerung im Firmensystem ank&uuml;ndigte, erhielt ich durchwegs positive R&uuml;ckmeldungen. Ich war gleicherma&szlig;en &uuml;berrascht wie auch begeistert, dass auch langj&auml;hrige Mitarbeiterinnen und Mitarbeiter einem jungen Ingenieur vertrauen und mir die Chance gaben, mich zu etablieren.<\/p>\n<h4>So bin ich zu meinem Job gekommen<\/h4>\n<p>Ich habe zuvor schon des &Ouml;fteren im elterlichen Betrieb in den Sommerferien mitgearbeitet. F&uuml;r mich war es klar, dass ich w&auml;hrend meines Studiums immer weiter in diesen Beruf hineinwachsen und daf&uuml;r auch einen gro&szlig;en Teil meiner Nicht-Studienzeiten investieren will.<\/p>\n<h4>Das habe ich im Studium f&uuml;rs Berufsleben gelernt<\/h4>\n<p>Neben all den bautechnischen Elementen habe ich vor allem in den Projektarbeiten und der damit verbundenen Zusammenarbeit in einer Gruppe viel f&uuml;r das Berufsleben gelernt. Denn das Interagieren und Funktionieren von unterschiedlichsten Charakteren in einem Team ist eines der wesentlichsten Dinge.<\/p>\n<h4>Die Jobchancen in meinem Bereich<\/h4>\n<p>Die Nachfrage nach jungen, lernwilligen Ingenieurinnen und Ingenieuren voller Tatendrang ist sehr gro&szlig;. Selbstst&auml;ndige Mitarbeiterinnen und Mitarbeiter sind in der Baubranche hei&szlig; begehrt und werden mit offenen Armen empfangen.<\/p>\n<h3>Ich bin &hellip;<\/h3>\n<ul>\n<li>zuverl&auml;ssig<\/li>\n<li>engagiert <\/li>\n<li>weltoffen<\/li>\n<\/ul>\n\n            <\/div>\n        <\/div>\n            <\/div>\n<\/div>\n\n<div id=\"\" class=\"wp-block-text-content margin-bottom-normal\">\n    <div class=\"container-lg\">\n        <div class=\"row\">\n            <div class=\"col\">\n                <h4>Ich studiere weiter weil<\/h4>\n<p>Das Masterstudium <a href=\"https:\/\/www.fh-joanneum.at\/baumanagement-und-ingenieurbau\/master\/\">&bdquo;Baumanagement und Ingenieurbau&ldquo;<\/a> der FH JOANNEUM bietet in vielerlei Hinsicht M&ouml;glichkeiten, sich einzelnen Bereichen vertieft zu widmen und individuell daran zu arbeiten. Zus&auml;tzlich werden auch Lehrveranstaltungen angeboten, die das klassische Spektrum des Bauingenieurwesens teilweise verlassen, um einen weiteren, umfassenderen Blick f&uuml;rs gro&szlig;e Ganze zu entwickeln.<\/p>\n<h4>So vereinbare ich Studium und Job<\/h4>\n<p>Das Arbeiten w&auml;hrend der Ausbildung ist nat&uuml;rlich mit einem gr&ouml;&szlig;eren Zeitaufwand verbunden, welcher auch das Wochenende in Anspruch nehmen kann. Allerdings ist es eine gro&szlig;artige M&ouml;glichkeit, einen Praxisbezug schon im Studium herzustellen. Der pers&ouml;nliche Lerneffekt, die finanziellen Aspekte und nicht zuletzt das Vergn&uuml;gen an der Arbeit rechtfertigen die Entscheidung, w&ouml;chentlich ein paar Stunden mehr zu investieren, in allen Belangen.<\/p>\n\n            <\/div>\n        <\/div>\n            <\/div>\n<\/div>\n\n<div\n    id=\"\"\n    class=\"wp-block-blockquote margin-bottom-normal\"\n>\n    <div class=\"container-lg\">\n        <div class=\"row\">\n            <div class=\"col\">\n                <div class=\"d-block mb-2 fs-5 major-text-color\">Mein Ziel ist es, immer weiter in die Leitung der Firma integriert zu werden und sie vielleicht eines Tages selbst f\u00fchren zu d\u00fcrfen. Obwohl man immer wieder in das sprichw\u00f6rtlich kalte Wasser geworfen wird, bereitet mir gerade das \u00dcbernehmen von Aufgaben mit Verantwortung gro\u00dfes Vergn\u00fcgen. Der Kernbereich meines Unternehmens ist im Sektor der Au\u00dfenraumgestaltung, haupts\u00e4chlich bei Privatkundinnen und Privatkunden angesiedelt. Gerade Kundinnen und Kunden, welche auf qualitativ hochwertige Bauleistungen Wert legen, sind unsere St\u00e4rke. Genau dieser Ansatz, bestm\u00f6gliche L\u00f6sungen kreieren zu k\u00f6nnen, motiviert mich im Studium. Und wenn die To-do-Liste wieder einmal etwas l\u00e4nger wird, ist es wichtig sich vor Augen zu halten, dass der Aufwand eigentliche nur eine Investition in die M\u00f6glichkeiten der Zukunft ist.<\/div>\n                <span class=\"d-flex justify-content-end\">Patrick Schaffer<\/span>\n            <\/div>\n        <\/div>\n    <\/div>\n<\/div>\n\n","protected":false},"excerpt":{"rendered":"<p>Patrick Schaffer, Assistent der Gesch\u00e4ftsf\u00fchrung im elterlichen Betrieb, absolviert aktuell den Master Baumanagement und Ingenieurbau. Sein Ziel ist, das Unternehmen vielleicht eines Tages selbst zu f\u00fchren.<\/p>\n","protected":false},"author":11,"featured_media":10000617,"parent":10000141,"menu_order":6,"comment_status":"closed","ping_status":"closed","template":"template-absolvent.blade.php","meta":{"_acf_changed":false,"footnotes":""},"acf":[],"aioseo_notices":[],"_links":{"self":[{"href":"https:\/\/www.fh-joanneum.at\/bauplanung-und-bauwirtschaft\/bachelor\/wp-json\/wp\/v2\/pages\/10000616"}],"collection":[{"href":"https:\/\/www.fh-joanneum.at\/bauplanung-und-bauwirtschaft\/bachelor\/wp-json\/wp\/v2\/pages"}],"about":[{"href":"https:\/\/www.fh-joanneum.at\/bauplanung-und-bauwirtschaft\/bachelor\/wp-json\/wp\/v2\/types\/page"}],"author":[{"embeddable":true,"href":"https:\/\/www.fh-joanneum.at\/bauplanung-und-bauwirtschaft\/bachelor\/wp-json\/wp\/v2\/users\/11"}],"replies":[{"embeddable":true,"href":"https:\/\/www.fh-joanneum.at\/bauplanung-und-bauwirtschaft\/bachelor\/wp-json\/wp\/v2\/comments?post=10000616"}],"version-history":[{"count":0,"href":"https:\/\/www.fh-joanneum.at\/bauplanung-und-bauwirtschaft\/bachelor\/wp-json\/wp\/v2\/pages\/10000616\/revisions"}],"up":[{"embeddable":true,"href":"https:\/\/www.fh-joanneum.at\/bauplanung-und-bauwirtschaft\/bachelor\/wp-json\/wp\/v2\/pages\/10000141"}],"wp:featuredmedia":[{"embeddable":true,"href":"https:\/\/www.fh-joanneum.at\/bauplanung-und-bauwirtschaft\/bachelor\/wp-json\/wp\/v2\/media\/10000617"}],"wp:attachment":[{"href":"https:\/\/www.fh-joanneum.at\/bauplanung-und-bauwirtschaft\/bachelor\/wp-json\/wp\/v2\/media?parent=10000616"}],"curies":[{"name":"wp","href":"https:\/\/api.w.org\/{rel}","templated":true}]}}