{"id":33,"date":"2024-10-17T06:22:37","date_gmt":"2024-10-17T06:22:37","guid":{"rendered":"https:\/\/www.fh-joanneum.at\/big-data-and-business-intelligence\/master\/?page_id=33"},"modified":"2024-11-21T08:57:08","modified_gmt":"2024-11-21T08:57:08","slug":"bewerbung","status":"publish","type":"page","link":"https:\/\/www.fh-joanneum.at\/big-data-and-business-intelligence\/master\/vor-dem-studium\/bewerbung\/","title":{"rendered":"Bewerbung"},"content":{"rendered":"<div id=\"\" class=\"wp-block-text-content margin-bottom-normal\">\n    <div class=\"container-lg\">\n        <div class=\"row\">\n            <div class=\"col\">\n                <h3>Bewerbung<\/h3>\n<p>Wenn Sie die Voraussetzungen erf&uuml;llen, k&ouml;nnen Sie sich f&uuml;r das Studium bewerben.<\/p>\n\n            <\/div>\n        <\/div>\n            <\/div>\n<\/div>\n\n\n<div\n    id=\"\"\n    class=\"wp-block-tipp-box margin-bottom-normal\"\n>\n    <div class=\"container-lg\">\n        <div class=\"row\">\n            <div class=\"col\">\n                <div class=\"tipp-box border border-info\">\n                    <div class=\"tipp-box-inner p-2 p-md-3\">\n                        <h4 class=\"\">Hinweis<\/h4>\n                        <p data-pm-slice=\"1 1 []\">Bewerben Sie sich beim Studiengang \u201eData Science and Artificial Intelligence\u201d f\u00fcr die Studienrichtung \u201eBig Data and Business Intelligence\u201d.<\/p>\n\n                    <\/div>\n                <\/div>\n            <\/div>\n        <\/div>\n    <\/div>\n<\/div>\n\n\n<div id=\"\" class=\"wp-block-text-content margin-bottom-normal\">\n    <div class=\"container-lg\">\n        <div class=\"row\">\n            <div class=\"col\">\n                <h4>Step 1: Registrierung und Bewerbung<\/h4>\n<h5><a href=\"https:\/\/www.fh-joanneum.at\/studium\/online-bewerbung\/\">Hier geht es zur Onlinebewerbung.<\/a><\/h5>\n<p>&nbsp;<\/p>\n<h4>Step 2: N&ouml;tige Unterlagen<\/h4>\n<ul>\n<li><strong>Motivationsschreiben<\/strong><\/li>\n<li><strong>Lebenslauf<\/strong><\/li>\n<li><strong>Nachweis &uuml;ber den Abschluss eines facheinschl&auml;gigen Bachelorstudiums oder einer gleichwertigen Ausbildung<\/strong><br>\nDieser Nachweis ist von Absolvent:innen eines Studiums der FH JOANNEUM nicht zu erbringen.<\/li>\n<li><strong>Erfolgsnachweis (Transcript of Records) zur &Uuml;berpr&uuml;fung der Zugangsvoraussetzungen<\/strong><br>\nDieser Nachweis ist von Absolvent:innen eines Studiums der FH JOANNEUM nicht zu erbringen.<\/li>\n<\/ul>\n\n            <\/div>\n        <\/div>\n            <\/div>\n<\/div>\n\n\n<div\n    id=\"\"\n    class=\"wp-block-tipp-box margin-bottom-normal\"\n>\n    <div class=\"container-lg\">\n        <div class=\"row\">\n            <div class=\"col\">\n                <div class=\"tipp-box border border-warning\">\n                    <div class=\"tipp-box-inner p-2 p-md-3\">\n                        <h4 class=\"\">Tipp<\/h4>\n                        <p>Falls Sie inl\u00e4ndische Dokumente (Bachelor- oder Diplomurkunde) zum Zeitpunkt der Bewerbung noch nicht haben, k\u00f6nnen Sie diese bis zum Studienbeginn nachreichen. Der Studienerfolgsnachweis ist der Bewerbung beizulegen, dieser kann jederzeit w\u00e4hrend eines Studiums ausgestellt werden und gibt einen \u00dcberblick \u00fcber die bereits absolvierten Lehrveranstaltungen.<\/p>\n<p>F\u00fcr Dokumente von internationalen Bewerber:innen gelten eigene Richtlinien. Bei Fragen dazu senden Sie diese per Mail an <a href=\"mailto:bewerbung@fh-joanneum.at\">bewerbung@fh-joanneum.at<\/a>.<\/p>\n\n                    <\/div>\n                <\/div>\n            <\/div>\n        <\/div>\n    <\/div>\n<\/div>\n\n\n<div id=\"\" class=\"wp-block-text-content margin-bottom-normal\">\n    <div class=\"container-lg\">\n        <div class=\"row\">\n            <div class=\"col\">\n                <ul>\n<li><strong>Nachweis der Allgemeinen Universit&auml;tsreife oder Studienberechtigung<\/strong><br>\nDieser Nachweis ist von Absolvent:innen eines Studiums der FH JOANNEUM nicht zu erbringen.<\/li>\n<li><strong>Staatsb&uuml;rgerschaftsnachweis oder eine Kopie des Reisepasses<\/strong><br>\nDieser Nachweis ist von Absolvent:innen eines Studiums der FH JOANNEUM nicht zu erbringen.<\/li>\n<li><strong>Nachweis &uuml;ber ausreichende Kenntnisse der Sprache Englisch<\/strong><br>\nDieser Nachweis muss dem <strong>Niveau B2<\/strong> nach dem <a href=\"http:\/\/www.goethe.de\/referenzrahmen\/\" target=\"_blank\" rel=\"noopener noreferrer\">europ&auml;ischen Referenzrahmen<\/a> entsprechen und kann beispielsweise erbracht werden durch<\/li>\n<li>ein <a href=\"http:\/\/www.europaeischer-referenzrahmen.de\/toefl.php\" target=\"_blank\" rel=\"noopener noreferrer\">TOEFL-Zertifikat (mindestens 87 Punkte),<\/a><\/li>\n<li>ein <a title=\"telc\" href=\"http:\/\/www.telc.net\/\" target=\"_blank\" rel=\"noopener noreferrer\">TELC-Zertifikat,<\/a><\/li>\n<li>ein <a href=\"http:\/\/www.cambridgeenglish.org\/exams\/first\/\" target=\"_blank\" rel=\"noopener noreferrer\">Cambridge-Zertifikat (First Certificate in English &ndash; FCE),<\/a><\/li>\n<li>ein <a href=\"http:\/\/www.europaeischer-referenzrahmen.de\/ielts.php\" target=\"_blank\" rel=\"noopener noreferrer\">IELTS-Zertifikat,<\/a><\/li>\n<li>ein PTE Academic Zertifikat (Pearson Test of English; mindestens 59 Punkte)<\/li>\n<li>ein &ouml;sterreichisches Maturazeugnis oder<\/li>\n<li>einen sonstigen geeigneten Schulabschluss<\/li>\n<\/ul>\n<p>&nbsp;<\/p>\n<h5>Sie haben internationale Dokumente und\/oder Sie sind kein:e &ouml;sterreichische:r Staatsb&uuml;rger:in?<\/h5>\n<p>F&uuml;r Sie gibt es einige Besonderheiten zu beachten. Mehr Informationen dazu finden Sie unter dem Men&uuml;punkt <a href=\"https:\/\/www.fh-joanneum.at\/big-data-and-business-intelligence\/master\/vor-dem-studium\/internationale-bewerberinnen-bewerber\/\"><strong>Internationale Bewerber:innen.<\/strong><\/a><\/p>\n<p>&nbsp;<\/p>\n<h4>Step 3: Einladung zum Aufnahmegespr&auml;ch<\/h4>\n<p>Ihre Bewerbung wird von der Studierendenadministration &uuml;berpr&uuml;ft. Alle Bewerberinnen und Bewerber, die die formalen Voraussetzungen erf&uuml;llen, werden zu einem Aufnahmeverfahren eingeladen. Informationen mit allen Details zum Aufnahmeverfahren bekommen Sie zeitnah zum Termin per E-Mail.<\/p>\n\n            <\/div>\n        <\/div>\n            <\/div>\n<\/div>\n","protected":false},"excerpt":{"rendered":"<p>Alle Informationen \u00fcber Bewerbung und ben\u00f6tigte Unterlagen.<\/p>\n","protected":false},"author":143,"featured_media":0,"parent":4,"menu_order":30,"comment_status":"closed","ping_status":"closed","template":"","meta":{"_acf_changed":false,"footnotes":""},"acf":[],"aioseo_notices":[],"_links":{"self":[{"href":"https:\/\/www.fh-joanneum.at\/big-data-and-business-intelligence\/master\/wp-json\/wp\/v2\/pages\/33"}],"collection":[{"href":"https:\/\/www.fh-joanneum.at\/big-data-and-business-intelligence\/master\/wp-json\/wp\/v2\/pages"}],"about":[{"href":"https:\/\/www.fh-joanneum.at\/big-data-and-business-intelligence\/master\/wp-json\/wp\/v2\/types\/page"}],"author":[{"embeddable":true,"href":"https:\/\/www.fh-joanneum.at\/big-data-and-business-intelligence\/master\/wp-json\/wp\/v2\/users\/143"}],"replies":[{"embeddable":true,"href":"https:\/\/www.fh-joanneum.at\/big-data-and-business-intelligence\/master\/wp-json\/wp\/v2\/comments?post=33"}],"version-history":[{"count":2,"href":"https:\/\/www.fh-joanneum.at\/big-data-and-business-intelligence\/master\/wp-json\/wp\/v2\/pages\/33\/revisions"}],"predecessor-version":[{"id":157,"href":"https:\/\/www.fh-joanneum.at\/big-data-and-business-intelligence\/master\/wp-json\/wp\/v2\/pages\/33\/revisions\/157"}],"up":[{"embeddable":true,"href":"https:\/\/www.fh-joanneum.at\/big-data-and-business-intelligence\/master\/wp-json\/wp\/v2\/pages\/4"}],"wp:attachment":[{"href":"https:\/\/www.fh-joanneum.at\/big-data-and-business-intelligence\/master\/wp-json\/wp\/v2\/media?parent=33"}],"curies":[{"name":"wp","href":"https:\/\/api.w.org\/{rel}","templated":true}]}}