{"id":51,"date":"2024-10-17T06:52:39","date_gmt":"2024-10-17T06:52:39","guid":{"rendered":"https:\/\/www.fh-joanneum.at\/big-data-and-business-intelligence\/master\/?page_id=51"},"modified":"2024-10-30T13:55:35","modified_gmt":"2024-10-30T13:55:35","slug":"das-studium","status":"publish","type":"page","link":"https:\/\/www.fh-joanneum.at\/big-data-and-business-intelligence\/master\/im-studium\/das-studium\/","title":{"rendered":"Das Studium"},"content":{"rendered":"<div\n    id=\"\"\n    class=\"wp-block-blockquote margin-bottom-normal\"\n>\n    <div class=\"container-lg\">\n        <div class=\"row\">\n            <div class=\"col\">\n                <div class=\"d-block mb-2 fs-5 major-text-color\">\u201eIn diesem Studiengang geben wir unseren Studierenden die Werkzeuge mit auf den Weg, um sich den wichtigen Herausforderungen der Datenwissenschaft und KI im Kontext von Big Data und Business Intelligence zu stellen. Die Vertiefungsrichtung kombiniert wissenschaftlich fundierte Konzepte mit den neuesten Entwicklungen in den Bereichen Data Science und K\u00fcnstliche Intelligenz sowie praktischen F\u00e4higkeiten in den Bereichen Big Data, Business Reporting, Business Intelligence und Forecasting. Mit einem vielseitigen Curriculum und praxisnahen Projekten sind unsere Absolventinnen und Absolventen gut ger\u00fcstet f\u00fcr einen erfolgreichen Berufseinstieg in den schnelllebigen Zukunftsfeldern der Gesch\u00e4ftswelt.\u201c<\/div>\n                <span class=\"d-flex justify-content-end\">MMMMag. DDr. Wolfgang Granigg, Studiengangsleiter<\/span>\n            <\/div>\n        <\/div>\n    <\/div>\n<\/div>\n\n\n<div id=\"\" class=\"wp-block-text-content margin-bottom-normal\">\n    <div class=\"container-lg\">\n        <div class=\"row\">\n            <div class=\"col\">\n                <h3>Die Schwerpunkte des Masterstudiums<\/h3>\n<h4><strong>Big Data und Business Reporting <\/strong><\/h4>\n<p>Relationale, multidimensionale und NoSQL-Datenbanken bilden die wesentliche Grundlage f&uuml;r hochverf&uuml;gbare und schnelle Big-Data-Anwendungen. Darauf aufbauend k&ouml;nnen mit den neuesten Frameworks automatisch attraktive und dynamische Berichte und Dashboards erstellt werden.<\/p>\n<h4><strong>Business Intelligence und Forecasting <\/strong><\/h4>\n<p>Mit Data Mining und Inferenzstatistiken lassen sich anspruchsvolle und hochdimensionale Zeitreihenanalysen und genaue Prognosen erstellen. OLAP und Self-Service-BI erm&ouml;glichen Ad-hoc-Analysen von verschiedenen Daten und Datenstr&ouml;men.<\/p>\n<h4><strong>Computational Intelligence <\/strong><\/h4>\n<p>Die Entdeckung verborgener Muster und Beziehungen in Daten ist ein zentrales Element des Data Mining. Mit Hilfe von numerischen und statistischen Methoden sowie den Grundlagen des maschinellen Lernens und neuronaler Netze k&ouml;nnen ma&szlig;geschneiderte Algorithmen f&uuml;r diese Zwecke implementiert und optimiert werden.<\/p>\n<h4><strong>Data Storage und Processing <\/strong><\/h4>\n<p>Die Beherrschung relevanter und aktueller Skriptsprachen ist eine wesentliche Qualifikation in den Bereichen Data Science und KI. Dar&uuml;ber hinaus sind der geschickte Umgang mit Abfragesprachen und ein tiefes Verst&auml;ndnis der Datenspeicherung und -transformation entscheidende Kompetenzen f&uuml;r eine effiziente Datenverarbeitung und -speicherung.<\/p>\n<h4><strong>Interdisziplinarit&auml;t und Praxisbezug <\/strong><\/h4>\n<p>Der Studiengang f&ouml;rdert wissenschaftliche Forschungskompetenzen und Kompetenzen im modernen, praxisorientierten Projektmanagement. Besonderer Wert wird auf die Sensibilit&auml;t f&uuml;r ethische Fragen und den Datenschutz gelegt. Projekte und Wahlf&auml;cher erm&ouml;glichen eine individuelle Spezialisierung in zukunftsweisenden Bereichen. Durch Fallstudien, intensiven Austausch mit Unternehmen und Projektarbeit wird die Bedeutung der praktischen Anwendbarkeit hervorgehoben.<\/p>\n\n            <\/div>\n        <\/div>\n            <\/div>\n<\/div>\n","protected":false},"excerpt":{"rendered":"<p>Durch eine inhaltlich umfangreiche und fachlich fundierte Ausbildung schaffen wir die Basis f\u00fcr Ihre berufliche Zukunft. Welche allgemeinen Inhalte, fachlichen Themen und spezifischen Schwerpunkte Sie im Studium erwarten, erfahren Sie hier.<\/p>\n","protected":false},"author":143,"featured_media":126,"parent":11,"menu_order":10,"comment_status":"closed","ping_status":"closed","template":"","meta":{"_acf_changed":false,"footnotes":""},"acf":[],"aioseo_notices":[],"_links":{"self":[{"href":"https:\/\/www.fh-joanneum.at\/big-data-and-business-intelligence\/master\/wp-json\/wp\/v2\/pages\/51"}],"collection":[{"href":"https:\/\/www.fh-joanneum.at\/big-data-and-business-intelligence\/master\/wp-json\/wp\/v2\/pages"}],"about":[{"href":"https:\/\/www.fh-joanneum.at\/big-data-and-business-intelligence\/master\/wp-json\/wp\/v2\/types\/page"}],"author":[{"embeddable":true,"href":"https:\/\/www.fh-joanneum.at\/big-data-and-business-intelligence\/master\/wp-json\/wp\/v2\/users\/143"}],"replies":[{"embeddable":true,"href":"https:\/\/www.fh-joanneum.at\/big-data-and-business-intelligence\/master\/wp-json\/wp\/v2\/comments?post=51"}],"version-history":[{"count":1,"href":"https:\/\/www.fh-joanneum.at\/big-data-and-business-intelligence\/master\/wp-json\/wp\/v2\/pages\/51\/revisions"}],"predecessor-version":[{"id":52,"href":"https:\/\/www.fh-joanneum.at\/big-data-and-business-intelligence\/master\/wp-json\/wp\/v2\/pages\/51\/revisions\/52"}],"up":[{"embeddable":true,"href":"https:\/\/www.fh-joanneum.at\/big-data-and-business-intelligence\/master\/wp-json\/wp\/v2\/pages\/11"}],"wp:featuredmedia":[{"embeddable":true,"href":"https:\/\/www.fh-joanneum.at\/big-data-and-business-intelligence\/master\/wp-json\/wp\/v2\/media\/126"}],"wp:attachment":[{"href":"https:\/\/www.fh-joanneum.at\/big-data-and-business-intelligence\/master\/wp-json\/wp\/v2\/media?parent=51"}],"curies":[{"name":"wp","href":"https:\/\/api.w.org\/{rel}","templated":true}]}}