{"id":10000316,"date":"2015-08-10T15:59:01","date_gmt":"2015-08-10T13:59:01","guid":{"rendered":"https:\/\/www.fh-joanneum.at\/biomedizinische-analytik\/bachelor\/?page_id=316"},"modified":"2023-11-02T14:15:27","modified_gmt":"2023-11-02T12:15:27","slug":"absolventinnen-absolventen","status":"publish","type":"page","link":"https:\/\/www.fh-joanneum.at\/biomedizinische-analytik\/bachelor\/nach-dem-studium\/absolventinnen-absolventen\/","title":{"rendered":"Absolvent:innen"},"content":{"rendered":"<div id=\"\" class=\"wp-block-text-content margin-bottom-none\">\n    <div class=\"container-lg\">\n        <div class=\"row\">\n            <div class=\"col\">\n                <div class=\"module-migration-headline\">\n<h3>Was machen unsere Absolvent:innen?<\/h3>\n<\/div>\n\n            <\/div>\n        <\/div>\n            <\/div>\n<\/div>\n\n<div id=\"\" class=\"wp-block-list-of-graduates margin-bottom-normal\">\n  <div class=\"container-lg\">\n    <div class=\"row\">\n                        <div class=\"col-6 col-sm-4 col-md-6 col-lg-4 col-xl-4 mb-4\">\n            <a\n    href=\"https:\/\/www.fh-joanneum.at\/biomedizinische-analytik\/bachelor\/nach-dem-studium\/absolventinnen-absolventen\/nathalie-meier-allard\/\"\n    class=\"graduate-card bg-light\"\n>\n    <div class=\"border border-light h-100\">\n        <div class=\"image-wrapper\">\n            <picture>\n                        <source\n                media=\"(max-width: 300px)\"\n                srcset=\"https:\/\/cdn3.fh-joanneum.at\/media\/sites\/20\/2016\/03\/nathalie-meier-allard-2.jpg, https:\/\/cdn3.fh-joanneum.at\/media\/sites\/20\/2016\/03\/nathalie-meier-allard-2.jpg 2x\"\n            \/>\n                    <source\n                media=\"(max-width: 300px)\"\n                srcset=\"https:\/\/cdn3.fh-joanneum.at\/media\/sites\/20\/2016\/03\/nathalie-meier-allard-2.jpg, https:\/\/cdn3.fh-joanneum.at\/media\/sites\/20\/2016\/03\/nathalie-meier-allard-2.jpg 2x\"\n            \/>\n                    <source\n                media=\"(max-width: 300px)\"\n                srcset=\"https:\/\/cdn3.fh-joanneum.at\/media\/sites\/20\/2016\/03\/nathalie-meier-allard-2.jpg, https:\/\/cdn3.fh-joanneum.at\/media\/sites\/20\/2016\/03\/nathalie-meier-allard-2.jpg 2x\"\n            \/>\n                    <source\n                media=\"(max-width: 300px)\"\n                srcset=\"https:\/\/cdn3.fh-joanneum.at\/media\/sites\/20\/2016\/03\/nathalie-meier-allard-2.jpg, https:\/\/cdn3.fh-joanneum.at\/media\/sites\/20\/2016\/03\/nathalie-meier-allard-2.jpg 2x\"\n            \/>\n                    <source\n                media=\"(max-width: 300px)\"\n                srcset=\"https:\/\/cdn3.fh-joanneum.at\/media\/sites\/20\/2016\/03\/nathalie-meier-allard-2.jpg, https:\/\/cdn3.fh-joanneum.at\/media\/sites\/20\/2016\/03\/nathalie-meier-allard-2.jpg 2x\"\n            \/>\n                <img decoding=\"async\"\n        class=\"img-fluid\"\n        src=\"https:\/\/cdn3.fh-joanneum.at\/media\/sites\/20\/2016\/03\/nathalie-meier-allard-2.jpg\"\n        alt=\"Nathalie Meier-Allard\"\n        title=\"\"\n         loading=\"lazy\"             >\n<\/picture>\n\n        <\/div>\n        <div class=\"p-2 p-xl-3\">\n            <h6>Nathalie Meier-Allard, BSc<\/h6>\n            <p class=\"mb-0 hyphens\">\n                Als Biomedizinische Analytikerin ist Nathalie Meier-Allard an der Medizinischen Universit\u00e4t Graz besch\u00e4ftigt. Ihre Lieblingsf\u00e4cher Medizin, Biologie und Chemie sind f\u00fcr ihren Beruf sehr wichtig. \n            <\/p>\n        <\/div>\n    <\/div>\n<\/a>\n          <\/div>\n                  <div class=\"col-6 col-sm-4 col-md-6 col-lg-4 col-xl-4 mb-4\">\n            <a\n    href=\"https:\/\/www.fh-joanneum.at\/biomedizinische-analytik\/bachelor\/nach-dem-studium\/absolventinnen-absolventen\/milena-oettl-bsc\/\"\n    class=\"graduate-card bg-light\"\n>\n    <div class=\"border border-light h-100\">\n        <div class=\"image-wrapper\">\n            <picture>\n                        <source\n                media=\"(max-width: 432px)\"\n                srcset=\"https:\/\/cdn3.fh-joanneum.at\/media\/sites\/20\/2020\/06\/milena-oettl-bsc.jpg, https:\/\/cdn3.fh-joanneum.at\/media\/sites\/20\/2020\/06\/milena-oettl-bsc.jpg 2x\"\n            \/>\n                    <source\n                media=\"(max-width: 491px)\"\n                srcset=\"https:\/\/cdn3.fh-joanneum.at\/media\/sites\/20\/2020\/06\/milena-oettl-bsc.jpg, https:\/\/cdn3.fh-joanneum.at\/media\/sites\/20\/2020\/06\/milena-oettl-bsc.jpg 2x\"\n            \/>\n                    <source\n                media=\"(max-width: 491px)\"\n                srcset=\"https:\/\/cdn3.fh-joanneum.at\/media\/sites\/20\/2020\/06\/milena-oettl-bsc.jpg, https:\/\/cdn3.fh-joanneum.at\/media\/sites\/20\/2020\/06\/milena-oettl-bsc.jpg 2x\"\n            \/>\n                    <source\n                media=\"(max-width: 491px)\"\n                srcset=\"https:\/\/cdn3.fh-joanneum.at\/media\/sites\/20\/2020\/06\/milena-oettl-bsc.jpg, https:\/\/cdn3.fh-joanneum.at\/media\/sites\/20\/2020\/06\/milena-oettl-bsc.jpg 2x\"\n            \/>\n                    <source\n                media=\"(max-width: 491px)\"\n                srcset=\"https:\/\/cdn3.fh-joanneum.at\/media\/sites\/20\/2020\/06\/milena-oettl-bsc.jpg, https:\/\/cdn3.fh-joanneum.at\/media\/sites\/20\/2020\/06\/milena-oettl-bsc.jpg 2x\"\n            \/>\n                <img decoding=\"async\"\n        class=\"img-fluid\"\n        src=\"https:\/\/cdn3.fh-joanneum.at\/media\/sites\/20\/2020\/06\/milena-oettl-bsc.jpg\"\n        alt=\"Milena \u00d6ttl, BSc\"\n        title=\"\"\n         loading=\"lazy\"             >\n<\/picture>\n\n        <\/div>\n        <div class=\"p-2 p-xl-3\">\n            <h6>Milena \u00d6ttl, BSc<\/h6>\n            <p class=\"mb-0 hyphens\">\n                Milena \u00d6ttl arbeitet als biomedizinische Analytikerin am Institut f\u00fcr Pathologie des LKH Graz II. Um sich weiter zu vertiefen, absolviert sie aktuell das Masterstudium \u201eGesundheitsmanagement und integrierte Versorgung\u201c an der FH Burgenland. \n            <\/p>\n        <\/div>\n    <\/div>\n<\/a>\n          <\/div>\n                  <\/div>\n  <\/div>\n<\/div>\n\n","protected":false},"excerpt":{"rendered":"<p>Wollen Sie mehr \u00fcber die Berufs- und Karrierewege unserer Absolvent:innen erfahren? Wir haben einige unserer ehemaligen Studierenden portraitiert, damit Sie sich selbst ein Bild machen k\u00f6nnen.<\/p>\n","protected":false},"author":12,"featured_media":0,"parent":10000312,"menu_order":56,"comment_status":"closed","ping_status":"closed","template":"","meta":{"_acf_changed":false,"footnotes":""},"acf":[],"aioseo_notices":[],"_links":{"self":[{"href":"https:\/\/www.fh-joanneum.at\/biomedizinische-analytik\/bachelor\/wp-json\/wp\/v2\/pages\/10000316"}],"collection":[{"href":"https:\/\/www.fh-joanneum.at\/biomedizinische-analytik\/bachelor\/wp-json\/wp\/v2\/pages"}],"about":[{"href":"https:\/\/www.fh-joanneum.at\/biomedizinische-analytik\/bachelor\/wp-json\/wp\/v2\/types\/page"}],"author":[{"embeddable":true,"href":"https:\/\/www.fh-joanneum.at\/biomedizinische-analytik\/bachelor\/wp-json\/wp\/v2\/users\/12"}],"replies":[{"embeddable":true,"href":"https:\/\/www.fh-joanneum.at\/biomedizinische-analytik\/bachelor\/wp-json\/wp\/v2\/comments?post=10000316"}],"version-history":[{"count":0,"href":"https:\/\/www.fh-joanneum.at\/biomedizinische-analytik\/bachelor\/wp-json\/wp\/v2\/pages\/10000316\/revisions"}],"up":[{"embeddable":true,"href":"https:\/\/www.fh-joanneum.at\/biomedizinische-analytik\/bachelor\/wp-json\/wp\/v2\/pages\/10000312"}],"wp:attachment":[{"href":"https:\/\/www.fh-joanneum.at\/biomedizinische-analytik\/bachelor\/wp-json\/wp\/v2\/media?parent=10000316"}],"curies":[{"name":"wp","href":"https:\/\/api.w.org\/{rel}","templated":true}]}}