{"id":10000445,"date":"2016-03-15T12:22:46","date_gmt":"2016-03-15T10:22:46","guid":{"rendered":"https:\/\/www.fh-joanneum.at\/biomedizinische-analytik\/bachelor\/?page_id=445"},"modified":"2020-06-08T13:19:10","modified_gmt":"2020-06-08T11:19:10","slug":"nathalie-meier-allard","status":"publish","type":"page","link":"https:\/\/www.fh-joanneum.at\/biomedizinische-analytik\/bachelor\/nach-dem-studium\/absolventinnen-absolventen\/nathalie-meier-allard\/","title":{"rendered":"Nathalie Meier-Allard, BSc"},"content":{"rendered":"<div id=\"\" class=\"wp-block-text-content margin-bottom-normal\">\n    <div class=\"container-lg\">\n        <div class=\"row\">\n            <div class=\"col\">\n                <h4>Eckdaten<\/h4>\n<p><strong>Jobbezeichnung:<\/strong> Biomedizinische Analytikerin   <br>\n<strong>Unternehmen:<\/strong> <a href=\"http:\/\/www.medunigraz.at\/\" target=\"_blank\" rel=\"noopener noreferrer\">Medizinische Universit&auml;t Graz<\/a>, Institut f&uuml;r Pathophysiologie und Immunologie<br>\n<strong>Ich arbeite in:<\/strong> Graz, &Ouml;sterreich<br>\n<strong>Ich arbeite hier seit:<\/strong> 18. Mai 2008  <br>\n<a href=\"mailto:nathalie.allard@medunigraz.at\" title=\"E-Mail an Nathalie Meier-Allard senden\">Mein Kontakt<\/a>  <\/p>\n<h4>Was ich mache<\/h4>\n<ul>\n<li>Genexpressionsanalysen (RNA Isolierung, cDNA Synthese, qPCR)<\/li>\n<li>FACS-Immunologischer Status<\/li>\n<li>Studierendenausbildung <\/li>\n<\/ul>\n<h4>Was ich an meinem Beruf liebe<\/h4>\n<ul>\n<li>Die Herausforderung neue Dinge zu etablieren<\/li>\n<li>Die Abwechslung, die mit neuen Projekten kommt<\/li>\n<li>Selbst&auml;ndiges Arbeiten<\/li>\n<\/ul>\n<h4>Wichtige F&auml;higkeiten in meinem Job<\/h4>\n<ul>\n<li>Frustrationstoleranz<\/li>\n<li>Neugierde<\/li>\n<li>Hausverstand <\/li>\n<\/ul>\n<h4>Mein bisher gr&ouml;&szlig;ter Erfolg in meiner Karriere<\/h4>\n<p>Ein Augenblick, der mich sehr stolz gemacht hat, war die Nominierung eines Sch&uuml;lers, der an unserem Institut unter meiner Obhut ein Praktikum absolviert hat und mit seiner Abschlussarbeit unter die besten drei in &Ouml;sterreich gekommen ist. <\/p>\n<h4>So bin ich zu meinem Job gekommen<\/h4>\n<p>Die Stelle war ausgeschrieben und das Institut war mir bereits aus meiner Ausbildung bekannt. Das Bewerbungsgespr&auml;ch, war eines der spannendsten, die ich in meiner Laufbahn erlebt habe, obwohl mir mehr als zehn Leute gegen&uuml;ber gesessen sind und mich interviewt haben. Die Zeit ist dabei so schnell vergangen, dass sich die n&auml;chsten Gespr&auml;che deutlich nach hinten verschoben haben!<\/p>\n<h4>Das habe ich im Studium f&uuml;rs Berufsleben gelernt<\/h4>\n<p>W&auml;hrend der Ausbildung lernt man sauberes Arbeiten. Das f&auml;ngt bei der Beschriftung der R&ouml;hrchen an und geht beim ordentlichen Verlassen des Arbeitsplatzes weiter. Ich bin sehr froh, dass wir die ven&ouml;se Blutabnahme gelernt haben, so komme ich bei der Arbeit sehr schnell zu Probenmaterial, wenn der Bedarf nach frischem Blut besteht. <\/p>\n<h4>Die Jobchancen in meinem Bereich<\/h4>\n<p>Ich muss ehrlich gestehen, dass ich ein gro&szlig;es Gl&uuml;ck hatte, mit einer Fixanstellung. Die Jobchancen sind aber prinzipiell sehr gut. Es sind vielleicht nicht immer Vollzeitanstellungen und vor allem gibt es sehr h&auml;ufig Karenzvertretungen, aber wichtig ist es zu Beginn Berufserfahrung zu sammeln!<\/p>\n<h4>Ich bin<\/h4>\n<ul>\n<li>Zielstrebig<\/li>\n<li>Anpassungsf&auml;hig<\/li>\n<li>Verl&auml;sslich<\/li>\n<\/ul>\n<h4>Ich &uuml;ber meinen Job<\/h4>\n<p>Ich liebe meinen Beruf und meine Anstellung. Es vereint drei F&auml;cher, die mir bereits in meiner Schulzeit wichtig waren: Medizin, Chemie und Biologie. Zus&auml;tzlich kann man w&auml;hrend seiner ganzen Laufbahn praktisch arbeiten. Mittlerweile findet auch sehr viel Arbeit am Computer statt, wie zum Beispiel die Auswertung von Experimenten oder das Bedienen von Gro&szlig;ger&auml;ten, wie dem FACS. <br>\nIn der Forschung kommt die Abwechslung automatisch mit jedem neuen Projekt. Das ist Fluch und Segen zugleich. Einerseits wird einem nie langweilig, andererseits klappen neue Methoden nicht auf Anhieb und man muss viel ausprobieren, bis das Ziel erreicht wird.<br>\nWenn ich gefragt werde, welchen Beruf ich aus&uuml;be und ich dann sage &ldquo;Biomedizinische Analytikerin&rdquo;, kommt es oft vor, dass ich es n&auml;her erkl&auml;ren muss. Meine liebste Beschreibung ist: Arbeitsbiene im Labor mit Verstand!<\/p>\n\n            <\/div>\n        <\/div>\n            <\/div>\n<\/div>\n\n<div id=\"\" class=\"wp-block-text-content margin-bottom-none\">\n    <div class=\"container-lg\">\n        <div class=\"row\">\n            <div class=\"col\">\n                <div class=\"module-migration-headline\">\n<h5>Eindr&uuml;cke aus Nathalie Meier-Allards Arbeitsalltag<\/h5>\n<\/div>\n\n            <\/div>\n        <\/div>\n            <\/div>\n<\/div>\n\n<div\n    id=\"\"\n    class=\"wp-block-image-slider margin-bottom-normal\"\n>\n    <div class=\"container-lg\">\n        <div class=\"row\">\n            <div class=\"col-12\">\n                <div class=\"swiper-outer-wrapper\">\n                    <div class=\"image-header\">\n                        <div class=\"swiper-navigation\">\n                            <div class=\"swiper-button-prev-custom\">\n                                <svg xmlns=\"http:\/\/www.w3.org\/2000\/svg\" width=\"9\" height=\"14\" viewBox=\"0 0 9 14\" fill=\"none\">\n  <path d=\"M8 13L2 7L8 1\" stroke=\"\" stroke-width=\"1.5\" stroke-linecap=\"round\"\/>\n<\/svg>                            <\/div>\n                            <div class=\"swiper-button-next-custom\">\n                                <svg xmlns=\"http:\/\/www.w3.org\/2000\/svg\" width=\"9\" height=\"14\" viewBox=\"0 0 9 14\" fill=\"none\">\n  <path d=\"M1 1L7 7L1 13\" stroke=\"\" stroke-width=\"1.5\" stroke-linecap=\"round\"\/>\n<\/svg>                            <\/div>\n                        <\/div>\n                    <\/div>\n                    <div class=\"swiper image-slider-swiper\">\n                        <div class=\"swiper-wrapper\">\n                                                                                                <div class=\"swiper-slide item\">\n                                        <picture>\n                        <source\n                media=\"(max-width: 576px)\"\n                srcset=\"https:\/\/cdn3.fh-joanneum.at\/media\/sites\/20\/2016\/03\/nathalie-meier-allard-3.jpg, https:\/\/cdn3.fh-joanneum.at\/media\/sites\/20\/2016\/03\/nathalie-meier-allard-3-768x384.jpg 2x\"\n            \/>\n                    <source\n                media=\"(max-width: 768px)\"\n                srcset=\"https:\/\/cdn3.fh-joanneum.at\/media\/sites\/20\/2016\/03\/nathalie-meier-allard-3-768x384.jpg, https:\/\/cdn3.fh-joanneum.at\/media\/sites\/20\/2016\/03\/nathalie-meier-allard-3-1024x512.jpg 2x\"\n            \/>\n                    <source\n                media=\"(max-width: 1024px)\"\n                srcset=\"https:\/\/cdn3.fh-joanneum.at\/media\/sites\/20\/2016\/03\/nathalie-meier-allard-3-1024x512.jpg, https:\/\/cdn3.fh-joanneum.at\/media\/sites\/20\/2016\/03\/nathalie-meier-allard-3.jpg 2x\"\n            \/>\n                    <source\n                media=\"(max-width: 1536px)\"\n                srcset=\"https:\/\/cdn3.fh-joanneum.at\/media\/sites\/20\/2016\/03\/nathalie-meier-allard-3.jpg, https:\/\/cdn3.fh-joanneum.at\/media\/sites\/20\/2016\/03\/nathalie-meier-allard-3.jpg 2x\"\n            \/>\n                    <source\n                media=\"(max-width: 2048px)\"\n                srcset=\"https:\/\/cdn3.fh-joanneum.at\/media\/sites\/20\/2016\/03\/nathalie-meier-allard-3.jpg, https:\/\/cdn3.fh-joanneum.at\/media\/sites\/20\/2016\/03\/nathalie-meier-allard-3.jpg 2x\"\n            \/>\n                <img decoding=\"async\"\n        class=\"img-fluid\"\n        src=\"https:\/\/cdn3.fh-joanneum.at\/media\/sites\/20\/2016\/03\/nathalie-meier-allard-3.jpg\"\n        alt=\"Nathalie Meier-Allard 1\"\n        title=\"\"\n         loading=\"lazy\"             >\n<\/picture>\n\n                                                                            <\/div>\n                                                                    <div class=\"swiper-slide item\">\n                                        <picture>\n                        <source\n                media=\"(max-width: 576px)\"\n                srcset=\"https:\/\/cdn3.fh-joanneum.at\/media\/sites\/20\/2016\/03\/nathalie-meier-allard-4.jpg, https:\/\/cdn3.fh-joanneum.at\/media\/sites\/20\/2016\/03\/nathalie-meier-allard-4-768x384.jpg 2x\"\n            \/>\n                    <source\n                media=\"(max-width: 768px)\"\n                srcset=\"https:\/\/cdn3.fh-joanneum.at\/media\/sites\/20\/2016\/03\/nathalie-meier-allard-4-768x384.jpg, https:\/\/cdn3.fh-joanneum.at\/media\/sites\/20\/2016\/03\/nathalie-meier-allard-4-1024x512.jpg 2x\"\n            \/>\n                    <source\n                media=\"(max-width: 1024px)\"\n                srcset=\"https:\/\/cdn3.fh-joanneum.at\/media\/sites\/20\/2016\/03\/nathalie-meier-allard-4-1024x512.jpg, https:\/\/cdn3.fh-joanneum.at\/media\/sites\/20\/2016\/03\/nathalie-meier-allard-4.jpg 2x\"\n            \/>\n                    <source\n                media=\"(max-width: 1536px)\"\n                srcset=\"https:\/\/cdn3.fh-joanneum.at\/media\/sites\/20\/2016\/03\/nathalie-meier-allard-4.jpg, https:\/\/cdn3.fh-joanneum.at\/media\/sites\/20\/2016\/03\/nathalie-meier-allard-4.jpg 2x\"\n            \/>\n                    <source\n                media=\"(max-width: 2048px)\"\n                srcset=\"https:\/\/cdn3.fh-joanneum.at\/media\/sites\/20\/2016\/03\/nathalie-meier-allard-4.jpg, https:\/\/cdn3.fh-joanneum.at\/media\/sites\/20\/2016\/03\/nathalie-meier-allard-4.jpg 2x\"\n            \/>\n                <img decoding=\"async\"\n        class=\"img-fluid\"\n        src=\"https:\/\/cdn3.fh-joanneum.at\/media\/sites\/20\/2016\/03\/nathalie-meier-allard-4.jpg\"\n        alt=\"Nathalie Meier-Allard 2\"\n        title=\"\"\n         loading=\"lazy\"             >\n<\/picture>\n\n                                                                            <\/div>\n                                                                                    <\/div>\n                    <\/div>\n\n                    <div class=\"swiper-navigation-pagination\">\n                        <div class=\"swiper-button-prev-custom\">\n                            <svg xmlns=\"http:\/\/www.w3.org\/2000\/svg\" width=\"9\" height=\"14\" viewBox=\"0 0 9 14\" fill=\"none\">\n  <path d=\"M8 13L2 7L8 1\" stroke=\"\" stroke-width=\"1.5\" stroke-linecap=\"round\"\/>\n<\/svg>                        <\/div>\n                        <div class=\"swiper-pagination\"><\/div>\n                        <div class=\"swiper-button-next-custom\">\n                            <svg xmlns=\"http:\/\/www.w3.org\/2000\/svg\" width=\"9\" height=\"14\" viewBox=\"0 0 9 14\" fill=\"none\">\n  <path d=\"M1 1L7 7L1 13\" stroke=\"\" stroke-width=\"1.5\" stroke-linecap=\"round\"\/>\n<\/svg>                        <\/div>\n                    <\/div>\n                <\/div>\n            <\/div>\n        <\/div>\n    <\/div>\n<\/div>\n\n","protected":false},"excerpt":{"rendered":"<p>Als Biomedizinische Analytikerin ist Nathalie Meier-Allard an der Medizinischen Universit\u00e4t Graz besch\u00e4ftigt. Ihre Lieblingsf\u00e4cher Medizin, Biologie und Chemie sind f\u00fcr ihren Beruf sehr wichtig. <\/p>\n","protected":false},"author":23,"featured_media":10000447,"parent":10000316,"menu_order":1,"comment_status":"closed","ping_status":"closed","template":"template-absolvent.blade.php","meta":{"_acf_changed":false,"footnotes":""},"acf":[],"aioseo_notices":[],"_links":{"self":[{"href":"https:\/\/www.fh-joanneum.at\/biomedizinische-analytik\/bachelor\/wp-json\/wp\/v2\/pages\/10000445"}],"collection":[{"href":"https:\/\/www.fh-joanneum.at\/biomedizinische-analytik\/bachelor\/wp-json\/wp\/v2\/pages"}],"about":[{"href":"https:\/\/www.fh-joanneum.at\/biomedizinische-analytik\/bachelor\/wp-json\/wp\/v2\/types\/page"}],"author":[{"embeddable":true,"href":"https:\/\/www.fh-joanneum.at\/biomedizinische-analytik\/bachelor\/wp-json\/wp\/v2\/users\/23"}],"replies":[{"embeddable":true,"href":"https:\/\/www.fh-joanneum.at\/biomedizinische-analytik\/bachelor\/wp-json\/wp\/v2\/comments?post=10000445"}],"version-history":[{"count":0,"href":"https:\/\/www.fh-joanneum.at\/biomedizinische-analytik\/bachelor\/wp-json\/wp\/v2\/pages\/10000445\/revisions"}],"up":[{"embeddable":true,"href":"https:\/\/www.fh-joanneum.at\/biomedizinische-analytik\/bachelor\/wp-json\/wp\/v2\/pages\/10000316"}],"wp:featuredmedia":[{"embeddable":true,"href":"https:\/\/www.fh-joanneum.at\/biomedizinische-analytik\/bachelor\/wp-json\/wp\/v2\/media\/10000447"}],"wp:attachment":[{"href":"https:\/\/www.fh-joanneum.at\/biomedizinische-analytik\/bachelor\/wp-json\/wp\/v2\/media?parent=10000445"}],"curies":[{"name":"wp","href":"https:\/\/api.w.org\/{rel}","templated":true}]}}