{"id":27,"date":"2024-07-02T06:01:29","date_gmt":"2024-07-02T06:01:29","guid":{"rendered":"https:\/\/www.fh-joanneum.at\/business-transformation\/berufsbegleitend\/?page_id=27"},"modified":"2024-11-05T08:10:02","modified_gmt":"2024-11-05T08:10:02","slug":"termine-fristen","status":"publish","type":"page","link":"https:\/\/www.fh-joanneum.at\/business-transformation\/berufsbegleitend\/vor-dem-studium\/termine-fristen\/","title":{"rendered":"Termine"},"content":{"rendered":"<div id=\"\" class=\"wp-block-text-content margin-bottom-none\">\n    <div class=\"container-lg\">\n        <div class=\"row\">\n            <div class=\"col\">\n                <h3>Termine<\/h3>\n\n            <\/div>\n        <\/div>\n            <\/div>\n<\/div>\n\n\n\n\n\n\n<div\n    id=\"\"\n    class=\"wp-block-tipp-box margin-bottom-normal\"\n>\n    <div class=\"container-lg\">\n        <div class=\"row\">\n            <div class=\"col\">\n                <div class=\"tipp-box border border-info\">\n                    <div class=\"tipp-box-inner p-2 p-md-3\">\n                        <h4 class=\"\">Hinweis<\/h4>\n                        <p>Die Termine auf der Seite werden laufend aktualisiert. Weitere Termindetails erfahren Sie im Rahmen des Aufnahmeverfahrens.<\/p>\n\n                    <\/div>\n                <\/div>\n            <\/div>\n        <\/div>\n    <\/div>\n<\/div>\n\n\n<div\n    id=\"\"\n    class=\"wp-block-tipp-box margin-bottom-normal\"\n>\n    <div class=\"container-lg\">\n        <div class=\"row\">\n            <div class=\"col\">\n                <div class=\"tipp-box border border-warning\">\n                    <div class=\"tipp-box-inner p-2 p-md-3\">\n                        <h4 class=\"\">Tipp<\/h4>\n                        <p><strong>Die Einteilung des aktuellen Studienjahres finden Sie im <a href=\"https:\/\/www.fh-joanneum.at\/hochschule\/services\/akademischer-kalender\/\">Akademischen Kalender<\/a>.<\/strong><\/p>\n\n                    <\/div>\n                <\/div>\n            <\/div>\n        <\/div>\n    <\/div>\n<\/div>\n\n\n<div\n    id=\"\"\n    class=\"wp-block-tipp-box margin-bottom-normal\"\n>\n    <div class=\"container-lg\">\n        <div class=\"row\">\n            <div class=\"col\">\n                <div class=\"tipp-box border border-warning\">\n                    <div class=\"tipp-box-inner p-2 p-md-3\">\n                        <h4 class=\"\">Tipp<\/h4>\n                        <p>An der FH JOANNEUM gibt es je nach Studiengang mehrere Termine f\u00fcr das Aufnahmeverfahren. Damit bieten wir Ihnen flexible Bewerbungsm\u00f6glichkeiten, passend zu Ihrem ganz pers\u00f6nlichen Lebensmodell. Mehr dazu <a href=\"https:\/\/www.fh-joanneum.at\/topics\/unsere-bewerbungstermine\/\">erfahren Sie hier<\/a>. Die Chancen f\u00fcr eine Aufnahme sind bei allen Terminen gleich.<\/p>\n\n                    <\/div>\n                <\/div>\n            <\/div>\n        <\/div>\n    <\/div>\n<\/div>\n","protected":false},"excerpt":{"rendered":"<p>Diese Fristen und Termine m\u00fcssen Sie f\u00fcr Bewerbung und Aufnahmeverfahren bis hin zum Studienbeginn beachten.<\/p>\n","protected":false},"author":143,"featured_media":0,"parent":5,"menu_order":10,"comment_status":"closed","ping_status":"closed","template":"","meta":{"_acf_changed":false,"footnotes":""},"acf":[],"aioseo_notices":[],"_links":{"self":[{"href":"https:\/\/www.fh-joanneum.at\/business-transformation\/berufsbegleitend\/wp-json\/wp\/v2\/pages\/27"}],"collection":[{"href":"https:\/\/www.fh-joanneum.at\/business-transformation\/berufsbegleitend\/wp-json\/wp\/v2\/pages"}],"about":[{"href":"https:\/\/www.fh-joanneum.at\/business-transformation\/berufsbegleitend\/wp-json\/wp\/v2\/types\/page"}],"author":[{"embeddable":true,"href":"https:\/\/www.fh-joanneum.at\/business-transformation\/berufsbegleitend\/wp-json\/wp\/v2\/users\/143"}],"replies":[{"embeddable":true,"href":"https:\/\/www.fh-joanneum.at\/business-transformation\/berufsbegleitend\/wp-json\/wp\/v2\/comments?post=27"}],"version-history":[{"count":4,"href":"https:\/\/www.fh-joanneum.at\/business-transformation\/berufsbegleitend\/wp-json\/wp\/v2\/pages\/27\/revisions"}],"predecessor-version":[{"id":173,"href":"https:\/\/www.fh-joanneum.at\/business-transformation\/berufsbegleitend\/wp-json\/wp\/v2\/pages\/27\/revisions\/173"}],"up":[{"embeddable":true,"href":"https:\/\/www.fh-joanneum.at\/business-transformation\/berufsbegleitend\/wp-json\/wp\/v2\/pages\/5"}],"wp:attachment":[{"href":"https:\/\/www.fh-joanneum.at\/business-transformation\/berufsbegleitend\/wp-json\/wp\/v2\/media?parent=27"}],"curies":[{"name":"wp","href":"https:\/\/api.w.org\/{rel}","templated":true}]}}