{"id":29,"date":"2024-07-02T06:04:17","date_gmt":"2024-07-02T06:04:17","guid":{"rendered":"https:\/\/www.fh-joanneum.at\/business-transformation\/berufsbegleitend\/?page_id=29"},"modified":"2024-09-10T12:13:36","modified_gmt":"2024-09-10T12:13:36","slug":"voraussetzungen","status":"publish","type":"page","link":"https:\/\/www.fh-joanneum.at\/business-transformation\/berufsbegleitend\/vor-dem-studium\/voraussetzungen\/","title":{"rendered":"Voraussetzungen"},"content":{"rendered":"<div id=\"\" class=\"wp-block-text-content margin-bottom-normal\">\n    <div class=\"container-lg\">\n        <div class=\"row\">\n            <div class=\"col\">\n                <h3>Voraussetzungen f&uuml;r das Studium<\/h3>\n<p>Wenn Sie einen Studienabschluss<\/p>\n<ul>\n<li>eines facheinschl&auml;gigen Bachelorstudiums oder<\/li>\n<li>einer gleichwertigen Ausbildung<\/li>\n<\/ul>\n<p>nachweisen k&ouml;nnen, erf&uuml;llen Sie die Voraussetzungen f&uuml;r das Masterstudium. Als facheinschl&auml;gige Bachelor- oder Diplomstudien gelten <strong>Wirtschaftsingenieur-Bachelor- oder Diplomstudien<\/strong> &ouml;sterreichischer oder vergleichbarer ausl&auml;ndischer Universit&auml;ten und Fachhochschulen.<\/p>\n<p>Folgende Kernfachbereiche m&uuml;ssen mindestens nachweisbar sein:<\/p>\n<ul>\n<li>Betriebswirtschaftliche F&auml;cher: 14 ECTS-Punkte<\/li>\n<li>Logistik und Prozessmanagement: 8 ECTS-Punkte<\/li>\n<li>Produktionswirtschaftliche F&auml;cher und Qualit&auml;tsmanagement: 6 ECTS-Punkte<\/li>\n<li>Angewandte Informatik: 10 ECTS-Punkte<\/li>\n<li>Technische F&auml;cher: 30 ECTS-Punkte<\/li>\n<\/ul>\n<p>Auch mit einem qualifizierten Studienabschluss eines <strong>facheinschl&auml;gigen technischen Bachelor- oder Diplomstudiums<\/strong> k&ouml;nnen Sie dieses Masterstudium besuchen.<\/p>\n<p>Der Zugang zum Masterstudium &bdquo;International Industrial Management&ldquo; kann aus einem breiten Spektrum von Bachelorstudieng&auml;ngen an unterschiedlichen Universit&auml;ten und Hochschulen erfolgen. Wie zum Beispiel:<\/p>\n<p>Bachelor- und Masterstudieng&auml;nge der FH JOANNEUM:<\/p>\n<ul>\n<li>Industriewirtschaft \/ Industrial Management<\/li>\n<li>Advanced Electronic Engineering<\/li>\n<li>Advanced Security Engineering<\/li>\n<li>Bauplanung und Bauwirtschaft<\/li>\n<li>E-Health<\/li>\n<li>Elektronik und Technologiemanagement<\/li>\n<li>Energie-, Mobilit&auml;ts- und Umweltmanagement<\/li>\n<li>Energy and Transport Management<\/li>\n<li>Fahrzeugtechnik \/ Automotive Engineering<\/li>\n<li>Industrial Design<\/li>\n<li>Informationsmanagement<\/li>\n<li>Internettechnik<\/li>\n<li>Internettechnik<\/li>\n<li>Luftfahrt \/ Aviation<\/li>\n<li>Nachhaltiges Lebensmittelmanagement<\/li>\n<li>Produktionstechnik und Organisation<\/li>\n<li>Software Design<\/li>\n<\/ul>\n<p>Bachelor- und Masterstudieng&auml;nge anderer Universit&auml;ten und Hochschulen (Auszug):<\/p>\n<ul>\n<li>Anlagenbau<\/li>\n<li>Architektur<\/li>\n<li>Automatisierungstechnik<\/li>\n<li>Bauingenieurwesen bzw. Baumanagement<\/li>\n<li>Bio- und Umwelttechnik (Bioengineering)<\/li>\n<li>Biomedizinische Informatik bzw. Ingenieurswissenschaften<\/li>\n<li>Bionik \/ Biotechnologie \/ Biomimetics in Energy Systems<\/li>\n<li>Business Process Engineering und Management<\/li>\n<li>Communication Engineering<\/li>\n<li>Digitale Medientechnologien<\/li>\n<li>Eisenbahn-Infrastrukturtechnik<\/li>\n<li>Elektronik mit unterschiedlichen Schwerpunkten<\/li>\n<li>Embedded Systems<\/li>\n<li>Energie- und Umweltmanagement<\/li>\n<li>Entwicklungsingenieur:in mit unterschiedlichen Schwerpunkten<\/li>\n<li>Erneuerbare Urbane Energiesysteme<\/li>\n<li>Game Engineering und Simulation<\/li>\n<li>Geb&auml;udetechnik und Geb&auml;udemanagement<\/li>\n<li>Geoinformation<\/li>\n<li>Gesundheits- und Rehabilitationstechnik<\/li>\n<li>Hardware-Software-Design<\/li>\n<li>Health Care mit unterschiedlichen Schwerpunkten<\/li>\n<li>High Tech Manufacturing<\/li>\n<li>Holztechnologie und Holzbau<\/li>\n<li>Industrial Simulation<\/li>\n<li>Informationsmanagement und Computersicherheit \/ Information Security<\/li>\n<li>Informationstechnologien mit unterschiedlichen Schwerpunkten<\/li>\n<li>Innovations- und\/oder Produkt-Management<\/li>\n<li>Integriertes Sicherheitsmanagement<\/li>\n<li>Intelligent Transport Systems<\/li>\n<li>Interactive Media<\/li>\n<li>IT Infrastruktur-Management<\/li>\n<li>Lebensmittel- und Rohstofftechnologie<\/li>\n<li>Maschinenbau mit unterschiedlichen Schwerpunkten<\/li>\n<li>Mathematik<\/li>\n<li>Mechatronik mit unterschiedlichen Schwerpunkten<\/li>\n<li>Medical and Pharmaceutical Biotechnology<\/li>\n<li>Medientechnik und -design<\/li>\n<li>Medizintechnik \/ medizinische Informationstechnik<\/li>\n<li>Mobile Computing<\/li>\n<li>Multimedia und Softwareentwicklung<\/li>\n<li>Nachhaltige Energiesysteme bzw. Nachhaltigkeit in der Bautechnik<\/li>\n<li>Netzwerktechnik und Kommunikation<\/li>\n<li>Operations Management<\/li>\n<li>Produktdesign und Technische Kommunikation<\/li>\n<li>Produktion und Management<\/li>\n<li>Qualit&auml;tsmanagement<\/li>\n<li>Sportger&auml;tetechnik \/ Sports-Equipment Technology<\/li>\n<li>Systems Design<\/li>\n<li>Technisches Umweltmanagement und &Ouml;kotoxikologie<\/li>\n<li>Technisches Vertriebsmanagement<\/li>\n<li>Telekommunikation und Internettechnologie<\/li>\n<li>Umwelt-, Verfahrens- und Energietechnik<\/li>\n<li>Verfahrenstechnik mit unterschiedlichen Schwerpunkten<\/li>\n<li>Wirtschaftsinformatik<\/li>\n<li>Wirtschaftsingenieurwesen mit unterschiedlichen Schwerpunkten<\/li>\n<\/ul>\n<p>Die Auflistung stellt lediglich eine Auswahl der infrage kommenden Hochschulstudien dar. Weitere &auml;hnliche Studienrichtungen sind ebenfalls zul&auml;ssig. Auch bei Abschluss eines inhaltlich &auml;quivalenten Studiums von anderen Hochschulen oder aus anderen L&auml;ndern freuen wir uns &uuml;ber Ihre Bewerbung.<\/p>\n<p>F&uuml;r den Fall, dass eine Gleichwertigkeit Ihres Studienabschlusses gegeben ist und nur einzelne Erg&auml;nzungen fehlen, wird eine Teilnahme am Studiengang mit der Auflage von Pr&uuml;fungen verbunden, die Sie je nach Umfang im Zuge des ersten Studienjahres ablegen k&ouml;nnen. Weist das Vorstudium zu wenig technische Anteile auf, k&ouml;nnen die fehlenden Mindestinhalte definiert und nach Ma&szlig;gabe freier Ressourcen im Rahmen des Bachelorstudiums &bdquo;Industriewirtschaft \/ Industrial Management&ldquo; absolviert werden.<\/p>\n<p>In fraglichen F&auml;llen obliegt es der Studiengangsleitung zu entscheiden, ob die Zugangsvoraussetzungen erf&uuml;llt sind. Eine verbindliche Auskunft dar&uuml;ber erhalten Sie nach Einlangen Ihrer vollst&auml;ndigen Bewerbungsunterlagen.<\/p>\n<p>&nbsp;<\/p>\n<h4>Sprachkenntnisse<\/h4>\n<p>Deutsch und Englisch sind die Unterrichtssprachen am Studiengang. Mit Sprachkenntnissen auf Level B2 k&ouml;nnen Sie den Studieninhalten ohne Probleme folgen. Best&auml;tigen Sie uns Ihre Sprachkenntnisse bitte mit einem Zertifikat sofern Sie nicht in Maturazeugnissen oder &auml;hnlichen Diplomen genannt sind.<\/p>\n<h4>Zusatzinformation f&uuml;r die Wahl der Module im ersten Semester<\/h4>\n<p>Absolventinnen und Absolventen eines Wirtschaftsingnieurstudiums m&uuml;ssen im ersten Semester das Modul <em>Technology Management<\/em> w&auml;hlen.<\/p>\n<p>Absolventinnen und Absolventen technischer Studienrichtungen ohne wirtschaftliche Vorkenntnisse m&uuml;ssen im ersten Semester das Modul <em>General Management<\/em> w&auml;hlen.<\/p>\n<p>Bei Studieng&auml;ngen oder anderen Hochschulabschl&uuml;ssen, bei denen diese Unterscheidung nicht sinnvoll durchf&uuml;hrbar ist, wie beispielsweise bei technischen Studieng&auml;ngen mit wirtschaftswissenschaftlichen Lehrveranstaltungen, wird eine spezifische Beurteilung durch die Studiengangsleitung durchgef&uuml;hrt. Allenfalls wird eine Mischung der beiden im Curriculum vorgesehenen Vertiefungen <em>Technology Management<\/em> sowie <em>General Management<\/em> im ersten Semester &ndash; mit der insgesamt gleichen ECTS-Anzahl nach Ma&szlig;gabe der organisatorischen M&ouml;glichkeiten &ndash; angeboten.<\/p>\n<p>&nbsp;<\/p>\n<h4>Sie sind keine &ouml;sterreichische Staatsb&uuml;rgerin oder kein &ouml;sterreichischer Staatsb&uuml;rger?<\/h4>\n<p>F&uuml;r Sie gibt es einige Besonderheiten zu beachten. Mehr Informationen dazu finden Sie in unter dem Men&uuml;punkt <a href=\"https:\/\/fh-joanneum.at\/international-industrial-management\/master\/vor-dem-studium\/internationale-bewerberinnen\/\" target=\"_blank\" rel=\"noopener\"><strong>Internationale Bewerber:innen<\/strong>.<\/a><\/p>\n\n            <\/div>\n        <\/div>\n            <\/div>\n<\/div>\n","protected":false},"excerpt":{"rendered":"<p>Diese Voraussetzungen m\u00fcssen Sie f\u00fcr das Studium erf\u00fcllen.<\/p>\n","protected":false},"author":143,"featured_media":0,"parent":5,"menu_order":20,"comment_status":"closed","ping_status":"closed","template":"","meta":{"_acf_changed":false,"footnotes":""},"acf":[],"aioseo_notices":[],"_links":{"self":[{"href":"https:\/\/www.fh-joanneum.at\/business-transformation\/berufsbegleitend\/wp-json\/wp\/v2\/pages\/29"}],"collection":[{"href":"https:\/\/www.fh-joanneum.at\/business-transformation\/berufsbegleitend\/wp-json\/wp\/v2\/pages"}],"about":[{"href":"https:\/\/www.fh-joanneum.at\/business-transformation\/berufsbegleitend\/wp-json\/wp\/v2\/types\/page"}],"author":[{"embeddable":true,"href":"https:\/\/www.fh-joanneum.at\/business-transformation\/berufsbegleitend\/wp-json\/wp\/v2\/users\/143"}],"replies":[{"embeddable":true,"href":"https:\/\/www.fh-joanneum.at\/business-transformation\/berufsbegleitend\/wp-json\/wp\/v2\/comments?post=29"}],"version-history":[{"count":2,"href":"https:\/\/www.fh-joanneum.at\/business-transformation\/berufsbegleitend\/wp-json\/wp\/v2\/pages\/29\/revisions"}],"predecessor-version":[{"id":143,"href":"https:\/\/www.fh-joanneum.at\/business-transformation\/berufsbegleitend\/wp-json\/wp\/v2\/pages\/29\/revisions\/143"}],"up":[{"embeddable":true,"href":"https:\/\/www.fh-joanneum.at\/business-transformation\/berufsbegleitend\/wp-json\/wp\/v2\/pages\/5"}],"wp:attachment":[{"href":"https:\/\/www.fh-joanneum.at\/business-transformation\/berufsbegleitend\/wp-json\/wp\/v2\/media?parent=29"}],"curies":[{"name":"wp","href":"https:\/\/api.w.org\/{rel}","templated":true}]}}