{"id":10000405,"date":"2016-04-13T08:57:23","date_gmt":"2016-04-13T06:57:23","guid":{"rendered":"https:\/\/www.fh-joanneum.at\/communication-design\/master\/?page_id=405"},"modified":"2020-05-08T12:48:37","modified_gmt":"2020-05-08T10:48:37","slug":"susanne-pretterebner","status":"publish","type":"page","link":"https:\/\/www.fh-joanneum.at\/communication-design\/master\/nach-dem-studium\/absolventinnen-absolventen\/susanne-pretterebner\/","title":{"rendered":"DI (FH) Susanne Pretterebner"},"content":{"rendered":"<div id=\"\" class=\"wp-block-text-content margin-bottom-normal\">\n    <div class=\"container-lg\">\n        <div class=\"row\">\n            <div class=\"col\">\n                <h4>Eckdaten<\/h4>\n<p><strong>Jobbezeichnung:<\/strong> Grafik Designerin, aber derzeit hauptberuflich Mama &ndash; bin noch in Karenz<br>\n<strong>Unternehmen:<\/strong> <a href=\"https:\/\/www.moerth.at\/\" target=\"_blank\" rel=\"noopener noreferrer\">M&ouml;rth &amp; M&ouml;rth GmbH<\/a> <br>\n<strong>Ich arbeite in:<\/strong> Graz, &Ouml;sterreich<br>\n<strong>Ich arbeite hier seit:<\/strong> 2006, aber mit einigen Unterbrechungen und auch nicht immer Vollzeit<br>\n<a href=\"mailto:susy@gmx.at\" title=\"E-Mail an Susanne Pretterebner senden\">Mein Kontakt<\/a> <br>\n<strong>Mein Blog:<\/strong> <a href=\"http:\/\/rezeptef%C3%BCrdiezukunft.com\/\" target=\"_blank\" rel=\"noopener noreferrer\">Rezepte f&uuml;r die Zukunft<\/a><br>\nJa, ich habe einen Blog. Den ich aber leider sehr vernachl&auml;ssige&hellip; Daf&uuml;r bleibt neben den Kindern LEIDER kaum Zeit.<\/p>\n<h4>Was ich mache:<\/h4>\n<p>Derzeit bin ich Mutter und k&uuml;mmere mich liebend gerne um meine zwei kleinen Zwerge. Nebenbei schreibe ich eine Rezept-Kolumne, die monatlich in einem Wochenendjournal erscheint, das in mehreren deutschen Tageszeitungen beiliegt. Damit bin ich dann aber schon mehr als voll ausgelastet. Es ist eine tolle Abwechslung zum Kinderalltag, trotzdem bin ich immer wieder leicht gestresst, wenn ich einen neuen Artikel schreiben soll. Vor meiner Karenz war ich als Grafik-Designerin in einer Werbeagentur angestellt.<\/p>\n<h4>Warum ich meinen Beruf liebe:<\/h4>\n<p>Weil er wirklich sehr abwechslungsreich ist. Kein Projekt ist wie das andere &ndash; so bleibt es immer spannend. Allerdings finde ich es daheim bei den Kindern auch sehr toll. Bis jetzt ist mir noch nicht langweilig geworden.<\/p>\n<h4>Wichtige F&auml;higkeiten in meinem Job:<\/h4>\n<ul>\n<li>kreativ<\/li>\n<li>experimentierfreudig<\/li>\n<li>stress-resistent<\/li>\n<\/ul>\n<h4>Mein bisher gr&ouml;&szlig;ter Erfolg in meiner Karriere:<\/h4>\n<p>Mein f&uuml;r mich pers&ouml;nlich gr&ouml;&szlig;ter Erfolg ist meine Masterarbeit &bdquo;Rezepte f&uuml;r die Zukunft&ldquo;. Diese wurde mit mehreren renommierten Designpreisen, wie unter anderem dem Red Dot: best of the best, Joseph Binder Award und Die sch&ouml;nsten B&uuml;cher &Ouml;sterreichs, ausgezeichnet und schlie&szlig;lich sogar im Becker-Joest-Volk-Verlag ver&ouml;ffentlicht.  <\/p>\n<h4>So bin ich zu meinem Job gekommen:<\/h4>\n<p>Da es schon etwas l&auml;nger her ist, muss ich mal &uuml;berlegen. Ja, es war eine ganz normale Stellenanzeige in der Zeitung. Ich war aber Quereinsteigerin, da ich zu diesem Zeitpunkt &bdquo;nur&ldquo; das Studium &bdquo;Industrial Design&ldquo; in der Tasche hatte. Ich wollte aber unbedingt im Bereich Grafik was machen.<\/p>\n<h4>Das habe ich im Studium f&uuml;rs Berufsleben gelernt:<\/h4>\n<p>Ich finde es schwer, das auf eine bestimmte F&auml;higkeit zu reduzieren. Ich glaube nach wie vor, dass gerade das breit gef&auml;cherte Wissen, das w&auml;hrend des Studiums vermittelt wird, ein gro&szlig;er Pluspunkt ist. Auch wenn man dann in keinem Bereich ein richtiger Profi ist &ndash; das ergibt sich dann sowieso von alleine im Berufsalltag &ndash;, ist es f&uuml;r mich schon oft hilfreich gewesen, dass man in so vielen Fachgebieten eine Ahnung hat.<\/p>\n<h4>Die Jobchancen in meinem Bereich:<\/h4>\n<p>Naja, eher mittelm&auml;&szlig;ig. Es kommt aber immer darauf an, wie flexibel man ist und welche Gehaltsvorstellungen man hat. Ich m&ouml;chte in Graz sein, weil meine Familie hier wohnt. Wenn man aber bereit ist, f&uuml;r den Job auch wo anders hinzugehen, ist es schon viel einfacher.<\/p>\n<h4>Ich &uuml;ber meinen Job:<\/h4>\n<p>Mein n&auml;chstes Karriereziel ist mein bevorstehender Wiedereinstieg nach der Karenz. Ich bin schon sehr gespannt, wie das wird. F&uuml;r mich stehen aber klar Kinder und Familie vor dem Job. Ich wei&szlig; noch nicht, wie sich das alles unter einem Hut bringen l&auml;sst. Ich lasse es einmal auf mich zukommen. Ich wei&szlig; nur, dass es nicht ganz so einfach werden wird. Das f&auml;ngt schon bei der Kinderbetreuung an. Da gibt es einfach viel zu wenige Pl&auml;tze in Graz.<\/p>\n\n            <\/div>\n        <\/div>\n            <\/div>\n<\/div>\n\n","protected":false},"excerpt":{"rendered":"<p>Susanne Pretterebners n\u00e4chstes Karriereziel ist der Wiedereinstieg ins Berufsleben bei M\u00f6rth &amp; M\u00f6rth GmbH nach der Karenz.<\/p>\n","protected":false},"author":23,"featured_media":10000406,"parent":10000288,"menu_order":0,"comment_status":"closed","ping_status":"closed","template":"template-absolvent.blade.php","meta":{"_acf_changed":false,"footnotes":""},"acf":[],"aioseo_notices":[],"_links":{"self":[{"href":"https:\/\/www.fh-joanneum.at\/communication-design\/master\/wp-json\/wp\/v2\/pages\/10000405"}],"collection":[{"href":"https:\/\/www.fh-joanneum.at\/communication-design\/master\/wp-json\/wp\/v2\/pages"}],"about":[{"href":"https:\/\/www.fh-joanneum.at\/communication-design\/master\/wp-json\/wp\/v2\/types\/page"}],"author":[{"embeddable":true,"href":"https:\/\/www.fh-joanneum.at\/communication-design\/master\/wp-json\/wp\/v2\/users\/23"}],"replies":[{"embeddable":true,"href":"https:\/\/www.fh-joanneum.at\/communication-design\/master\/wp-json\/wp\/v2\/comments?post=10000405"}],"version-history":[{"count":0,"href":"https:\/\/www.fh-joanneum.at\/communication-design\/master\/wp-json\/wp\/v2\/pages\/10000405\/revisions"}],"up":[{"embeddable":true,"href":"https:\/\/www.fh-joanneum.at\/communication-design\/master\/wp-json\/wp\/v2\/pages\/10000288"}],"wp:featuredmedia":[{"embeddable":true,"href":"https:\/\/www.fh-joanneum.at\/communication-design\/master\/wp-json\/wp\/v2\/media\/10000406"}],"wp:attachment":[{"href":"https:\/\/www.fh-joanneum.at\/communication-design\/master\/wp-json\/wp\/v2\/media?parent=10000405"}],"curies":[{"name":"wp","href":"https:\/\/api.w.org\/{rel}","templated":true}]}}