{"id":10000074,"date":"2015-08-11T13:21:33","date_gmt":"2015-08-11T13:21:33","guid":{"rendered":"https:\/\/www.fh-joanneum.at\/content-strategie-und-digitale-kommunikation\/master\/?page_id=74"},"modified":"2018-07-09T12:25:51","modified_gmt":"2018-07-09T12:25:51","slug":"voraussetzungen","status":"publish","type":"page","link":"https:\/\/www.fh-joanneum.at\/content-strategie-und-digitale-kommunikation\/master\/vor-dem-studium\/voraussetzungen\/","title":{"rendered":"Voraussetzungen"},"content":{"rendered":"<div id=\"\" class=\"wp-block-text-content margin-bottom-none\">\n    <div class=\"container-lg\">\n        <div class=\"row\">\n            <div class=\"col\">\n                <div class=\"module-migration-headline\">\n<h3>Voraussetzungen f&uuml;r das Studium<\/h3>\n<\/div>\n\n            <\/div>\n        <\/div>\n            <\/div>\n<\/div>\n\n<div id=\"\" class=\"wp-block-text-content margin-bottom-normal\">\n    <div class=\"container-lg\">\n        <div class=\"row\">\n            <div class=\"col\">\n                <p>Als fachliche Zugangsvoraussetzung f&uuml;r das Masterstudium m&uuml;ssen Sie einen qualifizierten Studienabschluss<\/p>\n<ul>\n<li>eines facheinschl&auml;gigen Bachelorstudiums oder<\/li>\n<li>einer gleichwertigen Ausbildung<\/li>\n<\/ul>\n<p>nachweisen.<\/p>\n\n            <\/div>\n        <\/div>\n            <\/div>\n<\/div>\n\n<div id=\"\" class=\"wp-block-text-content margin-bottom-none\">\n    <div class=\"container-lg\">\n        <div class=\"row\">\n            <div class=\"col\">\n                <div class=\"module-migration-headline\">\n<h3>Details zu den Zugangsvoraussetzungen<\/h3>\n<\/div>\n\n            <\/div>\n        <\/div>\n            <\/div>\n<\/div>\n\n<div id=\"\" class=\"wp-block-text-content margin-bottom-normal\">\n    <div class=\"container-lg\">\n        <div class=\"row\">\n            <div class=\"col\">\n                <p>Abschl&uuml;sse folgender Studienrichtungen in- und ausl&auml;ndischer Fachhochschulen oder Universit&auml;ten werden anerkannt: <\/p>\n<ul>\n<li>Journalismus und Public Relations (PR) (FH JOANNEUM)<\/li>\n<li>Informationsdesign (FH JOANNEUM)<\/li>\n<li>Informationsmanagement (FH JOANNEUM)<\/li>\n<li>Internettechnik (FH JOANNEUM)<\/li>\n<li>Publizistik \/ Kommunikationswissenschaften <\/li>\n<li>Journalismus \/ Onlinejournalismus <\/li>\n<li>Public Relations (PR) \/ Online-PR <\/li>\n<li>Marketing <\/li>\n<li>Internettechnik<\/li>\n<li>Intrakulturelle Wissenschaften \/ Sprachwissenschaften <\/li>\n<li>Informationsdesign \/ Kommunikationsdesign <\/li>\n<li>Informationsmanagement <\/li>\n<li>Informatik \/ Softwareentwicklung <\/li>\n<li>Medienmanagement <\/li>\n<li>Multimedia Art <\/li>\n<li>Neue Medien \/ Social Media <\/li>\n<\/ul>\n<p>F&uuml;r den Fall, dass eine grunds&auml;tzliche Gleichwertigkeit gegeben ist und nur einzelne Erg&auml;nzungen fehlen, wird eine Teilnahme am Master-Studiengang mit der Auflage von Pr&uuml;fungen verbunden, die im Zuge des Studiums abzulegen sind. Grunds&auml;tzlich gilt, dass diese Pr&uuml;fungen bis sp&auml;testens <strong>15. April<\/strong> des ersten Studienjahres abgelegt und bestanden werden m&uuml;ssen.<\/p>\n<p>In nicht eindeutigen F&auml;llen obliegt es der Studiengangsleitung zu entscheiden, ob die Zugangsvoraussetzungen erf&uuml;llt sind. Eine verbindliche Auskunft dar&uuml;ber erhalten Sie nach Einlangen Ihrer vollst&auml;ndigen Bewerbungsunterlagen.<\/p>\n\n            <\/div>\n        <\/div>\n            <\/div>\n<\/div>\n\n<div id=\"\" class=\"wp-block-text-content margin-bottom-normal\">\n    <div class=\"container-lg\">\n        <div class=\"row\">\n            <div class=\"col\">\n                <h4>Sie sind keine &ouml;sterreichische Staatsb&uuml;rgerin oder kein &ouml;sterreichischer Staatsb&uuml;rger?<\/h4>\n<p>F&uuml;r Sie gibt es einige Besonderheiten zu beachten. Mehr Informationen dazu finden Sie in unter dem Men&uuml;punkt <a href=\"https:\/\/fh-joanneum.at\/content-strategie-und-digitale-kommunikation\/master\/vor-dem-studium\/internationale-bewerberinnen\/\"><strong>Internationale BewerberInnen<\/strong>.<\/a><\/p>\n\n            <\/div>\n        <\/div>\n            <\/div>\n<\/div>\n\n","protected":false},"excerpt":{"rendered":"<p>Diese Voraussetzungen m\u00fcssen Sie f\u00fcr das Studium erf\u00fcllen.<\/p>\n","protected":false},"author":10,"featured_media":0,"parent":10000070,"menu_order":15,"comment_status":"closed","ping_status":"closed","template":"","meta":{"_acf_changed":false,"footnotes":""},"acf":[],"aioseo_notices":[],"_links":{"self":[{"href":"https:\/\/www.fh-joanneum.at\/content-strategie-und-digitale-kommunikation\/master\/wp-json\/wp\/v2\/pages\/10000074"}],"collection":[{"href":"https:\/\/www.fh-joanneum.at\/content-strategie-und-digitale-kommunikation\/master\/wp-json\/wp\/v2\/pages"}],"about":[{"href":"https:\/\/www.fh-joanneum.at\/content-strategie-und-digitale-kommunikation\/master\/wp-json\/wp\/v2\/types\/page"}],"author":[{"embeddable":true,"href":"https:\/\/www.fh-joanneum.at\/content-strategie-und-digitale-kommunikation\/master\/wp-json\/wp\/v2\/users\/10"}],"replies":[{"embeddable":true,"href":"https:\/\/www.fh-joanneum.at\/content-strategie-und-digitale-kommunikation\/master\/wp-json\/wp\/v2\/comments?post=10000074"}],"version-history":[{"count":0,"href":"https:\/\/www.fh-joanneum.at\/content-strategie-und-digitale-kommunikation\/master\/wp-json\/wp\/v2\/pages\/10000074\/revisions"}],"up":[{"embeddable":true,"href":"https:\/\/www.fh-joanneum.at\/content-strategie-und-digitale-kommunikation\/master\/wp-json\/wp\/v2\/pages\/10000070"}],"wp:attachment":[{"href":"https:\/\/www.fh-joanneum.at\/content-strategie-und-digitale-kommunikation\/master\/wp-json\/wp\/v2\/media?parent=10000074"}],"curies":[{"name":"wp","href":"https:\/\/api.w.org\/{rel}","templated":true}]}}