{"id":10000076,"date":"2015-08-11T13:21:57","date_gmt":"2015-08-11T13:21:57","guid":{"rendered":"https:\/\/www.fh-joanneum.at\/content-strategie-und-digitale-kommunikation\/master\/?page_id=76"},"modified":"2023-10-24T09:04:05","modified_gmt":"2023-10-24T09:04:05","slug":"bewerbung","status":"publish","type":"page","link":"https:\/\/www.fh-joanneum.at\/content-strategie-und-digitale-kommunikation\/master\/vor-dem-studium\/bewerbung\/","title":{"rendered":"Bewerbung"},"content":{"rendered":"<div id=\"\" class=\"wp-block-text-content margin-bottom-none\">\n    <div class=\"container-lg\">\n        <div class=\"row\">\n            <div class=\"col\">\n                <div class=\"module-migration-headline\">\n<h3>Bewerbung<\/h3>\n<\/div>\n\n            <\/div>\n        <\/div>\n            <\/div>\n<\/div>\n\n<div id=\"\" class=\"wp-block-text-content margin-bottom-normal\">\n    <div class=\"container-lg\">\n        <div class=\"row\">\n            <div class=\"col\">\n                <p>Wenn Sie die Voraussetzungen erf&uuml;llen, k&ouml;nnen Sie sich f&uuml;r das Studium bewerben. <\/p>\n\n            <\/div>\n        <\/div>\n            <\/div>\n<\/div>\n\n<div\n    id=\"\"\n    class=\"wp-block-tipp-box margin-bottom-normal\"\n>\n    <div class=\"container-lg\">\n        <div class=\"row\">\n            <div class=\"col\">\n                <div class=\"tipp-box border border-warning\">\n                    <div class=\"tipp-box-inner p-2 p-md-3\">\n                        <h4 class=\"\">Tipp<\/h4>\n                        <p>Alle wichtigen Infos, die Sie f\u00fcr eine erfolgreiche Bewerbung brauchen, findne Sie in unserem <a href=\"https:\/\/www.fh-joanneum.at\/blog\/content-strategie-content-strategy-rasch-bewerben\/\">Blog<\/a>.<\/p>\n\n                    <\/div>\n                <\/div>\n            <\/div>\n        <\/div>\n    <\/div>\n<\/div>\n\n<div id=\"\" class=\"wp-block-text-content margin-bottom-normal\">\n    <div class=\"container-lg\">\n        <div class=\"row\">\n            <div class=\"col\">\n                <h4>Step 1: Folgende Unterlagen ben&ouml;tigen Sie:<\/h4>\n<ul>\n<li>\n<p><strong>Bewerbungsschreiben, signiert<\/strong><\/p>\n<\/li>\n<li>\n<p><strong>Lebenslauf, signiert<\/strong><\/p>\n<\/li>\n<li>\n<p><strong>Nachweis &uuml;ber den Abschluss eines facheinschl&auml;gigen Bachelorstudiums oder einer gleichwertigen Ausbildung<\/strong> <br>\nDieser Nachweis ist von Absolventinnen und Absolventen eines Studiums der FH JOANNEUM nicht zu erbringen.<\/p>\n<\/li>\n<li>\n<p><strong>Erfolgsnachweis (Transcript of Records) zur &Uuml;berpr&uuml;fung der Zugangsvoraussetzungen<\/strong> <br>\nDieser Nachweis ist von Absolventinnen und Absolventen eines Studiums der FH JOANNEUM nicht zu erbringen.<\/p>\n<\/li>\n<\/ul>\n\n            <\/div>\n        <\/div>\n            <\/div>\n<\/div>\n\n<div\n    id=\"\"\n    class=\"wp-block-tipp-box margin-bottom-normal\"\n>\n    <div class=\"container-lg\">\n        <div class=\"row\">\n            <div class=\"col\">\n                <div class=\"tipp-box border border-warning\">\n                    <div class=\"tipp-box-inner p-2 p-md-3\">\n                        <h4 class=\"\">Tipp<\/h4>\n                        <p>Falls Sie inl\u00e4ndische Dokumente (Bachelor- oder Diplomurkunde) zum Zeitpunkt der Bewerbung noch nicht haben, k\u00f6nnen Sie diese bis zum Studienbeginn nachreichen. F\u00fcr Dokumente von internationalen Bewerber:innen gelten eigene Richtlinien. Bei Fragen dazu senden Sie diese per Mail an <a href=\"&#109;&#97;&#105;&#108;&#116;&#111;&#58;&#98;&#101;&#119;&#101;&#114;&#98;&#117;&#110;&#103;&#64;&#102;&#104;&#45;&#106;&#111;&#97;&#110;&#110;&#101;&#117;&#109;&#46;&#97;&#116;\">&#98;&#101;&#119;&#101;&#114;&#98;&#117;&#110;&#103;&#64;&#102;&#104;&#45;&#106;&#111;&#97;&#110;&#110;&#101;&#117;&#109;&#46;&#97;&#116;<\/a>.<\/p>\n<p>Das Motivations- beziehungsweise Bewerbungsschreiben und der Lebenslauf sind in Englisch einzureichen. Alle \u00fcbrigen Bewerbungsunterlagen (Ausnahme: Originaldokumente) k\u00f6nnen sowohl in englischer als auch in deutscher Sprache eingereicht werden.<\/p>\n\n                    <\/div>\n                <\/div>\n            <\/div>\n        <\/div>\n    <\/div>\n<\/div>\n\n<div id=\"\" class=\"wp-block-text-content margin-bottom-normal\">\n    <div class=\"container-lg\">\n        <div class=\"row\">\n            <div class=\"col\">\n                <ul>\n<li><strong>Portfolio \/ Online-Portfolio<\/strong>, das einen &Uuml;berblick &uuml;ber die bisherigen facheinschl&auml;gigen beruflichen Erfahrungen geben soll, mit weiterf&uuml;hrenden Links zu Publikationen und \/ oder Projekten<\/li>\n<\/ul>\n\n            <\/div>\n        <\/div>\n            <\/div>\n<\/div>\n\n<div\n    id=\"\"\n    class=\"wp-block-tipp-box margin-bottom-normal\"\n>\n    <div class=\"container-lg\">\n        <div class=\"row\">\n            <div class=\"col\">\n                <div class=\"tipp-box border border-warning\">\n                    <div class=\"tipp-box-inner p-2 p-md-3\">\n                        <h4 class=\"\">Tipp<\/h4>\n                        <p>Den Link zum Online-Portfolio k\u00f6nnen Sie bei Ihrer Onlinebewerbung hochladen.<\/p>\n\n                    <\/div>\n                <\/div>\n            <\/div>\n        <\/div>\n    <\/div>\n<\/div>\n\n<div id=\"\" class=\"wp-block-text-content margin-bottom-normal\">\n    <div class=\"container-lg\">\n        <div class=\"row\">\n            <div class=\"col\">\n                <ul>\n<li>\n<p><strong>Nachweis der Allgemeinen Universit&auml;tsreife oder Studienberechtigung<\/strong>    <br>\nDieser Nachweis ist von Absolventinnen und Absolventen eines Studiums der FH JOANNEUM nicht zu erbringen.<\/p>\n<\/li>\n<li>\n<p><strong>Nachweis &uuml;ber ausreichende Kenntnisse der Sprache Englisch<\/strong>  <br>\nDieser Nachweis muss dem <strong>Niveau B2<\/strong> nach dem <a href=\"http:\/\/www.goethe.de\/referenzrahmen\/\" target=\"_blank\" rel=\"noopener noreferrer\">europ&auml;ischen Referenzrahmen<\/a> entsprechen und kann beispielsweise erbracht werden durch<\/p>\n<\/li>\n<li>\n<p>ein <a href=\"http:\/\/www.europaeischer-referenzrahmen.de\/toefl.php\" target=\"_blank\" rel=\"noopener noreferrer\">TOEFL-Zertifikat (mindestens 87 Punkte),<\/a><\/p>\n<\/li>\n<li>ein <a href=\"http:\/\/www.telc.net\/\" title=\"telc\" target=\"_blank\" rel=\"noopener noreferrer\">TELC-Zertifikat,<\/a><\/li>\n<li>ein <a href=\"http:\/\/www.cambridgeenglish.org\/exams\/first\/\" target=\"_blank\" rel=\"noopener noreferrer\">Cambridge-Zertifikat (First Certificate in English &ndash; FCE),<\/a><\/li>\n<li>ein <a href=\"http:\/\/www.europaeischer-referenzrahmen.de\/ielts.php\" target=\"_blank\" rel=\"noopener noreferrer\">IELTS-Zertifikat,<\/a><\/li>\n<li>ein PTE Academic Zertifikat (Pearson Test of English; mindestens 59 Punkte) <\/li>\n<li>ein &ouml;sterreichisches Maturazeugnis oder<\/li>\n<li>\n<p>einen sonstigen geeigneten Schulabschluss <\/p>\n<\/li>\n<li>\n<p><strong>Staatsb&uuml;rgerschaftsnachweis oder eine Kopie des Reisepasses<\/strong>  <br>\nDieser Nachweis ist von Absolventinnen und Absolventen eines Studiums der FH JOANNEUM nicht zu erbringen.<\/p>\n<\/li>\n<\/ul>\n\n            <\/div>\n        <\/div>\n            <\/div>\n<\/div>\n\n<div id=\"\" class=\"wp-block-text-content margin-bottom-normal\">\n    <div class=\"container-lg\">\n        <div class=\"row\">\n            <div class=\"col\">\n                <h5>Sie haben internationale Dokumente und\/oder Sie sind keine &ouml;sterreichische Staatsb&uuml;rgerin oder kein &ouml;sterreichischer Staatsb&uuml;rger?<\/h5>\n<p>F&uuml;r Sie gibt es einige Besonderheiten zu beachten. Mehr Informationen dazu finden Sie unter dem Men&uuml;punkt <a href=\"https:\/\/www.fh-joanneum.at\/content-strategie-und-digitale-kommunikation\/master\/vor-dem-studium\/internationale-bewerberinnen\/\"><strong>Internationale Bewerber:innen.<\/strong><\/a><\/p>\n\n            <\/div>\n        <\/div>\n            <\/div>\n<\/div>\n\n<div id=\"\" class=\"wp-block-text-content margin-bottom-normal\">\n    <div class=\"container-lg\">\n        <div class=\"row\">\n            <div class=\"col\">\n                <h4>Step 2: Bewerben Sie sich online.<\/h4>\n<h5><a href=\"https:\/\/www.fh-joanneum.at\/studium\/online-bewerbung\/\">Hier geht es zur Onlinebewerbung.<\/a><\/h5>\n\n            <\/div>\n        <\/div>\n            <\/div>\n<\/div>\n\n<div\n    id=\"\"\n    class=\"wp-block-tipp-box margin-bottom-normal\"\n>\n    <div class=\"container-lg\">\n        <div class=\"row\">\n            <div class=\"col\">\n                <div class=\"tipp-box border border-warning\">\n                    <div class=\"tipp-box-inner p-2 p-md-3\">\n                        <h4 class=\"\">Tipp<\/h4>\n                        <p>Halten Sie die Bewerbungsfrist ein und achten Sie darauf, dass Ihre Unterlagen vollst\u00e4ndig, richtig und signiert sind, bevor Sie diese absenden. Nur so kann Ihre Bewerbung akzeptiert werden.<\/p>\n\n                    <\/div>\n                <\/div>\n            <\/div>\n        <\/div>\n    <\/div>\n<\/div>\n\n<div id=\"\" class=\"wp-block-text-content margin-bottom-normal\">\n    <div class=\"container-lg\">\n        <div class=\"row\">\n            <div class=\"col\">\n                <h4>Step 3: Sie erhalten die Einladung zum Aufnahmeverfahren.<\/h4>\n<p>Ihre Bewerbung wird von der Studienadministration &uuml;berpr&uuml;ft. Innerhalb von circa zwei Wochen bekommen Sie eine E-Mail mit der Best&auml;tigung, ob Ihre Unterlagen vollst&auml;ndig sind und Sie die Voraussetzungen f&uuml;r die Zulassung erf&uuml;llen.<\/p>\n<p>Informationen zu Termin und Ort des Aufnahmeverfahrens bekommen Sie circa zwei bis drei Wochen nach Ende der Bewerbungsfrist ebenfalls per E-Mail.<\/p>\n\n            <\/div>\n        <\/div>\n            <\/div>\n<\/div>\n\n","protected":false},"excerpt":{"rendered":"<p>Alle Informationen \u00fcber Bewerbung und ben\u00f6tigte Unterlagen.<\/p>\n","protected":false},"author":10,"featured_media":0,"parent":10000070,"menu_order":18,"comment_status":"closed","ping_status":"closed","template":"","meta":{"_acf_changed":false,"footnotes":""},"acf":[],"aioseo_notices":[],"_links":{"self":[{"href":"https:\/\/www.fh-joanneum.at\/content-strategie-und-digitale-kommunikation\/master\/wp-json\/wp\/v2\/pages\/10000076"}],"collection":[{"href":"https:\/\/www.fh-joanneum.at\/content-strategie-und-digitale-kommunikation\/master\/wp-json\/wp\/v2\/pages"}],"about":[{"href":"https:\/\/www.fh-joanneum.at\/content-strategie-und-digitale-kommunikation\/master\/wp-json\/wp\/v2\/types\/page"}],"author":[{"embeddable":true,"href":"https:\/\/www.fh-joanneum.at\/content-strategie-und-digitale-kommunikation\/master\/wp-json\/wp\/v2\/users\/10"}],"replies":[{"embeddable":true,"href":"https:\/\/www.fh-joanneum.at\/content-strategie-und-digitale-kommunikation\/master\/wp-json\/wp\/v2\/comments?post=10000076"}],"version-history":[{"count":0,"href":"https:\/\/www.fh-joanneum.at\/content-strategie-und-digitale-kommunikation\/master\/wp-json\/wp\/v2\/pages\/10000076\/revisions"}],"up":[{"embeddable":true,"href":"https:\/\/www.fh-joanneum.at\/content-strategie-und-digitale-kommunikation\/master\/wp-json\/wp\/v2\/pages\/10000070"}],"wp:attachment":[{"href":"https:\/\/www.fh-joanneum.at\/content-strategie-und-digitale-kommunikation\/master\/wp-json\/wp\/v2\/media?parent=10000076"}],"curies":[{"name":"wp","href":"https:\/\/api.w.org\/{rel}","templated":true}]}}