{"id":10000078,"date":"2015-08-11T13:22:16","date_gmt":"2015-08-11T13:22:16","guid":{"rendered":"https:\/\/www.fh-joanneum.at\/content-strategie-und-digitale-kommunikation\/master\/?page_id=78"},"modified":"2023-03-17T13:58:46","modified_gmt":"2023-03-17T13:58:46","slug":"aufnahmeverfahren","status":"publish","type":"page","link":"https:\/\/www.fh-joanneum.at\/content-strategie-und-digitale-kommunikation\/master\/vor-dem-studium\/aufnahmeverfahren\/","title":{"rendered":"Aufnahmeverfahren"},"content":{"rendered":"<div id=\"\" class=\"wp-block-text-content margin-bottom-none\">\n    <div class=\"container-lg\">\n        <div class=\"row\">\n            <div class=\"col\">\n                <div class=\"module-migration-headline\">\n<h3>Aufnahmeverfahren<\/h3>\n<\/div>\n\n            <\/div>\n        <\/div>\n            <\/div>\n<\/div>\n\n<div id=\"\" class=\"wp-block-text-content margin-bottom-normal\">\n    <div class=\"container-lg\">\n        <div class=\"row\">\n            <div class=\"col\">\n                <h5>Das Aufnahmeverfahren wird online durchgef&uuml;hrt.<\/h5>\n<p>Das Aufnahmeverfahren setzt sich zusammen aus:<\/p>\n<ul>\n<li>einer vollst&auml;ndigen Bewerbung<\/li>\n<li>Portfolio mit Publikationen oder Werkst&uuml;cken<\/li>\n<li>einem Online-Gespr&auml;ch mit der Aufnahmekommission <\/li>\n<li>der Beurteilung von relevanten fachlichen Vorkenntnissen<\/li>\n<li>der Beurteilung einschl&auml;giger aktueller Berufst&auml;tigkeit beziehungsweise belegter Berufserfahrung<\/li>\n<\/ul>\n<p>Die Form der Bewerbung flie&szlig;t in die Beurteilung ein.<\/p>\n<p>&Uuml;bersteigt die Anzahl der Studienwerber:innen die Anzahl der Studienpl&auml;tze ist ein Auswahlverfahren durchzuf&uuml;hren.<\/p>\n\n            <\/div>\n        <\/div>\n            <\/div>\n<\/div>\n\n<div\n    id=\"\"\n    class=\"wp-block-tipp-box margin-bottom-normal\"\n>\n    <div class=\"container-lg\">\n        <div class=\"row\">\n            <div class=\"col\">\n                <div class=\"tipp-box border border-warning\">\n                    <div class=\"tipp-box-inner p-2 p-md-3\">\n                        <h4 class=\"\">Tipp<\/h4>\n                        <p>Das Portfolio ihrer bisherigen Publikationen oder Werkst\u00fccke soll zeigen, ob Sie sich f\u00fcr das Studium eignen.<\/p>\n\n                    <\/div>\n                <\/div>\n            <\/div>\n        <\/div>\n    <\/div>\n<\/div>\n\n\n<div id=\"\" class=\"wp-block-text-content margin-bottom-normal\">\n    <div class=\"container-lg\">\n        <div class=\"row\">\n            <div class=\"col\">\n                <h4>Das Online-Gespr&auml;ch<\/h4>\n<p>Sie werden zu einem Gespr&auml;ch eingeladen, wenn Sie die Voraussetzungen f&uuml;r die Zulassung erf&uuml;llen und Ihre Bewerbung vollst&auml;ndig und fristgerecht eingereicht haben. Informationen mit allen Details zum Online-Gespr&auml;ch erhalten Sie zeitgerecht vor dem Termin per E-Mail. <\/p>\n<p>Das Gespr&auml;ch erfolgt online via Videotelefonie. Von der Bewerberin beziehungsweise dem Bewerber ist zu best&auml;tigen, dass keine unerlaubten Hilfsmittel verwendet werden und keine weiteren Personen zur Unterst&uuml;tzung anwesend sind. Zur Feststellung der Identit&auml;t ist zu Beginn des Gespr&auml;chs ein amtlicher Lichtbildausweis vorzuweisen. <\/p>\n<p>Sie f&uuml;hren das Gespr&auml;ch mit Verantwortlichen und Lehrenden des Studiengangs &bdquo;Content Strategy&ldquo;. Es wird in englischer Sprache gef&uuml;hrt und dauert etwa 30 Minuten. <\/p>\n\n            <\/div>\n        <\/div>\n            <\/div>\n<\/div>\n\n\n<div\n    id=\"\"\n    class=\"wp-block-tipp-box margin-bottom-normal\"\n>\n    <div class=\"container-lg\">\n        <div class=\"row\">\n            <div class=\"col\">\n                <div class=\"tipp-box border border-warning\">\n                    <div class=\"tipp-box-inner p-2 p-md-3\">\n                        <h4 class=\"\">Tipp<\/h4>\n                        <p>Im Gespr\u00e4ch haben Sie die M\u00f6glichkeit, Ihre Motivation, Eignung und Begabung f\u00fcr das gew\u00e4hlte Studium und den angestrebten Beruf darzulegen. \u00dcberzeugen Sie sie durch Ihren Lebenslauf, Ihr Interesse an den Studieninhalten und Ihre Pers\u00f6nlichkeit. <\/p>\n\n                    <\/div>\n                <\/div>\n            <\/div>\n        <\/div>\n    <\/div>\n<\/div>\n\n<div id=\"\" class=\"wp-block-text-content margin-bottom-normal\">\n    <div class=\"container-lg\">\n        <div class=\"row\">\n            <div class=\"col\">\n                <h4>Bewertung der vorangegangenen Ausbildung und der beruflichen Erfahrung<\/h4>\n<p>Als zus&auml;tzliche Kriterien f&uuml;r die Aufnahmeentscheidung werden berufliche Erfahrungen und die berufsqualifizierende Aus- und Weiterbildung ber&uuml;cksichtigt.<\/p>\n\n            <\/div>\n        <\/div>\n            <\/div>\n<\/div>\n\n","protected":false},"excerpt":{"rendered":"<p>Im Zuge des Aufnahmeverfahrens ermitteln wir Ihre pers\u00f6nlichen F\u00e4higkeiten und Potenziale f\u00fcr das Studium. Was Sie genau erwartet, und wie Sie sich darauf vorbereiten k\u00f6nnen.<\/p>\n","protected":false},"author":10,"featured_media":0,"parent":10000070,"menu_order":21,"comment_status":"closed","ping_status":"closed","template":"","meta":{"_acf_changed":false,"footnotes":""},"acf":[],"aioseo_notices":[],"_links":{"self":[{"href":"https:\/\/www.fh-joanneum.at\/content-strategie-und-digitale-kommunikation\/master\/wp-json\/wp\/v2\/pages\/10000078"}],"collection":[{"href":"https:\/\/www.fh-joanneum.at\/content-strategie-und-digitale-kommunikation\/master\/wp-json\/wp\/v2\/pages"}],"about":[{"href":"https:\/\/www.fh-joanneum.at\/content-strategie-und-digitale-kommunikation\/master\/wp-json\/wp\/v2\/types\/page"}],"author":[{"embeddable":true,"href":"https:\/\/www.fh-joanneum.at\/content-strategie-und-digitale-kommunikation\/master\/wp-json\/wp\/v2\/users\/10"}],"replies":[{"embeddable":true,"href":"https:\/\/www.fh-joanneum.at\/content-strategie-und-digitale-kommunikation\/master\/wp-json\/wp\/v2\/comments?post=10000078"}],"version-history":[{"count":0,"href":"https:\/\/www.fh-joanneum.at\/content-strategie-und-digitale-kommunikation\/master\/wp-json\/wp\/v2\/pages\/10000078\/revisions"}],"up":[{"embeddable":true,"href":"https:\/\/www.fh-joanneum.at\/content-strategie-und-digitale-kommunikation\/master\/wp-json\/wp\/v2\/pages\/10000070"}],"wp:attachment":[{"href":"https:\/\/www.fh-joanneum.at\/content-strategie-und-digitale-kommunikation\/master\/wp-json\/wp\/v2\/media?parent=10000078"}],"curies":[{"name":"wp","href":"https:\/\/api.w.org\/{rel}","templated":true}]}}