{"id":10000111,"date":"2015-08-11T13:28:08","date_gmt":"2015-08-11T13:28:08","guid":{"rendered":"https:\/\/www.fh-joanneum.at\/content-strategie-und-digitale-kommunikation\/master\/?page_id=111"},"modified":"2023-11-02T13:53:53","modified_gmt":"2023-11-02T13:53:53","slug":"absolventinnen-absolventen","status":"publish","type":"page","link":"https:\/\/www.fh-joanneum.at\/content-strategie-und-digitale-kommunikation\/master\/nach-dem-studium\/absolventinnen-absolventen\/","title":{"rendered":"Absolvent:innen"},"content":{"rendered":"<div id=\"\" class=\"wp-block-text-content margin-bottom-none\">\n    <div class=\"container-lg\">\n        <div class=\"row\">\n            <div class=\"col\">\n                <div class=\"module-migration-headline\">\n<h3>Das machen unsere Absolvent:innen.<\/h3>\n<\/div>\n\n            <\/div>\n        <\/div>\n            <\/div>\n<\/div>\n\n<div id=\"\" class=\"wp-block-list-of-graduates margin-bottom-normal\">\n  <div class=\"container-lg\">\n    <div class=\"row\">\n                        <div class=\"col-6 col-sm-4 col-md-6 col-lg-4 col-xl-4 mb-4\">\n            <a\n    href=\"https:\/\/www.fh-joanneum.at\/content-strategie-und-digitale-kommunikation\/master\/nach-dem-studium\/absolventinnen-absolventen\/mag-fh-irene-michl-ma\/\"\n    class=\"graduate-card bg-light\"\n>\n    <div class=\"border border-light h-100\">\n        <div class=\"image-wrapper\">\n            <picture>\n                        <source\n                media=\"(max-width: 576px)\"\n                srcset=\"https:\/\/cdn3.fh-joanneum.at\/media\/sites\/42\/2020\/05\/mag-fh-irene-michl-ma.jpg, https:\/\/cdn3.fh-joanneum.at\/media\/sites\/42\/2020\/05\/mag-fh-irene-michl-ma-768x512.jpg 2x\"\n            \/>\n                    <source\n                media=\"(max-width: 768px)\"\n                srcset=\"https:\/\/cdn3.fh-joanneum.at\/media\/sites\/42\/2020\/05\/mag-fh-irene-michl-ma-768x512.jpg, https:\/\/cdn3.fh-joanneum.at\/media\/sites\/42\/2020\/05\/mag-fh-irene-michl-ma-1024x683.jpg 2x\"\n            \/>\n                    <source\n                media=\"(max-width: 1024px)\"\n                srcset=\"https:\/\/cdn3.fh-joanneum.at\/media\/sites\/42\/2020\/05\/mag-fh-irene-michl-ma-1024x683.jpg, https:\/\/cdn3.fh-joanneum.at\/media\/sites\/42\/2020\/05\/mag-fh-irene-michl-ma.jpg 2x\"\n            \/>\n                    <source\n                media=\"(max-width: 1536px)\"\n                srcset=\"https:\/\/cdn3.fh-joanneum.at\/media\/sites\/42\/2020\/05\/mag-fh-irene-michl-ma.jpg, https:\/\/cdn3.fh-joanneum.at\/media\/sites\/42\/2020\/05\/mag-fh-irene-michl-ma.jpg 2x\"\n            \/>\n                    <source\n                media=\"(max-width: 1920px)\"\n                srcset=\"https:\/\/cdn3.fh-joanneum.at\/media\/sites\/42\/2020\/05\/mag-fh-irene-michl-ma.jpg, https:\/\/cdn3.fh-joanneum.at\/media\/sites\/42\/2020\/05\/mag-fh-irene-michl-ma.jpg 2x\"\n            \/>\n                <img decoding=\"async\"\n        class=\"img-fluid\"\n        src=\"https:\/\/cdn3.fh-joanneum.at\/media\/sites\/42\/2020\/05\/mag-fh-irene-michl-ma.jpg\"\n        alt=\"Mag. (FH) Irene Michl, MA\"\n        title=\"\"\n         loading=\"lazy\"             >\n<\/picture>\n\n        <\/div>\n        <div class=\"p-2 p-xl-3\">\n            <h6>Mag. (FH) Irene Michl, MA<\/h6>\n            <p class=\"mb-0 hyphens\">\n                Durch das Studium Content Strategy hat Irene Michl ihr Thema und eine internationale Community gefunden. Der bisher gr\u00f6\u00dfte Meilenstein f\u00fcr sie war, das Buch \u201eThink Content!\u201c gemeinsam mit Miriam L\u00f6ffler zu \u00fcberarbeiten.\n            <\/p>\n        <\/div>\n    <\/div>\n<\/a>\n          <\/div>\n                  <div class=\"col-6 col-sm-4 col-md-6 col-lg-4 col-xl-4 mb-4\">\n            <a\n    href=\"https:\/\/www.fh-joanneum.at\/content-strategie-und-digitale-kommunikation\/master\/nach-dem-studium\/absolventinnen-absolventen\/franziska-kissling-ma-ma\/\"\n    class=\"graduate-card bg-light\"\n>\n    <div class=\"border border-light h-100\">\n        <div class=\"image-wrapper\">\n            <picture>\n                        <source\n                media=\"(max-width: 410px)\"\n                srcset=\"https:\/\/cdn3.fh-joanneum.at\/media\/sites\/42\/2021\/01\/franziska-kissling-ma-ma-3.jpg, https:\/\/cdn3.fh-joanneum.at\/media\/sites\/42\/2021\/01\/franziska-kissling-ma-ma-3-768x1078.jpg 2x\"\n            \/>\n                    <source\n                media=\"(max-width: 768px)\"\n                srcset=\"https:\/\/cdn3.fh-joanneum.at\/media\/sites\/42\/2021\/01\/franziska-kissling-ma-ma-3-768x1078.jpg, https:\/\/cdn3.fh-joanneum.at\/media\/sites\/42\/2021\/01\/franziska-kissling-ma-ma-3-730x1024.jpg 2x\"\n            \/>\n                    <source\n                media=\"(max-width: 730px)\"\n                srcset=\"https:\/\/cdn3.fh-joanneum.at\/media\/sites\/42\/2021\/01\/franziska-kissling-ma-ma-3-730x1024.jpg, https:\/\/cdn3.fh-joanneum.at\/media\/sites\/42\/2021\/01\/franziska-kissling-ma-ma-3.jpg 2x\"\n            \/>\n                    <source\n                media=\"(max-width: 1095px)\"\n                srcset=\"https:\/\/cdn3.fh-joanneum.at\/media\/sites\/42\/2021\/01\/franziska-kissling-ma-ma-3.jpg, https:\/\/cdn3.fh-joanneum.at\/media\/sites\/42\/2021\/01\/franziska-kissling-ma-ma-3.jpg 2x\"\n            \/>\n                    <source\n                media=\"(max-width: 1459px)\"\n                srcset=\"https:\/\/cdn3.fh-joanneum.at\/media\/sites\/42\/2021\/01\/franziska-kissling-ma-ma-3.jpg, https:\/\/cdn3.fh-joanneum.at\/media\/sites\/42\/2021\/01\/franziska-kissling-ma-ma-3.jpg 2x\"\n            \/>\n                <img decoding=\"async\"\n        class=\"img-fluid\"\n        src=\"https:\/\/cdn3.fh-joanneum.at\/media\/sites\/42\/2021\/01\/franziska-kissling-ma-ma-3.jpg\"\n        alt=\"Franziska Kissling, MA MA 1\"\n        title=\"\"\n         loading=\"lazy\"             >\n<\/picture>\n\n        <\/div>\n        <div class=\"p-2 p-xl-3\">\n            <h6>Franziska Kissling, MA MA<\/h6>\n            <p class=\"mb-0 hyphens\">\n                Franziska Kissling zeichnet bei Pro Natura f\u00fcr die Content-Strategie des Unternehmens verantwortlich. \n            <\/p>\n        <\/div>\n    <\/div>\n<\/a>\n          <\/div>\n                  <div class=\"col-6 col-sm-4 col-md-6 col-lg-4 col-xl-4 mb-4\">\n            <a\n    href=\"https:\/\/www.fh-joanneum.at\/content-strategie-und-digitale-kommunikation\/master\/nach-dem-studium\/absolventinnen-absolventen\/mag-fh-martina-marx-ma\/\"\n    class=\"graduate-card bg-light\"\n>\n    <div class=\"border border-light h-100\">\n        <div class=\"image-wrapper\">\n            <picture>\n                        <source\n                media=\"(max-width: 576px)\"\n                srcset=\"https:\/\/cdn3.fh-joanneum.at\/media\/sites\/42\/2020\/11\/mag-fh-martina-marx-ma-2.jpg, https:\/\/cdn3.fh-joanneum.at\/media\/sites\/42\/2020\/11\/mag-fh-martina-marx-ma-2-768x384.jpg 2x\"\n            \/>\n                    <source\n                media=\"(max-width: 768px)\"\n                srcset=\"https:\/\/cdn3.fh-joanneum.at\/media\/sites\/42\/2020\/11\/mag-fh-martina-marx-ma-2-768x384.jpg, https:\/\/cdn3.fh-joanneum.at\/media\/sites\/42\/2020\/11\/mag-fh-martina-marx-ma-2-1024x512.jpg 2x\"\n            \/>\n                    <source\n                media=\"(max-width: 1024px)\"\n                srcset=\"https:\/\/cdn3.fh-joanneum.at\/media\/sites\/42\/2020\/11\/mag-fh-martina-marx-ma-2-1024x512.jpg, https:\/\/cdn3.fh-joanneum.at\/media\/sites\/42\/2020\/11\/mag-fh-martina-marx-ma-2.jpg 2x\"\n            \/>\n                    <source\n                media=\"(max-width: 1200px)\"\n                srcset=\"https:\/\/cdn3.fh-joanneum.at\/media\/sites\/42\/2020\/11\/mag-fh-martina-marx-ma-2.jpg, https:\/\/cdn3.fh-joanneum.at\/media\/sites\/42\/2020\/11\/mag-fh-martina-marx-ma-2.jpg 2x\"\n            \/>\n                    <source\n                media=\"(max-width: 1200px)\"\n                srcset=\"https:\/\/cdn3.fh-joanneum.at\/media\/sites\/42\/2020\/11\/mag-fh-martina-marx-ma-2.jpg, https:\/\/cdn3.fh-joanneum.at\/media\/sites\/42\/2020\/11\/mag-fh-martina-marx-ma-2.jpg 2x\"\n            \/>\n                <img decoding=\"async\"\n        class=\"img-fluid\"\n        src=\"https:\/\/cdn3.fh-joanneum.at\/media\/sites\/42\/2020\/11\/mag-fh-martina-marx-ma-2.jpg\"\n        alt=\"Mag. (FH) Martina Marx, MA 1\"\n        title=\"\"\n         loading=\"lazy\"             >\n<\/picture>\n\n        <\/div>\n        <div class=\"p-2 p-xl-3\">\n            <h6>Mag. (FH) Martina Marx, MA<\/h6>\n            <p class=\"mb-0 hyphens\">\n                Martina Marx ist Redaktionsleiterin von \u201eFutter\u201c, dem jungen Magazin der Kleinen Zeitung.\n            <\/p>\n        <\/div>\n    <\/div>\n<\/a>\n          <\/div>\n                  <div class=\"col-6 col-sm-4 col-md-6 col-lg-4 col-xl-4 mb-4\">\n            <a\n    href=\"https:\/\/www.fh-joanneum.at\/content-strategie-und-digitale-kommunikation\/master\/nach-dem-studium\/absolventinnen-absolventen\/mag-anita-brunner-irujo-ma\/\"\n    class=\"graduate-card bg-light\"\n>\n    <div class=\"border border-light h-100\">\n        <div class=\"image-wrapper\">\n            <picture>\n                        <source\n                media=\"(max-width: 576px)\"\n                srcset=\"https:\/\/cdn3.fh-joanneum.at\/media\/sites\/42\/2020\/05\/mag-anuta-brunner-irujo-ma.jpg, https:\/\/cdn3.fh-joanneum.at\/media\/sites\/42\/2020\/05\/mag-anuta-brunner-irujo-ma-768x576.jpg 2x\"\n            \/>\n                    <source\n                media=\"(max-width: 768px)\"\n                srcset=\"https:\/\/cdn3.fh-joanneum.at\/media\/sites\/42\/2020\/05\/mag-anuta-brunner-irujo-ma-768x576.jpg, https:\/\/cdn3.fh-joanneum.at\/media\/sites\/42\/2020\/05\/mag-anuta-brunner-irujo-ma-1024x767.jpg 2x\"\n            \/>\n                    <source\n                media=\"(max-width: 1024px)\"\n                srcset=\"https:\/\/cdn3.fh-joanneum.at\/media\/sites\/42\/2020\/05\/mag-anuta-brunner-irujo-ma-1024x767.jpg, https:\/\/cdn3.fh-joanneum.at\/media\/sites\/42\/2020\/05\/mag-anuta-brunner-irujo-ma.jpg 2x\"\n            \/>\n                    <source\n                media=\"(max-width: 1361px)\"\n                srcset=\"https:\/\/cdn3.fh-joanneum.at\/media\/sites\/42\/2020\/05\/mag-anuta-brunner-irujo-ma.jpg, https:\/\/cdn3.fh-joanneum.at\/media\/sites\/42\/2020\/05\/mag-anuta-brunner-irujo-ma.jpg 2x\"\n            \/>\n                    <source\n                media=\"(max-width: 1361px)\"\n                srcset=\"https:\/\/cdn3.fh-joanneum.at\/media\/sites\/42\/2020\/05\/mag-anuta-brunner-irujo-ma.jpg, https:\/\/cdn3.fh-joanneum.at\/media\/sites\/42\/2020\/05\/mag-anuta-brunner-irujo-ma.jpg 2x\"\n            \/>\n                <img decoding=\"async\"\n        class=\"img-fluid\"\n        src=\"https:\/\/cdn3.fh-joanneum.at\/media\/sites\/42\/2020\/05\/mag-anuta-brunner-irujo-ma.jpg\"\n        alt=\"Mag. Anuta Brunner-Irujo, MA\"\n        title=\"\"\n         loading=\"lazy\"             >\n<\/picture>\n\n        <\/div>\n        <div class=\"p-2 p-xl-3\">\n            <h6>Mag. Anita Brunner-Irujo, MA<\/h6>\n            <p class=\"mb-0 hyphens\">\n                Zust\u00e4ndig f\u00fcr den Fachbereich Digitale Medien hat Anita Brunner-Irujo das Strategiepapier zur digitalen Transformation des Universalmuseums Joanneum verfasst.\n            <\/p>\n        <\/div>\n    <\/div>\n<\/a>\n          <\/div>\n                  <\/div>\n  <\/div>\n<\/div>\n\n","protected":false},"excerpt":{"rendered":"<p>Wir haben einige unserer ehemaligen Studierenden portraitiert. So k\u00f6nnen Sie sich selbst ein Bild \u00fcber die Berufs- und Karrierem\u00f6glichkeiten machen.<\/p>\n","protected":false},"author":10,"featured_media":0,"parent":10000107,"menu_order":53,"comment_status":"closed","ping_status":"closed","template":"","meta":{"_acf_changed":false,"footnotes":""},"acf":[],"aioseo_notices":[],"_links":{"self":[{"href":"https:\/\/www.fh-joanneum.at\/content-strategie-und-digitale-kommunikation\/master\/wp-json\/wp\/v2\/pages\/10000111"}],"collection":[{"href":"https:\/\/www.fh-joanneum.at\/content-strategie-und-digitale-kommunikation\/master\/wp-json\/wp\/v2\/pages"}],"about":[{"href":"https:\/\/www.fh-joanneum.at\/content-strategie-und-digitale-kommunikation\/master\/wp-json\/wp\/v2\/types\/page"}],"author":[{"embeddable":true,"href":"https:\/\/www.fh-joanneum.at\/content-strategie-und-digitale-kommunikation\/master\/wp-json\/wp\/v2\/users\/10"}],"replies":[{"embeddable":true,"href":"https:\/\/www.fh-joanneum.at\/content-strategie-und-digitale-kommunikation\/master\/wp-json\/wp\/v2\/comments?post=10000111"}],"version-history":[{"count":0,"href":"https:\/\/www.fh-joanneum.at\/content-strategie-und-digitale-kommunikation\/master\/wp-json\/wp\/v2\/pages\/10000111\/revisions"}],"up":[{"embeddable":true,"href":"https:\/\/www.fh-joanneum.at\/content-strategie-und-digitale-kommunikation\/master\/wp-json\/wp\/v2\/pages\/10000107"}],"wp:attachment":[{"href":"https:\/\/www.fh-joanneum.at\/content-strategie-und-digitale-kommunikation\/master\/wp-json\/wp\/v2\/media?parent=10000111"}],"curies":[{"name":"wp","href":"https:\/\/api.w.org\/{rel}","templated":true}]}}