{"id":10000789,"date":"2019-09-03T09:51:08","date_gmt":"2019-09-03T07:51:08","guid":{"rendered":"https:\/\/www.fh-joanneum.at\/diaetologie\/bachelor\/?page_id=789"},"modified":"2019-09-13T12:23:41","modified_gmt":"2019-09-13T10:23:41","slug":"teresa-marterer-bsc","status":"publish","type":"page","link":"https:\/\/www.fh-joanneum.at\/diaetologie\/bachelor\/nach-dem-studium\/absolventinnen-absolventen\/teresa-marterer-bsc\/","title":{"rendered":"Teresa Marterer, BSc"},"content":{"rendered":"<div id=\"\" class=\"wp-block-text-content margin-bottom-normal\">\n    <div class=\"container-lg\">\n        <div class=\"row\">\n            <div class=\"col\">\n                <h4>Eckdaten<\/h4>\n<p><strong>Jobbezeichnung:<\/strong> Di&auml;tologin  <br>\n<strong>Unternehmen:<\/strong> Radkersburger Hof GmbH &amp; Co KG  <br>\n<strong>Ich arbeite hier seit:<\/strong> Dezember 2018<\/p>\n<h4>Was ich mache:<\/h4>\n<ul>\n<li>Ern&auml;hrungsberatungen zu verschiedenen Themen<\/li>\n<li>Vortr&auml;ge und Workshops durchf&uuml;hren<\/li>\n<li>individualisierte Speisepl&auml;ne bei Intoleranzen, Allergien, &hellip;<\/li>\n<\/ul>\n<h4>Warum ich meinen Job liebe<\/h4>\n<p>Jede Klientin und jeder Klient beziehungsweise jede Beratung ist einzigartig &ndash; das macht den Job abwechslungsreich und interessant. Au&szlig;erdem habe ich die M&ouml;glichkeit, kreativ zu sein. Denn der Fachbereich Di&auml;tologie bildet ein sehr breites T&auml;tigkeitsfeld. Und ich mag die Zusammenarbeit im interdisziplin&auml;ren Team (Logop&auml;die, Pflege, K&uuml;che, &hellip;).<\/p>\n<h4>Was ich an meinem Job nicht so mag<\/h4>\n<p>Dass Patientinnen, Patienten, Klientinnen, Klienten unsere Berufsgruppe hin und wieder als &bdquo;Spa&szlig;verderber&ldquo; sehen. Unser oberstes Ziel ist es nicht Verbote zu erteilen, sondern Lebensqualit&auml;t und Wohlbefinden zu steigern sowie patientenorientierte und praxisnahe Unterst&uuml;tzung zu leisten.<\/p>\n<h4>Wichtige F&auml;higkeiten in meinem Job:<\/h4>\n<ul>\n<li>soziale Kompetenz &ndash; wertsch&auml;tzender Umgang mit Menschen<\/li>\n<li>komplexes Fachwissen gut verst&auml;ndlich vermitteln<\/li>\n<li>Freude an kontinuierlicher Weiterbildung<\/li>\n<\/ul>\n<h4>Mein tollstes Erlebnis<\/h4>\n<p>Das sch&ouml;nste Erlebnis ist es, wenn Patientinnen und Patienten begeistert von der Verbesserung ihres Wohlbefindens erz&auml;hlen und sich f&uuml;r die Beratung bedanken.<\/p>\n<h4>So bin ich zu meinem Job gekommen<\/h4>\n<p>Ich habe eines meiner Praktika im Radkersburger Hof absolviert und die Leistungsbereiche und das tolle Team des Radkersburger Hofes haben mich auf Anhieb begeistert. Ende 2018 ging eine Kollegin in Pension und ich durfte ihre Stelle &uuml;bernehmen. <\/p>\n<h4>Das habe ich im Studium f&uuml;rs Berufsleben gelernt<\/h4>\n<p>Das Studium hat mich mit den aktuellen Ern&auml;hrungsempfehlungen und wissenschaftlichen Grundlagen ausgestattet. Durch die erforderlichen Praktika konnte ich von Kolleginnen und Kollegen in der Praxis lernen. Diese Kombination aus Theorie und Praxis hat mir Sicherheit f&uuml;r die eigenverantwortliche Berufsaus&uuml;bung gegeben.<\/p>\n<h4>Die Jobchancen in meinem Bereich<\/h4>\n<p>Unbefristete Stellen im Ausma&szlig; von 40 Wochenstunden sind relativ selten. Dennoch haben beispielsweise in meinem Studiengang alle Absolventinnen und Absolventen zeitnah den Berufseinstieg geschafft. Zudem sind die M&ouml;glichkeiten in der Freiberuflichkeit quasi unbegrenzt. Ich hoffe, die finanzielle &Uuml;bernahme von Ern&auml;hrungsberatungen durch Krankenkassen wird k&uuml;nftig forciert. Dies w&uuml;rde den Stellenwert der Di&auml;tologie in Pr&auml;vention und Therapie unterstreichen.<\/p>\n<h4>Ich bin &hellip;<\/h4>\n<ul>\n<li>kommunikativ<\/li>\n<li>kreativ<\/li>\n<li>zielstrebig<\/li>\n<\/ul>\n\n            <\/div>\n        <\/div>\n            <\/div>\n<\/div>\n\n<div\n    id=\"\"\n    class=\"wp-block-blockquote margin-bottom-normal\"\n>\n    <div class=\"container-lg\">\n        <div class=\"row\">\n            <div class=\"col\">\n                <div class=\"d-block mb-2 fs-5 major-text-color\">Ich habe mein Studium erst mit 27 Jahren begonnen und es bisher nie bereut. Ich freue mich auf kreative und interessante Berufsjahre. Die Di\u00e4tologie ist eine relativ junge Wissenschaft und es ist spannend ein Teil davon zu sein. Ich freue mich sehr im Radkersburger Hof arbeiten zu d\u00fcrfen, denn auch dort steht fachliche Kompetenz und kontinuierliche Weiterentwicklung im Fokus.<\/div>\n                <span class=\"d-flex justify-content-end\">Teresa Marterer<\/span>\n            <\/div>\n        <\/div>\n    <\/div>\n<\/div>\n\n","protected":false},"excerpt":{"rendered":"<p>Teresa Marterer verst\u00e4rkt seit 2018 das Team vom Radkersburger Hof in der S\u00fcdoststeiermark als Di\u00e4tologin. <\/p>\n","protected":false},"author":11,"featured_media":10000790,"parent":10000287,"menu_order":49,"comment_status":"closed","ping_status":"closed","template":"template-absolvent.blade.php","meta":{"_acf_changed":false,"footnotes":""},"acf":[],"aioseo_notices":[],"_links":{"self":[{"href":"https:\/\/www.fh-joanneum.at\/diaetologie\/bachelor\/wp-json\/wp\/v2\/pages\/10000789"}],"collection":[{"href":"https:\/\/www.fh-joanneum.at\/diaetologie\/bachelor\/wp-json\/wp\/v2\/pages"}],"about":[{"href":"https:\/\/www.fh-joanneum.at\/diaetologie\/bachelor\/wp-json\/wp\/v2\/types\/page"}],"author":[{"embeddable":true,"href":"https:\/\/www.fh-joanneum.at\/diaetologie\/bachelor\/wp-json\/wp\/v2\/users\/11"}],"replies":[{"embeddable":true,"href":"https:\/\/www.fh-joanneum.at\/diaetologie\/bachelor\/wp-json\/wp\/v2\/comments?post=10000789"}],"version-history":[{"count":0,"href":"https:\/\/www.fh-joanneum.at\/diaetologie\/bachelor\/wp-json\/wp\/v2\/pages\/10000789\/revisions"}],"up":[{"embeddable":true,"href":"https:\/\/www.fh-joanneum.at\/diaetologie\/bachelor\/wp-json\/wp\/v2\/pages\/10000287"}],"wp:featuredmedia":[{"embeddable":true,"href":"https:\/\/www.fh-joanneum.at\/diaetologie\/bachelor\/wp-json\/wp\/v2\/media\/10000790"}],"wp:attachment":[{"href":"https:\/\/www.fh-joanneum.at\/diaetologie\/bachelor\/wp-json\/wp\/v2\/media?parent=10000789"}],"curies":[{"name":"wp","href":"https:\/\/api.w.org\/{rel}","templated":true}]}}